{"id":1232,"date":"2021-10-25T12:29:31","date_gmt":"2021-10-25T12:29:31","guid":{"rendered":"https:\/\/asociacionlatinoamericanadeantropologia.net\/portal\/?page_id=1232"},"modified":"2022-03-21T15:58:01","modified_gmt":"2022-03-21T15:58:01","slug":"posicionamiento-de-la-comision-directiva-de-ala-2020-2023-sobre-violencia-de-genero","status":"publish","type":"page","link":"https:\/\/asociacionlatinoamericanadeantropologia.net\/portal\/posicionamiento-de-la-comision-directiva-de-ala-2020-2023-sobre-violencia-de-genero\/","title":{"rendered":"Posicionamiento de la Comisi\u00f3n Directiva de ALA 2020-2023 sobre violencia de g\u00e9nero"},"content":{"rendered":"<h2 style=\"text-align: center;\"><strong>22 de octubre de 2021<\/strong><\/h2>\n<p>&nbsp;<\/p>\n<p>El d\u00eda de ayer, 20 de octubre de 2021, en el marco del\u00a0<strong>XIII Congreso Centroamericano de Antropolog\u00eda<\/strong>, organizado por la Red Centroamericana de Antropolog\u00eda, la Universidad de El Salvador y la Universidad Tecnol\u00f3gica de El Salvador,\u00a0\u00a0se dio a conocer la\u00a0<strong>denuncia de un grupo de estudiantes<\/strong>, quienes manifestaron\u00a0<strong>su indignaci\u00f3n<\/strong>\u00a0porque\u00a0<strong>un antrop\u00f3logo, acusado de violencia de g\u00e9nero contra una estudiante, fue aceptado como coordinador de un panel<\/strong>\u00a0y se anunciaba su participaci\u00f3n en el Congreso. En el marco del panel del Grupo de Trabajo de ALA \u201cAntropolog\u00edas feministas y de g\u00e9nero\u201d\u00a0<strong>hicimos p\u00fablica esta denuncia y solicitamos a la organizaci\u00f3n del Congreso que no dejara pasar la situaci\u00f3n<\/strong>. A pesar de ello,\u00a0<strong>dicha actividad coordinada por el profesor denunciado se llev\u00f3 a cabo\u00a0<\/strong>el 21 de octubre.<\/p>\n<p>Los\u00a0<strong>hechos de violencia de g\u00e9nero en contra de las mujeres y personas feminizadas son inaceptables<\/strong>\u00a0en cualquier circunstancia. En este caso, la denuncia tuvo lugar en una instancia de encuentro y di\u00e1logo entre colegas de nuestra profesi\u00f3n. Por esta raz\u00f3n,\u00a0<strong>hacemos un llamado a las asociaciones pertenecientes a ALA<\/strong>, as\u00ed como al conjunto de profesionales de la Antropolog\u00eda, a\u00a0<strong>impedir que estos actos se sigan realizando de manera recurrente<\/strong>, as\u00ed como a trabajar dentro y fuera de nuestras asociaciones, instituciones y lugares de trabajo para\u00a0<strong>prevenir, atender, sancionar y erradicar estas pr\u00e1cticas, que atentan contra la dignidad y la integridad de nuestras compa\u00f1eras y denigran a nuestra profesi\u00f3n<\/strong>. No podemos seguir permitiendo que estas situaciones se repitan y que les violentos y abusadores aniden en nuestras academias. Es hora de interrumpir esas violencias, es hora de llevar a la pr\u00e1ctica lo que desde nuestras ret\u00f3ricas pregonamos.<\/p>\n<h4 style=\"text-align: center;\"><strong>COMISI\u00d3N DIRECTIVA DE ALA 2020-2023<\/strong><\/h4>\n<p>&nbsp;<\/p>\n<p style=\"text-align: center;\">\u00a0<img fetchpriority=\"high\" decoding=\"async\" class=\"alignnone wp-image-1234\" src=\"https:\/\/asociacionlatinoamericanadeantropologia.net\/portal\/wp-content\/uploads\/2022\/03\/Banner_1-300x300.jpg\" alt=\"\" width=\"376\" height=\"376\" srcset=\"https:\/\/asociacionlatinoamericanadeantropologia.net\/portal\/wp-content\/uploads\/2022\/03\/Banner_1-300x300.jpg 300w, https:\/\/asociacionlatinoamericanadeantropologia.net\/portal\/wp-content\/uploads\/2022\/03\/Banner_1-150x150.jpg 150w, https:\/\/asociacionlatinoamericanadeantropologia.net\/portal\/wp-content\/uploads\/2022\/03\/Banner_1.jpg 630w\" sizes=\"(max-width: 376px) 100vw, 376px\" \/><\/p>\n<p><img decoding=\"async\" class=\"alignnone wp-image-1233 aligncenter\" src=\"https:\/\/asociacionlatinoamericanadeantropologia.net\/portal\/wp-content\/uploads\/2022\/03\/Banner_2-300x300.jpg\" alt=\"\" width=\"374\" height=\"374\" srcset=\"https:\/\/asociacionlatinoamericanadeantropologia.net\/portal\/wp-content\/uploads\/2022\/03\/Banner_2-300x300.jpg 300w, https:\/\/asociacionlatinoamericanadeantropologia.net\/portal\/wp-content\/uploads\/2022\/03\/Banner_2-150x150.jpg 150w, https:\/\/asociacionlatinoamericanadeantropologia.net\/portal\/wp-content\/uploads\/2022\/03\/Banner_2.jpg 551w\" sizes=\"(max-width: 374px) 100vw, 374px\" \/><\/p>\n","protected":false},"excerpt":{"rendered":"<p>22 de octubre de 2021 &nbsp; El d\u00eda de ayer, 20 de octubre de 2021, en el marco del\u00a0XIII Congreso Centroamericano de Antropolog\u00eda, organizado por la Red Centroamericana de Antropolog\u00eda, la Universidad de El Salvador y la Universidad Tecnol\u00f3gica de El Salvador,\u00a0\u00a0se dio a conocer la\u00a0denuncia de un grupo de estudiantes, quienes manifestaron\u00a0su indignaci\u00f3n\u00a0porque\u00a0un antrop\u00f3logo, &hellip;<\/p>\n<p class=\"read-more\"> <a class=\"\" href=\"https:\/\/asociacionlatinoamericanadeantropologia.net\/portal\/posicionamiento-de-la-comision-directiva-de-ala-2020-2023-sobre-violencia-de-genero\/\"> <span class=\"screen-reader-text\">Posicionamiento de la Comisi\u00f3n Directiva de ALA 2020-2023 sobre violencia de g\u00e9nero<\/span> Leer m\u00e1s &raquo;<\/a><\/p>\n","protected":false},"author":2,"featured_media":1234,"parent":0,"menu_order":0,"comment_status":"closed","ping_status":"closed","template":"","meta":{"site-sidebar-layout":"default","site-content-layout":"default","ast-main-header-display":"","ast-hfb-above-header-display":"","ast-hfb-below-header-display":"","ast-hfb-mobile-header-display":"","site-post-title":"","ast-breadcrumbs-content":"","ast-featured-img":"","footer-sml-layout":"","theme-transparent-header-meta":"","adv-header-id-meta":"","stick-header-meta":"","header-above-stick-meta":"","header-main-stick-meta":"","header-below-stick-meta":"","footnotes":""},"categories":[2,1],"tags":[],"class_list":["post-1232","page","type-page","status-publish","has-post-thumbnail","hentry","category-manifiestos","category-noticias"],"_links":{"self":[{"href":"https:\/\/asociacionlatinoamericanadeantropologia.net\/portal\/wp-json\/wp\/v2\/pages\/1232","targetHints":{"allow":["GET"]}}],"collection":[{"href":"https:\/\/asociacionlatinoamericanadeantropologia.net\/portal\/wp-json\/wp\/v2\/pages"}],"about":[{"href":"https:\/\/asociacionlatinoamericanadeantropologia.net\/portal\/wp-json\/wp\/v2\/types\/page"}],"author":[{"embeddable":true,"href":"https:\/\/asociacionlatinoamericanadeantropologia.net\/portal\/wp-json\/wp\/v2\/users\/2"}],"replies":[{"embeddable":true,"href":"https:\/\/asociacionlatinoamericanadeantropologia.net\/portal\/wp-json\/wp\/v2\/comments?post=1232"}],"version-history":[{"count":1,"href":"https:\/\/asociacionlatinoamericanadeantropologia.net\/portal\/wp-json\/wp\/v2\/pages\/1232\/revisions"}],"predecessor-version":[{"id":1235,"href":"https:\/\/asociacionlatinoamericanadeantropologia.net\/portal\/wp-json\/wp\/v2\/pages\/1232\/revisions\/1235"}],"wp:featuredmedia":[{"embeddable":true,"href":"https:\/\/asociacionlatinoamericanadeantropologia.net\/portal\/wp-json\/wp\/v2\/media\/1234"}],"wp:attachment":[{"href":"https:\/\/asociacionlatinoamericanadeantropologia.net\/portal\/wp-json\/wp\/v2\/media?parent=1232"}],"wp:term":[{"taxonomy":"category","embeddable":true,"href":"https:\/\/asociacionlatinoamericanadeantropologia.net\/portal\/wp-json\/wp\/v2\/categories?post=1232"},{"taxonomy":"post_tag","embeddable":true,"href":"https:\/\/asociacionlatinoamericanadeantropologia.net\/portal\/wp-json\/wp\/v2\/tags?post=1232"}],"curies":[{"name":"wp","href":"https:\/\/api.w.org\/{rel}","templated":true}]}}