{"id":1695,"date":"2022-05-06T22:37:33","date_gmt":"2022-05-06T22:37:33","guid":{"rendered":"https:\/\/asociacionlatinoamericanadeantropologia.net\/portal\/?page_id=1695"},"modified":"2022-05-06T23:03:22","modified_gmt":"2022-05-06T23:03:22","slug":"eventos-ala-2022","status":"publish","type":"page","link":"https:\/\/asociacionlatinoamericanadeantropologia.net\/portal\/eventos\/eventos-ala-2022\/","title":{"rendered":"Eventos 2022"},"content":{"rendered":"<h2><strong>Eventos 2022<\/strong><\/h2>\n<ul>\n<li>Entre el 5 y 7 de mayo se realizar\u00e1 en Ecuador el <strong>IV Congreso Ecuatoriano de Etnobiolog\u00eda \u00abSaberes tradicionales y virtualidad\u00bb<\/strong>, en formato virtual.\u00a0M\u00e1s informaci\u00f3n <strong><a href=\"https:\/\/etnobiologiaec.wixsite.com\/congreso2022#:~:text=5%20%2D%207%20mayo%202022,%22Saberes%20tradicionales%20y%20virtualidad%22\" target=\"_blank\" rel=\"noopener\">aqu\u00ed<\/a><\/strong>.<\/li>\n<li>El 3 de agosto se realizar\u00e1 la jornada<strong> \u201c1922 \u2013 2022 Los Argonautas del Pac\u00edfico Occidental de Bronislaw Malinowski\u00bb<\/strong>, organizada por el <strong>IDES<\/strong>, de manera presencial en Buenos Aires, Argentina. M\u00e1s informaci\u00f3n <strong><a href=\"https:\/\/www.ides.org.ar\/evento\/jornada-1922-2022-argonautas-pacifico-occidental-bronislaw-malinowski\" target=\"_blank\" rel=\"noopener\">aqu\u00ed<\/a><\/strong>.<\/li>\n<li>Entre los d\u00edas 28 de agosto y 3 de septiembre se realizar\u00e1 la <strong>33 Reuni\u00f3n Brasile\u00f1a de Antropolog\u00eda- RBA: \u201cDefender direitos e fazer antropolog\u00eda en tempos extremos\u201d<\/strong>, organizada por <strong>ABA<\/strong>, en formato virtual. M\u00e1s informaci\u00f3n <a href=\"https:\/\/www.33rba.abant.org.br\/\" target=\"_blank\" rel=\"noopener\"><strong>aqu\u00ed<\/strong><\/a>.<\/li>\n<\/ul>\n","protected":false},"excerpt":{"rendered":"<p>Eventos 2022 Entre el 5 y 7 de mayo se realizar\u00e1 en Ecuador el IV Congreso Ecuatoriano de Etnobiolog\u00eda \u00abSaberes tradicionales y virtualidad\u00bb, en formato virtual.\u00a0M\u00e1s informaci\u00f3n aqu\u00ed. El 3 de agosto se realizar\u00e1 la jornada \u201c1922 \u2013 2022 Los Argonautas del Pac\u00edfico Occidental de Bronislaw Malinowski\u00bb, organizada por el IDES, de manera presencial en &hellip;<\/p>\n<p class=\"read-more\"> <a class=\"\" href=\"https:\/\/asociacionlatinoamericanadeantropologia.net\/portal\/eventos\/eventos-ala-2022\/\"> <span class=\"screen-reader-text\">Eventos 2022<\/span> Leer m\u00e1s &raquo;<\/a><\/p>\n","protected":false},"author":2,"featured_media":0,"parent":1693,"menu_order":0,"comment_status":"closed","ping_status":"closed","template":"","meta":{"site-sidebar-layout":"default","site-content-layout":"default","ast-main-header-display":"","ast-hfb-above-header-display":"","ast-hfb-below-header-display":"","ast-hfb-mobile-header-display":"","site-post-title":"","ast-breadcrumbs-content":"","ast-featured-img":"","footer-sml-layout":"","theme-transparent-header-meta":"","adv-header-id-meta":"","stick-header-meta":"","header-above-stick-meta":"","header-main-stick-meta":"","header-below-stick-meta":"","footnotes":""},"categories":[],"tags":[],"class_list":["post-1695","page","type-page","status-publish","hentry"],"_links":{"self":[{"href":"https:\/\/asociacionlatinoamericanadeantropologia.net\/portal\/wp-json\/wp\/v2\/pages\/1695","targetHints":{"allow":["GET"]}}],"collection":[{"href":"https:\/\/asociacionlatinoamericanadeantropologia.net\/portal\/wp-json\/wp\/v2\/pages"}],"about":[{"href":"https:\/\/asociacionlatinoamericanadeantropologia.net\/portal\/wp-json\/wp\/v2\/types\/page"}],"author":[{"embeddable":true,"href":"https:\/\/asociacionlatinoamericanadeantropologia.net\/portal\/wp-json\/wp\/v2\/users\/2"}],"replies":[{"embeddable":true,"href":"https:\/\/asociacionlatinoamericanadeantropologia.net\/portal\/wp-json\/wp\/v2\/comments?post=1695"}],"version-history":[{"count":2,"href":"https:\/\/asociacionlatinoamericanadeantropologia.net\/portal\/wp-json\/wp\/v2\/pages\/1695\/revisions"}],"predecessor-version":[{"id":1711,"href":"https:\/\/asociacionlatinoamericanadeantropologia.net\/portal\/wp-json\/wp\/v2\/pages\/1695\/revisions\/1711"}],"up":[{"embeddable":true,"href":"https:\/\/asociacionlatinoamericanadeantropologia.net\/portal\/wp-json\/wp\/v2\/pages\/1693"}],"wp:attachment":[{"href":"https:\/\/asociacionlatinoamericanadeantropologia.net\/portal\/wp-json\/wp\/v2\/media?parent=1695"}],"wp:term":[{"taxonomy":"category","embeddable":true,"href":"https:\/\/asociacionlatinoamericanadeantropologia.net\/portal\/wp-json\/wp\/v2\/categories?post=1695"},{"taxonomy":"post_tag","embeddable":true,"href":"https:\/\/asociacionlatinoamericanadeantropologia.net\/portal\/wp-json\/wp\/v2\/tags?post=1695"}],"curies":[{"name":"wp","href":"https:\/\/api.w.org\/{rel}","templated":true}]}}