{"id":1701,"date":"2022-05-06T22:42:32","date_gmt":"2022-05-06T22:42:32","guid":{"rendered":"https:\/\/asociacionlatinoamericanadeantropologia.net\/portal\/?page_id=1701"},"modified":"2022-06-15T00:36:16","modified_gmt":"2022-06-15T00:36:16","slug":"eventos-ala-2023","status":"publish","type":"page","link":"https:\/\/asociacionlatinoamericanadeantropologia.net\/portal\/eventos\/eventos-ala-2023\/","title":{"rendered":"Eventos ALA 2023"},"content":{"rendered":"<h2><strong>Eventos 2023<\/strong><\/h2>\n<ul>\n<li>Entre el 16 y el 20 de enero 2023 tendr\u00e1 lugar en la ULagos, Osorno, Chile, el XI congreso chileno de Antropolog\u00eda: \u201cAntropolog\u00eda y devenires\u201d. <strong><a href=\"https:\/\/www.facebook.com\/congresochilenoantropologiaosorno\/\" target=\"_blank\" rel=\"noopener\">Mas informaci\u00f3n aqu\u00ed.<\/a><\/strong><\/li>\n<li>Entre el 14 y 20 de octubre se realizar\u00e1 en Nueva Delhi, el Congreso Mundial de Antropolog\u00eda <strong>\u201cMarginalities, Uncertainties, and World Anthropologies: Enlivening Past and Envisioning Future\u201d<\/strong>,\u00a0organizado por la <strong>Uni\u00f3n Mundial de Antropolog\u00eda<\/strong> (WAU sus siglas en ingl\u00e9s). M\u00e1s informaci\u00f3n <a href=\"https:\/\/iuaes2023delhi.org\/\" target=\"_blank\" rel=\"noopener\"><strong>aqu\u00ed.<\/strong><\/a><\/li>\n<\/ul>\n","protected":false},"excerpt":{"rendered":"<p>Eventos 2023 Entre el 16 y el 20 de enero 2023 tendr\u00e1 lugar en la ULagos, Osorno, Chile, el XI congreso chileno de Antropolog\u00eda: \u201cAntropolog\u00eda y devenires\u201d. Mas informaci\u00f3n aqu\u00ed. Entre el 14 y 20 de octubre se realizar\u00e1 en Nueva Delhi, el Congreso Mundial de Antropolog\u00eda \u201cMarginalities, Uncertainties, and World Anthropologies: Enlivening Past and &hellip;<\/p>\n<p class=\"read-more\"> <a class=\"\" href=\"https:\/\/asociacionlatinoamericanadeantropologia.net\/portal\/eventos\/eventos-ala-2023\/\"> <span class=\"screen-reader-text\">Eventos ALA 2023<\/span> Leer m\u00e1s &raquo;<\/a><\/p>\n","protected":false},"author":2,"featured_media":0,"parent":1693,"menu_order":0,"comment_status":"closed","ping_status":"closed","template":"","meta":{"site-sidebar-layout":"default","site-content-layout":"default","ast-main-header-display":"","ast-hfb-above-header-display":"","ast-hfb-below-header-display":"","ast-hfb-mobile-header-display":"","site-post-title":"","ast-breadcrumbs-content":"","ast-featured-img":"","footer-sml-layout":"","theme-transparent-header-meta":"","adv-header-id-meta":"","stick-header-meta":"","header-above-stick-meta":"","header-main-stick-meta":"","header-below-stick-meta":"","footnotes":""},"categories":[],"tags":[],"class_list":["post-1701","page","type-page","status-publish","hentry"],"_links":{"self":[{"href":"https:\/\/asociacionlatinoamericanadeantropologia.net\/portal\/wp-json\/wp\/v2\/pages\/1701","targetHints":{"allow":["GET"]}}],"collection":[{"href":"https:\/\/asociacionlatinoamericanadeantropologia.net\/portal\/wp-json\/wp\/v2\/pages"}],"about":[{"href":"https:\/\/asociacionlatinoamericanadeantropologia.net\/portal\/wp-json\/wp\/v2\/types\/page"}],"author":[{"embeddable":true,"href":"https:\/\/asociacionlatinoamericanadeantropologia.net\/portal\/wp-json\/wp\/v2\/users\/2"}],"replies":[{"embeddable":true,"href":"https:\/\/asociacionlatinoamericanadeantropologia.net\/portal\/wp-json\/wp\/v2\/comments?post=1701"}],"version-history":[{"count":7,"href":"https:\/\/asociacionlatinoamericanadeantropologia.net\/portal\/wp-json\/wp\/v2\/pages\/1701\/revisions"}],"predecessor-version":[{"id":1872,"href":"https:\/\/asociacionlatinoamericanadeantropologia.net\/portal\/wp-json\/wp\/v2\/pages\/1701\/revisions\/1872"}],"up":[{"embeddable":true,"href":"https:\/\/asociacionlatinoamericanadeantropologia.net\/portal\/wp-json\/wp\/v2\/pages\/1693"}],"wp:attachment":[{"href":"https:\/\/asociacionlatinoamericanadeantropologia.net\/portal\/wp-json\/wp\/v2\/media?parent=1701"}],"wp:term":[{"taxonomy":"category","embeddable":true,"href":"https:\/\/asociacionlatinoamericanadeantropologia.net\/portal\/wp-json\/wp\/v2\/categories?post=1701"},{"taxonomy":"post_tag","embeddable":true,"href":"https:\/\/asociacionlatinoamericanadeantropologia.net\/portal\/wp-json\/wp\/v2\/tags?post=1701"}],"curies":[{"name":"wp","href":"https:\/\/api.w.org\/{rel}","templated":true}]}}