{"id":1739,"date":"2022-05-17T21:09:37","date_gmt":"2022-05-17T21:09:37","guid":{"rendered":"https:\/\/asociacionlatinoamericanadeantropologia.net\/portal\/?page_id=1739"},"modified":"2023-08-26T00:38:46","modified_gmt":"2023-08-26T00:38:46","slug":"antropologias-hechas-en-ecuador","status":"publish","type":"page","link":"https:\/\/asociacionlatinoamericanadeantropologia.net\/portal\/antropologias-hechas-en-ecuador\/","title":{"rendered":"Antropolog\u00edas hechas en Ecuador"},"content":{"rendered":"<h2><strong>Antropolog\u00edas hechas en Ecuador<\/strong><\/h2>\n<p><span style=\"font-weight: 400;\">Juncosa, Jos\u00e9, Fernando Garc\u00eda, Catalina Campo y\u00a0 Tania Gonz\u00e1lez<\/span> (eds.). 2022. <a href=\"https:\/\/asociacionlatinoamericanadeantropologia.net\/portal\/wp-content\/uploads\/2022\/05\/Antropologi\u0301as-hechas-en-Ecuador-Tomo-I-11_mayo_2022-interactivo.pdf\" target=\"_blank\" rel=\"noopener\"><strong><em>Antropolog\u00edas hechas en Ecuador. Antolog\u00eda &#8211; Volumen I<\/em><\/strong>.<\/a> Ecuador: Asociaci\u00f3n Latinoamericana de Antropolog\u00eda, <span style=\"font-weight: 400;\">Sociedad Ecuatoriana de Etnobiolog\u00eda, Editorial Abya Yala, Universidad Polit\u00e9cnica Salesiana\/UPS, Facultad Latinoamericana de Ciencias Sociales\/FLACSO Ecuador.<\/span><\/p>\n<p><a href=\"https:\/\/asociacionlatinoamericanadeantropologia.net\/portal\/wp-content\/uploads\/2022\/05\/Antropologi\u0301as-hechas-en-Ecuador-Tomo-I-11_mayo_2022-interactivo.pdf\" target=\"_blank\" rel=\"noopener\"><img fetchpriority=\"high\" decoding=\"async\" class=\"aligncenter wp-image-1752 size-medium\" src=\"https:\/\/asociacionlatinoamericanadeantropologia.net\/portal\/wp-content\/uploads\/2022\/05\/Ecuador-1BR-231x300.png\" alt=\"\" width=\"231\" height=\"300\" srcset=\"https:\/\/asociacionlatinoamericanadeantropologia.net\/portal\/wp-content\/uploads\/2022\/05\/Ecuador-1BR-231x300.png 231w, https:\/\/asociacionlatinoamericanadeantropologia.net\/portal\/wp-content\/uploads\/2022\/05\/Ecuador-1BR.png 757w\" sizes=\"(max-width: 231px) 100vw, 231px\" \/><\/a><\/p>\n<p><span style=\"font-weight: 400;\">Garc\u00eda, Fernando, Jos\u00e9 Juncosa, Catalina Campo y\u00a0 Tania Gonz\u00e1lez<\/span> (eds.). 2022. <a href=\"https:\/\/asociacionlatinoamericanadeantropologia.net\/portal\/wp-content\/uploads\/2022\/05\/Antropologi\u0301as-hechas-en-Ecuador-Tomo-II-11_mayo_2022-interactivo.pdf\" target=\"_blank\" rel=\"noopener\"><strong><em>Antropolog\u00edas hechas en Ecuador. Antolog\u00eda &#8211; Volumen II<\/em><\/strong><\/a>. Ecuador: Asociaci\u00f3n Latinoamericana de Antropolog\u00eda, <span style=\"font-weight: 400;\">Sociedad Ecuatoriana de Etnobiolog\u00eda, Editorial Abya Yala, Universidad Polit\u00e9cnica Salesiana\/UPS, Facultad Latinoamericana de Ciencias Sociales\/FLACSO Ecuador.<\/span><\/p>\n<p><a href=\"https:\/\/asociacionlatinoamericanadeantropologia.net\/portal\/wp-content\/uploads\/2022\/05\/Antropologi\u0301as-hechas-en-Ecuador-Tomo-II-11_mayo_2022-interactivo.pdf\" target=\"_blank\" rel=\"noopener\"><img decoding=\"async\" class=\"aligncenter wp-image-1753 size-medium\" src=\"https:\/\/asociacionlatinoamericanadeantropologia.net\/portal\/wp-content\/uploads\/2022\/05\/Ecuador-2BR-231x300.png\" alt=\"\" width=\"231\" height=\"300\" srcset=\"https:\/\/asociacionlatinoamericanadeantropologia.net\/portal\/wp-content\/uploads\/2022\/05\/Ecuador-2BR-231x300.png 231w, https:\/\/asociacionlatinoamericanadeantropologia.net\/portal\/wp-content\/uploads\/2022\/05\/Ecuador-2BR.png 757w\" sizes=\"(max-width: 231px) 100vw, 231px\" \/><\/a><\/p>\n<p><span style=\"font-weight: 400;\">Campo I., Catalina, Tania Gonz\u00e1lez R., Fernando Garc\u00eda y Jos\u00e9 Juncosa<\/span>\u00a0(eds.). 2022. <a href=\"https:\/\/asociacionlatinoamericanadeantropologia.net\/portal\/wp-content\/uploads\/2022\/07\/Antropologi\u0301as-hechas-en-Ecuador-Tomo-III-OK.pdf\" target=\"_blank\" rel=\"noopener\"><strong><em>Antropolog\u00edas hechas en Ecuador. Estudios hist\u00f3ricos y sociales &#8211; Volumen III<\/em><\/strong><\/a>. Ecuador: Asociaci\u00f3n Latinoamericana de Antropolog\u00eda, <span style=\"font-weight: 400;\">Sociedad Ecuatoriana de Etnobiolog\u00eda, Editorial Abya Yala, Universidad Polit\u00e9cnica Salesiana\/UPS, Facultad Latinoamericana de Ciencias Sociales\/FLACSO Ecuador.<\/span><\/p>\n<p><a href=\"https:\/\/asociacionlatinoamericanadeantropologia.net\/portal\/wp-content\/uploads\/2022\/07\/Antropologi\u0301as-hechas-en-Ecuador-Tomo-III-OK.pdf\" target=\"_blank\" rel=\"noopener\"><img decoding=\"async\" class=\"alignnone wp-image-1929 aligncenter\" src=\"https:\/\/asociacionlatinoamericanadeantropologia.net\/portal\/wp-content\/uploads\/2022\/07\/ANTROPOLOGI\u0301A-VOL-III-BR-207x300.png\" alt=\"\" width=\"219\" height=\"317\" srcset=\"https:\/\/asociacionlatinoamericanadeantropologia.net\/portal\/wp-content\/uploads\/2022\/07\/ANTROPOLOGI\u0301A-VOL-III-BR-207x300.png 207w, https:\/\/asociacionlatinoamericanadeantropologia.net\/portal\/wp-content\/uploads\/2022\/07\/ANTROPOLOGI\u0301A-VOL-III-BR-768x1116.png 768w, https:\/\/asociacionlatinoamericanadeantropologia.net\/portal\/wp-content\/uploads\/2022\/07\/ANTROPOLOGI\u0301A-VOL-III-BR-705x1024.png 705w, https:\/\/asociacionlatinoamericanadeantropologia.net\/portal\/wp-content\/uploads\/2022\/07\/ANTROPOLOGI\u0301A-VOL-III-BR.png 813w\" sizes=\"(max-width: 219px) 100vw, 219px\" \/><\/a><\/p>\n<p><span style=\"font-weight: 400;\">Gonz\u00e1lez R., Tania, Catalina Campo I., Jos\u00e9 Juncosa y Fernando Garc\u00eda <\/span>(eds.). 2022. <a href=\"https:\/\/asociacionlatinoamericanadeantropologia.net\/portal\/wp-content\/uploads\/2023\/08\/Antropologias-hechas-en-Ecuador-Tomo-IV-23-agosto_20223.pdf\" target=\"_blank\" rel=\"noopener\"><strong><em>Antropolog\u00edas hechas en Ecuador. El quehacer antropol\u00f3gico &#8211; Volumen IV<\/em><\/strong><\/a>. Ecuador: Asociaci\u00f3n Latinoamericana de Antropolog\u00eda, <span style=\"font-weight: 400;\">Sociedad Ecuatoriana de Etnobiolog\u00eda, Editorial Abya Yala, Universidad Polit\u00e9cnica Salesiana\/UPS, Facultad Latinoamericana de Ciencias Sociales\/FLACSO Ecuador.<\/span><\/p>\n<p><a href=\"https:\/\/asociacionlatinoamericanadeantropologia.net\/portal\/wp-content\/uploads\/2023\/08\/Antropologias-hechas-en-Ecuador-Tomo-IV-23-agosto_20223.pdf\" target=\"_blank\" rel=\"noopener\"><img loading=\"lazy\" decoding=\"async\" class=\"aligncenter wp-image-1928\" src=\"https:\/\/asociacionlatinoamericanadeantropologia.net\/portal\/wp-content\/uploads\/2022\/07\/ANTROPOLOGI\u0301A-VOL-IV-BR-206x300.png\" alt=\"\" width=\"233\" height=\"339\" srcset=\"https:\/\/asociacionlatinoamericanadeantropologia.net\/portal\/wp-content\/uploads\/2022\/07\/ANTROPOLOGI\u0301A-VOL-IV-BR-206x300.png 206w, https:\/\/asociacionlatinoamericanadeantropologia.net\/portal\/wp-content\/uploads\/2022\/07\/ANTROPOLOGI\u0301A-VOL-IV-BR-768x1120.png 768w, https:\/\/asociacionlatinoamericanadeantropologia.net\/portal\/wp-content\/uploads\/2022\/07\/ANTROPOLOGI\u0301A-VOL-IV-BR-702x1024.png 702w, https:\/\/asociacionlatinoamericanadeantropologia.net\/portal\/wp-content\/uploads\/2022\/07\/ANTROPOLOGI\u0301A-VOL-IV-BR.png 810w\" sizes=\"(max-width: 233px) 100vw, 233px\" \/><\/a><\/p>\n","protected":false},"excerpt":{"rendered":"<p>Antropolog\u00edas hechas en Ecuador Juncosa, Jos\u00e9, Fernando Garc\u00eda, Catalina Campo y\u00a0 Tania Gonz\u00e1lez (eds.). 2022. Antropolog\u00edas hechas en Ecuador. Antolog\u00eda &#8211; Volumen I. Ecuador: Asociaci\u00f3n Latinoamericana de Antropolog\u00eda, Sociedad Ecuatoriana de Etnobiolog\u00eda, Editorial Abya Yala, Universidad Polit\u00e9cnica Salesiana\/UPS, Facultad Latinoamericana de Ciencias Sociales\/FLACSO Ecuador. Garc\u00eda, Fernando, Jos\u00e9 Juncosa, Catalina Campo y\u00a0 Tania Gonz\u00e1lez (eds.). 2022. &hellip;<\/p>\n<p class=\"read-more\"> <a class=\"\" href=\"https:\/\/asociacionlatinoamericanadeantropologia.net\/portal\/antropologias-hechas-en-ecuador\/\"> <span class=\"screen-reader-text\">Antropolog\u00edas hechas en Ecuador<\/span> Leer m\u00e1s &raquo;<\/a><\/p>\n","protected":false},"author":2,"featured_media":0,"parent":0,"menu_order":0,"comment_status":"closed","ping_status":"closed","template":"","meta":{"site-sidebar-layout":"default","site-content-layout":"default","ast-main-header-display":"","ast-hfb-above-header-display":"","ast-hfb-below-header-display":"","ast-hfb-mobile-header-display":"","site-post-title":"","ast-breadcrumbs-content":"","ast-featured-img":"","footer-sml-layout":"","theme-transparent-header-meta":"","adv-header-id-meta":"","stick-header-meta":"","header-above-stick-meta":"","header-main-stick-meta":"","header-below-stick-meta":"","footnotes":""},"categories":[],"tags":[],"class_list":["post-1739","page","type-page","status-publish","hentry"],"_links":{"self":[{"href":"https:\/\/asociacionlatinoamericanadeantropologia.net\/portal\/wp-json\/wp\/v2\/pages\/1739","targetHints":{"allow":["GET"]}}],"collection":[{"href":"https:\/\/asociacionlatinoamericanadeantropologia.net\/portal\/wp-json\/wp\/v2\/pages"}],"about":[{"href":"https:\/\/asociacionlatinoamericanadeantropologia.net\/portal\/wp-json\/wp\/v2\/types\/page"}],"author":[{"embeddable":true,"href":"https:\/\/asociacionlatinoamericanadeantropologia.net\/portal\/wp-json\/wp\/v2\/users\/2"}],"replies":[{"embeddable":true,"href":"https:\/\/asociacionlatinoamericanadeantropologia.net\/portal\/wp-json\/wp\/v2\/comments?post=1739"}],"version-history":[{"count":22,"href":"https:\/\/asociacionlatinoamericanadeantropologia.net\/portal\/wp-json\/wp\/v2\/pages\/1739\/revisions"}],"predecessor-version":[{"id":3021,"href":"https:\/\/asociacionlatinoamericanadeantropologia.net\/portal\/wp-json\/wp\/v2\/pages\/1739\/revisions\/3021"}],"wp:attachment":[{"href":"https:\/\/asociacionlatinoamericanadeantropologia.net\/portal\/wp-json\/wp\/v2\/media?parent=1739"}],"wp:term":[{"taxonomy":"category","embeddable":true,"href":"https:\/\/asociacionlatinoamericanadeantropologia.net\/portal\/wp-json\/wp\/v2\/categories?post=1739"},{"taxonomy":"post_tag","embeddable":true,"href":"https:\/\/asociacionlatinoamericanadeantropologia.net\/portal\/wp-json\/wp\/v2\/tags?post=1739"}],"curies":[{"name":"wp","href":"https:\/\/api.w.org\/{rel}","templated":true}]}}