{"id":1768,"date":"2022-05-18T23:47:29","date_gmt":"2022-05-18T23:47:29","guid":{"rendered":"https:\/\/asociacionlatinoamericanadeantropologia.net\/portal\/?page_id=1768"},"modified":"2022-05-26T23:07:35","modified_gmt":"2022-05-26T23:07:35","slug":"ala-se-reunio-con-las-directivas-de-sus-organizaciones-para-trabajar-en-conjunto","status":"publish","type":"page","link":"https:\/\/asociacionlatinoamericanadeantropologia.net\/portal\/ala-se-reunio-con-las-directivas-de-sus-organizaciones-para-trabajar-en-conjunto\/","title":{"rendered":"ALA se reuni\u00f3 con las directivas de sus organizaciones para trabajar en conjunto"},"content":{"rendered":"<p>\ud83d\udce2 El mi\u00e9rcoles 18 de mayo de 2022, integrantes de la <strong>Comisi\u00f3n Directiva<\/strong> (CD) y la <strong>Comisi\u00f3n Fiscal<\/strong> (CF) de la <strong>Asociaci\u00f3n Latinoamericana<\/strong> (<strong>ALA<\/strong>) <strong>2020-2023<\/strong> se reunieron \ud83e\udd1dcon representantes de las directivas de 1\ufe0f\u20e31\ufe0f\u20e3 organizaciones ALA: Associa\u00e7\u00e3o Brasileira de Antropologia (ABA \ud83c\udde7\ud83c\uddf7), Colegio de Etn\u00f3logos y Antropol\u00f3gos Sociales (CEAS, M\u00e9xico \ud83c\uddf2\ud83c\uddfd), Asociaci\u00f3n de Antropolog\u00eda de Rosario (Argentina \ud83c\udde6\ud83c\uddf7), Colegio de Antrop\u00f3logos\/as de Chile \ud83c\udde8\ud83c\uddf1, Colegio de Graduados en Antropolog\u00eda (CGA) de la Rep\u00fablica Argentina \ud83c\udde6\ud83c\uddf7, Sociedad Ecuatoriana de Etnobiolog\u00eda \ud83c\uddea\ud83c\udde8, Asociaci\u00f3n Paraguaya de Antropolog\u00eda \ud83c\uddf5\ud83c\uddfe, Asociaci\u00f3n Uruguaya de Antropologia Social (AUAS \ud83c\uddfa\ud83c\uddfe), Red Centroamericana de Antropolog\u00eda, Red de Antropolog\u00edas del Sur (RedAS) y Asociaci\u00f3n Colombiana de Antropolog\u00eda (ACANT \ud83c\udde8\ud83c\uddf4).<br \/>\n\ud83d\udc49\ud83c\udffe De la <strong>CD de la ALA<\/strong> estuvieron presentes la presidenta L\u00eda Ferrero (CGA de la Rep\u00fablica Argentina \ud83c\udde6\ud83c\uddf7), la vicepresidenta Martha Patricia Casta\u00f1eda (CEAS \ud83c\uddf2\ud83c\uddfd), el secretario Juli\u00e1n Montavo (ACANT \ud83c\udde8\ud83c\uddf4), la tesorera Betty Francia (AUAS \ud83c\udde6\ud83c\uddf7), y lxs vocales Annel Mej\u00edas Guiza (RedAS, Venezuela \ud83c\uddfb\ud83c\uddea), Gonzalo D\u00edaz Crovetto (Colegio de Antropologos\/as de Chile \ud83c\udde8\ud83c\uddf1), Catalina Campo (Sociedad Ecuatoriana de Etnobiolog\u00eda \ud83c\uddea\ud83c\udde8) y Cornelia Eckert (ABA \ud83c\udde7\ud83c\uddf7). Por la <strong>CF de la ALA<\/strong> asistieron Gemma Rojas (Colegio de Antropologos\/as de Chile \ud83c\udde8\ud83c\uddf1), Maria Noel Curbelo (AUAS \ud83c\uddfa\ud83c\uddfe), Rosa Iraima Sulbar\u00e1n (RedAS, Venezuela \ud83c\uddfb\ud83c\uddea) y Nicol\u00e1s Olivo (CEAS \ud83c\uddf2\ud83c\uddfd).<br \/>\nPor la ABA participaron Patricia Birman y Cornelia Eckert, presidenta y vicepresidenta, respectivamente. El CEAS se encontr\u00f3 representado por su presidente Manuel Buenrostro y su vicepresidenta Irene Ju\u00e1rez, mientras que por la Asociaci\u00f3n de Antropolog\u00eda del Rosario asistieron su presidenta Licia Mar\u00eda Lilli y por la Sociedad Ecuatoriana de Etnobiolog\u00eda, Catalina Campo. El Colegio de Antropologos\/as de Chile tuvo representaci\u00f3n de Nanette Vergara, su presidenta.<br \/>\nPor su parte, por el CGA de la Rep\u00fablica Argentina asisti\u00f3 Marilin Cebolla, vicepresidenta, y Eva Muzzopappa, secretaria de extensi\u00f3n cultura. Deisy Amarilla, presidenta de la Asociaci\u00f3n Paraguaya de Antropolog\u00eda, tambi\u00e9n dijo presente, al igual que Luis Rodr\u00edguez por la Red Centroamericana de Antropolog\u00eda. AUAS tuvo una participaci\u00f3n con su presidenta Mar\u00eda Noel Curbelo y su tesorero Laura Ferdinand.<br \/>\nLa RedAS tambi\u00e9n intervino con Annel Mej\u00edas Guiza, su coordinadora editorial y administrativa, mientras que por la ACANT estuvo su presidenta, Margarita Granados.<br \/>\n\u270d\ud83c\udffd En la reuni\u00f3n se plantearon los proyectos en marcha de la ALA, adem\u00e1s de conocer las l\u00edneas de investigaci\u00f3n, proyectos, preocupaciones y desaf\u00edos de las organizaciones ALA, para articular agendas en com\u00fan. Tambi\u00e9n se determin\u00f3 una agenda para un pr\u00f3ximo encuentro y se expusieron temas transversales a las asociaciones y ALA para trabajar en conjunto.<\/p>\n","protected":false},"excerpt":{"rendered":"<p>\ud83d\udce2 El mi\u00e9rcoles 18 de mayo de 2022, integrantes de la Comisi\u00f3n Directiva (CD) y la Comisi\u00f3n Fiscal (CF) de la Asociaci\u00f3n Latinoamericana (ALA) 2020-2023 se reunieron \ud83e\udd1dcon representantes de las directivas de 1\ufe0f\u20e31\ufe0f\u20e3 organizaciones ALA: Associa\u00e7\u00e3o Brasileira de Antropologia (ABA \ud83c\udde7\ud83c\uddf7), Colegio de Etn\u00f3logos y Antropol\u00f3gos Sociales (CEAS, M\u00e9xico \ud83c\uddf2\ud83c\uddfd), Asociaci\u00f3n de Antropolog\u00eda de &hellip;<\/p>\n<p class=\"read-more\"> <a class=\"\" href=\"https:\/\/asociacionlatinoamericanadeantropologia.net\/portal\/ala-se-reunio-con-las-directivas-de-sus-organizaciones-para-trabajar-en-conjunto\/\"> <span class=\"screen-reader-text\">ALA se reuni\u00f3 con las directivas de sus organizaciones para trabajar en conjunto<\/span> Leer m\u00e1s &raquo;<\/a><\/p>\n","protected":false},"author":4,"featured_media":1769,"parent":0,"menu_order":0,"comment_status":"closed","ping_status":"closed","template":"","meta":{"site-sidebar-layout":"default","site-content-layout":"default","ast-main-header-display":"","ast-hfb-above-header-display":"","ast-hfb-below-header-display":"","ast-hfb-mobile-header-display":"","site-post-title":"","ast-breadcrumbs-content":"","ast-featured-img":"","footer-sml-layout":"","theme-transparent-header-meta":"","adv-header-id-meta":"","stick-header-meta":"","header-above-stick-meta":"","header-main-stick-meta":"","header-below-stick-meta":"","footnotes":""},"categories":[1],"tags":[],"class_list":["post-1768","page","type-page","status-publish","has-post-thumbnail","hentry","category-noticias"],"_links":{"self":[{"href":"https:\/\/asociacionlatinoamericanadeantropologia.net\/portal\/wp-json\/wp\/v2\/pages\/1768","targetHints":{"allow":["GET"]}}],"collection":[{"href":"https:\/\/asociacionlatinoamericanadeantropologia.net\/portal\/wp-json\/wp\/v2\/pages"}],"about":[{"href":"https:\/\/asociacionlatinoamericanadeantropologia.net\/portal\/wp-json\/wp\/v2\/types\/page"}],"author":[{"embeddable":true,"href":"https:\/\/asociacionlatinoamericanadeantropologia.net\/portal\/wp-json\/wp\/v2\/users\/4"}],"replies":[{"embeddable":true,"href":"https:\/\/asociacionlatinoamericanadeantropologia.net\/portal\/wp-json\/wp\/v2\/comments?post=1768"}],"version-history":[{"count":3,"href":"https:\/\/asociacionlatinoamericanadeantropologia.net\/portal\/wp-json\/wp\/v2\/pages\/1768\/revisions"}],"predecessor-version":[{"id":1785,"href":"https:\/\/asociacionlatinoamericanadeantropologia.net\/portal\/wp-json\/wp\/v2\/pages\/1768\/revisions\/1785"}],"wp:featuredmedia":[{"embeddable":true,"href":"https:\/\/asociacionlatinoamericanadeantropologia.net\/portal\/wp-json\/wp\/v2\/media\/1769"}],"wp:attachment":[{"href":"https:\/\/asociacionlatinoamericanadeantropologia.net\/portal\/wp-json\/wp\/v2\/media?parent=1768"}],"wp:term":[{"taxonomy":"category","embeddable":true,"href":"https:\/\/asociacionlatinoamericanadeantropologia.net\/portal\/wp-json\/wp\/v2\/categories?post=1768"},{"taxonomy":"post_tag","embeddable":true,"href":"https:\/\/asociacionlatinoamericanadeantropologia.net\/portal\/wp-json\/wp\/v2\/tags?post=1768"}],"curies":[{"name":"wp","href":"https:\/\/api.w.org\/{rel}","templated":true}]}}