{"id":1846,"date":"2022-06-07T22:56:19","date_gmt":"2022-06-07T22:56:19","guid":{"rendered":"https:\/\/asociacionlatinoamericanadeantropologia.net\/portal\/?page_id=1846"},"modified":"2022-06-08T12:20:29","modified_gmt":"2022-06-08T12:20:29","slug":"nuevo-numero-de-plural-esta-dedicado-a-un-dossier-sobre-antropologia-aplicada","status":"publish","type":"page","link":"https:\/\/asociacionlatinoamericanadeantropologia.net\/portal\/nuevo-numero-de-plural-esta-dedicado-a-un-dossier-sobre-antropologia-aplicada\/","title":{"rendered":"Nuevo n\u00famero de Plural est\u00e1 dedicado a un dossier sobre antropolog\u00eda aplicada"},"content":{"rendered":"<p><b>\ud83d\udc40 Te invitamos a leer&#8230; <\/b><span style=\"font-weight: 400;\">el <\/span><b>n\u00famero 8 <\/b><span style=\"font-weight: 400;\">(julio-diciembre 2021) de la revista<\/span> <a href=\"https:\/\/asociacionlatinoamericanadeantropologia.net\/revistas\/index.php\/plural\/index\" target=\"_blank\" rel=\"noopener\"><b><i>Plural. Antropolog\u00edas desde Am\u00e9rica Latina y del Caribe<\/i><\/b><\/a><span style=\"font-weight: 400;\">, de la<\/span><b> Asociaci\u00f3n Latinoamericana de Antropolog\u00eda <\/b><span style=\"font-weight: 400;\">(<\/span><b>ALA<\/b><span style=\"font-weight: 400;\">), con el <\/span><b>dossier \u201cAntropolog\u00eda aplicada\u201d<\/b><span style=\"font-weight: 400;\">, con lxs editorxs invitadxs: <\/span><span style=\"font-weight: 400;\">Judith Freidenberg (Universidad de Maryland, EEUU),\u00a0<\/span><span style=\"font-weight: 400;\">Cynthia Pizarro (Universidad de Buenos Aires\/UBA, Consejo Nacional de Investigaciones Cient\u00edficas y T\u00e9cnicas\/CONICET, Argentina) y\u00a0<\/span><span style=\"font-weight: 400;\">Diego D\u00edaz (Universidad Nacional de Lanu\u0301s\/UNLa, Universidad de Buenos Aires\/UBA, Argentina). En la portada se encuentra una foto de S\u00f6ren Molano-Cajamarca (Colombia), titulada \u00ab<i>La Itinerancia, Bogot\u00e1, 2021<\/i>\u00ab, de la serie publicada en este mismo n\u00famero.<\/span><\/p>\n<p><span style=\"font-weight: 400;\">El <strong>n\u00famero 8<\/strong> de la revista cuenta con la introducci\u00f3n \u00ab<\/span>Antropolog\u00eda Aplicada: Trayectorias en Am\u00e9rica Latina\u00bb<span style=\"font-weight: 400;\">, escrita por lxs editorxs invitadxs Freidenberg, Pizarro y D\u00edaz, la cual funciona como pre\u00e1mbulo a los 7 art\u00edculos del dossier:<\/span><\/p>\n<ul>\n<li class=\"p1\">\u00abDe la antropolog\u00eda aplicada a la dimensi\u00f3n pragm\u00e1tica de la antropolog\u00eda\u00bb, de Nicol\u00e1s Basso (Brasil)<\/li>\n<li class=\"p1\">\u00abLas antropolog\u00edas mundiales y los desaf\u00edos pol\u00edticos de la pr\u00e1ctica antropol\u00f3gica en Am\u00e9rica Latina: el caso de Brasil\u00bb, de Carla Guerr\u00f3n Montero (Argentina)<\/li>\n<li class=\"p1\">\u00abCPI da Funai e do Incra: desregulamenta\u00e7\u00e3o de direitos e a criminaliza\u00e7\u00e3o de antrop\u00f3logos\u00bb, de Priscila Tavares Dos Santos (Brasil)<\/li>\n<li class=\"p1\">\u00abAntropolog\u00eda y fuerzas de seguridad: reflexiones sobre el ejercicio profesional en la Gendarmer\u00eda Nacional Argentina\u00bb, de Mar\u00eda Canela L\u00f3pez y Luisina Morano (Argentina)<\/li>\n<li class=\"p1\">\u00abEl trabajo antropol\u00f3gico en las previsiones del impacto social para la sostenibilidad de los proyectos de desarrollo\u00bb, de Diana Arellano y Lautaro Sosa (Argentina)<\/li>\n<li class=\"p1\">\u00abPracticando antropolog\u00eda aplicada: cuatro desaf\u00edos y algunas reflexiones\u00bb, de Daniela Soto Hern\u00e1ndez (Chile)<\/li>\n<li class=\"p1\">\u00abRepensando nuestras pr\u00e1cticas antropol\u00f3gicas formativas desde el accionar y el espacio situado\u00bb, de Nadia Tamara Chiaravalloti (Argentina)<\/li>\n<\/ul>\n<p><span style=\"font-weight: 400;\">Adem\u00e1s, en este n\u00famero\u00a0de <strong><em>Plural. Antropolog\u00edas desde Am\u00e9rica Latina y del Caribe<\/em><\/strong>, se pueden ver dos secciones gr\u00e1ficas:<\/span><\/p>\n<ul>\n<li><span style=\"font-weight: 400;\"><strong>Otras miradas<\/strong>, con dos series fotogr\u00e1ficas: \u00abUn Solo Ardor\u00bb, de MayJenn (Colombia), e \u00abItinerancia en calle\u00bb, de S\u00f6ren Molano-Cajamarca (Colombia).<\/span><\/li>\n<li><span style=\"font-weight: 400;\"><strong>Ilustraci\u00f3n<\/strong>, con el apoyo de Ver\u00f3nica Stella Tejerina Vargas (Bolivia), quien dedica su arte, titulado \u00ab<\/span>\u00danicamente la oscuridad tiene esqueleto\u00bb, <span style=\"font-weight: 400;\">al escritor Jorge Saenz.<\/span><\/li>\n<\/ul>\n<p><span style=\"font-weight: 400;\">En la <strong>Secci\u00f3n Entrevista<\/strong> tenemos como invitada a la antrop\u00f3loga argentina <strong>Mari\u00e1n Moya<\/strong>, quien convers\u00f3 con la editora Freidenberg sobre el devenir de la antropolog\u00eda aplicada en Am\u00e9rica Latina. Mientras que en la <strong>Secci\u00f3n Manifiestos<\/strong> se publicaron tres documentos emitidos por la <strong>Comisi\u00f3n Directiva de la ALA 2020-2023<\/strong>: <a href=\"https:\/\/asociacionlatinoamericanadeantropologia.net\/portal\/ala-manifiesta-preocupacion-por-haiti\/\">uno sobre Hait\u00ed<\/a>, luego del asesinato del presidente Jovenel Mo\u00efse, ocurrida el 7 de julio de 2021; otro sobre el <a href=\"https:\/\/asociacionlatinoamericanadeantropologia.net\/portal\/comunicado-ala-por-ataques-aberrante-a-migrantes-haitianos-y-venezolanos\/\">trato aberrante a migrantes haitianxs y venezolanxs<\/a>, emitido el 1\u00ba de octubre de 2021; y un tercero sobre la <a href=\"https:\/\/asociacionlatinoamericanadeantropologia.net\/portal\/posicionamiento-de-la-comision-directiva-de-ala-2020-2023-sobre-violencia-de-genero\/\">violencia de g\u00e9nero en espacios acad\u00e9micos<\/a>, publicado el 22 de octubre del 2021. Tambi\u00e9n podremos leer las informaciones generadas desde la ALA y sus organizaciones afiliadas en la <strong>Secci\u00f3n Informativa<\/strong>.<\/span><\/p>\n<p>&nbsp;<\/p>\n<h3><strong>Invitaci\u00f3n a la presentaci\u00f3n del nuevo n\u00famero<\/strong><\/h3>\n<p>El mi\u00e9rcoles 15 de junio de 2022, por el <a href=\"https:\/\/www.youtube.com\/c\/Asociaci%C3%B3nLatinoamericanadeAntropolog%C3%ADa\" target=\"_blank\" rel=\"noopener\"><strong>canal YouTube de la ALA<\/strong><\/a>, les invitamos a la presentaci\u00f3n del <b>n\u00famero 8<\/b><span style=\"font-weight: 400;\">\u00a0de la revista<\/span> <b><i>Plural. Antropolog\u00edas desde <\/i><\/b><b><i>Am\u00e9rica<\/i><\/b><b><i> Latina y del Caribe<\/i><\/b><span style=\"font-weight: 400;\">, con la presencia tanto de lxs editorxs invitadxs Freidenberg, Pizarro y D\u00edaz, as\u00ed como de algunxs de lxs autorxs del dossier sobre antropolog\u00eda aplicada. Se tendr\u00e1 la moderaci\u00f3n de Annel Mej\u00edas Guiza (Venezuela) y Danielle Ara\u00fajo (Brasil), directora y directora adjunta de la revista, respectivamente, en representaci\u00f3n del Comit\u00e9 Editorial integrado por: Cristina Oehmichen (M\u00e9xico), Eduardo Restrepo (Colombia), Gonzalo D\u00edaz Crovetto (Chile), Ricardo Fagoaga (M\u00e9xico), Gemma Rojas (Chile), Pablo Gatti (Uruguay), Ara\u00fajo y Mej\u00edas Guiza.<\/span><\/p>\n<p><strong>Horario de la presentaci\u00f3n:<\/strong> 15:00 Ciudad de M\u00e9xico, 16:00 Colombia, 17:00 Venezuela, 18:00 Brasil y Argentina.<\/p>\n<p><img fetchpriority=\"high\" decoding=\"async\" class=\"wp-image-1856 aligncenter\" src=\"https:\/\/asociacionlatinoamericanadeantropologia.net\/portal\/wp-content\/uploads\/2022\/06\/Afiche-Plural-Nro-8-300x267.jpeg\" alt=\"\" width=\"655\" height=\"583\" srcset=\"https:\/\/asociacionlatinoamericanadeantropologia.net\/portal\/wp-content\/uploads\/2022\/06\/Afiche-Plural-Nro-8-300x267.jpeg 300w, https:\/\/asociacionlatinoamericanadeantropologia.net\/portal\/wp-content\/uploads\/2022\/06\/Afiche-Plural-Nro-8-768x683.jpeg 768w, https:\/\/asociacionlatinoamericanadeantropologia.net\/portal\/wp-content\/uploads\/2022\/06\/Afiche-Plural-Nro-8-1024x910.jpeg 1024w, https:\/\/asociacionlatinoamericanadeantropologia.net\/portal\/wp-content\/uploads\/2022\/06\/Afiche-Plural-Nro-8.jpeg 1080w\" sizes=\"(max-width: 655px) 100vw, 655px\" \/><\/p>\n<p>&nbsp;<\/p>\n<p>&nbsp;<\/p>\n<p>&nbsp;<\/p>\n","protected":false},"excerpt":{"rendered":"<p>\ud83d\udc40 Te invitamos a leer&#8230; el n\u00famero 8 (julio-diciembre 2021) de la revista Plural. Antropolog\u00edas desde Am\u00e9rica Latina y del Caribe, de la Asociaci\u00f3n Latinoamericana de Antropolog\u00eda (ALA), con el dossier \u201cAntropolog\u00eda aplicada\u201d, con lxs editorxs invitadxs: Judith Freidenberg (Universidad de Maryland, EEUU),\u00a0Cynthia Pizarro (Universidad de Buenos Aires\/UBA, Consejo Nacional de Investigaciones Cient\u00edficas y T\u00e9cnicas\/CONICET, &hellip;<\/p>\n<p class=\"read-more\"> <a class=\"\" href=\"https:\/\/asociacionlatinoamericanadeantropologia.net\/portal\/nuevo-numero-de-plural-esta-dedicado-a-un-dossier-sobre-antropologia-aplicada\/\"> <span class=\"screen-reader-text\">Nuevo n\u00famero de Plural est\u00e1 dedicado a un dossier sobre antropolog\u00eda aplicada<\/span> Leer m\u00e1s &raquo;<\/a><\/p>\n","protected":false},"author":4,"featured_media":1847,"parent":0,"menu_order":0,"comment_status":"closed","ping_status":"closed","template":"","meta":{"site-sidebar-layout":"default","site-content-layout":"default","ast-main-header-display":"","ast-hfb-above-header-display":"","ast-hfb-below-header-display":"","ast-hfb-mobile-header-display":"","site-post-title":"","ast-breadcrumbs-content":"","ast-featured-img":"","footer-sml-layout":"","theme-transparent-header-meta":"","adv-header-id-meta":"","stick-header-meta":"","header-above-stick-meta":"","header-main-stick-meta":"","header-below-stick-meta":"","footnotes":""},"categories":[1],"tags":[13,18,17],"class_list":["post-1846","page","type-page","status-publish","has-post-thumbnail","hentry","category-noticias","tag-ala","tag-asociacion-latinoamericana-de-antropologia","tag-revista-plural"],"_links":{"self":[{"href":"https:\/\/asociacionlatinoamericanadeantropologia.net\/portal\/wp-json\/wp\/v2\/pages\/1846","targetHints":{"allow":["GET"]}}],"collection":[{"href":"https:\/\/asociacionlatinoamericanadeantropologia.net\/portal\/wp-json\/wp\/v2\/pages"}],"about":[{"href":"https:\/\/asociacionlatinoamericanadeantropologia.net\/portal\/wp-json\/wp\/v2\/types\/page"}],"author":[{"embeddable":true,"href":"https:\/\/asociacionlatinoamericanadeantropologia.net\/portal\/wp-json\/wp\/v2\/users\/4"}],"replies":[{"embeddable":true,"href":"https:\/\/asociacionlatinoamericanadeantropologia.net\/portal\/wp-json\/wp\/v2\/comments?post=1846"}],"version-history":[{"count":13,"href":"https:\/\/asociacionlatinoamericanadeantropologia.net\/portal\/wp-json\/wp\/v2\/pages\/1846\/revisions"}],"predecessor-version":[{"id":1862,"href":"https:\/\/asociacionlatinoamericanadeantropologia.net\/portal\/wp-json\/wp\/v2\/pages\/1846\/revisions\/1862"}],"wp:featuredmedia":[{"embeddable":true,"href":"https:\/\/asociacionlatinoamericanadeantropologia.net\/portal\/wp-json\/wp\/v2\/media\/1847"}],"wp:attachment":[{"href":"https:\/\/asociacionlatinoamericanadeantropologia.net\/portal\/wp-json\/wp\/v2\/media?parent=1846"}],"wp:term":[{"taxonomy":"category","embeddable":true,"href":"https:\/\/asociacionlatinoamericanadeantropologia.net\/portal\/wp-json\/wp\/v2\/categories?post=1846"},{"taxonomy":"post_tag","embeddable":true,"href":"https:\/\/asociacionlatinoamericanadeantropologia.net\/portal\/wp-json\/wp\/v2\/tags?post=1846"}],"curies":[{"name":"wp","href":"https:\/\/api.w.org\/{rel}","templated":true}]}}