{"id":2009,"date":"2022-08-07T16:11:32","date_gmt":"2022-08-07T16:11:32","guid":{"rendered":"https:\/\/asociacionlatinoamericanadeantropologia.net\/portal\/?page_id=2009"},"modified":"2022-08-07T16:12:35","modified_gmt":"2022-08-07T16:12:35","slug":"ala-lamenta-el-fallecimiento-del-colega-rosamel-millaman-reinao","status":"publish","type":"page","link":"https:\/\/asociacionlatinoamericanadeantropologia.net\/portal\/ala-lamenta-el-fallecimiento-del-colega-rosamel-millaman-reinao\/","title":{"rendered":"ALA lamenta el fallecimiento del colega Rosamel Millaman Reinao"},"content":{"rendered":"<div class=\"kvgmc6g5 cxmmr5t8 oygrvhab hcukyx3x c1et5uql ii04i59q\">\n<div dir=\"auto\">Desde ALA lamentamos profundamente el fallecimiento de nuestro colega Rosamel Millaman Reinao.<\/div>\n<div dir=\"auto\"><span style=\"font-size: 16px;\">Compartimos la nota de duelo del Colegio de Antrop\u00f3logos y Antrop\u00f3logas de Chile por el fallecimiento del profesor Rosamel Millaman Reinao, quien fue presidente de esta organizaci\u00f3n ALA <\/span><span class=\"nc684nl6\" style=\"font-size: 16px;\">Colegio de Antrop\u00f3logas y Antrop\u00f3logos de Chile.<\/span><\/div>\n<div dir=\"auto\"><\/div>\n<\/div>\n","protected":false},"excerpt":{"rendered":"<p>Desde ALA lamentamos profundamente el fallecimiento de nuestro colega Rosamel Millaman Reinao. Compartimos la nota de duelo del Colegio de Antrop\u00f3logos y Antrop\u00f3logas de Chile por el fallecimiento del profesor Rosamel Millaman Reinao, quien fue presidente de esta organizaci\u00f3n ALA Colegio de Antrop\u00f3logas y Antrop\u00f3logos de Chile.<\/p>\n","protected":false},"author":4,"featured_media":2010,"parent":0,"menu_order":0,"comment_status":"closed","ping_status":"closed","template":"","meta":{"site-sidebar-layout":"default","site-content-layout":"default","ast-main-header-display":"","ast-hfb-above-header-display":"","ast-hfb-below-header-display":"","ast-hfb-mobile-header-display":"","site-post-title":"","ast-breadcrumbs-content":"","ast-featured-img":"","footer-sml-layout":"","theme-transparent-header-meta":"","adv-header-id-meta":"","stick-header-meta":"","header-above-stick-meta":"","header-main-stick-meta":"","header-below-stick-meta":"","footnotes":""},"categories":[1],"tags":[],"class_list":["post-2009","page","type-page","status-publish","has-post-thumbnail","hentry","category-noticias"],"_links":{"self":[{"href":"https:\/\/asociacionlatinoamericanadeantropologia.net\/portal\/wp-json\/wp\/v2\/pages\/2009","targetHints":{"allow":["GET"]}}],"collection":[{"href":"https:\/\/asociacionlatinoamericanadeantropologia.net\/portal\/wp-json\/wp\/v2\/pages"}],"about":[{"href":"https:\/\/asociacionlatinoamericanadeantropologia.net\/portal\/wp-json\/wp\/v2\/types\/page"}],"author":[{"embeddable":true,"href":"https:\/\/asociacionlatinoamericanadeantropologia.net\/portal\/wp-json\/wp\/v2\/users\/4"}],"replies":[{"embeddable":true,"href":"https:\/\/asociacionlatinoamericanadeantropologia.net\/portal\/wp-json\/wp\/v2\/comments?post=2009"}],"version-history":[{"count":2,"href":"https:\/\/asociacionlatinoamericanadeantropologia.net\/portal\/wp-json\/wp\/v2\/pages\/2009\/revisions"}],"predecessor-version":[{"id":2012,"href":"https:\/\/asociacionlatinoamericanadeantropologia.net\/portal\/wp-json\/wp\/v2\/pages\/2009\/revisions\/2012"}],"wp:featuredmedia":[{"embeddable":true,"href":"https:\/\/asociacionlatinoamericanadeantropologia.net\/portal\/wp-json\/wp\/v2\/media\/2010"}],"wp:attachment":[{"href":"https:\/\/asociacionlatinoamericanadeantropologia.net\/portal\/wp-json\/wp\/v2\/media?parent=2009"}],"wp:term":[{"taxonomy":"category","embeddable":true,"href":"https:\/\/asociacionlatinoamericanadeantropologia.net\/portal\/wp-json\/wp\/v2\/categories?post=2009"},{"taxonomy":"post_tag","embeddable":true,"href":"https:\/\/asociacionlatinoamericanadeantropologia.net\/portal\/wp-json\/wp\/v2\/tags?post=2009"}],"curies":[{"name":"wp","href":"https:\/\/api.w.org\/{rel}","templated":true}]}}