{"id":2013,"date":"2022-08-07T16:15:28","date_gmt":"2022-08-07T16:15:28","guid":{"rendered":"https:\/\/asociacionlatinoamericanadeantropologia.net\/portal\/?page_id=2013"},"modified":"2022-08-07T16:17:17","modified_gmt":"2022-08-07T16:17:17","slug":"ala-se-une-al-duelo-por-la-partida-fisica-de-la-dra-mercedes-olivera-bustamante","status":"publish","type":"page","link":"https:\/\/asociacionlatinoamericanadeantropologia.net\/portal\/ala-se-une-al-duelo-por-la-partida-fisica-de-la-dra-mercedes-olivera-bustamante\/","title":{"rendered":"ALA se une al duelo por la partida f\u00edsica de la Dra. Mercedes Olivera Bustamante"},"content":{"rendered":"<p>ALA lamenta el fallecimiento de la Dra. Mercedes Olivera Bustamante.<\/p>\n<p>Hoy domingo 7 de agosto de 2022 falleci\u00f3 la Dra. Mercedes Olivera Bustamante, decidida impulsora de la transformaci\u00f3n de la antropolog\u00eda mexicana. Su mirada cr\u00edtica, compromiso con los movimientos sociales emancipatorios y con el feminismo son parte de su invaluable legado.<\/p>\n","protected":false},"excerpt":{"rendered":"<p>ALA lamenta el fallecimiento de la Dra. Mercedes Olivera Bustamante. Hoy domingo 7 de agosto de 2022 falleci\u00f3 la Dra. Mercedes Olivera Bustamante, decidida impulsora de la transformaci\u00f3n de la antropolog\u00eda mexicana. Su mirada cr\u00edtica, compromiso con los movimientos sociales emancipatorios y con el feminismo son parte de su invaluable legado.<\/p>\n","protected":false},"author":4,"featured_media":2014,"parent":0,"menu_order":0,"comment_status":"closed","ping_status":"closed","template":"","meta":{"site-sidebar-layout":"default","site-content-layout":"default","ast-main-header-display":"","ast-hfb-above-header-display":"","ast-hfb-below-header-display":"","ast-hfb-mobile-header-display":"","site-post-title":"","ast-breadcrumbs-content":"","ast-featured-img":"","footer-sml-layout":"","theme-transparent-header-meta":"","adv-header-id-meta":"","stick-header-meta":"","header-above-stick-meta":"","header-main-stick-meta":"","header-below-stick-meta":"","footnotes":""},"categories":[1],"tags":[],"class_list":["post-2013","page","type-page","status-publish","has-post-thumbnail","hentry","category-noticias"],"_links":{"self":[{"href":"https:\/\/asociacionlatinoamericanadeantropologia.net\/portal\/wp-json\/wp\/v2\/pages\/2013","targetHints":{"allow":["GET"]}}],"collection":[{"href":"https:\/\/asociacionlatinoamericanadeantropologia.net\/portal\/wp-json\/wp\/v2\/pages"}],"about":[{"href":"https:\/\/asociacionlatinoamericanadeantropologia.net\/portal\/wp-json\/wp\/v2\/types\/page"}],"author":[{"embeddable":true,"href":"https:\/\/asociacionlatinoamericanadeantropologia.net\/portal\/wp-json\/wp\/v2\/users\/4"}],"replies":[{"embeddable":true,"href":"https:\/\/asociacionlatinoamericanadeantropologia.net\/portal\/wp-json\/wp\/v2\/comments?post=2013"}],"version-history":[{"count":2,"href":"https:\/\/asociacionlatinoamericanadeantropologia.net\/portal\/wp-json\/wp\/v2\/pages\/2013\/revisions"}],"predecessor-version":[{"id":2016,"href":"https:\/\/asociacionlatinoamericanadeantropologia.net\/portal\/wp-json\/wp\/v2\/pages\/2013\/revisions\/2016"}],"wp:featuredmedia":[{"embeddable":true,"href":"https:\/\/asociacionlatinoamericanadeantropologia.net\/portal\/wp-json\/wp\/v2\/media\/2014"}],"wp:attachment":[{"href":"https:\/\/asociacionlatinoamericanadeantropologia.net\/portal\/wp-json\/wp\/v2\/media?parent=2013"}],"wp:term":[{"taxonomy":"category","embeddable":true,"href":"https:\/\/asociacionlatinoamericanadeantropologia.net\/portal\/wp-json\/wp\/v2\/categories?post=2013"},{"taxonomy":"post_tag","embeddable":true,"href":"https:\/\/asociacionlatinoamericanadeantropologia.net\/portal\/wp-json\/wp\/v2\/tags?post=2013"}],"curies":[{"name":"wp","href":"https:\/\/api.w.org\/{rel}","templated":true}]}}