{"id":2053,"date":"2022-09-20T15:28:36","date_gmt":"2022-09-20T15:28:36","guid":{"rendered":"https:\/\/asociacionlatinoamericanadeantropologia.net\/portal\/?page_id=2053"},"modified":"2022-09-20T22:32:18","modified_gmt":"2022-09-20T22:32:18","slug":"numero-9-de-la-revista-plural-esta-dedicado-a-la-antropologia-mexicana","status":"publish","type":"page","link":"https:\/\/asociacionlatinoamericanadeantropologia.net\/portal\/numero-9-de-la-revista-plural-esta-dedicado-a-la-antropologia-mexicana\/","title":{"rendered":"N\u00famero 9 de la revista Plural contiene el dossier \u00abla antropolog\u00eda mexicana\u00bb"},"content":{"rendered":"<p>El n\u00famero 9 (enero-junio 2022) de la <strong>revista <a href=\"https:\/\/asociacionlatinoamericanadeantropologia.net\/revistas\/index.php\/plural\/index\" target=\"_blank\" rel=\"noopener\"><em>Plural, Antropolog\u00edas desde Am\u00e9rica Latina y del Caribe<\/em><\/a><\/strong>, de la <strong>Asociaci\u00f3n Latinoamericana de Antropolog\u00eda<\/strong> (<strong>ALA<\/strong>), est\u00e1 dedicado al <strong>dossier \u00abLa antropolog\u00eda mexicana\u00bb<\/strong>, coordinado por Gustavo Lins Ribeiro (Universidad Aut\u00f3noma Metropolitana, M\u00e9xico\/Universidade de Bras\u00edlia, Brasil), Anne W. Johnson (Universidad Iberoamericana, M\u00e9xico) y Nicol\u00e1s Olivos Santoyo (Universidad Aut\u00f3noma de la Ciudad de M\u00e9xico). Este n\u00famero cuenta con siete art\u00edculos, m\u00e1s las secciones Manifiestos, Informativo y Otras miradas (con tres series fotogr\u00e1ficas de Colombia, Brasil y M\u00e9xico).<\/p>\n<p>El\u00a0<strong>n\u00famero 9<\/strong> de la revista cuenta con la introducci\u00f3n \u00abPensando la antropolog\u00eda mexicana\u00bb, escrita por lxs editorxs invitadxs Lins Ribeiro, Johnson y Olivos Santoyo, la cual funciona como pre\u00e1mbulo a los 7 art\u00edculos del dossier:<\/p>\n<p><strong>I Parte. Trabajo de campo, contexto institucional y laboral<\/strong><\/p>\n<p>1. \u00abEl trabajo de campo en la formacio\u0301n de antropo\u0301logas y antropo\u0301logos en Me\u0301xico. Mitos, realidades e innovaciones\u00bb, de Nicol\u00e1s Olivos Santoyo, Gerardo Cruz S\u00e1nchez (M\u00e9xico)<\/p>\n<p><strong>II Parte. La relevancia de la antropolog\u00eda en M\u00e9xico<\/strong><\/p>\n<p>2. \u00abLa antropologi\u0301a y sus pu\u0301blicos en Me\u0301xico: Hacia el fortalecimiento de relaciones exoga\u0301micas y la construccio\u0301n de parasitios\u00bb, de Anne W. Johnson (M\u00e9xico)<\/p>\n<p>3. \u00abLa frontera sur de Me\u0301xico, el CIESAS y la institucionalizacio\u0301n de la antropologi\u0301a en Chiapas\u00bb, de Andr\u00e9s F\u00e1bregas Puig (M\u00e9xico)<\/p>\n<p>4. \u00abLa relevancia de la antropologi\u0301a en la Universidad Veracruzana\u00bb, de Yamile Lira L\u00f3pez y Mar\u00eda de Lourdes Becerra Zavala (M\u00e9xico)<\/p>\n<p><strong>III Parte. La relevancia e inserci\u00f3n internacional de la antropolog\u00eda mexicana<\/strong><\/p>\n<p>5. \u00abLa antropolog\u00eda mexicana y el mundo\u00bb, de Gustavo Lins Ribeiro (Brasil\/M\u00e9xico)<\/p>\n<p>6. \u00abLa influencia de la antropologi\u0301a mexicana fuera de Me\u0301xico: Las aportaciones y limitaciones de una antropologi\u0301a\u00bb, de Roger Magazine y Jorge Rosendo Negroe \u00c1lvarez (M\u00e9xico)<\/p>\n<p>7. \u00abUn alumno japone\u0301s de la Escuela de Antropologi\u0301a de la Universidad Iberoamericana (1960 a 1963)\u00bb, de Tomohiro Takayama (Jap\u00f3n), Aki Kuromiya (Jap\u00f3n) y David Robichaux (M\u00e9xico)<\/p>\n<p><strong>\u00a0<\/strong><\/p>\n<p>En la <strong>Secci\u00f3n Manifiestos<\/strong> se pueden leer cinco comunicados: (1) \u00abComunicado del Consejo Directivo del CEAS en favor de la continuidad, certeza y mejora de las condiciones laborales de las y los trabajadores del sector cultural y educativo en Me\u0301xico vinculado a la formacio\u0301n de profesionales en ciencias antropolo\u0301gicas\u00bb; (2) \u00abMensaje ALA por el Di\u0301a Internacional de las Mujeres\u00bb; (3) \u00abNota sobre ataques digitais e seguranc\u0327a de dados, de la Associac\u0327a\u0303o Brasileira de Antropologia\u00bb; (4) \u00abExdecanos de la Facultad de Ciencias Econo\u0301micas manifiestan su rechazo al fraude electoral en la USAC\u00bb; y (5) \u00abDespedida para Bruno e Dom, com grande lamento, tristeza e indignac\u0327a\u0303o\u00bb, de la Associac\u0327a\u0303o Brasileira de Antropologia\u00bb.<\/p>\n<p>En la <strong>Secci\u00f3n Otras miradas<\/strong>, se pueden observar tres significativas series fotogr\u00e1ficas, todas vinculadas al mundo del trabajo y de la explotaci\u00f3n laboral: (1)<strong>\u00a0<\/strong>\u00abPeces, redes y tradiciones: Acuosidad social en la regio\u0301n de la Mojana, Colombia\u00bb, de Byron Giovanny Ospina Florido (Colombia); (2)\u00a0\u00abManos que cosechan, pies que emigran: safristas de la cosecha de la manzana en Vacaria, Brasil\u00bb, de Tiago Zilles Fedrizzi y Rumi Regina Kubo (Brasil); y (3)\u00a0\u00abCuando el ind\u00edgena sobrevive en la urbanidad\u00bb, de Miguel Reyes P\u00e9rez (M\u00e9xico).<\/p>\n<p>&nbsp;<\/p>\n<p><strong>Todo el contenido lo puede leer en el siguiente link:<\/strong><\/p>\n<p><a href=\"https:\/\/asociacionlatinoamericanadeantropologia.net\/revistas\/index.php\/plural\">https:\/\/asociacionlatinoamericanadeantropologia.net\/revistas\/index.php\/plural<\/a><\/p>\n<p>&nbsp;<\/p>\n<p><strong>Puede contactarse con la revista <em>Plural<\/em> a trav\u00e9s del correo electr\u00f3nico:<\/strong> revistaplural.ala@gmail.com<\/p>\n","protected":false},"excerpt":{"rendered":"<p>El n\u00famero 9 (enero-junio 2022) de la revista Plural, Antropolog\u00edas desde Am\u00e9rica Latina y del Caribe, de la Asociaci\u00f3n Latinoamericana de Antropolog\u00eda (ALA), est\u00e1 dedicado al dossier \u00abLa antropolog\u00eda mexicana\u00bb, coordinado por Gustavo Lins Ribeiro (Universidad Aut\u00f3noma Metropolitana, M\u00e9xico\/Universidade de Bras\u00edlia, Brasil), Anne W. Johnson (Universidad Iberoamericana, M\u00e9xico) y Nicol\u00e1s Olivos Santoyo (Universidad Aut\u00f3noma de &hellip;<\/p>\n<p class=\"read-more\"> <a class=\"\" href=\"https:\/\/asociacionlatinoamericanadeantropologia.net\/portal\/numero-9-de-la-revista-plural-esta-dedicado-a-la-antropologia-mexicana\/\"> <span class=\"screen-reader-text\">N\u00famero 9 de la revista Plural contiene el dossier \u00abla antropolog\u00eda mexicana\u00bb<\/span> Leer m\u00e1s &raquo;<\/a><\/p>\n","protected":false},"author":4,"featured_media":2054,"parent":0,"menu_order":0,"comment_status":"closed","ping_status":"closed","template":"","meta":{"site-sidebar-layout":"default","site-content-layout":"default","ast-main-header-display":"","ast-hfb-above-header-display":"","ast-hfb-below-header-display":"","ast-hfb-mobile-header-display":"","site-post-title":"","ast-breadcrumbs-content":"","ast-featured-img":"","footer-sml-layout":"","theme-transparent-header-meta":"","adv-header-id-meta":"","stick-header-meta":"","header-above-stick-meta":"","header-main-stick-meta":"","header-below-stick-meta":"","footnotes":""},"categories":[1],"tags":[13,25,24],"class_list":["post-2053","page","type-page","status-publish","has-post-thumbnail","hentry","category-noticias","tag-ala","tag-proyecto-editorial","tag-revistaplural"],"_links":{"self":[{"href":"https:\/\/asociacionlatinoamericanadeantropologia.net\/portal\/wp-json\/wp\/v2\/pages\/2053","targetHints":{"allow":["GET"]}}],"collection":[{"href":"https:\/\/asociacionlatinoamericanadeantropologia.net\/portal\/wp-json\/wp\/v2\/pages"}],"about":[{"href":"https:\/\/asociacionlatinoamericanadeantropologia.net\/portal\/wp-json\/wp\/v2\/types\/page"}],"author":[{"embeddable":true,"href":"https:\/\/asociacionlatinoamericanadeantropologia.net\/portal\/wp-json\/wp\/v2\/users\/4"}],"replies":[{"embeddable":true,"href":"https:\/\/asociacionlatinoamericanadeantropologia.net\/portal\/wp-json\/wp\/v2\/comments?post=2053"}],"version-history":[{"count":5,"href":"https:\/\/asociacionlatinoamericanadeantropologia.net\/portal\/wp-json\/wp\/v2\/pages\/2053\/revisions"}],"predecessor-version":[{"id":2098,"href":"https:\/\/asociacionlatinoamericanadeantropologia.net\/portal\/wp-json\/wp\/v2\/pages\/2053\/revisions\/2098"}],"wp:featuredmedia":[{"embeddable":true,"href":"https:\/\/asociacionlatinoamericanadeantropologia.net\/portal\/wp-json\/wp\/v2\/media\/2054"}],"wp:attachment":[{"href":"https:\/\/asociacionlatinoamericanadeantropologia.net\/portal\/wp-json\/wp\/v2\/media?parent=2053"}],"wp:term":[{"taxonomy":"category","embeddable":true,"href":"https:\/\/asociacionlatinoamericanadeantropologia.net\/portal\/wp-json\/wp\/v2\/categories?post=2053"},{"taxonomy":"post_tag","embeddable":true,"href":"https:\/\/asociacionlatinoamericanadeantropologia.net\/portal\/wp-json\/wp\/v2\/tags?post=2053"}],"curies":[{"name":"wp","href":"https:\/\/api.w.org\/{rel}","templated":true}]}}