{"id":2066,"date":"2022-09-20T19:14:41","date_gmt":"2022-09-20T19:14:41","guid":{"rendered":"https:\/\/asociacionlatinoamericanadeantropologia.net\/portal\/?page_id=2066"},"modified":"2022-09-20T22:29:02","modified_gmt":"2022-09-20T22:29:02","slug":"ala-participo-en-la-33o-rba-con-tres-simposios-especiales","status":"publish","type":"page","link":"https:\/\/asociacionlatinoamericanadeantropologia.net\/portal\/ala-participo-en-la-33o-rba-con-tres-simposios-especiales\/","title":{"rendered":"ALA particip\u00f3 en la 33\u00ba RBA con tres simposios especiales"},"content":{"rendered":"<p>La\u00a0<strong>Asociaci\u00f3n Latinoamericana de Antropolog\u00eda <\/strong>(<strong>ALA<\/strong>) particip\u00f3 en la <strong><a href=\"https:\/\/www.33rba.abant.org.br\/site\/capa\" target=\"_blank\" rel=\"noopener\">33\u00ba Reuni\u00e3o Brasileira de Antropologia<\/a> <\/strong>(<strong>RBA<\/strong>)\u00a0con tres simposios especiales: uno titulado \u201cM\u00faltiplos olhares sobre as Antropologias Latino-americanas: a Cole\u00e7\u00e3o editorial da ALA\u201d, en el cual se presentaron los libros de la <em>Colecci\u00f3n Antropolog\u00edas hechas en<\/em>; y dos m\u00e1s organizados por tres Grupos de Trabajos (GT) de la ALA.<\/p>\n<p>El <strong>Simposio Especial \u201cM\u00faltiplos olhares sobre as Antropologias Latino-americanas: a Cole\u00e7\u00e3o editorial da ALA\u201d<\/strong>, realizado el 2 de septiembre de 2022, fue coordinado por Miriam Grossi (UFSC) y Rodrigo Toniol (UFRJ), quienes a su vez son editores de <em>Antropolog\u00edas hechas en Brasil<\/em>. Participaron L\u00eda Ferrero (UNPAZ, UNLP), presidenta de la ALA, y Rosana Guber (CIS-IDES\/CONICET), quienes editaron <em>Antropolog\u00edas hechas en la Argentina. Vol\u00famenes I, II<\/em> y <em>II<\/em>. Luego, intervinieron Annel Mej\u00edas Guiza, coeditora de <em>Antropolog\u00edas hechas en Venezuela. Tomos I<\/em> y <em>II<\/em>, y Gonzalo D\u00edaz Crovetto, coeditor de <em>Antropolog\u00edas hechas en Chile<\/em>, estos \u00faltimos libros en pleno proceso editorial.<\/p>\n<p>En este simposio les editores narraron las experiencias de cada pa\u00eds para compilar, organizar y publicar esta colecci\u00f3n de la ALA que, hasta la fecha, suma 14 textos ya difundidos de 6 pa\u00edses, adem\u00e1s de los libros en proceso de edici\u00f3n de cuatro pa\u00edses adicionales (Brasil, Chile, Guatemala y M\u00e9xico). La Colecci\u00f3n <em>Antropolog\u00edas hechas en<\/em>, de la ALA, es digital y en acceso abierto.<\/p>\n<p>\ud83d\udd17 Invitamos a descargar los libros de la colecci\u00f3n <a href=\"https:\/\/asociacionlatinoamericanadeantropologia.net\/portal\/coleccion-antropologias-hechas-en-america-latina\/\" target=\"_blank\" rel=\"noopener\"><strong>AQU\u00cd<\/strong><\/a>.<\/p>\n<p>&nbsp;<\/p>\n<p><b>Presentaci\u00f3n<\/b><strong> de dos simposios especiales de tres GT ALA\u00a0<\/strong><\/p>\n<p>Dos GT de la ALA: Sistemas cient\u00edficos en perspectiva comparada y Antropolog\u00edas indisciplinadas y disidentes, organizaron el\u00a0<strong>Simposio Especial <\/strong>propuesto por dos directivos de la Associa\u00e7\u00e3o Brasileira de Antropologia (ABA), titulado<strong> \u201cAntropolog\u00edas Latinoamericanas y Sistemas Cient\u00edficos: entre disciplinamiento, circulaci\u00f3n y conocimientos insumisos\u201d<\/strong>. Dicho simposio fue coordinado por Fabiano Gontijo (UFP, miembro del Conselho Cient\u00edfico de ABA, Brasil) y Est\u00eav\u00e3o Fernandes (Universidade Federal de Rond\u00f4nia, miembro del Conselho Cient\u00edfico de ABA, Brasil), integrantes del GT ALA Antropolog\u00edas indisciplinadas y disidentes.<\/p>\n<p>El simposio buscaba, seg\u00fan el resumen, remarcar un debate sobre la epistemopol\u00edtica de las antropolog\u00edas latinoamericanas, especialmente la relaci\u00f3n entre la producci\u00f3n te\u00f3rica y el compromiso con las sociedades estudiadas, ya que \u00ablas\/os investigadoras\/es tambi\u00e9n participan, junto con sus interlocutoras\/es, en el proceso de construcci\u00f3n nacional a trav\u00e9s de la lucha por la democracia y la autonom\u00eda de las comunidades locales y contra el colonialismo insistente y las formas imponentes de los colonialismos internos\u00bb. Ambos GT se articularon para conversar sobre\u00a0las experiencias te\u00f3rico-pr\u00e1cticas indisciplinadas y insumisas, las tecnolog\u00edas sociales de producci\u00f3n de conocimiento y los encuentros de cosmovisiones desde el Sur Global para sistematizar las discusiones sobre c\u00f3mo, por qu\u00e9, para qui\u00e9n, con qui\u00e9n, por qui\u00e9n y d\u00f3nde hacemos antropolog\u00eda en Nuestra Am\u00e9rica.<\/p>\n<p>El encuentro se realiz\u00f3 durante tres ma\u00f1anas. La Sess\u00e3o 1, realizada el martes 30 de agosto de 2022, se titul\u00f3 \u00abLos Sistemas Cient\u00edficos en Perspectivas Comparadas \u2013 Una Mirada desde las Antropolog\u00edas Latinoamericanas\u00bb, organizada por el GT ALA Sistemas cient\u00edficos en perspectiva comparada, con tres disertaciones: (1) \u201cPrimeros apuntes para pensar los sistemas cient\u00edficos, la academia liberal y alternativas posibles\u201d, de Gonzalo D\u00edaz Crovetto (Universidad Cat\u00f3lica de Temuco, Chile); (2) \u201cAsimetr\u00edas y complejidades del sistema universitario argentino: una mirada sobre las universidades de la provincia de Buenos Aires\u201d, de Alejandra Roca (Universidad de Buenos Aires, Argentina); y (3) \u201cHacia una evaluaci\u00f3n acad\u00e9mica justa y responsable en la Red de Centros CLACSO de Venezuela\u201d, de Ximena Gonz\u00e1lez-Broquen (CETS\/IVIC), Annel Mej\u00edas Guiza (ULA), Eisamar Ochoa Contreras (CETS\/IVIC) y Mar\u00eda Angela Petrizzo P\u00e1ez (Universidad Nacional del Turismo), de Venezuela.<\/p>\n<p>En la Sess\u00e3o 2, celebrada el mi\u00e9rcoles 31 de agosto de 2022, el GT ALA Antropolog\u00edas disidentes e indisciplinadas present\u00f3 un simposio con su mismo nombre, con las ponencias siguientes: (1) \u201cMujeres y Aportes Disidentes a la Antropolog\u00eda Guatemalteca\u201d, de Luc\u00eda Pellecer Gonz\u00e1lez y Alejandra Letona (Universidad de San Carlos, Guatemala); (2) \u201cLa Antropolog\u00eda Radical Venezolana: interpretaciones contrahegem\u00f3nicas y pr\u00e1cticas disidentes en la construcci\u00f3n del Estado-naci\u00f3n durante el siglo XX venezolano\u201d, de Fidel Rodr\u00edguez Vel\u00e1squez (Pontif\u00edcia Universidade Cat\u00f3lica do Rio de Janeiro, Brasil\/Venezuela) y Annel Mej\u00edas Guiza (ULA, Venezuela); y (3) \u201cDiversidade Sexual e de G\u00eanero, Utopias Anti-Coloniais e Antropologias Engajadas no Brasil\u201d, de Fabiano Gontijo (UFP, Brasil). Luego, el jueves 1\u00ba de septiembre del 2022 se realiz\u00f3 la sesi\u00f3n de cierre-discusi\u00f3n-s\u00edntesis, moderada por Est\u00eav\u00e3o Fernandes (Universidade Federal de Rond\u00f4nia), en la cual se llegaron a algunos acuerdos entre ambos GT ALA.<\/p>\n<p><img fetchpriority=\"high\" decoding=\"async\" class=\"wp-image-2079 aligncenter\" src=\"https:\/\/asociacionlatinoamericanadeantropologia.net\/portal\/wp-content\/uploads\/2022\/09\/Imagen-130-212x300.jpg\" alt=\"\" width=\"385\" height=\"544\" srcset=\"https:\/\/asociacionlatinoamericanadeantropologia.net\/portal\/wp-content\/uploads\/2022\/09\/Imagen-130-212x300.jpg 212w, https:\/\/asociacionlatinoamericanadeantropologia.net\/portal\/wp-content\/uploads\/2022\/09\/Imagen-130-768x1086.jpg 768w, https:\/\/asociacionlatinoamericanadeantropologia.net\/portal\/wp-content\/uploads\/2022\/09\/Imagen-130-724x1024.jpg 724w, https:\/\/asociacionlatinoamericanadeantropologia.net\/portal\/wp-content\/uploads\/2022\/09\/Imagen-130.jpg 1587w\" sizes=\"(max-width: 385px) 100vw, 385px\" \/><\/p>\n<p>Por su parte, el GT ALA Antropolog\u00edas feministas y de g\u00e9nero present\u00f3 el <strong>Simposio Especial \u201cAportes de las perspectivas marxistas y feministas en Antropolog\u00eda en relaci\u00f3n al contexto actual en Latinoam\u00e9rica\u201d<\/strong>, celebrado el s\u00e1bado 3 de septiembre de 2022 y coordinado por Martha Patricia Casta\u00f1eda Salgado (UNAM, M\u00e9xico).<\/p>\n<p>Estuvieron como participantes en este simposio Marisa G. Ruiz Trejo (Universidad Aut\u00f3noma de Chiapa), Diana G\u00f3mez Correal (Universidad de los Andes, Colombia), Mary Rosaria Goldsmith (UAM-M\u00e9xico) y Mary Rosario Goldsmith (UAM-M\u00e9xico), con el papel como debatidora de Susana Rostagnol (Universidad de la Rep\u00fablica, Uruguay).<\/p>\n<p>El GT ALA Antropolog\u00edas feministas y de g\u00e9nero buscaba con este simposio \u00abrevisar los aportes de las distintas posturas feministas y marxistas\u00bb con el fin de \u00abestablecer un di\u00e1logo en el que se recuperen algunas experiencias significativas de movilizaci\u00f3n, an\u00e1lisis y elaboraci\u00f3n, tanto en t\u00e9rminos de praxis como de construcci\u00f3n te\u00f3rica\u00bb, se lee en el resumen. Por un lado, se revisaron las contribuciones y trayectorias de autoras marxistas feministas cl\u00e1sicas de otras latitudes y, por otro lado, de pensadoras latinoamericanas que retomaron conceptualizaciones marxistas pero tambi\u00e9n las cuestionaron y ampliaron; adem\u00e1s, se conversaron sobre \u00ablas propuestas innovadoras que retoman elementos anteriores, buscando articulaciones entre marxismo, pensamiento descolonial, antipatriarcal y antiracista\u00bb.<\/p>\n<p><img decoding=\"async\" class=\" wp-image-2080 aligncenter\" src=\"https:\/\/asociacionlatinoamericanadeantropologia.net\/portal\/wp-content\/uploads\/2022\/09\/Imagen-132-300x300.png\" alt=\"\" width=\"385\" height=\"385\" srcset=\"https:\/\/asociacionlatinoamericanadeantropologia.net\/portal\/wp-content\/uploads\/2022\/09\/Imagen-132-300x300.png 300w, https:\/\/asociacionlatinoamericanadeantropologia.net\/portal\/wp-content\/uploads\/2022\/09\/Imagen-132-150x150.png 150w, https:\/\/asociacionlatinoamericanadeantropologia.net\/portal\/wp-content\/uploads\/2022\/09\/Imagen-132-768x768.png 768w, https:\/\/asociacionlatinoamericanadeantropologia.net\/portal\/wp-content\/uploads\/2022\/09\/Imagen-132-1024x1024.png 1024w, https:\/\/asociacionlatinoamericanadeantropologia.net\/portal\/wp-content\/uploads\/2022\/09\/Imagen-132.png 1080w\" sizes=\"(max-width: 385px) 100vw, 385px\" \/><\/p>\n<p>&nbsp;<\/p>\n<p><strong>ABA celebr\u00f3 la elecci\u00f3n de su directiva<\/strong><\/p>\n<p>Durante la 33\u00ba RBA, la Associa\u00e7\u00e3o Brasileira de Antropologia (ABA) celebr\u00f3 la elecci\u00f3n de un nuevo Directorio 2023-2024 con una plancha \u00fanica. Esta nueva directiva asumir\u00e1 el pr\u00f3ximo a\u00f1o.<\/p>\n<p>En dicha planta en la propuesta en la presidencia se encontraba Andr\u00e9a Zhouri (UFMG); en la vice-presidente: S\u00f4nia Magalh\u00e3es (UFPA); como secretaria geral: Deborah Bronz (UFF); en la Secretaria Adjunta: Alexandra Barbosa (UFPB); en la Tesouraria: Guilherme S\u00e1 (UNB) y, en la Tesouraria Adjunta: Gilson Rodrigues Junior (IFRN). En el Diretoria Norte: Fl\u00e1via Melo da Cunha (UFAM); en el Diretoria Nordeste: Osmundo Pinho (UFRB); mientras que en el Diretoria Centro-Oeste: Tonico Benites (Ar\u00e1-Ver\u00e1\/MS), y en el Diretoria Sul-Sudeste: Denise Jardim (UFRGS).<\/p>\n","protected":false},"excerpt":{"rendered":"<p>La\u00a0Asociaci\u00f3n Latinoamericana de Antropolog\u00eda (ALA) particip\u00f3 en la 33\u00ba Reuni\u00e3o Brasileira de Antropologia (RBA)\u00a0con tres simposios especiales: uno titulado \u201cM\u00faltiplos olhares sobre as Antropologias Latino-americanas: a Cole\u00e7\u00e3o editorial da ALA\u201d, en el cual se presentaron los libros de la Colecci\u00f3n Antropolog\u00edas hechas en; y dos m\u00e1s organizados por tres Grupos de Trabajos (GT) de la &hellip;<\/p>\n<p class=\"read-more\"> <a class=\"\" href=\"https:\/\/asociacionlatinoamericanadeantropologia.net\/portal\/ala-participo-en-la-33o-rba-con-tres-simposios-especiales\/\"> <span class=\"screen-reader-text\">ALA particip\u00f3 en la 33\u00ba RBA con tres simposios especiales<\/span> Leer m\u00e1s &raquo;<\/a><\/p>\n","protected":false},"author":4,"featured_media":2060,"parent":0,"menu_order":0,"comment_status":"closed","ping_status":"closed","template":"","meta":{"site-sidebar-layout":"default","site-content-layout":"default","ast-main-header-display":"","ast-hfb-above-header-display":"","ast-hfb-below-header-display":"","ast-hfb-mobile-header-display":"","site-post-title":"","ast-breadcrumbs-content":"","ast-featured-img":"","footer-sml-layout":"","theme-transparent-header-meta":"","adv-header-id-meta":"","stick-header-meta":"","header-above-stick-meta":"","header-main-stick-meta":"","header-below-stick-meta":"","footnotes":""},"categories":[1],"tags":[13,15,31,30],"class_list":["post-2066","page","type-page","status-publish","has-post-thumbnail","hentry","category-noticias","tag-ala","tag-antropologia-latinoamericana","tag-coleccion-antropologias-hechas-en","tag-rba"],"_links":{"self":[{"href":"https:\/\/asociacionlatinoamericanadeantropologia.net\/portal\/wp-json\/wp\/v2\/pages\/2066","targetHints":{"allow":["GET"]}}],"collection":[{"href":"https:\/\/asociacionlatinoamericanadeantropologia.net\/portal\/wp-json\/wp\/v2\/pages"}],"about":[{"href":"https:\/\/asociacionlatinoamericanadeantropologia.net\/portal\/wp-json\/wp\/v2\/types\/page"}],"author":[{"embeddable":true,"href":"https:\/\/asociacionlatinoamericanadeantropologia.net\/portal\/wp-json\/wp\/v2\/users\/4"}],"replies":[{"embeddable":true,"href":"https:\/\/asociacionlatinoamericanadeantropologia.net\/portal\/wp-json\/wp\/v2\/comments?post=2066"}],"version-history":[{"count":27,"href":"https:\/\/asociacionlatinoamericanadeantropologia.net\/portal\/wp-json\/wp\/v2\/pages\/2066\/revisions"}],"predecessor-version":[{"id":2096,"href":"https:\/\/asociacionlatinoamericanadeantropologia.net\/portal\/wp-json\/wp\/v2\/pages\/2066\/revisions\/2096"}],"wp:featuredmedia":[{"embeddable":true,"href":"https:\/\/asociacionlatinoamericanadeantropologia.net\/portal\/wp-json\/wp\/v2\/media\/2060"}],"wp:attachment":[{"href":"https:\/\/asociacionlatinoamericanadeantropologia.net\/portal\/wp-json\/wp\/v2\/media?parent=2066"}],"wp:term":[{"taxonomy":"category","embeddable":true,"href":"https:\/\/asociacionlatinoamericanadeantropologia.net\/portal\/wp-json\/wp\/v2\/categories?post=2066"},{"taxonomy":"post_tag","embeddable":true,"href":"https:\/\/asociacionlatinoamericanadeantropologia.net\/portal\/wp-json\/wp\/v2\/tags?post=2066"}],"curies":[{"name":"wp","href":"https:\/\/api.w.org\/{rel}","templated":true}]}}