{"id":214,"date":"2019-06-01T19:24:10","date_gmt":"2019-06-01T19:24:10","guid":{"rendered":"https:\/\/asociacionlatinoamericanadeantropologia.net\/portal\/ala-participa-este-ano-en-dos-congresos-y-una-reunion-de-antropologia-en-colombia-panama-y-brasil\/"},"modified":"2021-12-09T02:54:23","modified_gmt":"2021-12-09T02:54:23","slug":"ala-participa-este-ano-en-dos-congresos-y-una-reunion-de-antropologia-en-colombia-panama-y-brasil","status":"publish","type":"page","link":"https:\/\/asociacionlatinoamericanadeantropologia.net\/portal\/ala-participa-este-ano-en-dos-congresos-y-una-reunion-de-antropologia-en-colombia-panama-y-brasil\/","title":{"rendered":"ALA participa este a\u00f1o en dos congresos y una reuni\u00f3n de antropolog\u00eda en Colombia, Panam\u00e1 y Brasil"},"content":{"rendered":"<p style=\"text-align: justify;\">La <strong>Asociaci&oacute;n Latinoamericana de Antropolog&iacute;a<\/strong> (<strong>ALA<\/strong>) estar&aacute; presente este a&ntilde;o en la programaci&oacute;n del <strong>XVII Congreso de Antropolog&iacute;a en Colombia<\/strong> (11-14 de junio), del <strong>II Congreso de Antropolog&iacute;a e Historia de Panam&aacute;<\/strong> (18-21 de junio) y de la <strong>XIII Reuni&atilde;o de Antropologia do Mercosul-RAM<\/strong> (22-25 de julio).<\/p>\n<p style=\"text-align: justify;\">En el <strong>XVII Congreso de Antropolog&iacute;a en Colombia<\/strong>, a realizarse en la sede de la Universidad Icesi, en Cali, el presidente de la ALA, Eduardo Restrepo, coordinar&aacute; el jueves 13 de junio el <strong>Conversatorio &ldquo;Retos de la antropolog&iacute;a en Am&eacute;rica Latina&rdquo;<\/strong>, junto con el profesor Gustavo Lins-Riveiro, de la Universidade de Brasilia, quienes estar&aacute;n en el Auditorio del Banco de Occidente, en el Edificio E, en el horario de 10:45 am a 12:45 del mediod&iacute;a. Detalles de este conversatorio los puede ubicar en el siguiente enlace:&nbsp;<a href=\"http:\/\/www.icesi.edu.co\/congreso-antropologia\/index.php\/component\/jem\/event\/122-salon-cr29\" target=\"_blank\" rel=\"noopener\">http:\/\/www.icesi.edu.co\/congreso-antropologia\/index.php\/component\/jem\/event\/122-salon-cr29<\/a>.<\/p>\n<p><!--more--><\/p>\n<p style=\"text-align: justify;\">Ese mismo d&iacute;a, jueves 13 de junio, la ALA <strong>presentar&aacute; su revista <em>Plural. Antropolog&iacute;as desde Am&eacute;rica Latina y del Caribe<\/em><\/strong>, publicaci&oacute;n peri&oacute;dica arbitrada que arrib&oacute; a su tercer n&uacute;mero. Dicha presentaci&oacute;n estar&aacute; a cargo, en representaci&oacute;n del Comit&eacute; Editorial, de su directora, Annel Mej&iacute;as Guiza, vocal de la Red de Antropolog&iacute;as del Sur (Venezuela) ante la ALA, y se har&aacute; en el Sal&oacute;n 403E, en el Edificio E, en el horario de 2:30 pm a 3:30 pm (<a href=\"http:\/\/www.icesi.edu.co\/congreso-antropologia\/index.php\/component\/jem\/event\/146-prlr4-plural-antropologias-desde-america-latina-y-del-caribe\" target=\"_blank\" rel=\"noopener\">http:\/\/www.icesi.edu.co\/congreso-antropologia\/index.php\/component\/jem\/event\/146-prlr4-plural-antropologias-desde-america-latina-y-del-caribe<\/a>).<\/p>\n<p style=\"text-align: justify;\"><img fetchpriority=\"high\" decoding=\"async\" class=\" size-full wp-image-202\" src=\"https:\/\/asociacionlatinoamericanadeantropologia.net\/portal\/wp-content\/uploads\/2019\/04\/Portada_Revista_Plural_3.jpg\" alt=\"Portada Revista Plural 3\" width=\"262\" height=\"377\" style=\"display: block; margin-left: auto; margin-right: auto;\" srcset=\"https:\/\/asociacionlatinoamericanadeantropologia.net\/portal\/wp-content\/uploads\/2019\/04\/Portada_Revista_Plural_3.jpg 985w, https:\/\/asociacionlatinoamericanadeantropologia.net\/portal\/wp-content\/uploads\/2019\/04\/Portada_Revista_Plural_3-209x300.jpg 209w, https:\/\/asociacionlatinoamericanadeantropologia.net\/portal\/wp-content\/uploads\/2019\/04\/Portada_Revista_Plural_3-768x1105.jpg 768w, https:\/\/asociacionlatinoamericanadeantropologia.net\/portal\/wp-content\/uploads\/2019\/04\/Portada_Revista_Plural_3-712x1024.jpg 712w\" sizes=\"(max-width: 262px) 100vw, 262px\" \/><br \/><em><strong>Plural. Antropolog&iacute;as desde Am&eacute;rica Latina y del Caribe<\/strong><\/em> tambi&eacute;n estar&aacute; presente un d&iacute;a antes, el mi&eacute;rcoles 12 de junio, en el <strong>Encuentro de Editores y Editoras de Revistas Colombianas de Ciencias Sociales y Humanas<\/strong>, coordinado por el profesor Felipe Van der Huck, editor de la Revista CS, de la Universidad Icesi, un evento cerrado a desarrollarse en el Sal&oacute;n 108G de la Casa SAE. Para m&aacute;s detalles de este evento, en el cual participar&aacute;n los cuerpos editoriales de 31 revistas, revisar el siguiente enlace web:&nbsp;<a href=\"http:\/\/www.icesi.edu.co\/congreso-antropologia\/index.php\/component\/jem\/event\/56-mesa-mtr12\" target=\"_blank\" rel=\"noopener\">http:\/\/www.icesi.edu.co\/congreso-antropologia\/index.php\/component\/jem\/event\/56-mesa-mtr12<\/a>.<br \/>El jueves 13 de junio cerrar&aacute; su participaci&oacute;n la ALA con la <strong>presentaci&oacute;n del&nbsp;<\/strong><strong>libro <em>Di&aacute;logos con la antropolog&iacute;a latinoamericana<\/em><\/strong>, escrito por Nicol&aacute;s Guigou (Uruguay), Gonzalo D&iacute;az Crovetto (Chile), Ricardo Fagoaga Hern&aacute;ndez (M&eacute;xico), Annel Mej&iacute;as Guiza (Venezuela), Antonio Motta (Brasil) y Eduardo Restrepo (Colombia), publicaci&oacute;n compilada por Lydia de Souza y Pablo Gatti Ballesteros (Uruguay).<br \/>Este libro re&uacute;ne, as&iacute;, la participaci&oacute;n de siete organizaciones miembros de la ALA: la Asociaci&oacute;n Uruguaya de Antropolog&iacute;a Social (AUAS), la Asociaci&oacute;n Colombiana de Antropolog&iacute;a (ACANT), el Colegio de Etn&oacute;logos y Antrop&oacute;logos Sociales de M&eacute;xico (CEAS), la Asociaci&oacute;n Brasile&ntilde;a de Antropolog&iacute;a (ABA), el Colegio de Graduados en Antropolog&iacute;a (CGA) de la Rep&uacute;blica Argentina, el Colegio de Antrop&oacute;logos de Chile y la Red de Antropolog&iacute;as del Sur por Venezuela. Este evento se har&aacute; en el Sal&oacute;n 403E, del Edificio E en el horario de 3:30 pm a 5:00 pm, para m&aacute;s detalles revisar la siguiente p&aacute;gina:&nbsp;<a href=\"http:\/\/www.icesi.edu.co\/congreso-antropologia\/index.php\/component\/jem\/event\/158-prlr5\" target=\"_blank\" rel=\"noopener\">http:\/\/www.icesi.edu.co\/congreso-antropologia\/index.php\/component\/jem\/event\/158-prlr5<\/a>.<\/p>\n<p><img decoding=\"async\" class=\" size-full wp-image-211\" src=\"https:\/\/asociacionlatinoamericanadeantropologia.net\/portal\/wp-content\/uploads\/2019\/06\/Portada_DIALOGOS_2018_ALA_1.jpg\" alt=\"Portada DIALOGOS 2018 ALA 1\" width=\"260\" height=\"339\" style=\"display: block; margin-left: auto; margin-right: auto;\" \/><\/p>\n<p>&nbsp;<\/p>\n<p style=\"text-align: justify;\"><strong>ALA PRESENTE EN PANAM&Aacute;<\/strong><br \/>Del 18 al 21 de junio de este a&ntilde;o, la ALA participar&aacute; en el <strong>II Congreso de Antropolog&iacute;a e Historia de Panam&aacute;<\/strong>, cuya tem&aacute;tica central se centrar&aacute; en los 500 a&ntilde;os de la fundaci&oacute;n de la Ciudad de Panam&aacute;. Este evento se realizar&aacute; en el Centro de Convenciones Ciudad del Saber, Edificio 184.<br \/>El jueves 20 de junio se presentar&aacute;n <strong>dos libros<\/strong>: <em><strong>Di&aacute;logos con la antropolog&iacute;a latinoamericana<\/strong><\/em>, de la ALA, a cargo de sus compiladores Lydia de Souza y Pablo Gatti (de la AUAS) y sus autores Eduardo Restrepo y Gonzalo D&iacute;az Crovetto, y <strong><em>Pensar los puntos ciegos en las antropolog&iacute;as latinoamericanas<\/em><\/strong>, de Alhena Caicedo, presidenta de la ACANT. Esta actividad se har&aacute; de 11:00 am a 12:00 m en el Sal&oacute;n 102.<br \/>El d&iacute;a siguiente, el viernes 21 de junio, de 9:00 am a 10:40 am en el Auditorio, la ALA se desarrollar&aacute; la mesa de trabajo<strong> &ldquo;Caracter&iacute;sticas y retos de las Antropolog&iacute;as desde Am&eacute;rica Latina&rdquo;<\/strong>, coordinada por Eduardo Restrepo. Participar&aacute;n las siguientes disertaciones: \u00abNuevos tiempos, nuevos desaf&iacute;os para las antropolog&iacute;as latinoamericanas y del mundo\u00bb, de Gonzalo D&iacute;az Crovetto, de la&nbsp;Universidad Cat&oacute;lica de Temuco, Chile; \u00abLa Antropolog&iacute;a en Argentina. Desde los Museos a la diversidad actual\u00bb, de L&iacute;a Ferrero, del Colegio de Graduados en Antropolog&iacute;a de la Rep&uacute;blica Argentina, Argentina; \u00abAntropolog&iacute;a y arqueolog&iacute;a en tramas de la historia cultural del Uruguay\u00bb, de Pablo Gatti, de la Universidad de la Rep&uacute;blica, Uruguay; \u00abHacer antropolog&iacute;a en un pa&iacute;s en guerra\u00bb, de Eduardo Restrepo, de la Pontificia Universidad Javeriana, Colombia; y \u00abRetos y oportunidades de la Antropolog&iacute;a en Panam&aacute;\u00bb, de David Mart&iacute;nez, de la Asociaci&oacute;n de Antropolog&iacute;a e Historia de Panam&aacute;.<br \/>Para m&aacute;s detalles invitamos a revisar el Programa del II Congreso de Antropolog&iacute;a e Historia de Panam&aacute;: <a href=\"https:\/\/aahpanama.org\/eventos\/congreso-2019\/programa\/\" target=\"_blank\" rel=\"noopener\">https:\/\/aahpanama.org\/eventos\/congreso-2019\/programa\/<\/a><a href=\"https:\/\/aahpanama.org\/eventos\/congreso-2019\/programa\/.\" target=\"_blank\" rel=\"noopener\">.<\/a><\/p>\n<p><img decoding=\"async\" class=\" size-full wp-image-212\" src=\"https:\/\/asociacionlatinoamericanadeantropologia.net\/portal\/wp-content\/uploads\/2019\/06\/WhatsApp_Image_2018-09-24_at_4.40.50_PM.jpeg\" alt=\"WhatsApp Image 2018 09 24 at 4.40.50 PM\" width=\"395\" height=\"395\" style=\"display: block; margin-left: auto; margin-right: auto;\" srcset=\"https:\/\/asociacionlatinoamericanadeantropologia.net\/portal\/wp-content\/uploads\/2019\/06\/WhatsApp_Image_2018-09-24_at_4.40.50_PM.jpeg 1280w, https:\/\/asociacionlatinoamericanadeantropologia.net\/portal\/wp-content\/uploads\/2019\/06\/WhatsApp_Image_2018-09-24_at_4.40.50_PM-150x150.jpeg 150w, https:\/\/asociacionlatinoamericanadeantropologia.net\/portal\/wp-content\/uploads\/2019\/06\/WhatsApp_Image_2018-09-24_at_4.40.50_PM-300x300.jpeg 300w, https:\/\/asociacionlatinoamericanadeantropologia.net\/portal\/wp-content\/uploads\/2019\/06\/WhatsApp_Image_2018-09-24_at_4.40.50_PM-768x768.jpeg 768w, https:\/\/asociacionlatinoamericanadeantropologia.net\/portal\/wp-content\/uploads\/2019\/06\/WhatsApp_Image_2018-09-24_at_4.40.50_PM-1024x1024.jpeg 1024w\" sizes=\"(max-width: 395px) 100vw, 395px\" \/><\/p>\n<p>&nbsp;<\/p>\n<p style=\"text-align: justify;\"><strong>ALA OFRECER&Aacute; TALLER EN LA XIII RAM<\/strong><br \/>Del 22 al 25 de julio pr&oacute;ximo, la ALA estar&aacute; presente en la <strong>XIII Reuni&atilde;o de Antropologia do Mercosul-RAM<\/strong>, a realizarse en Porto Alegre, en la sede de la Universidade Federal do Rio Grande de Soul. En este evento la ALA ofrecer&aacute; el <strong>taller &ldquo;Pensar en &laquo;plural&raquo; las antropolog&iacute;as: inflexiones y posibilidades de nuestras antropolog&iacute;as en el contexto actual&rdquo;<\/strong>, coordinado por L&iacute;a Ferrero, del Colegio de Egresados en Antropolog&iacute;a (CGA) de la Rep&uacute;blica Argentina, y Lydia de Souza, de la Asociaci&oacute;n Uruguaya de Antropolog&iacute;a Social (AUAS).<br \/>Estar&aacute;n como integrantes de este taller Annel Mej&iacute;as Guiza, de la Universidad de Los Andes y de la Red de Antropolog&iacute;as del Sur de Venezuela; Gonzalo D&iacute;az Crovetto, de la Universidad Cat&oacute;lica de Temuco y del Colegio de Antropolog&iacute;a de Chile; y Antonio Carlos Motta de Lima, de la Universidade Federal de Pernambuco y de la Asociaci&oacute;n Brasile&ntilde;a de Antropolog&iacute;a (ABA).<br \/>Frente al nuevo giro a la derecha, que &ldquo;pone en peligro derechos ganados por la ciudadan&iacute;a en general y por minor&iacute;as en particular&rdquo;, la ALA se pregunta con este taller: &ldquo;&iquest;Cu&aacute;les son las caracter&iacute;sticas que nuestras antropolog&iacute;as han tomado ante el discurso de exclusi&oacute;n e intolerancia regional? (&hellip;) &iquest;Cu&aacute;l deber&iacute;a ser nuestro rol, en tanto antropolog&iacute;as latinoamericanas? Y en funci&oacute;n de ello, &iquest;c&oacute;mo deber&iacute;a darse nuestra inserci&oacute;n en las antropolog&iacute;as del mundo? &iquest;C&oacute;mo establecer una agenda propia sin por ello dejar de dialogar con otras agendas ni subsumirse en ellas?&rdquo;. El papel de trabajo a generarse en este taller servir&aacute; como base para pensarnos de cara al VI Congreso de la ALA 2020, a realizarse en Montevideo, Uruguay.<br \/>Para m&aacute;s detalles de este taller, revisar el siguiente link: <a href=\"https:\/\/www.ram2019.sinteseeventos.com.br\/trabalho\/view?ID_TRABALHO=293\" target=\"_blank\" rel=\"noopener\">https:\/\/www.ram2019.sinteseeventos.com.br\/trabalho\/view?ID_TRABALHO=293<\/a><a href=\"https:\/\/www.ram2019.sinteseeventos.com.br\/trabalho\/view?ID_TRABALHO=293.\">.<\/a><\/p>\n<p><img loading=\"lazy\" decoding=\"async\" class=\" size-full wp-image-213\" src=\"https:\/\/asociacionlatinoamericanadeantropologia.net\/portal\/wp-content\/uploads\/2019\/06\/RAM_2019.jpg\" alt=\"RAM 2019\" width=\"535\" height=\"187\" style=\"display: block; margin-left: auto; margin-right: auto;\" srcset=\"https:\/\/asociacionlatinoamericanadeantropologia.net\/portal\/wp-content\/uploads\/2019\/06\/RAM_2019.jpg 1772w, https:\/\/asociacionlatinoamericanadeantropologia.net\/portal\/wp-content\/uploads\/2019\/06\/RAM_2019-300x105.jpg 300w, https:\/\/asociacionlatinoamericanadeantropologia.net\/portal\/wp-content\/uploads\/2019\/06\/RAM_2019-768x269.jpg 768w, https:\/\/asociacionlatinoamericanadeantropologia.net\/portal\/wp-content\/uploads\/2019\/06\/RAM_2019-1024x358.jpg 1024w\" sizes=\"(max-width: 535px) 100vw, 535px\" \/><\/p>\n<p>&nbsp;<\/p>\n<p style=\"text-align: justify;\">&nbsp;<\/p>\n","protected":false},"excerpt":{"rendered":"<p>La Asociaci&oacute;n Latinoamericana de Antropolog&iacute;a (ALA) estar&aacute; presente este a&ntilde;o en la programaci&oacute;n del XVII Congreso de Antropolog&iacute;a en Colombia (11-14 de junio), del II Congreso de Antropolog&iacute;a e Historia de Panam&aacute; (18-21 de junio) y de la XIII Reuni&atilde;o de Antropologia do Mercosul-RAM (22-25 de julio). En el XVII Congreso de Antropolog&iacute;a en Colombia, &hellip;<\/p>\n<p class=\"read-more\"> <a class=\"\" href=\"https:\/\/asociacionlatinoamericanadeantropologia.net\/portal\/ala-participa-este-ano-en-dos-congresos-y-una-reunion-de-antropologia-en-colombia-panama-y-brasil\/\"> <span class=\"screen-reader-text\">ALA participa este a\u00f1o en dos congresos y una reuni\u00f3n de antropolog\u00eda en Colombia, Panam\u00e1 y Brasil<\/span> Leer m\u00e1s &raquo;<\/a><\/p>\n","protected":false},"author":1,"featured_media":202,"parent":0,"menu_order":28,"comment_status":"closed","ping_status":"closed","template":"","meta":{"site-sidebar-layout":"default","site-content-layout":"default","ast-main-header-display":"","ast-hfb-above-header-display":"","ast-hfb-below-header-display":"","ast-hfb-mobile-header-display":"","site-post-title":"","ast-breadcrumbs-content":"","ast-featured-img":"","footer-sml-layout":"","theme-transparent-header-meta":"","adv-header-id-meta":"","stick-header-meta":"","header-above-stick-meta":"","header-main-stick-meta":"","header-below-stick-meta":"","footnotes":""},"categories":[1],"tags":[],"class_list":["post-214","page","type-page","status-publish","has-post-thumbnail","hentry","category-noticias"],"_links":{"self":[{"href":"https:\/\/asociacionlatinoamericanadeantropologia.net\/portal\/wp-json\/wp\/v2\/pages\/214","targetHints":{"allow":["GET"]}}],"collection":[{"href":"https:\/\/asociacionlatinoamericanadeantropologia.net\/portal\/wp-json\/wp\/v2\/pages"}],"about":[{"href":"https:\/\/asociacionlatinoamericanadeantropologia.net\/portal\/wp-json\/wp\/v2\/types\/page"}],"author":[{"embeddable":true,"href":"https:\/\/asociacionlatinoamericanadeantropologia.net\/portal\/wp-json\/wp\/v2\/users\/1"}],"replies":[{"embeddable":true,"href":"https:\/\/asociacionlatinoamericanadeantropologia.net\/portal\/wp-json\/wp\/v2\/comments?post=214"}],"version-history":[{"count":1,"href":"https:\/\/asociacionlatinoamericanadeantropologia.net\/portal\/wp-json\/wp\/v2\/pages\/214\/revisions"}],"predecessor-version":[{"id":404,"href":"https:\/\/asociacionlatinoamericanadeantropologia.net\/portal\/wp-json\/wp\/v2\/pages\/214\/revisions\/404"}],"wp:featuredmedia":[{"embeddable":true,"href":"https:\/\/asociacionlatinoamericanadeantropologia.net\/portal\/wp-json\/wp\/v2\/media\/202"}],"wp:attachment":[{"href":"https:\/\/asociacionlatinoamericanadeantropologia.net\/portal\/wp-json\/wp\/v2\/media?parent=214"}],"wp:term":[{"taxonomy":"category","embeddable":true,"href":"https:\/\/asociacionlatinoamericanadeantropologia.net\/portal\/wp-json\/wp\/v2\/categories?post=214"},{"taxonomy":"post_tag","embeddable":true,"href":"https:\/\/asociacionlatinoamericanadeantropologia.net\/portal\/wp-json\/wp\/v2\/tags?post=214"}],"curies":[{"name":"wp","href":"https:\/\/api.w.org\/{rel}","templated":true}]}}