{"id":221,"date":"2019-09-11T03:49:42","date_gmt":"2019-09-11T03:49:42","guid":{"rendered":"https:\/\/asociacionlatinoamericanadeantropologia.net\/portal\/ala-organizo-mesa-de-trabajo-sobre-las-antropologias-latinoamericanas-en-el-ii-congreso-de-antropologia-e-historia-de-panama\/"},"modified":"2022-03-04T02:15:30","modified_gmt":"2022-03-04T02:15:30","slug":"ala-organizo-mesa-de-trabajo-sobre-las-antropologias-latinoamericanas-en-el-ii-congreso-de-antropologia-e-historia-de-panama","status":"publish","type":"page","link":"https:\/\/asociacionlatinoamericanadeantropologia.net\/portal\/ala-organizo-mesa-de-trabajo-sobre-las-antropologias-latinoamericanas-en-el-ii-congreso-de-antropologia-e-historia-de-panama\/","title":{"rendered":"ALA organiz\u00f3 mesa de trabajo sobre las antropolog\u00edas latinoamericanas en el II Congreso de Antropolog\u00eda e Historia de Panam\u00e1"},"content":{"rendered":"<p style=\"text-align: justify;\"><span style=\"color: #000000;\">Desde el 18 al 21 de junio del 2019, la<\/span> <span style=\"color: #800000;\"><strong>Asociaci&oacute;n Latinoamericana de Antropolog&iacute;a<\/strong><\/span> <span style=\"color: #000000;\">(<\/span><strong><span style=\"color: #800000;\">ALA<\/span><\/strong><span style=\"color: #000000;\">) asisti&oacute; al<\/span> <span style=\"color: #800000;\"><strong>II Congreso de Antropolog&iacute;a e Historia de Panam&aacute;<\/strong><\/span><span style=\"color: #000000;\">, cuya tem&aacute;tica se centr&oacute; en los 500 a&ntilde;os de la fundaci&oacute;n de la Ciudad de Panam&aacute;. Este evento se realiz&oacute; en el Centro de Convenciones Ciudad del Saber.<\/span><\/p>\n<p><!--more--><\/p>\n<p style=\"text-align: justify;\"><span style=\"color: #000000;\">El 20 de junio se present&oacute; el libro<\/span> <em><span style=\"color: #800000;\"><strong>Di&aacute;logos con la antropolog&iacute;a latinoamericana<\/strong><\/span><\/em><span style=\"color: #000000;\">, de la ALA, a cargo de sus compiladores Lydia de Souza y Pablo Gatti (de la Asociaci&oacute;n Uruguaya de Antropolog&iacute;a Social-AUAS), con la participaci&oacute;n de algunos de sus autores, Eduardo Restrepo y Gonzalo D&iacute;az Crovetto.<\/span><br \/><span style=\"color: #000000;\">Al d&iacute;a siguiente, 21 de junio, se desarroll&oacute; la<\/span> <span style=\"color: #800000;\"><strong>Mesa de Trabajo Caracter&iacute;sticas y retos de las Antropolog&iacute;as desde Am&eacute;rica Latina<\/strong><\/span><span style=\"color: #000000;\">, coordinada por Eduardo Restrepo.<\/span><br \/><span style=\"color: #000000;\">Participaron las siguientes disertaciones: \u00abNuevos tiempos, nuevos desaf&iacute;os para las antropolog&iacute;as latinoamericanas y del mundo\u00bb, de Gonzalo D&iacute;az Crovetto, de la Universidad Cat&oacute;lica de Temuco y el Colegio de Antrop&oacute;logos de Chile; \u00abLa Antropolog&iacute;a en Argentina. Desde los Museos a la diversidad actual\u00bb, de L&iacute;a Ferrero, de la Universidad de Buenos Aires y el Colegio de Graduados en Antropolog&iacute;a de la Rep&uacute;blica Argentina; \u00abAntropolog&iacute;a y arqueolog&iacute;a en tramas de la historia cultural del Uruguay\u00bb, de Pablo Gatti, de la Universidad de la Rep&uacute;blica y la AUAS, Uruguay; \u00abHacer antropolog&iacute;a en un pa&iacute;s en guerra\u00bb, de Eduardo Restrepo, de la Pontificia Universidad Javeriana y la Asociaci&oacute;n Colombiana de Antropolog&iacute;a; y \u00abRetos y oportunidades de la Antropolog&iacute;a en Panam&aacute;\u00bb, de David Mart&iacute;nez, de la Asociaci&oacute;n de Antropolog&iacute;a e Historia de Panam&aacute;.<\/span><\/p>\n<p><img fetchpriority=\"high\" decoding=\"async\" class=\" size-full wp-image-220\" src=\"https:\/\/asociacionlatinoamericanadeantropologia.net\/portal\/wp-content\/uploads\/2019\/09\/IMG_20190621_090327.jpg\" alt=\"IMG 20190621 090327\" width=\"341\" height=\"268\" style=\"display: block; margin-left: auto; margin-right: auto;\" srcset=\"https:\/\/asociacionlatinoamericanadeantropologia.net\/portal\/wp-content\/uploads\/2019\/09\/IMG_20190621_090327.jpg 945w, https:\/\/asociacionlatinoamericanadeantropologia.net\/portal\/wp-content\/uploads\/2019\/09\/IMG_20190621_090327-300x236.jpg 300w, https:\/\/asociacionlatinoamericanadeantropologia.net\/portal\/wp-content\/uploads\/2019\/09\/IMG_20190621_090327-768x605.jpg 768w\" sizes=\"(max-width: 341px) 100vw, 341px\" \/><\/p>\n<p style=\"text-align: center;\"><span style=\"color: rgb(128, 0, 0);\"><strong>Leyenda:<\/strong>&nbsp;<\/span><span style=\"color: rgb(0, 0, 0);\"><em>Mesa de Trabajo Caracter&iacute;sticas y retos de las Antropolog&iacute;as desde Am&eacute;rica Latina.<\/em> Presentes (de izquierda a derecha): David Mart&iacute;nez, L&iacute;a Ferrero, Gonzalo D&iacute;az Crovetto, Pablo Gatti, Eduardo Restrepo y Alhena Caicedo.<\/span><\/p>\n<p style=\"text-align: justify;\"><span style=\"color: #000000;\">La ALA tambi&eacute;n desarroll&oacute; una<\/span> <strong><span style=\"color: #800000;\">reuni&oacute;n<\/span><\/strong> <span style=\"color: #000000;\">ampliada de varios d&iacute;as<\/span> <span style=\"color: #800000;\"><strong>de la Comisi&oacute;n Directiva<\/strong><\/span><span style=\"color: #000000;\">, participando Eduardo Restrepo (su presidente), Gonzalo D&iacute;az Crovetto (vocal por Chile), Lydia de Souza (vicepresidenta), Pablo Gatti (tesorero), Alhena Caicedo (vocal por Colombia) y L&iacute;a Ferrero (vocal por Argentina), con la participaci&oacute;n v&iacute;a web de Betty Francia (presidenta de la AUAS), Annel Mej&iacute;a Guiza (vocal por Venezuela) y Ricardo Fagoaga (secretario).<\/span><br \/><span style=\"color: #000000;\">En dicha reuni&oacute;n ampliada se discutieron puntos log&iacute;sticos y administrativos del VI Congreso de ALA, a realizarse del 24 al 27 de noviembre del pr&oacute;ximo a&ntilde;o en Montevideo, Uruguay, adem&aacute;s de ponerse al tanto del avance de los grupos de trabajo ALA, la formaci&oacute;n <em>e-learning<\/em> que ofrecer&aacute; la ALA y los proyectos editoriales, como los libros <em>Antropolog&iacute;as hechas en&hellip;<\/em> Argentina, Chile, Uruguay, M&eacute;xico y Venezuela, coordinado por Eduardo Restrepo, a entregarse durante la inscripci&oacute;n y para la venta en el VI Congreso de ALA (como se hizo en la quinta edici&oacute;n).<\/span><\/p>\n","protected":false},"excerpt":{"rendered":"<p>Desde el 18 al 21 de junio del 2019, la Asociaci&oacute;n Latinoamericana de Antropolog&iacute;a (ALA) asisti&oacute; al II Congreso de Antropolog&iacute;a e Historia de Panam&aacute;, cuya tem&aacute;tica se centr&oacute; en los 500 a&ntilde;os de la fundaci&oacute;n de la Ciudad de Panam&aacute;. Este evento se realiz&oacute; en el Centro de Convenciones Ciudad del Saber.<\/p>\n","protected":false},"author":1,"featured_media":220,"parent":0,"menu_order":26,"comment_status":"closed","ping_status":"closed","template":"","meta":{"site-sidebar-layout":"default","site-content-layout":"default","ast-main-header-display":"","ast-hfb-above-header-display":"","ast-hfb-below-header-display":"","ast-hfb-mobile-header-display":"","site-post-title":"","ast-breadcrumbs-content":"","ast-featured-img":"","footer-sml-layout":"","theme-transparent-header-meta":"","adv-header-id-meta":"","stick-header-meta":"","header-above-stick-meta":"","header-main-stick-meta":"","header-below-stick-meta":"","footnotes":""},"categories":[1],"tags":[],"class_list":["post-221","page","type-page","status-publish","has-post-thumbnail","hentry","category-noticias"],"_links":{"self":[{"href":"https:\/\/asociacionlatinoamericanadeantropologia.net\/portal\/wp-json\/wp\/v2\/pages\/221","targetHints":{"allow":["GET"]}}],"collection":[{"href":"https:\/\/asociacionlatinoamericanadeantropologia.net\/portal\/wp-json\/wp\/v2\/pages"}],"about":[{"href":"https:\/\/asociacionlatinoamericanadeantropologia.net\/portal\/wp-json\/wp\/v2\/types\/page"}],"author":[{"embeddable":true,"href":"https:\/\/asociacionlatinoamericanadeantropologia.net\/portal\/wp-json\/wp\/v2\/users\/1"}],"replies":[{"embeddable":true,"href":"https:\/\/asociacionlatinoamericanadeantropologia.net\/portal\/wp-json\/wp\/v2\/comments?post=221"}],"version-history":[{"count":1,"href":"https:\/\/asociacionlatinoamericanadeantropologia.net\/portal\/wp-json\/wp\/v2\/pages\/221\/revisions"}],"predecessor-version":[{"id":1115,"href":"https:\/\/asociacionlatinoamericanadeantropologia.net\/portal\/wp-json\/wp\/v2\/pages\/221\/revisions\/1115"}],"wp:featuredmedia":[{"embeddable":true,"href":"https:\/\/asociacionlatinoamericanadeantropologia.net\/portal\/wp-json\/wp\/v2\/media\/220"}],"wp:attachment":[{"href":"https:\/\/asociacionlatinoamericanadeantropologia.net\/portal\/wp-json\/wp\/v2\/media?parent=221"}],"wp:term":[{"taxonomy":"category","embeddable":true,"href":"https:\/\/asociacionlatinoamericanadeantropologia.net\/portal\/wp-json\/wp\/v2\/categories?post=221"},{"taxonomy":"post_tag","embeddable":true,"href":"https:\/\/asociacionlatinoamericanadeantropologia.net\/portal\/wp-json\/wp\/v2\/tags?post=221"}],"curies":[{"name":"wp","href":"https:\/\/api.w.org\/{rel}","templated":true}]}}