{"id":231,"date":"2020-07-10T00:04:18","date_gmt":"2020-07-10T00:04:18","guid":{"rendered":"https:\/\/asociacionlatinoamericanadeantropologia.net\/portal\/la-asociacion-paraguaya-de-antropologia-renueva-su-comision-directiva\/"},"modified":"2021-12-09T02:53:14","modified_gmt":"2021-12-09T02:53:14","slug":"la-asociacion-paraguaya-de-antropologia-renueva-su-comision-directiva","status":"publish","type":"page","link":"https:\/\/asociacionlatinoamericanadeantropologia.net\/portal\/la-asociacion-paraguaya-de-antropologia-renueva-su-comision-directiva\/","title":{"rendered":"La Asociaci\u00f3n Paraguaya de Antropolog\u00eda renueva su Comisi\u00f3n Directiva"},"content":{"rendered":"<p style=\"text-align: justify;\"><span style=\"font-size: 10pt;\">La <strong>Asociaci&oacute;n Paraguaya de Antropolog&iacute;a<\/strong> (<strong>APyA<\/strong>) renov&oacute; su <strong>Comisi&oacute;n Directiva<\/strong> en <strong>Asamblea General Ordinaria<\/strong> realizada el <strong>10 de febrero del 2020<\/strong> y esta <strong>qued&oacute; conformada<\/strong> por: <strong>Deisy Amarilla<\/strong> (<strong>presidenta<\/strong>), <strong>Walter D&iacute;az<\/strong> (<strong>secretario<\/strong>), <strong>Raquel Zalazar<\/strong> (<strong>tesorera<\/strong>), <strong>Roni Paredes<\/strong> (<strong>miembro profesional<\/strong>), <strong>Florencia Falabella<\/strong> (<strong>miembro Red<\/strong>), <strong>Henryk Gaska<\/strong> (<strong>s&iacute;ndico titular<\/strong>) y <strong>Paloma Rodero<\/strong> (<strong>s&iacute;ndico suplente<\/strong>).<\/span><br \/><span style=\"font-size: 10pt;\">La <strong>Asociaci&oacute;n Latinoamericana de Antropolog&iacute;a<\/strong> (<strong>ALA<\/strong>) <strong>saluda esta renovaci&oacute;n<\/strong> de su organizaci&oacute;n miembro, la APyA, cuyo ingreso fue aprobado en junio del 2019.<\/span><\/p>\n","protected":false},"excerpt":{"rendered":"<p>La Asociaci&oacute;n Paraguaya de Antropolog&iacute;a (APyA) renov&oacute; su Comisi&oacute;n Directiva en Asamblea General Ordinaria realizada el 10 de febrero del 2020 y esta qued&oacute; conformada por: Deisy Amarilla (presidenta), Walter D&iacute;az (secretario), Raquel Zalazar (tesorera), Roni Paredes (miembro profesional), Florencia Falabella (miembro Red), Henryk Gaska (s&iacute;ndico titular) y Paloma Rodero (s&iacute;ndico suplente).La Asociaci&oacute;n Latinoamericana de &hellip;<\/p>\n<p class=\"read-more\"> <a class=\"\" href=\"https:\/\/asociacionlatinoamericanadeantropologia.net\/portal\/la-asociacion-paraguaya-de-antropologia-renueva-su-comision-directiva\/\"> <span class=\"screen-reader-text\">La Asociaci\u00f3n Paraguaya de Antropolog\u00eda renueva su Comisi\u00f3n Directiva<\/span> Leer m\u00e1s &raquo;<\/a><\/p>\n","protected":false},"author":1,"featured_media":0,"parent":0,"menu_order":20,"comment_status":"closed","ping_status":"closed","template":"","meta":{"site-sidebar-layout":"default","site-content-layout":"default","ast-main-header-display":"","ast-hfb-above-header-display":"","ast-hfb-below-header-display":"","ast-hfb-mobile-header-display":"","site-post-title":"","ast-breadcrumbs-content":"","ast-featured-img":"","footer-sml-layout":"","theme-transparent-header-meta":"","adv-header-id-meta":"","stick-header-meta":"","header-above-stick-meta":"","header-main-stick-meta":"","header-below-stick-meta":"","footnotes":""},"categories":[1],"tags":[],"class_list":["post-231","page","type-page","status-publish","hentry","category-noticias"],"_links":{"self":[{"href":"https:\/\/asociacionlatinoamericanadeantropologia.net\/portal\/wp-json\/wp\/v2\/pages\/231","targetHints":{"allow":["GET"]}}],"collection":[{"href":"https:\/\/asociacionlatinoamericanadeantropologia.net\/portal\/wp-json\/wp\/v2\/pages"}],"about":[{"href":"https:\/\/asociacionlatinoamericanadeantropologia.net\/portal\/wp-json\/wp\/v2\/types\/page"}],"author":[{"embeddable":true,"href":"https:\/\/asociacionlatinoamericanadeantropologia.net\/portal\/wp-json\/wp\/v2\/users\/1"}],"replies":[{"embeddable":true,"href":"https:\/\/asociacionlatinoamericanadeantropologia.net\/portal\/wp-json\/wp\/v2\/comments?post=231"}],"version-history":[{"count":1,"href":"https:\/\/asociacionlatinoamericanadeantropologia.net\/portal\/wp-json\/wp\/v2\/pages\/231\/revisions"}],"predecessor-version":[{"id":399,"href":"https:\/\/asociacionlatinoamericanadeantropologia.net\/portal\/wp-json\/wp\/v2\/pages\/231\/revisions\/399"}],"wp:attachment":[{"href":"https:\/\/asociacionlatinoamericanadeantropologia.net\/portal\/wp-json\/wp\/v2\/media?parent=231"}],"wp:term":[{"taxonomy":"category","embeddable":true,"href":"https:\/\/asociacionlatinoamericanadeantropologia.net\/portal\/wp-json\/wp\/v2\/categories?post=231"},{"taxonomy":"post_tag","embeddable":true,"href":"https:\/\/asociacionlatinoamericanadeantropologia.net\/portal\/wp-json\/wp\/v2\/tags?post=231"}],"curies":[{"name":"wp","href":"https:\/\/api.w.org\/{rel}","templated":true}]}}