{"id":233,"date":"2020-07-10T00:11:07","date_gmt":"2020-07-10T00:11:07","guid":{"rendered":"https:\/\/asociacionlatinoamericanadeantropologia.net\/portal\/ala-saluda-nuevo-directorio-nacional-del-colegio-de-antropologos-de-chile-2\/"},"modified":"2022-03-04T02:23:19","modified_gmt":"2022-03-04T02:23:19","slug":"ala-saluda-nuevo-directorio-nacional-del-colegio-de-antropologos-de-chile-2","status":"publish","type":"page","link":"https:\/\/asociacionlatinoamericanadeantropologia.net\/portal\/ala-saluda-nuevo-directorio-nacional-del-colegio-de-antropologos-de-chile-2\/","title":{"rendered":"ALA saluda nuevo Directorio Nacional del Colegio de Antrop\u00f3logos de Chile"},"content":{"rendered":"<p style=\"text-align: justify;\"><span style=\"font-size: 10pt;\">La <strong>Asociaci\u00f3n Latinoamericana de Antropolog\u00eda<\/strong> (<strong>ALA<\/strong>) saluda al <strong>nuevo Directorio Nacional<\/strong> del <strong>Colegio de Antrop\u00f3logos de Chile<\/strong>, electo por la <strong>Asamblea General ordinaria<\/strong> de socios\/as el <strong>25 de mayo del 2020<\/strong>, integrado por:&nbsp;<strong><strong>B\u00e1rbara L\u00f3pez Castillo<\/strong><span style=\"font-size: 10pt;\"><\/span><\/strong> (<strong>presidenta<\/strong>), <strong>Pamela Fernandoi Ferreira<\/strong><span style=\"font-size: 10pt;\"><\/span>&nbsp; (<strong>vicepresidenta<\/strong>) y&nbsp;<strong>Pablo Rojas Bahamonde<\/strong><span style=\"font-size: 10pt;\"><\/span> (<strong>secretario<\/strong>).<\/span><br \/><span style=\"font-size: 10pt;\">Fueron electos\/as, adem\u00e1s, los\/as siguientes <strong>directores\/as<\/strong> (en orden de procedencia): <strong>Tatiana Salom\u00e9 Araya Toro<\/strong>, <strong>Nanette Vergara Aguilera<\/strong>, <strong>Marcelo Fuentealba Ormaz\u00e1bal<\/strong>, <strong>Crist\u00f3bal Ibarra Guerrero<\/strong>, <strong>Leandro Ahumada Rivera<\/strong> y <strong>Javier Sutil Mart\u00ednez<\/strong>. En estos comicios participaron dos listas de candidatos\/as.<\/span><br \/><span style=\"font-size: 10pt;\">El <strong>acto de traspaso de directiva<\/strong> se realiz\u00f3 el <strong>4 de julio del 2020<\/strong>, a las 6:00 pm (hora Santiago de Chile), a trav\u00e9s del canal de comunicaci\u00f3n de videos de Zoom.<\/span><\/p>\n<p><!--more--><\/p>\n<p style=\"text-align: justify;\"><span style=\"font-size: 10pt;\">Estas elecciones fueron realizadas v\u00eda virtual por medio de la plataforma Survey Monkey y utilizando un sistema de encriptaci\u00f3n para garantizar la confidencialidad del sufragio. En total <strong>votaron 84 socios\/as<\/strong> de <strong>un universo de 109 electores\/as<\/strong> habilitados\/as para sufragar.<\/span><br \/><span style=\"font-size: 10pt;\">La <strong>ALA<\/strong> le desea <strong>una exitosa gesti\u00f3n<\/strong> al nuevo Directorio Nacional de su organizaci\u00f3n miembro, el Colegio de Antrop\u00f3logos de Chile.<\/span><\/p>\n<p><img decoding=\"async\" class=\" size-full wp-image-232\" src=\"https:\/\/asociacionlatinoamericanadeantropologia.net\/portal\/wp-content\/uploads\/2020\/07\/CACH.png\" alt=\"CACH\" style=\"display: block; margin-left: auto; margin-right: auto;\" width=\"244\" height=\"160\" \/><\/p>\n","protected":false},"excerpt":{"rendered":"<p>La Asociaci\u00f3n Latinoamericana de Antropolog\u00eda (ALA) saluda al nuevo Directorio Nacional del Colegio de Antrop\u00f3logos de Chile, electo por la Asamblea General ordinaria de socios\/as el 25 de mayo del 2020, integrado por:&nbsp;B\u00e1rbara L\u00f3pez Castillo (presidenta), Pamela Fernandoi Ferreira&nbsp; (vicepresidenta) y&nbsp;Pablo Rojas Bahamonde (secretario).Fueron electos\/as, adem\u00e1s, los\/as siguientes directores\/as (en orden de procedencia): Tatiana Salom\u00e9 &hellip;<\/p>\n<p class=\"read-more\"> <a class=\"\" href=\"https:\/\/asociacionlatinoamericanadeantropologia.net\/portal\/ala-saluda-nuevo-directorio-nacional-del-colegio-de-antropologos-de-chile-2\/\"> <span class=\"screen-reader-text\">ALA saluda nuevo Directorio Nacional del Colegio de Antrop\u00f3logos de Chile<\/span> Leer m\u00e1s &raquo;<\/a><\/p>\n","protected":false},"author":1,"featured_media":232,"parent":0,"menu_order":19,"comment_status":"closed","ping_status":"closed","template":"","meta":{"site-sidebar-layout":"default","site-content-layout":"default","ast-main-header-display":"","ast-hfb-above-header-display":"","ast-hfb-below-header-display":"","ast-hfb-mobile-header-display":"","site-post-title":"","ast-breadcrumbs-content":"","ast-featured-img":"","footer-sml-layout":"","theme-transparent-header-meta":"","adv-header-id-meta":"","stick-header-meta":"","header-above-stick-meta":"","header-main-stick-meta":"","header-below-stick-meta":"","footnotes":""},"categories":[1],"tags":[],"class_list":["post-233","page","type-page","status-publish","has-post-thumbnail","hentry","category-noticias"],"_links":{"self":[{"href":"https:\/\/asociacionlatinoamericanadeantropologia.net\/portal\/wp-json\/wp\/v2\/pages\/233","targetHints":{"allow":["GET"]}}],"collection":[{"href":"https:\/\/asociacionlatinoamericanadeantropologia.net\/portal\/wp-json\/wp\/v2\/pages"}],"about":[{"href":"https:\/\/asociacionlatinoamericanadeantropologia.net\/portal\/wp-json\/wp\/v2\/types\/page"}],"author":[{"embeddable":true,"href":"https:\/\/asociacionlatinoamericanadeantropologia.net\/portal\/wp-json\/wp\/v2\/users\/1"}],"replies":[{"embeddable":true,"href":"https:\/\/asociacionlatinoamericanadeantropologia.net\/portal\/wp-json\/wp\/v2\/comments?post=233"}],"version-history":[{"count":1,"href":"https:\/\/asociacionlatinoamericanadeantropologia.net\/portal\/wp-json\/wp\/v2\/pages\/233\/revisions"}],"predecessor-version":[{"id":1125,"href":"https:\/\/asociacionlatinoamericanadeantropologia.net\/portal\/wp-json\/wp\/v2\/pages\/233\/revisions\/1125"}],"wp:featuredmedia":[{"embeddable":true,"href":"https:\/\/asociacionlatinoamericanadeantropologia.net\/portal\/wp-json\/wp\/v2\/media\/232"}],"wp:attachment":[{"href":"https:\/\/asociacionlatinoamericanadeantropologia.net\/portal\/wp-json\/wp\/v2\/media?parent=233"}],"wp:term":[{"taxonomy":"category","embeddable":true,"href":"https:\/\/asociacionlatinoamericanadeantropologia.net\/portal\/wp-json\/wp\/v2\/categories?post=233"},{"taxonomy":"post_tag","embeddable":true,"href":"https:\/\/asociacionlatinoamericanadeantropologia.net\/portal\/wp-json\/wp\/v2\/tags?post=233"}],"curies":[{"name":"wp","href":"https:\/\/api.w.org\/{rel}","templated":true}]}}