{"id":236,"date":"2020-08-10T17:47:30","date_gmt":"2020-08-10T17:47:30","guid":{"rendered":"https:\/\/asociacionlatinoamericanadeantropologia.net\/portal\/convocatoria-a-eleccion-de-comision-directiva-y-comision-fiscal-de-la-asociacion-latinoamericana-de-antropologia-2021-2023\/"},"modified":"2022-03-04T02:14:55","modified_gmt":"2022-03-04T02:14:55","slug":"convocatoria-a-eleccion-de-comision-directiva-y-comision-fiscal-de-la-asociacion-latinoamericana-de-antropologia-2021-2023","status":"publish","type":"page","link":"https:\/\/asociacionlatinoamericanadeantropologia.net\/portal\/convocatoria-a-eleccion-de-comision-directiva-y-comision-fiscal-de-la-asociacion-latinoamericana-de-antropologia-2021-2023\/","title":{"rendered":"Convocatoria a elecci\u00f3n de Comisi\u00f3n Directiva y Comisi\u00f3n Fiscal de la Asociaci\u00f3n Latinoamericana de Antropolog\u00eda (2021-2023)"},"content":{"rendered":"<p style=\"text-align: justify;\">La <strong>Asociaci\u00f3n Latinoamericana de Antropolog\u00eda<\/strong>, por intermedio de la actual Comisi\u00f3n Electoral, <strong>convoca <\/strong>a las asociaciones y colectivos que la conforman, a participar en el proceso de elecci\u00f3n de su <strong>Comisi\u00f3n Directiva y Comisi\u00f3n Fiscal <\/strong>para el <strong>per\u00edodo 2021-2023<\/strong>.<\/p>\n<p style=\"text-align: justify;\">El proceso se realizar\u00e1 en dos (2) etapas:<\/p>\n<p style=\"text-align: justify;\">1. Postulaci\u00f3n de candidatos y candidatas de cada asociaci\u00f3n o colectivo y conformaci\u00f3n de las planchas con los nombres propuestos para cada uno de los cargos de la Comisi\u00f3n Directiva y la Comisi\u00f3n Fiscal de ALA.<\/p>\n<p style=\"text-align: justify;\">2. Acto de elecci\u00f3n de los candidatos y candidatas que integran las planchas en el marco de la Asamblea General de ALA, a realizarse en modalidad virtual durante el Congreso Latinoamericano de Antropolog\u00eda que se desarrollar\u00e1 del 24 al 27 de noviembre de noviembre de 2020.<\/p>\n<p style=\"text-align: justify;\"><strong>Los estatutos de ALA exigen que las Comisiones Directiva y Fiscal est\u00e9n conformadas por miembros de diferentes asociaciones o colectivos integrantes de ALA<\/strong><\/p>\n<p><!--more--><\/p>\n<p style=\"text-align: justify;\"><strong>Etapa 1: Postulaci\u00f3n de candidatos y candidatas de cada asociaci\u00f3n o colectivo y conformaci\u00f3n de las planchas con los nombres propuestos para cada uno de los cargos de la Comisi\u00f3n Directiva y la Comisi\u00f3n Fiscal de ALA.<\/strong><\/p>\n<p style=\"text-align: justify;\">Cada asociaci\u00f3n y colectivo integrante de ALA tiene derecho a proponer un m\u00e1ximo de tres (3) profesionales, como candidatos o candidatas<a href=\"#_ftn1\" id=\"_ftnref1\">[1]<\/a> a ocupar alg\u00fan cargo en cada una de las planchas que se indican a continuaci\u00f3n:<\/p>\n<p><img fetchpriority=\"high\" decoding=\"async\" class=\" size-full wp-image-234\" src=\"https:\/\/asociacionlatinoamericanadeantropologia.net\/portal\/wp-content\/uploads\/2020\/08\/Cuadro.jpg\" alt=\"Cuadro\" width=\"575\" height=\"154\" style=\"display: block; margin-left: auto; margin-right: auto;\" srcset=\"https:\/\/asociacionlatinoamericanadeantropologia.net\/portal\/wp-content\/uploads\/2020\/08\/Cuadro.jpg 787w, https:\/\/asociacionlatinoamericanadeantropologia.net\/portal\/wp-content\/uploads\/2020\/08\/Cuadro-300x80.jpg 300w, https:\/\/asociacionlatinoamericanadeantropologia.net\/portal\/wp-content\/uploads\/2020\/08\/Cuadro-768x206.jpg 768w\" sizes=\"(max-width: 575px) 100vw, 575px\" \/><\/p>\n<p>Por otra parte, cada asociaci\u00f3n o colectivo deber\u00e1 designar un representante con voto que deber\u00e1 participar de la Asamblea General de ALA en la que se llevar\u00e1n adelante los comicios.<\/p>\n<p style=\"text-align: justify;\"><strong>Se solicita a los colectivos que conforman la Asociaci\u00f3n Latinoamericana de Antropolog\u00eda env\u00eden los nombres de candidatos y candidatas, indicando para cu\u00e1l de los cargos se postula, acompa\u00f1ados de un breve CV (300 palabras) y el nombre del\/la representante para votar en la Asamblea, al siguiente correo electr\u00f3nico:<\/strong> <strong><a href=\"mailto:comisionelectoralala@gmail.com\">comisionelectoralala@gmail.com<\/a> <\/strong><strong>hasta el 30 de septiembre de 2020.<\/strong><\/p>\n<p>Las planchas con los nombres de candidatos y candidatas a cada uno de los cargos, ser\u00e1n divulgadas desde inicios de octubre para que cada asociaci\u00f3n o colectivo pueda discernir su voto.<\/p>\n<p><strong>Etapa 2: Acto de elecci\u00f3n de los candidatos y candidatas que integran las planchas en el marco de la Asamblea General de ALA, a realizarse en modalidad virtual durante el Congreso Latinoamericano de Antropolog\u00eda que se desarrollar\u00e1 del 24 al 27 de noviembre de noviembre de 2020. <\/strong><\/p>\n<p style=\"text-align: justify;\">Las elecciones se llevar\u00e1n a cabo en Asamblea General en formato virtual, en el marco del Congreso Latinoamericano de Antropolog\u00eda. Una vez finalizada se dar\u00e1n a conocer los resultados de la elecci\u00f3n de la nueva Comisi\u00f3n Directiva y Comisi\u00f3n Fiscal de ALA para el periodo 2021-2023.<\/p>\n<p style=\"text-align: center;\">Esperamos su participaci\u00f3n y enviamos un saludo afectuoso,<\/p>\n<p style=\"text-align: center;\"><strong>Comisi\u00f3n Electoral ALA 2020<\/strong><\/p>\n<p style=\"text-align: center;\">Caviedes, Mauricio (Asociaci\u00f3n Colombiana de Antropolog\u00eda)<\/p>\n<p style=\"text-align: center;\">Hirsch, Silvia (Colegio Graduados en Antropolog\u00eda de la Rep\u00fablica Argentina)<\/p>\n<p style=\"text-align: center;\">Onofre Mamani, Luperio David (Colegio Profesional de Antrop\u00f3logos del Per\u00fa)<\/p>\n<p style=\"text-align: center;\">Rebolledo Recendiz, Nicanor (Colegio de Etn\u00f3logos y Antrop\u00f3logos Sociales A.C (CEAS), M\u00e9xico)<\/p>\n<p style=\"text-align: center;\">Stagnaro, Marianela (Red de Antropolog\u00edas del Sur)<\/p>\n<p><a href=\"#_ftnref1\" id=\"_ftn1\">[1]<\/a> Cada candidato o candidata pueden integrar m\u00e1ximo una plancha.<\/p>\n<p style=\"text-align: center;\"><strong>TE COMPARTIMOS UNA INFOGRAF\u00cdA CON EL PASO A PASO PARA LA ELECCI\u00d3N DE LA COMISI\u00d3N DIRECTIVA Y COMISI\u00d3N FISCAL DE LA ALA (2021-2023):<\/strong><\/p>\n<p><img decoding=\"async\" class=\" size-full wp-image-235\" src=\"https:\/\/asociacionlatinoamericanadeantropologia.net\/portal\/wp-content\/uploads\/2020\/08\/Infografia_Elecciones_ALA_BR.jpg\" alt=\"Infograf\u00eda Elecciones ALA BR\" width=\"532\" height=\"1329\" style=\"display: block; margin-left: auto; margin-right: auto;\" srcset=\"https:\/\/asociacionlatinoamericanadeantropologia.net\/portal\/wp-content\/uploads\/2020\/08\/Infografia_Elecciones_ALA_BR.jpg 709w, https:\/\/asociacionlatinoamericanadeantropologia.net\/portal\/wp-content\/uploads\/2020\/08\/Infografia_Elecciones_ALA_BR-120x300.jpg 120w, https:\/\/asociacionlatinoamericanadeantropologia.net\/portal\/wp-content\/uploads\/2020\/08\/Infografia_Elecciones_ALA_BR-410x1024.jpg 410w\" sizes=\"(max-width: 532px) 100vw, 532px\" \/><\/p>\n","protected":false},"excerpt":{"rendered":"<p>La Asociaci\u00f3n Latinoamericana de Antropolog\u00eda, por intermedio de la actual Comisi\u00f3n Electoral, convoca a las asociaciones y colectivos que la conforman, a participar en el proceso de elecci\u00f3n de su Comisi\u00f3n Directiva y Comisi\u00f3n Fiscal para el per\u00edodo 2021-2023. El proceso se realizar\u00e1 en dos (2) etapas: 1. Postulaci\u00f3n de candidatos y candidatas de cada &hellip;<\/p>\n<p class=\"read-more\"> <a class=\"\" href=\"https:\/\/asociacionlatinoamericanadeantropologia.net\/portal\/convocatoria-a-eleccion-de-comision-directiva-y-comision-fiscal-de-la-asociacion-latinoamericana-de-antropologia-2021-2023\/\"> <span class=\"screen-reader-text\">Convocatoria a elecci\u00f3n de Comisi\u00f3n Directiva y Comisi\u00f3n Fiscal de la Asociaci\u00f3n Latinoamericana de Antropolog\u00eda (2021-2023)<\/span> Leer m\u00e1s &raquo;<\/a><\/p>\n","protected":false},"author":1,"featured_media":234,"parent":0,"menu_order":18,"comment_status":"closed","ping_status":"closed","template":"","meta":{"site-sidebar-layout":"default","site-content-layout":"default","ast-main-header-display":"","ast-hfb-above-header-display":"","ast-hfb-below-header-display":"","ast-hfb-mobile-header-display":"","site-post-title":"","ast-breadcrumbs-content":"","ast-featured-img":"","footer-sml-layout":"","theme-transparent-header-meta":"","adv-header-id-meta":"","stick-header-meta":"","header-above-stick-meta":"","header-main-stick-meta":"","header-below-stick-meta":"","footnotes":""},"categories":[1],"tags":[],"class_list":["post-236","page","type-page","status-publish","has-post-thumbnail","hentry","category-noticias"],"_links":{"self":[{"href":"https:\/\/asociacionlatinoamericanadeantropologia.net\/portal\/wp-json\/wp\/v2\/pages\/236","targetHints":{"allow":["GET"]}}],"collection":[{"href":"https:\/\/asociacionlatinoamericanadeantropologia.net\/portal\/wp-json\/wp\/v2\/pages"}],"about":[{"href":"https:\/\/asociacionlatinoamericanadeantropologia.net\/portal\/wp-json\/wp\/v2\/types\/page"}],"author":[{"embeddable":true,"href":"https:\/\/asociacionlatinoamericanadeantropologia.net\/portal\/wp-json\/wp\/v2\/users\/1"}],"replies":[{"embeddable":true,"href":"https:\/\/asociacionlatinoamericanadeantropologia.net\/portal\/wp-json\/wp\/v2\/comments?post=236"}],"version-history":[{"count":1,"href":"https:\/\/asociacionlatinoamericanadeantropologia.net\/portal\/wp-json\/wp\/v2\/pages\/236\/revisions"}],"predecessor-version":[{"id":1114,"href":"https:\/\/asociacionlatinoamericanadeantropologia.net\/portal\/wp-json\/wp\/v2\/pages\/236\/revisions\/1114"}],"wp:featuredmedia":[{"embeddable":true,"href":"https:\/\/asociacionlatinoamericanadeantropologia.net\/portal\/wp-json\/wp\/v2\/media\/234"}],"wp:attachment":[{"href":"https:\/\/asociacionlatinoamericanadeantropologia.net\/portal\/wp-json\/wp\/v2\/media?parent=236"}],"wp:term":[{"taxonomy":"category","embeddable":true,"href":"https:\/\/asociacionlatinoamericanadeantropologia.net\/portal\/wp-json\/wp\/v2\/categories?post=236"},{"taxonomy":"post_tag","embeddable":true,"href":"https:\/\/asociacionlatinoamericanadeantropologia.net\/portal\/wp-json\/wp\/v2\/tags?post=236"}],"curies":[{"name":"wp","href":"https:\/\/api.w.org\/{rel}","templated":true}]}}