{"id":264,"date":"2021-01-20T01:05:48","date_gmt":"2021-01-20T01:05:48","guid":{"rendered":"https:\/\/asociacionlatinoamericanadeantropologia.net\/portal\/boletin-plural-1992-1997\/"},"modified":"2021-01-20T01:05:48","modified_gmt":"2021-01-20T01:05:48","slug":"boletin-plural-1992-1997","status":"publish","type":"page","link":"https:\/\/asociacionlatinoamericanadeantropologia.net\/portal\/boletin-plural-1992-1997\/","title":{"rendered":"Bolet\u00edn Plural"},"content":{"rendered":"<p>La <strong>Asociaci\u00f3n Latinoamericana de Antropolog\u00eda<\/strong> (<strong>ALA<\/strong>) y el <strong>Comit\u00e9 Editorial<\/strong> de <em><a href=\"https:\/\/asociacionlatinoamericanadeantropologia.net\/revistas\/index.php\/plural\/index\" target=\"_blank\" rel=\"noopener\"><strong>Plural. Antropolog\u00edas desde Am\u00e9rica Latina y del Caribe<\/strong><\/a><\/em>, revista de la ALA, comparte los archivos del <strong><em>Plural. Bolet\u00edn de la Asociaci\u00f3n Latinoamericana de Antropolog\u00eda<\/em><\/strong>, editado por los\/as fundadores\/as de la ALA desde 1993 hasta 1997.<\/p>\n<p>He aqu\u00ed el acceso a los PDF de estos cinco n\u00fameros, que conforman ya parte de los archivos de la <strong>ALA<\/strong> y de <em><a href=\"https:\/\/asociacionlatinoamericanadeantropologia.net\/revistas\/index.php\/plural\/index\" target=\"_blank\" rel=\"noopener\"><strong>Plural. Antropolog\u00edas desde Am\u00e9rica Latina y del Caribe <\/strong><\/a><\/em>(dar click sobre las portadas para desplegar los archivos):<\/p>\n<p style=\"text-align: center;\"><strong><em>Plural. Bolet\u00edn de la Asociaci\u00f3n Latinoamericana de Antropolog\u00eda<\/em> n\u00famero 01 (octubre de 1992).<\/strong><\/p>\n<p><a href=\"https:\/\/asociacionlatinoamericanadeantropologia.net\/portal\/wp-content\/uploads\/2021\/01\/Plural_1.pdf\" target=\"_blank\" rel=\"noopener\"><img fetchpriority=\"high\" decoding=\"async\" class=\" size-full wp-image-254\" src=\"https:\/\/asociacionlatinoamericanadeantropologia.net\/portal\/wp-content\/uploads\/2021\/01\/Portada_Plural_1.jpg\" alt=\"Portada Plural 1\" width=\"314\" height=\"423\" style=\"display: block; margin-left: auto; margin-right: auto;\" srcset=\"https:\/\/asociacionlatinoamericanadeantropologia.net\/portal\/wp-content\/uploads\/2021\/01\/Portada_Plural_1.jpg 1050w, https:\/\/asociacionlatinoamericanadeantropologia.net\/portal\/wp-content\/uploads\/2021\/01\/Portada_Plural_1-222x300.jpg 222w, https:\/\/asociacionlatinoamericanadeantropologia.net\/portal\/wp-content\/uploads\/2021\/01\/Portada_Plural_1-768x1036.jpg 768w, https:\/\/asociacionlatinoamericanadeantropologia.net\/portal\/wp-content\/uploads\/2021\/01\/Portada_Plural_1-759x1024.jpg 759w\" sizes=\"(max-width: 314px) 100vw, 314px\" \/><\/a><\/p>\n<p style=\"text-align: center;\"><strong><em>Plural. Bolet\u00edn de la Asociaci\u00f3n Latinoamericana de Antropolog\u00eda<\/em> n\u00famero 02 (enero de 1993).<\/strong><\/p>\n<p><a href=\"https:\/\/asociacionlatinoamericanadeantropologia.net\/portal\/wp-content\/uploads\/2021\/01\/Plural_2.pdf\" target=\"_blank\" rel=\"noopener\"><img decoding=\"async\" class=\" size-full wp-image-257\" src=\"https:\/\/asociacionlatinoamericanadeantropologia.net\/portal\/wp-content\/uploads\/2021\/01\/Portada_Plural_2.jpg\" alt=\"Portada Plural 2\" width=\"318\" height=\"457\" style=\"display: block; margin-left: auto; margin-right: auto;\" srcset=\"https:\/\/asociacionlatinoamericanadeantropologia.net\/portal\/wp-content\/uploads\/2021\/01\/Portada_Plural_2.jpg 985w, https:\/\/asociacionlatinoamericanadeantropologia.net\/portal\/wp-content\/uploads\/2021\/01\/Portada_Plural_2-209x300.jpg 209w, https:\/\/asociacionlatinoamericanadeantropologia.net\/portal\/wp-content\/uploads\/2021\/01\/Portada_Plural_2-712x1024.jpg 712w, https:\/\/asociacionlatinoamericanadeantropologia.net\/portal\/wp-content\/uploads\/2021\/01\/Portada_Plural_2-768x1105.jpg 768w\" sizes=\"(max-width: 318px) 100vw, 318px\" \/><\/a><\/p>\n<p style=\"text-align: center;\"><strong><em>Plural. Bolet\u00edn de la Asociaci\u00f3n Latinoamericana de Antropolog\u00eda<\/em> n\u00famero 03 (julio de 1993).<\/strong><\/p>\n<p><a href=\"https:\/\/asociacionlatinoamericanadeantropologia.net\/portal\/wp-content\/uploads\/2021\/01\/Plural_3.pdf\" target=\"_blank\" rel=\"noopener\"><img decoding=\"async\" class=\" size-full wp-image-259\" src=\"https:\/\/asociacionlatinoamericanadeantropologia.net\/portal\/wp-content\/uploads\/2021\/01\/Portada_Plural_3.jpg\" alt=\"Portada Plural 3\" width=\"319\" height=\"458\" style=\"display: block; margin-left: auto; margin-right: auto;\" srcset=\"https:\/\/asociacionlatinoamericanadeantropologia.net\/portal\/wp-content\/uploads\/2021\/01\/Portada_Plural_3.jpg 986w, https:\/\/asociacionlatinoamericanadeantropologia.net\/portal\/wp-content\/uploads\/2021\/01\/Portada_Plural_3-209x300.jpg 209w, https:\/\/asociacionlatinoamericanadeantropologia.net\/portal\/wp-content\/uploads\/2021\/01\/Portada_Plural_3-768x1104.jpg 768w, https:\/\/asociacionlatinoamericanadeantropologia.net\/portal\/wp-content\/uploads\/2021\/01\/Portada_Plural_3-713x1024.jpg 713w\" sizes=\"(max-width: 319px) 100vw, 319px\" \/><\/a><\/p>\n<p style=\"text-align: center;\"><strong><em><em>Plural. Bolet\u00edn de la Asociaci\u00f3n Latinoamericana de Antropolog\u00eda<\/em> <\/em>n\u00famero 03 (julio de 1993).<\/strong><\/p>\n<p><a href=\"https:\/\/asociacionlatinoamericanadeantropologia.net\/portal\/wp-content\/uploads\/2021\/01\/Plural_4.pdf\" target=\"_blank\" rel=\"noopener\"><img loading=\"lazy\" decoding=\"async\" class=\" size-full wp-image-261\" src=\"https:\/\/asociacionlatinoamericanadeantropologia.net\/portal\/wp-content\/uploads\/2021\/01\/Portada_Plural_4.jpg\" alt=\"Portada Plural 4\" width=\"318\" height=\"467\" style=\"display: block; margin-left: auto; margin-right: auto;\" srcset=\"https:\/\/asociacionlatinoamericanadeantropologia.net\/portal\/wp-content\/uploads\/2021\/01\/Portada_Plural_4.jpg 964w, https:\/\/asociacionlatinoamericanadeantropologia.net\/portal\/wp-content\/uploads\/2021\/01\/Portada_Plural_4-204x300.jpg 204w, https:\/\/asociacionlatinoamericanadeantropologia.net\/portal\/wp-content\/uploads\/2021\/01\/Portada_Plural_4-768x1129.jpg 768w, https:\/\/asociacionlatinoamericanadeantropologia.net\/portal\/wp-content\/uploads\/2021\/01\/Portada_Plural_4-697x1024.jpg 697w\" sizes=\"(max-width: 318px) 100vw, 318px\" \/><\/a><\/p>\n<p style=\"text-align: center;\"><strong><em><\/em><em>Plural. N\u00famero Especial Plural, Bolet\u00edn de la Asociaci\u00f3n Latinoamericana de Antropolog\u00eda<\/em> (julio de 1997).<\/strong><\/p>\n<p><a href=\"https:\/\/asociacionlatinoamericanadeantropologia.net\/portal\/wp-content\/uploads\/2021\/01\/Plural_homenaje.pdf\" target=\"_blank\" rel=\"noopener\"><img loading=\"lazy\" decoding=\"async\" class=\" size-full wp-image-263\" src=\"https:\/\/asociacionlatinoamericanadeantropologia.net\/portal\/wp-content\/uploads\/2021\/01\/Portada_Plural_Especial.jpg\" alt=\"Portada Plural Especial\" width=\"316\" height=\"415\" style=\"display: block; margin-left: auto; margin-right: auto;\" srcset=\"https:\/\/asociacionlatinoamericanadeantropologia.net\/portal\/wp-content\/uploads\/2021\/01\/Portada_Plural_Especial.jpg 1080w, https:\/\/asociacionlatinoamericanadeantropologia.net\/portal\/wp-content\/uploads\/2021\/01\/Portada_Plural_Especial-229x300.jpg 229w, https:\/\/asociacionlatinoamericanadeantropologia.net\/portal\/wp-content\/uploads\/2021\/01\/Portada_Plural_Especial-768x1008.jpg 768w, https:\/\/asociacionlatinoamericanadeantropologia.net\/portal\/wp-content\/uploads\/2021\/01\/Portada_Plural_Especial-780x1024.jpg 780w\" sizes=\"(max-width: 316px) 100vw, 316px\" \/><\/a><\/p>\n<p>&nbsp;<\/p>\n<p>&nbsp;<\/p>\n<p>&nbsp;<\/p>\n<p>&nbsp;<\/p>\n","protected":false},"excerpt":{"rendered":"<p>La Asociaci\u00f3n Latinoamericana de Antropolog\u00eda (ALA) y el Comit\u00e9 Editorial de Plural. Antropolog\u00edas desde Am\u00e9rica Latina y del Caribe, revista de la ALA, comparte los archivos del Plural. Bolet\u00edn de la Asociaci\u00f3n Latinoamericana de Antropolog\u00eda, editado por los\/as fundadores\/as de la ALA desde 1993 hasta 1997. He aqu\u00ed el acceso a los PDF de estos &hellip;<\/p>\n<p class=\"read-more\"> <a class=\"\" href=\"https:\/\/asociacionlatinoamericanadeantropologia.net\/portal\/boletin-plural-1992-1997\/\"> <span class=\"screen-reader-text\">Bolet\u00edn Plural<\/span> Leer m\u00e1s &raquo;<\/a><\/p>\n","protected":false},"author":1,"featured_media":254,"parent":0,"menu_order":0,"comment_status":"closed","ping_status":"closed","template":"","meta":{"site-sidebar-layout":"default","site-content-layout":"default","ast-main-header-display":"","ast-hfb-above-header-display":"","ast-hfb-below-header-display":"","ast-hfb-mobile-header-display":"","site-post-title":"","ast-breadcrumbs-content":"","ast-featured-img":"","footer-sml-layout":"","theme-transparent-header-meta":"","adv-header-id-meta":"","stick-header-meta":"","header-above-stick-meta":"","header-main-stick-meta":"","header-below-stick-meta":"","footnotes":""},"categories":[],"tags":[],"class_list":["post-264","page","type-page","status-publish","has-post-thumbnail","hentry"],"_links":{"self":[{"href":"https:\/\/asociacionlatinoamericanadeantropologia.net\/portal\/wp-json\/wp\/v2\/pages\/264","targetHints":{"allow":["GET"]}}],"collection":[{"href":"https:\/\/asociacionlatinoamericanadeantropologia.net\/portal\/wp-json\/wp\/v2\/pages"}],"about":[{"href":"https:\/\/asociacionlatinoamericanadeantropologia.net\/portal\/wp-json\/wp\/v2\/types\/page"}],"author":[{"embeddable":true,"href":"https:\/\/asociacionlatinoamericanadeantropologia.net\/portal\/wp-json\/wp\/v2\/users\/1"}],"replies":[{"embeddable":true,"href":"https:\/\/asociacionlatinoamericanadeantropologia.net\/portal\/wp-json\/wp\/v2\/comments?post=264"}],"version-history":[{"count":0,"href":"https:\/\/asociacionlatinoamericanadeantropologia.net\/portal\/wp-json\/wp\/v2\/pages\/264\/revisions"}],"wp:featuredmedia":[{"embeddable":true,"href":"https:\/\/asociacionlatinoamericanadeantropologia.net\/portal\/wp-json\/wp\/v2\/media\/254"}],"wp:attachment":[{"href":"https:\/\/asociacionlatinoamericanadeantropologia.net\/portal\/wp-json\/wp\/v2\/media?parent=264"}],"wp:term":[{"taxonomy":"category","embeddable":true,"href":"https:\/\/asociacionlatinoamericanadeantropologia.net\/portal\/wp-json\/wp\/v2\/categories?post=264"},{"taxonomy":"post_tag","embeddable":true,"href":"https:\/\/asociacionlatinoamericanadeantropologia.net\/portal\/wp-json\/wp\/v2\/tags?post=264"}],"curies":[{"name":"wp","href":"https:\/\/api.w.org\/{rel}","templated":true}]}}