{"id":269,"date":"2021-03-03T00:57:54","date_gmt":"2021-03-03T00:57:54","guid":{"rendered":"https:\/\/asociacionlatinoamericanadeantropologia.net\/portal\/tres-gt-ala-desarrollaron-cinco-simposios-y-siete-mesas-redondas-y-paneles-en-cuatro-eventos-de-antropologia-en-los-ultimos-dos-anos\/"},"modified":"2022-03-04T02:13:05","modified_gmt":"2022-03-04T02:13:05","slug":"tres-gt-ala-desarrollaron-cinco-simposios-y-siete-mesas-redondas-y-paneles-en-cuatro-eventos-de-antropologia-en-los-ultimos-dos-anos","status":"publish","type":"page","link":"https:\/\/asociacionlatinoamericanadeantropologia.net\/portal\/tres-gt-ala-desarrollaron-cinco-simposios-y-siete-mesas-redondas-y-paneles-en-cuatro-eventos-de-antropologia-en-los-ultimos-dos-anos\/","title":{"rendered":"Tres GT ALA realizaron cinco simposios y siete mesas redondas y paneles en cuatro eventos de antropolog\u00eda en los \u00faltimos dos a\u00f1os"},"content":{"rendered":"<p style=\"text-align: justify;\">En sus informes de gesti\u00f3n de los a\u00f1os 2018-2020, tres <span style=\"color: #800000;\"><strong>Grupos de Trabajo<\/strong><\/span> (<span style=\"color: #800000;\"><strong>GT<\/strong><\/span>) de la <strong><span style=\"color: #800000;\">Asociaci\u00f3n Latinoamericana de Antropolog\u00eda<\/span><\/strong> (<span style=\"color: #800000;\"><strong>ALA<\/strong><\/span>) desarrollaron cinco simposios, as\u00ed como siete mesas redondas y paneles en cuatro eventos antropol\u00f3gicos de car\u00e1cter nacional, regional e internacional.<br \/>Adem\u00e1s, integrantes tanto del <span style=\"color: #800000;\"><strong>GT Antropologia do Estado e das Institui\u00e7\u00f5es<\/strong><\/span>, coordinado por <strong><span style=\"color: #800000;\">Carlos de Souza Lima<\/span><\/strong> (UFRJ, Brasil), como del <span style=\"color: #800000;\"><strong>GT Antropolog\u00eda de la biopol\u00edtica<\/strong><\/span>, coordinado por <span style=\"color: #800000;\"><strong>Leticia Katzer<\/strong><\/span> (Universidad de Aconcagua, Argentina), han tenido visibilidad con la publicaci\u00f3n de once libros y cinco dosieres sobre sus l\u00edneas de investigaci\u00f3n en revistas de la regi\u00f3n. Para este a\u00f1o 2021 se encuentran planificando m\u00e1s n\u00fameros tem\u00e1ticos en publicaciones peri\u00f3dicas latinoamericanas.<br \/>Adem\u00e1s, el <span style=\"color: #800000;\"><strong>GT Cat\u00e1logo latinoamericano de tesis en Antropolog\u00eda Social<\/strong><\/span>, coordinado por <span style=\"color: #800000;\"><strong>Roberto Melville<\/strong><\/span> (CIESAS, M\u00e9xico), ha logrado la publicaci\u00f3n de los datos de <span style=\"color: #800000;\"><strong>21.318 tesis<\/strong><\/span> de pre y postgrado (maestr\u00eda y doctorado) realizadas en <strong><span style=\"color: #800000;\">nueve pa\u00edses latinoamericano<\/span><span style=\"color: #800000;\">s<\/span><\/strong>: M\u00e9xico, Guatemala, El Salvador, Colombia, Ecuador, Chile, Uruguay, Brasil y Venezuela. Este universo lo integran investigaciones publicadas en 90 instituciones antropol\u00f3gicas durante 75 a\u00f1os (de 1945 a 2019). Se pueden revisar gratuitamente <strong><a href=\"https:\/\/antropotesis.alterum.info\/\" target=\"_blank\" rel=\"noopener\"><span style=\"color: #800000;\">AQU\u00cd<\/span><\/a><\/strong>.<\/p>\n<p><!--more--><\/p>\n<p><img fetchpriority=\"high\" decoding=\"async\" class=\" size-full wp-image-265\" src=\"https:\/\/asociacionlatinoamericanadeantropologia.net\/portal\/wp-content\/uploads\/2021\/03\/Pagina_Catalogo.png\" alt=\"P\u00e1gina Cat\u00e1logo\" width=\"704\" height=\"379\" style=\"display: block; margin-left: auto; margin-right: auto;\" srcset=\"https:\/\/asociacionlatinoamericanadeantropologia.net\/portal\/wp-content\/uploads\/2021\/03\/Pagina_Catalogo.png 1181w, https:\/\/asociacionlatinoamericanadeantropologia.net\/portal\/wp-content\/uploads\/2021\/03\/Pagina_Catalogo-300x162.png 300w, https:\/\/asociacionlatinoamericanadeantropologia.net\/portal\/wp-content\/uploads\/2021\/03\/Pagina_Catalogo-1024x552.png 1024w, https:\/\/asociacionlatinoamericanadeantropologia.net\/portal\/wp-content\/uploads\/2021\/03\/Pagina_Catalogo-768x414.png 768w\" sizes=\"(max-width: 704px) 100vw, 704px\" \/><\/p>\n<p style=\"text-align: center;\">&nbsp;<strong>Leyenda:<\/strong> <em>Home<\/em> del sitio web del GT Cat\u00e1logo latinoamericano de tesis en Antropolog\u00edas Social.<\/p>\n<p>&nbsp;<\/p>\n<p style=\"text-align: justify;\"><span style=\"font-size: 14pt;\"><strong>GT ALA presentes en cinco eventos<\/strong><\/span><br \/>El <span style=\"color: #800000;\"><strong>GT Antropologia do Estado e das Institui\u00e7\u00f5es<\/strong><\/span> estuvo en tres paneles durante el <strong><a href=\"https:\/\/www.iuaes2018.org\/\" target=\"_blank\" rel=\"noopener\">18\u00b0 Congreso Mundial de la International Union of Anthropological and Ethnological Sciences<\/a><\/strong> (IUAES) 2018, celebrado en Brasil: el panel abierto <strong>\u201cAntropolog\u00eda de los Estados contempor\u00e1neos: instituciones de la administraci\u00f3n p\u00fablica, gesti\u00f3n de poblaciones y producci\u00f3n simb\u00f3lica de la centralidad estatal\u201d<\/strong>, con la participaci\u00f3n de Laura Navallo y de Souza Lima; el panel <strong>\u201cO \u00abind\u00edgena\u00bb em perspectiva comparada: pensando contextos latino-americanos e africanos\u201d<\/strong>, coordinado por Mar\u00eda Barroso; y el panel <strong>\u201cMigration and displacements\u201d<\/strong>, dirigido por \u00c1ngela Facundo.<br \/>Un a\u00f1o luego, de Souza Lima y Carla Teixeira presentaron el panel <strong>\u201cA institucionaliza\u00e7\u00e3o da antropologia: desafios, realiza\u00e7\u00f5es e perspectivas\u201d<\/strong>, durante el <a href=\"http:\/\/apa2019.apantropologia.org\/en\/\" target=\"_blank\" rel=\"noopener\"><strong>VII Congreso de la Asociaci\u00f3n Portuguesa de Antropolog\u00eda<\/strong><\/a>, celebrado en Lisboa, Portugal. Y tambi\u00e9n ese a\u00f1o este mismo GT ALA estuvo presente en la <a href=\"https:\/\/www.31rba.abant.org.br\/espanol\" target=\"_blank\" rel=\"noopener\"><strong>31\u00b0 Reuni\u00f3n Brasile\u00f1a de Antropolog\u00eda<\/strong><\/a> (RBA) 2019, con la organizaci\u00f3n del simposio especial <strong>\u201cDesregula\u00e7\u00e3o ambiental e seus efeitos sociais: desafios para uma antropologia em a\u00e7\u00e3o\u201d<\/strong>, coordinado por Andrea Zhouri, Raquel Oliveira y Deborah Bronz.<br \/>En 2020, Deborah Bronz y Andrea Zhouri, miembros del GT, coordinaron el simposio especial <strong>\u201cDireitos dos Povos Tradicionais e Antropologia na atual conjuntura brasileira: amea\u00e7as e perspectivas\u201d<\/strong>, durante la <a href=\"https:\/\/www.32rba.abant.org.br\/\" target=\"_blank\" rel=\"noopener\"><strong>32\u00ba Reuni\u00f3n Brasilera de Antropolog\u00eda 2020<\/strong><\/a>.<br \/>En el <a href=\"https:\/\/ala2020.com.uy\/\" target=\"_blank\" rel=\"noopener\"><strong>VI Congreso de ALA<\/strong><\/a>, realizado del 23 al 28 de noviembre del 2020 en modalidad virtual, estos tres GT ALA dinamizaron este evento al presentarse en dos simposios y dos mesas redondas, cumpliendo con el numeral 9 del <a href=\"https:\/\/drive.google.com\/file\/d\/1NPNfoKPVC7Jr5ZYzBRpWwW29O3ZVPKl8\/view\" target=\"_blank\" rel=\"noopener\"><strong>Reglamento para la creaci\u00f3n y operaci\u00f3n de Grupos de Trabajo de la ALA<\/strong><\/a>, el cual establece que dichos grupos tendr\u00e1n que preparar y realizar un simposio en los congresos ALA.<br \/>En representaci\u00f3n del <span style=\"color: #800000;\"><strong>GT Antropologia do Estado e das Institui\u00e7\u00f5es<\/strong><\/span>, Mar\u00eda Cecilia D\u00edaz, Mar\u00eda Gabriela Lugones, Silvia Agui\u00e3o (integrantes del GT) y Luc\u00eda Tagmanini, coordinaron el simposio <strong>\u201cGestiones y pr\u00e1cticas de gobierno en clave antropol\u00f3gica\u201d<\/strong> en el <a href=\"https:\/\/ala2020.com.uy\/\" target=\"_blank\" rel=\"noopener\"><strong>VI Congreso de ALA<\/strong><\/a>, mientras que el <span style=\"color: #800000;\"><strong>GT Antropolog\u00eda de la biopol\u00edtica<\/strong><\/span> particip\u00f3 en las mesas redondas <strong>\u201cEtnograf\u00edas colaborativas y comprometidas\u201d<\/strong> y \u201c<strong>Antropolog\u00eda de la biopol\u00edtica. Etnograf\u00edas de la gubernamentalidad\u201d<\/strong>. Por su parte, el <strong><span style=\"color: #800000;\">GT Cat\u00e1logo latinoamericano de tesis en Antropolog\u00eda Social<\/span><\/strong> organiz\u00f3 un simposio con su mismo nombre.<\/p>\n<p style=\"text-align: justify;\">&nbsp;<\/p>\n<p style=\"text-align: justify;\"><span style=\"font-size: 14pt;\"><strong>Publicaciones de los GT ALA<\/strong><\/span><br \/>En el per\u00edodo 2018-2020, los <span style=\"color: #800000;\"><strong>Grupos de Trabajo<\/strong><\/span> (<span style=\"color: #800000;\"><strong>GT<\/strong><\/span>) de <span style=\"color: #800000;\"><strong>ALA<\/strong><\/span> cumplieron una labor destacada en la divulgaci\u00f3n escrita de sus resultados de investigaci\u00f3n.<br \/>El <span style=\"color: #800000;\"><strong>GT Antropolog\u00eda de la biopol\u00edtica<\/strong><\/span> organiz\u00f3 dos dosieres tem\u00e1ticos en la revista colombiana <em><strong>Tabula Rasa<\/strong><\/em>, ambos coordinados por Leticia Katzer: uno relacionado con <a href=\"https:\/\/www.revistatabularasa.org\/numero34\/\" target=\"_blank\" rel=\"noopener\"><strong>\u201cAntropolog\u00eda de la biopol\u00edtica, etnograf\u00edas de la gubernamentalidad\u201d<\/strong><\/a> (n\u00famero 34, abril-junio 2020), con trece art\u00edculos de Argentina, Colombia, Alemania, Venezuela, Espa\u00f1a y M\u00e9xico. El segundo dosier se titul\u00f3 <a href=\"https:\/\/www.revistatabularasa.org\/numero37\/\" target=\"_blank\" rel=\"noopener\"><strong>\u201cAntropolog\u00eda del nomadismo\u201d<\/strong><\/a> (n\u00famero 37, enero-marzo 2021), con trece contribuciones de Espa\u00f1a, Chile, M\u00e9xico, Colombia, Argentina y Venezuela.<\/p>\n<p style=\"text-align: center;\"><img decoding=\"async\" class=\" size-full wp-image-266\" src=\"https:\/\/asociacionlatinoamericanadeantropologia.net\/portal\/wp-content\/uploads\/2021\/03\/Tabula_rasa_34.jpg\" alt=\"Tabula rasa 34\" width=\"314\" height=\"422\" srcset=\"https:\/\/asociacionlatinoamericanadeantropologia.net\/portal\/wp-content\/uploads\/2021\/03\/Tabula_rasa_34.jpg 702w, https:\/\/asociacionlatinoamericanadeantropologia.net\/portal\/wp-content\/uploads\/2021\/03\/Tabula_rasa_34-223x300.jpg 223w\" sizes=\"(max-width: 314px) 100vw, 314px\" \/> <img decoding=\"async\" class=\" size-full wp-image-267\" src=\"https:\/\/asociacionlatinoamericanadeantropologia.net\/portal\/wp-content\/uploads\/2021\/03\/Tabula_rasa_37.jpg\" alt=\"Tabula rasa 37\" width=\"318\" height=\"423\" srcset=\"https:\/\/asociacionlatinoamericanadeantropologia.net\/portal\/wp-content\/uploads\/2021\/03\/Tabula_rasa_37.jpg 710w, https:\/\/asociacionlatinoamericanadeantropologia.net\/portal\/wp-content\/uploads\/2021\/03\/Tabula_rasa_37-225x300.jpg 225w\" sizes=\"(max-width: 318px) 100vw, 318px\" \/><br \/><strong>Leyenda:<\/strong> Dosieres tem\u00e1ticos del GT Antropolog\u00eda de la biopol\u00edtica en la revista <em>Tabula Rasa<\/em>.<\/p>\n<p style=\"text-align: justify;\">El <strong>GT Antropologia do Estado e das Institui\u00e7\u00f5es<\/strong>, que cuenta con coordinaciones en Brasil, Argentina y M\u00e9xico, tambi\u00e9n planific\u00f3 dos dosieres tem\u00e1ticos en revistas cient\u00edficas.<br \/>El primero titulado <a href=\"https:\/\/periodicos.uff.br\/antropolitica\/issue\/view\/2238\" target=\"_blank\" rel=\"noopener\"><strong>\u201cEstado, desregula\u00e7\u00e3o ambiental e luta direitos no Brasil\u201d<\/strong><\/a>, coordinado por Deborah Bronz, Andrea Zhouri y Edna Castro, publicado en <strong><em>Antropol\u00edtica: Revista Contempor\u00e2nea de Antropologia<\/em><\/strong> (volumen 49, 2020); mientras que el segundo, <a href=\"https:\/\/periodicos.ufrn.br\/vivencia\/issue\/view\/1086\" target=\"_blank\" rel=\"noopener\"><strong>\u201cMobilidades e fronteiras: perspectivas antropol\u00f3gicas feministas para uma mirada interseccional\u201d<\/strong><\/a>, dirigido por \u00c1ngela Facundo, Nat\u00e1lia Padovani y Camila Esguerra, fue publicado en la revista <strong><em>Viv\u00eancia<\/em><\/strong> (n\u00famero 56, volumen 1, 2020).<\/p>\n<p style=\"text-align: center;\"><img loading=\"lazy\" decoding=\"async\" class=\" size-full wp-image-268\" src=\"https:\/\/asociacionlatinoamericanadeantropologia.net\/portal\/wp-content\/uploads\/2021\/03\/Revista_Antropolitica.jpg\" alt=\"Revista Antropol\u00edtica\" width=\"314\" height=\"451\" srcset=\"https:\/\/asociacionlatinoamericanadeantropologia.net\/portal\/wp-content\/uploads\/2021\/03\/Revista_Antropolitica.jpg 740w, https:\/\/asociacionlatinoamericanadeantropologia.net\/portal\/wp-content\/uploads\/2021\/03\/Revista_Antropolitica-209x300.jpg 209w, https:\/\/asociacionlatinoamericanadeantropologia.net\/portal\/wp-content\/uploads\/2021\/03\/Revista_Antropolitica-713x1024.jpg 713w\" sizes=\"(max-width: 314px) 100vw, 314px\" \/><br \/><strong>Leyenda:<\/strong> Dosier tem\u00e1tico del GT Antropologia do Estado e das Institui\u00e7\u00f5es en la revista <em>Antropol\u00edtica<\/em>.<\/p>\n<p style=\"text-align: justify;\">Para el a\u00f1o 2021 los tres GT de la ALA se encuentran planificando dosieres tem\u00e1ticos en distintas revistas latinoamericanas.<br \/>Igualmente destaca la producci\u00f3n editorial del <span style=\"color: #800000;\"><strong>GT Antropologia do Estado e das Institui\u00e7\u00f5es<\/strong><\/span> con la publicaci\u00f3n de <strong>once libros<\/strong>, los cuales nombramos a continuaci\u00f3n:<br \/>(1) <em><strong>A antropologia e a esfera p\u00fablica no Brasil. Perspectivas e Prospectivas sobre a Associa\u00e7\u00e3o Brasileira de Antropologia no seu 60\u00ba Anivers\u00e1rio. Volumen I<\/strong><\/em>, organizado por Souza Lima, JF Beltr\u00e3o, Andrea De Souza Lobo, SRR Castilho, PM Lacerda, P. Osorio (2018).<br \/>(2) <em><strong>Fazer-se no \u201cEstado\u201d: uma etnografia sobre o processo de constitui\u00e7\u00e3o dos \u201cLGBT\u201d como sujeitos de direitos no Brasil contempor\u00e2neo<\/strong><\/em>, de Silvia Agui\u00e3o (2018, Eduerj\/CLAM\/FAPESP).<br \/>(3) <em><strong>Processos formativos em gest\u00e3o territorial ind\u00edgena no Brasil: experi\u00eancias, desafios e a implementa\u00e7\u00e3o da Pol\u00edtica Nacional de Gest\u00e3o Territorial e Ambiental de Terras Ind\u00edgenas (PNGATI)<\/strong><\/em>, organizado por Souza Lima y Bruno Pacheco de Oliveira (2019, M\u00f3rula).<br \/>(4) <em><strong>Pessoas em movimento: pr\u00e1ticas de gest\u00e3o, categorias de direito e ag\u00eancias<\/strong><\/em>, organizado por \u00c1ngela Facundo junto a Sonia Hamid y Bahia Munem (2019, Funda\u00e7\u00e3o Casa de Rui Barbosa\/7Letras)<br \/>(5) <em><strong>Etnografia das Institui\u00e7\u00f5es e das Pr\u00e1ticas de Poder<\/strong><\/em>, organizado por Carla Teixeira, Andr\u00e9a Lobo y Luiz Eduardo Abreu (2019, Laboratorio de Etnograf\u00eda de las Instituciones y de las Pr\u00e1cticas de Poder).<br \/>(6) <em><strong>Administra\u00e7\u00e3o de conflitos no espa\u00e7o escolar: estudos interdisciplinare<\/strong><strong>s<\/strong><\/em>, de Boris Maia y Marcos Verissimo (2019, Autografia).<br \/>(7) <em><strong>Vida de escola: uma etnografia sobre carisma e autoridade na educa\u00e7\u00e3o<\/strong><\/em>, de Boris Maia (2019 , Eduff).<br \/>(8) <em><strong>O Benepl\u00e1cito da Desigualdade: breve digress\u00e3o sobre o racismo e outros textos sobre quest\u00f5es \u00e9tnicorraciais\/Giralda Seyferth<\/strong><\/em>, organizado por Souza Lima, Miriam de Oliveira Santos e Raquel Sant\u2019Ana (2020, Editora 7Letras).<br \/>(9) <em><strong>IPEA \u2013 etnografia de uma institui\u00e7\u00e3o. Institui\u00e7\u00f5es<\/strong><\/em>, de Carla Teixeira y Sergio Castilho (2020, ABA\/AFIPEA).<br \/>(10) <em><strong>Antropologia, coopera\u00e7\u00e3o internacional e processos de forma\u00e7\u00e3o de Estado: entre pr\u00e1ticas de governo e pr\u00e1ticas da pol\u00edtica<\/strong><\/em>, de Maria Macedo Barroso e Carla Susana Al\u00e9m Abrantes (2020, Associa\u00e7\u00e3o Brasileira de Antropologia).<br \/>(11) <em><strong>Antropologia e Estado: estudos sobre pr\u00e1ticas de poder e imagina\u00e7\u00e3o social<\/strong><\/em>, compilado por Souza Lima y Caio Gon\u00e7alves Dias (2021, Editora 7Letras).<\/p>\n<p style=\"text-align: justify;\">Para profundizar sobre los <strong><span style=\"color: #800000;\">Grupos de Trabajo de la ALA<\/span><\/strong>, invitamos a dar click <span style=\"color: #800000;\"><a href=\"https:\/\/asociacionlatinoamericanadeantropologia.net\/index.php\/2016-03-16-03-49-05\" target=\"_blank\" rel=\"noopener\" style=\"color: #800000;\"><strong>AQU\u00cd<\/strong><\/a><\/span>.<\/p>\n","protected":false},"excerpt":{"rendered":"<p>En sus informes de gesti\u00f3n de los a\u00f1os 2018-2020, tres Grupos de Trabajo (GT) de la Asociaci\u00f3n Latinoamericana de Antropolog\u00eda (ALA) desarrollaron cinco simposios, as\u00ed como siete mesas redondas y paneles en cuatro eventos antropol\u00f3gicos de car\u00e1cter nacional, regional e internacional.Adem\u00e1s, integrantes tanto del GT Antropologia do Estado e das Institui\u00e7\u00f5es, coordinado por Carlos de &hellip;<\/p>\n<p class=\"read-more\"> <a class=\"\" href=\"https:\/\/asociacionlatinoamericanadeantropologia.net\/portal\/tres-gt-ala-desarrollaron-cinco-simposios-y-siete-mesas-redondas-y-paneles-en-cuatro-eventos-de-antropologia-en-los-ultimos-dos-anos\/\"> <span class=\"screen-reader-text\">Tres GT ALA realizaron cinco simposios y siete mesas redondas y paneles en cuatro eventos de antropolog\u00eda en los \u00faltimos dos a\u00f1os<\/span> Leer m\u00e1s &raquo;<\/a><\/p>\n","protected":false},"author":1,"featured_media":265,"parent":0,"menu_order":14,"comment_status":"closed","ping_status":"closed","template":"","meta":{"site-sidebar-layout":"default","site-content-layout":"default","ast-main-header-display":"","ast-hfb-above-header-display":"","ast-hfb-below-header-display":"","ast-hfb-mobile-header-display":"","site-post-title":"","ast-breadcrumbs-content":"","ast-featured-img":"","footer-sml-layout":"","theme-transparent-header-meta":"","adv-header-id-meta":"","stick-header-meta":"","header-above-stick-meta":"","header-main-stick-meta":"","header-below-stick-meta":"","footnotes":""},"categories":[1],"tags":[],"class_list":["post-269","page","type-page","status-publish","has-post-thumbnail","hentry","category-noticias"],"_links":{"self":[{"href":"https:\/\/asociacionlatinoamericanadeantropologia.net\/portal\/wp-json\/wp\/v2\/pages\/269","targetHints":{"allow":["GET"]}}],"collection":[{"href":"https:\/\/asociacionlatinoamericanadeantropologia.net\/portal\/wp-json\/wp\/v2\/pages"}],"about":[{"href":"https:\/\/asociacionlatinoamericanadeantropologia.net\/portal\/wp-json\/wp\/v2\/types\/page"}],"author":[{"embeddable":true,"href":"https:\/\/asociacionlatinoamericanadeantropologia.net\/portal\/wp-json\/wp\/v2\/users\/1"}],"replies":[{"embeddable":true,"href":"https:\/\/asociacionlatinoamericanadeantropologia.net\/portal\/wp-json\/wp\/v2\/comments?post=269"}],"version-history":[{"count":1,"href":"https:\/\/asociacionlatinoamericanadeantropologia.net\/portal\/wp-json\/wp\/v2\/pages\/269\/revisions"}],"predecessor-version":[{"id":394,"href":"https:\/\/asociacionlatinoamericanadeantropologia.net\/portal\/wp-json\/wp\/v2\/pages\/269\/revisions\/394"}],"wp:featuredmedia":[{"embeddable":true,"href":"https:\/\/asociacionlatinoamericanadeantropologia.net\/portal\/wp-json\/wp\/v2\/media\/265"}],"wp:attachment":[{"href":"https:\/\/asociacionlatinoamericanadeantropologia.net\/portal\/wp-json\/wp\/v2\/media?parent=269"}],"wp:term":[{"taxonomy":"category","embeddable":true,"href":"https:\/\/asociacionlatinoamericanadeantropologia.net\/portal\/wp-json\/wp\/v2\/categories?post=269"},{"taxonomy":"post_tag","embeddable":true,"href":"https:\/\/asociacionlatinoamericanadeantropologia.net\/portal\/wp-json\/wp\/v2\/tags?post=269"}],"curies":[{"name":"wp","href":"https:\/\/api.w.org\/{rel}","templated":true}]}}