{"id":276,"date":"2021-05-19T22:37:55","date_gmt":"2021-05-19T22:37:55","guid":{"rendered":"https:\/\/asociacionlatinoamericanadeantropologia.net\/portal\/invitacion-al-conversatorio-congreso-iuaes-ala-colombia-en-llamas\/"},"modified":"2022-03-04T02:12:37","modified_gmt":"2022-03-04T02:12:37","slug":"invitacion-al-conversatorio-congreso-iuaes-ala-colombia-en-llamas","status":"publish","type":"page","link":"https:\/\/asociacionlatinoamericanadeantropologia.net\/portal\/invitacion-al-conversatorio-congreso-iuaes-ala-colombia-en-llamas\/","title":{"rendered":"Te invitamos al Conversatorio Congreso IUAES-ALA Colombia en llamas"},"content":{"rendered":"<p><img fetchpriority=\"high\" decoding=\"async\" class=\" size-full wp-image-275\" src=\"https:\/\/asociacionlatinoamericanadeantropologia.net\/portal\/wp-content\/uploads\/2021\/05\/IUAES_26_Mayo_-_Colombia_en_Llamas.png\" alt=\"IUAES 26 Mayo Colombia en Llamas\" width=\"382\" height=\"382\" style=\"display: block; margin-left: auto; margin-right: auto;\" srcset=\"https:\/\/asociacionlatinoamericanadeantropologia.net\/portal\/wp-content\/uploads\/2021\/05\/IUAES_26_Mayo_-_Colombia_en_Llamas.png 1080w, https:\/\/asociacionlatinoamericanadeantropologia.net\/portal\/wp-content\/uploads\/2021\/05\/IUAES_26_Mayo_-_Colombia_en_Llamas-150x150.png 150w, https:\/\/asociacionlatinoamericanadeantropologia.net\/portal\/wp-content\/uploads\/2021\/05\/IUAES_26_Mayo_-_Colombia_en_Llamas-300x300.png 300w, https:\/\/asociacionlatinoamericanadeantropologia.net\/portal\/wp-content\/uploads\/2021\/05\/IUAES_26_Mayo_-_Colombia_en_Llamas-768x768.png 768w, https:\/\/asociacionlatinoamericanadeantropologia.net\/portal\/wp-content\/uploads\/2021\/05\/IUAES_26_Mayo_-_Colombia_en_Llamas-1024x1024.png 1024w\" sizes=\"(max-width: 382px) 100vw, 382px\" \/><\/p>\n<p style=\"text-align: justify;\">El <strong>Comit\u00e9 Organizador<\/strong> del <strong>Congreso de la Uni\u00f3n Internacional de Ciencias Antropol\u00f3gicas y Etnol\u00f3gicas<\/strong> (<strong>IUAES<\/strong>) y la <strong>Comisi\u00f3n Directiva<\/strong> de la <strong>Asociaci\u00f3n Latinoamericana de Antropolog\u00eda<\/strong> (<strong>ALA<\/strong>) te invitan a la <strong>conversaci\u00f3n: Colombia en llamas<\/strong>, a realizarse el mi\u00e9rcoles 26 de mayo del 2021 a las 15:00 horas de Colombia.<br \/>Se contar\u00e1 con la valiosa participaci\u00f3n de <strong>Alhena Caicedo<\/strong> (Universidad de los Andes, Bogot\u00e1), <strong>Mauricio Caviedes<\/strong> (presidente de la Asociaci\u00f3n Colombiana de Antropolog\u00eda\/ACANT-Pontificia Universidad Javeriana, Bogot\u00e1), <strong>Carlos Arturo Duarte<\/strong> (Instituto de Estudios Interculturales-Universidad Javeriana de Cali) y <strong>Eduardo Restrepo<\/strong> (ACANT, Bogot\u00e1). Dicho conversatorio se encontrar\u00e1 <strong>moderado<\/strong> por <strong>L\u00eda Ferrero<\/strong> (presidenta de ALA) y <strong>Juli\u00e1n Montalvo<\/strong> (secretario de ALA).<\/p>\n<p><!--more--><\/p>\n<p style=\"text-align: justify;\">Desde el 28 de abril del 2021 se han generado <strong>protestas antigubernamentales<\/strong> en el pa\u00eds neogranadino, producto de una <strong>fallida reforma tributaria<\/strong> propuesta por el gobierno del <strong>presidente Iv\u00e1n Duque<\/strong> en plena recesi\u00f3n econ\u00f3mica debido a la <strong>pandemia por el COVID-19<\/strong>. Dicha propuesta fue finalmente retirada, pero la violencia de fuerzas p\u00fablicas para confrontar las manifestaciones ha dejado <strong>m\u00e1s de 20 fallecidxs y de 700 heridxs<\/strong> en poblaciones como Cali y Bogot\u00e1. Nuestrxs invitadxs se proponen a disertar, desde sus diferentes miradas, la genealog\u00eda de las protestas, la complejidad actual del pa\u00eds, sus consecuencias y el futuro de las articulaciones de los movimientos sociales.<\/p>\n<p style=\"text-align: justify;\">La <strong>transmisi\u00f3n<\/strong> se har\u00e1 <strong>en vivo<\/strong> por las <strong>redes sociales<\/strong> del <strong>Congreso IUAES 2021 Yucat\u00e1n<\/strong> y de manera simult\u00e1nea en la <strong>p\u00e1gina de Facebook<\/strong> de la <strong>ALA<\/strong>, les invitamos a sintonizar:<br \/><strong>Facebook Live:<\/strong><\/p>\n<p style=\"text-align: justify;\"><a href=\"https:\/\/www.facebook.com\/ALAantropologia\">https:\/\/www.facebook.com\/ALAantropologia<\/a><\/p>\n<p style=\"text-align: justify;\">\n<p style=\"text-align: justify;\"><strong>YouTube:<\/strong> <br \/><strong>Twitter:<\/strong> <\/p>\n","protected":false},"excerpt":{"rendered":"<p>El Comit\u00e9 Organizador del Congreso de la Uni\u00f3n Internacional de Ciencias Antropol\u00f3gicas y Etnol\u00f3gicas (IUAES) y la Comisi\u00f3n Directiva de la Asociaci\u00f3n Latinoamericana de Antropolog\u00eda (ALA) te invitan a la conversaci\u00f3n: Colombia en llamas, a realizarse el mi\u00e9rcoles 26 de mayo del 2021 a las 15:00 horas de Colombia.Se contar\u00e1 con la valiosa participaci\u00f3n de &hellip;<\/p>\n<p class=\"read-more\"> <a class=\"\" href=\"https:\/\/asociacionlatinoamericanadeantropologia.net\/portal\/invitacion-al-conversatorio-congreso-iuaes-ala-colombia-en-llamas\/\"> <span class=\"screen-reader-text\">Te invitamos al Conversatorio Congreso IUAES-ALA Colombia en llamas<\/span> Leer m\u00e1s &raquo;<\/a><\/p>\n","protected":false},"author":1,"featured_media":275,"parent":0,"menu_order":9,"comment_status":"closed","ping_status":"closed","template":"","meta":{"site-sidebar-layout":"default","site-content-layout":"default","ast-main-header-display":"","ast-hfb-above-header-display":"","ast-hfb-below-header-display":"","ast-hfb-mobile-header-display":"","site-post-title":"","ast-breadcrumbs-content":"","ast-featured-img":"","footer-sml-layout":"","theme-transparent-header-meta":"","adv-header-id-meta":"","stick-header-meta":"","header-above-stick-meta":"","header-main-stick-meta":"","header-below-stick-meta":"","footnotes":""},"categories":[1],"tags":[],"class_list":["post-276","page","type-page","status-publish","has-post-thumbnail","hentry","category-noticias"],"_links":{"self":[{"href":"https:\/\/asociacionlatinoamericanadeantropologia.net\/portal\/wp-json\/wp\/v2\/pages\/276","targetHints":{"allow":["GET"]}}],"collection":[{"href":"https:\/\/asociacionlatinoamericanadeantropologia.net\/portal\/wp-json\/wp\/v2\/pages"}],"about":[{"href":"https:\/\/asociacionlatinoamericanadeantropologia.net\/portal\/wp-json\/wp\/v2\/types\/page"}],"author":[{"embeddable":true,"href":"https:\/\/asociacionlatinoamericanadeantropologia.net\/portal\/wp-json\/wp\/v2\/users\/1"}],"replies":[{"embeddable":true,"href":"https:\/\/asociacionlatinoamericanadeantropologia.net\/portal\/wp-json\/wp\/v2\/comments?post=276"}],"version-history":[{"count":1,"href":"https:\/\/asociacionlatinoamericanadeantropologia.net\/portal\/wp-json\/wp\/v2\/pages\/276\/revisions"}],"predecessor-version":[{"id":1112,"href":"https:\/\/asociacionlatinoamericanadeantropologia.net\/portal\/wp-json\/wp\/v2\/pages\/276\/revisions\/1112"}],"wp:featuredmedia":[{"embeddable":true,"href":"https:\/\/asociacionlatinoamericanadeantropologia.net\/portal\/wp-json\/wp\/v2\/media\/275"}],"wp:attachment":[{"href":"https:\/\/asociacionlatinoamericanadeantropologia.net\/portal\/wp-json\/wp\/v2\/media?parent=276"}],"wp:term":[{"taxonomy":"category","embeddable":true,"href":"https:\/\/asociacionlatinoamericanadeantropologia.net\/portal\/wp-json\/wp\/v2\/categories?post=276"},{"taxonomy":"post_tag","embeddable":true,"href":"https:\/\/asociacionlatinoamericanadeantropologia.net\/portal\/wp-json\/wp\/v2\/tags?post=276"}],"curies":[{"name":"wp","href":"https:\/\/api.w.org\/{rel}","templated":true}]}}