{"id":277,"date":"2021-06-15T03:49:38","date_gmt":"2021-06-15T03:49:38","guid":{"rendered":"https:\/\/asociacionlatinoamericanadeantropologia.net\/portal\/ala-saluda-las-nuevas-directivas-de-sus-organizaciones-miembros-en-argentina-brasil-mexico-y-uruguay\/"},"modified":"2022-03-04T02:20:54","modified_gmt":"2022-03-04T02:20:54","slug":"ala-saluda-las-nuevas-directivas-de-sus-organizaciones-miembros-en-argentina-brasil-mexico-y-uruguay","status":"publish","type":"page","link":"https:\/\/asociacionlatinoamericanadeantropologia.net\/portal\/ala-saluda-las-nuevas-directivas-de-sus-organizaciones-miembros-en-argentina-brasil-mexico-y-uruguay\/","title":{"rendered":"ALA saluda las nuevas directivas de sus organizaciones miembros en Argentina, Brasil, M\u00e9xico y Uruguay"},"content":{"rendered":"<p style=\"text-align: justify;\">La <strong>Asociaci\u00f3n Latinoamericana de Antropolog\u00eda<\/strong> (<strong>ALA<\/strong>) saluda a las <strong>nuevas directivas electas<\/strong> en cuatro de sus 13 organizaciones miembros: el <a href=\"https:\/\/www.cga.org.ar\/\" target=\"_blank\" rel=\"noopener\"><strong>Colegio de Graduados(as) en Antropolog\u00eda (CGA) de la Rep\u00fablica Argentina<\/strong><\/a>, presidida por <strong>Silvia Hirsch<\/strong>, quien repite en el cargo; la <a href=\"http:\/\/www.portal.abant.org.br\/\" target=\"_blank\" rel=\"noopener\"><strong>Associa\u00e7\u00e3o Brasileira de Antropologia (ABA)<\/strong><\/a>, dirigida por <strong>Patricia Birman<\/strong>; el <a href=\"https:\/\/www.ceas.org.mx\/\" target=\"_blank\" rel=\"noopener\"><strong>Colegio de Etn\u00f3logos y Antrop\u00f3logos Sociales (CEAS) S.A<\/strong><\/a>., en manos de <strong>Manuel Buenrostro Alba<\/strong> (M\u00e9xico); y la <a href=\"http:\/\/www.auas.org.uy\/\" target=\"_blank\" rel=\"noopener\"><strong>Asociaci\u00f3n Uruguaya de Antropolog\u00eda Social (AUAS)<\/strong><\/a>, con <strong>Mar\u00eda Noel Curbelo<\/strong> al frente.<br \/><strong>ALA<\/strong> extiende sus <strong>felicitaciones a las directivas salientes<\/strong> de estas cuatro organizaciones <strong>ALA<\/strong> y reconoce el trabajo para consolidarlas, especialmente a sus presidentas anteriores: <strong>Maria Filomena Gregori<\/strong> de la <strong>ABA<\/strong>, <strong>Martha Patricia Casta\u00f1eda<\/strong> del <strong>CEAS<\/strong> y <strong>Betty Francia<\/strong> de la <strong>AUAS<\/strong>.<\/p>\n<p><!--more--><\/p>\n<p>&nbsp;<\/p>\n<p style=\"text-align: justify;\"><span style=\"font-size: 14pt; color: #800000;\"><strong>CGA de la Rep\u00fablica Argentina renov\u00f3 todo su Consejo Directivo<\/strong><\/span><br \/>Dentro del <strong>Consejo Directivo 2020-2022<\/strong> del <a href=\"https:\/\/www.cga.org.ar\/\" target=\"_blank\" rel=\"noopener\"><strong>CGA de la Rep\u00fablica Argentina<\/strong><\/a>, bajo la presidencia de <strong>Hirsch<\/strong>, se encuentran <strong>Marilyn Cebolla Badie<\/strong> como vicepresidenta, <strong>Laura Piaggio<\/strong> como secretaria, <strong>Paula Lanusse<\/strong> como prosecretaria, en la tesorer\u00eda est\u00e1n <strong>Cecilia Zaffaroni<\/strong> y, como protesorero, <strong>Adrian Sotelo<\/strong>. En la Secretar\u00eda de Asuntos Acad\u00e9micos se encuentra <strong>Mariana Lorenzetti<\/strong>, mientras que en la de Asuntos Gremiales se ubica <strong>Adriana Serrudo<\/strong> y, en las de Extensi\u00f3n Cultural, Prensa y Difusi\u00f3n, y Relaciones Institucionales, <strong>Eva Muzzopappa<\/strong>, <strong>Agostina Gagliolo<\/strong> y <strong>Rita Allica<\/strong>, respectivamente.<br \/>Como consejera asesora del <a href=\"https:\/\/www.cga.org.ar\/\" target=\"_blank\" rel=\"noopener\"><strong>CGA de la Rep\u00fablica Argentina<\/strong><\/a> logr\u00f3 adjudicarse el cargo <strong>Valentina Ahumada<\/strong> y, como consejeras suplentes, <strong>B\u00e1rbara Galarza<\/strong>, <strong>Br\u00edgida Renoldi<\/strong> y <strong>Sof\u00eda Ambrogi<\/strong>. En la Comisi\u00f3n Revisora de Cuentas se encuentran <strong>B\u00e1rbara Betsab\u00e9 Mart\u00ednez<\/strong>, <strong>Paula Reiter<\/strong> y <strong>Soledad Gesteira<\/strong>. Como directora de la revista <em><a href=\"https:\/\/ppct.caicyt.gov.ar\/index.php\/publicar\/index\" target=\"_blank\" rel=\"noopener\"><strong>Publicar<\/strong><\/a><\/em> fue designada <strong>Diana Lenton<\/strong> y, como editora, <strong>B\u00e1rbara Galarza<\/strong>, acompa\u00f1adas ambas de un comit\u00e9 editorial integrado por <strong>L\u00eda Ferrero<\/strong>, <strong>Agostina Gagliolo<\/strong>, <strong>Mar\u00eda Emilia Sabatella<\/strong>, <strong>Sandra Tolosa<\/strong> y <strong>Ramiro Fern\u00e1ndez Unsain<\/strong>. Por su parte, en el <strong>Ciclo Trayectorias<\/strong> est\u00e1n <strong>Soledad Gesteira<\/strong> y<strong> Soledad Torres Ag\u00fcero<\/strong>.<\/p>\n<p>&nbsp;<\/p>\n<p style=\"text-align: justify;\"><span style=\"font-size: 14pt; color: #800000;\"><strong>Nuevo directorio en ABA<\/strong><\/span><br \/>El <strong>Diretoria ABA 2021-2022<\/strong> qued\u00f3 presidido por <strong>Birman<\/strong>, con el acompa\u00f1amiento de <strong>Cornelia Eckert<\/strong> como vice-presidenta, <strong>Carla Costa Teixeira<\/strong> en la Secretaria Geral, <strong>Carly Barboza Machado<\/strong> en la Secretaria Adjunta, <strong>Andrea de Souza Lobo<\/strong> en la Tesoureira y <strong>Camilo Albuquerque de Braz<\/strong> como Tesoureiro Adjunto. Quedaron como directorxs: <strong>Fabio Mura<\/strong>, <strong>Patr\u00edcia Maria Portela Nunes<\/strong>, <strong>Jo\u00e3o Frederico Rickli<\/strong> y <strong>Luciana de Oliveira Dias<\/strong>.<\/p>\n<p>&nbsp;<\/p>\n<p style=\"text-align: justify;\"><span style=\"font-size: 14pt; color: #800000;\"><strong>Se renov\u00f3 el Consejo Directivo del CEAS<\/strong><\/span><br \/>En M\u00e9xico, el <strong>Consejo Directivo del CEAS 2021-2023<\/strong> se encuentra conformado por <strong>Buenrostro Alba<\/strong> como presidente, <strong>Irena Ju\u00e1rez Ortiz<\/strong> en la Vicepresidencia, <strong>Alejandro V\u00e1zquez Estrada<\/strong> como titular de la Secretar\u00eda de Organizaci\u00f3n y, como su suplente, <strong>Antonio Higuera Bonfil<\/strong>. Mientras, <strong>\u00c1ngeles L\u00f3pez Santill\u00e1n<\/strong> asumi\u00f3 como titular de la Secretar\u00eda T\u00e9cnica y, como suplente, <strong>David Madrigal Gonz\u00e1lez<\/strong>. Como titular en la Tesorer\u00eda qued\u00f3 electo <strong>Nicol\u00e1s Olivos Santoyo<\/strong> y, en la Subtesorer\u00eda, <strong>Artemia Fabre Zarandona<\/strong>.<\/p>\n<p>&nbsp;<\/p>\n<p style=\"text-align: justify;\"><span style=\"font-size: 14pt; color: #800000;\"><strong>AUAS cambi\u00f3 su Comisi\u00f3n<\/strong><\/span><br \/>Una nueva <strong>Comisi\u00f3n Directiva<\/strong> para el <strong>per\u00edodo 2021-2023<\/strong> fue electa en la <a href=\"http:\/\/www.auas.org.uy\/\" target=\"_blank\" rel=\"noopener\"><strong>AUAS<\/strong><\/a>, con <strong>Curbelo<\/strong> como presidenta, <strong>Inti Clavijo<\/strong> como vice-presidente, <strong>Fernanda Olivar<\/strong> como secretaria, <strong>Ant\u00eda Argui\u00f1arena<\/strong> en la Pro-Secretar\u00eda, <strong>Laura Ferdinand<\/strong> como tesorera, <strong>Lucia Abbadie<\/strong> como pro-tesorera y <strong>Betty Francia<\/strong> como vocal.<\/p>\n<p style=\"text-align: justify;\">La <strong>Comisi\u00f3n Fiscal<\/strong> actual de<a href=\"http:\/\/www.auas.org.uy\/\" target=\"_blank\" rel=\"noopener\"><strong> AUAS<\/strong><\/a> est\u00e1 integrada por<strong> Leticia Poliak<\/strong>, <strong>Florencia Sosa<\/strong> y <strong>Natalia Montealegre<\/strong>.<\/p>\n","protected":false},"excerpt":{"rendered":"<p>La Asociaci\u00f3n Latinoamericana de Antropolog\u00eda (ALA) saluda a las nuevas directivas electas en cuatro de sus 13 organizaciones miembros: el Colegio de Graduados(as) en Antropolog\u00eda (CGA) de la Rep\u00fablica Argentina, presidida por Silvia Hirsch, quien repite en el cargo; la Associa\u00e7\u00e3o Brasileira de Antropologia (ABA), dirigida por Patricia Birman; el Colegio de Etn\u00f3logos y Antrop\u00f3logos &hellip;<\/p>\n<p class=\"read-more\"> <a class=\"\" href=\"https:\/\/asociacionlatinoamericanadeantropologia.net\/portal\/ala-saluda-las-nuevas-directivas-de-sus-organizaciones-miembros-en-argentina-brasil-mexico-y-uruguay\/\"> <span class=\"screen-reader-text\">ALA saluda las nuevas directivas de sus organizaciones miembros en Argentina, Brasil, M\u00e9xico y Uruguay<\/span> Leer m\u00e1s &raquo;<\/a><\/p>\n","protected":false},"author":1,"featured_media":0,"parent":0,"menu_order":8,"comment_status":"closed","ping_status":"closed","template":"","meta":{"site-sidebar-layout":"default","site-content-layout":"default","ast-main-header-display":"","ast-hfb-above-header-display":"","ast-hfb-below-header-display":"","ast-hfb-mobile-header-display":"","site-post-title":"","ast-breadcrumbs-content":"","ast-featured-img":"","footer-sml-layout":"","theme-transparent-header-meta":"","adv-header-id-meta":"","stick-header-meta":"","header-above-stick-meta":"","header-main-stick-meta":"","header-below-stick-meta":"","footnotes":""},"categories":[1],"tags":[],"class_list":["post-277","page","type-page","status-publish","hentry","category-noticias"],"_links":{"self":[{"href":"https:\/\/asociacionlatinoamericanadeantropologia.net\/portal\/wp-json\/wp\/v2\/pages\/277","targetHints":{"allow":["GET"]}}],"collection":[{"href":"https:\/\/asociacionlatinoamericanadeantropologia.net\/portal\/wp-json\/wp\/v2\/pages"}],"about":[{"href":"https:\/\/asociacionlatinoamericanadeantropologia.net\/portal\/wp-json\/wp\/v2\/types\/page"}],"author":[{"embeddable":true,"href":"https:\/\/asociacionlatinoamericanadeantropologia.net\/portal\/wp-json\/wp\/v2\/users\/1"}],"replies":[{"embeddable":true,"href":"https:\/\/asociacionlatinoamericanadeantropologia.net\/portal\/wp-json\/wp\/v2\/comments?post=277"}],"version-history":[{"count":1,"href":"https:\/\/asociacionlatinoamericanadeantropologia.net\/portal\/wp-json\/wp\/v2\/pages\/277\/revisions"}],"predecessor-version":[{"id":1122,"href":"https:\/\/asociacionlatinoamericanadeantropologia.net\/portal\/wp-json\/wp\/v2\/pages\/277\/revisions\/1122"}],"wp:attachment":[{"href":"https:\/\/asociacionlatinoamericanadeantropologia.net\/portal\/wp-json\/wp\/v2\/media?parent=277"}],"wp:term":[{"taxonomy":"category","embeddable":true,"href":"https:\/\/asociacionlatinoamericanadeantropologia.net\/portal\/wp-json\/wp\/v2\/categories?post=277"},{"taxonomy":"post_tag","embeddable":true,"href":"https:\/\/asociacionlatinoamericanadeantropologia.net\/portal\/wp-json\/wp\/v2\/tags?post=277"}],"curies":[{"name":"wp","href":"https:\/\/api.w.org\/{rel}","templated":true}]}}