{"id":281,"date":"2021-07-19T22:39:57","date_gmt":"2021-07-19T22:39:57","guid":{"rendered":"https:\/\/asociacionlatinoamericanadeantropologia.net\/portal\/ala-invita-al-iv-congreso-ecuatoriano-de-antropologia-y-arqueologia\/"},"modified":"2022-03-04T02:12:13","modified_gmt":"2022-03-04T02:12:13","slug":"ala-invita-al-iv-congreso-ecuatoriano-de-antropologia-y-arqueologia","status":"publish","type":"page","link":"https:\/\/asociacionlatinoamericanadeantropologia.net\/portal\/ala-invita-al-iv-congreso-ecuatoriano-de-antropologia-y-arqueologia\/","title":{"rendered":"ALA invita al IV Congreso Ecuatoriano de Antropolog\u00eda y Arqueolog\u00eda"},"content":{"rendered":"<p style=\"text-align: justify;\"><span style=\"font-size: 14pt; color: #800000;\"><strong>IV Congreso Ecuatoriano de Antropolog\u00eda y Arqueolog\u00eda<\/strong><\/span><\/p>\n<p style=\"text-align: justify;\"><span style=\"font-size: 14pt; color: #800000;\"><strong>\u201cPensar en los humanos del pasado, del presente e imaginar el futuro\u201d<\/strong><\/span><\/p>\n<p style=\"text-align: justify;\"><strong>1, 2 y 3 de diciembre de 2021<\/strong><\/p>\n<p style=\"text-align: justify;\">&nbsp;<\/p>\n<p style=\"text-align: justify;\"><strong>CIRCULAR No. 1: CONVOCATORIA A SIMPOSIOS<\/strong><\/p>\n<p style=\"text-align: justify;\">Las carreras de grado y posgrado de antropolog\u00eda y arqueolog\u00eda de la Pontificia Universidad Cat\u00f3lica del Ecuador (PUCE), la Universidad Polit\u00e9cnica Salesiana (UPS), la Escuela Superior Polit\u00e9cnica del Litoral (ESPOL), la Facultad Latinoamericana de Ciencias Sociales \u2013 Sede Ecuador (FLACSO Ecuador), la Universidad San Francisco de Quito (USFQ), el Instituto Otavale\u00f1o de Antropolog\u00eda (IOA) y el Centro de Investigaciones Antropol\u00f3gicas desde el Austro (CEIANA), convocan a participar en el IV Congreso Ecuatoriano de Antropolog\u00eda y Arqueolog\u00eda (IV CEAA), que se llevar\u00e1 a cabo los d\u00edas 1, 2 y 3 de diciembre de 2021 en modalidad virtual.<\/p>\n<p style=\"text-align: justify;\">En esta primera convocatoria se llama a la organizaci\u00f3n de simposios. Cada simposio estar\u00e1 formado por un m\u00ednimo de 4 exposiciones y un m\u00e1ximo de 6 exposiciones (incluido el coordinador-a), cada expositor-a expondr\u00e1 sus conocimientos sobre un aspecto o problem\u00e1tica del tema del simposio. En total, tendr\u00e1n una duraci\u00f3n m\u00e1xima de 20 minutos por cada exposici\u00f3n y 20 minutos para resolver preguntas del p\u00fablico.<\/p>\n<p><!--more--><\/p>\n<p style=\"text-align: justify;\"><strong>Ejes tem\u00e1ticos<\/strong><\/p>\n<p style=\"text-align: justify;\">1. Configuraci\u00f3n de los campos disciplinarios y sus identidades<\/p>\n<p style=\"text-align: justify;\">2. Pr\u00e1cticas no acad\u00e9micas: antropolog\u00eda y arqueolog\u00eda aplicada, activismos, artivismos<\/p>\n<p style=\"text-align: justify;\">3. Tierra, ecolog\u00eda, entornos y la relaci\u00f3n con otros seres<\/p>\n<p style=\"text-align: justify;\">4. Formas de organizaci\u00f3n pol\u00edtica y poder<\/p>\n<p style=\"text-align: justify;\">5. Asentamientos humanos<\/p>\n<p style=\"text-align: justify;\">6. Patrimonio<\/p>\n<p style=\"text-align: justify;\">7. Interculturalidad<\/p>\n<p style=\"text-align: justify;\">8. Religiosidad y espiritualidades<\/p>\n<p style=\"text-align: justify;\">9. Alimentaci\u00f3n y cultura<\/p>\n<p style=\"text-align: justify;\">10. Salud<\/p>\n<p style=\"text-align: justify;\">11. Di\u00e1sporas Africanas: nuevos racismos y desigualdades ciudadanas<\/p>\n<p style=\"text-align: justify;\">12. Lenguas, territorios e identidades<\/p>\n<p style=\"text-align: justify;\">13. Violencias<\/p>\n<p style=\"text-align: justify;\">14. Diversidades sexo-gen\u00e9ricas, g\u00e9nero, feminismos y masculinidades<\/p>\n<p style=\"text-align: justify;\">15. Cuerpos y subjetividades<\/p>\n<p style=\"text-align: justify;\">16. Imagen, visualidad y representaci\u00f3n<\/p>\n<p style=\"text-align: justify;\">17. Tecnolog\u00eda e innovaci\u00f3n<\/p>\n<p style=\"text-align: justify;\">&nbsp;<\/p>\n<p style=\"text-align: justify;\"><strong>P\u00e1gina web del evento:<\/strong><\/p>\n<p style=\"text-align: justify;\"><a href=\"https:\/\/puceapex.puce.edu.ec\/eventos\/iv-congreso-antropologia-arqueologia\/\"><\/a><a href=\"https:\/\/puceapex.puce.edu.ec\/eventos\/iv-congreso-antropologia-arqueologia\/\" target=\"_blank\" rel=\"noopener\">https:\/\/puceapex.puce.edu.ec\/eventos\/iv-congreso-antropologia-arqueologia\/<\/a><\/p>\n<p style=\"text-align: justify;\">Cualquier inquietud, escribir al siguiente <strong>correo electr\u00f3nico<\/strong>: <a href=\"mailto:antropologia@puce.edu.ec\">antropologia@puce.edu.ec<\/a><\/p>\n<p>&nbsp;<\/p>\n<p style=\"text-align: center;\"><span style=\"text-decoration: underline;\"><span style=\"color: #800000;\"><strong>COMPARTIMOS LA PRIMERA CIRCULAR COMPLETA:<\/strong><\/span><\/span><\/p>\n<p style=\"text-align: center;\"><strong><a href=\"https:\/\/asociacionlatinoamericanadeantropologia.net\/portal\/wp-content\/uploads\/2021\/07\/IV_CEAA_Primera_circular_convocatoria_simposios.pdf\" target=\"_blank\" rel=\"noopener\">PRIMERA CIRCULAR IV CONGRESO ECUATORIANO DE ANTROPOLOG\u00cdA Y ARQUEOLOG\u00cdA<\/a><\/strong><\/p>\n<p>&nbsp;<\/p>\n","protected":false},"excerpt":{"rendered":"<p>IV Congreso Ecuatoriano de Antropolog\u00eda y Arqueolog\u00eda \u201cPensar en los humanos del pasado, del presente e imaginar el futuro\u201d 1, 2 y 3 de diciembre de 2021 &nbsp; CIRCULAR No. 1: CONVOCATORIA A SIMPOSIOS Las carreras de grado y posgrado de antropolog\u00eda y arqueolog\u00eda de la Pontificia Universidad Cat\u00f3lica del Ecuador (PUCE), la Universidad Polit\u00e9cnica &hellip;<\/p>\n<p class=\"read-more\"> <a class=\"\" href=\"https:\/\/asociacionlatinoamericanadeantropologia.net\/portal\/ala-invita-al-iv-congreso-ecuatoriano-de-antropologia-y-arqueologia\/\"> <span class=\"screen-reader-text\">ALA invita al IV Congreso Ecuatoriano de Antropolog\u00eda y Arqueolog\u00eda<\/span> Leer m\u00e1s &raquo;<\/a><\/p>\n","protected":false},"author":1,"featured_media":0,"parent":0,"menu_order":6,"comment_status":"closed","ping_status":"closed","template":"","meta":{"site-sidebar-layout":"default","site-content-layout":"default","ast-main-header-display":"","ast-hfb-above-header-display":"","ast-hfb-below-header-display":"","ast-hfb-mobile-header-display":"","site-post-title":"","ast-breadcrumbs-content":"","ast-featured-img":"","footer-sml-layout":"","theme-transparent-header-meta":"","adv-header-id-meta":"","stick-header-meta":"","header-above-stick-meta":"","header-main-stick-meta":"","header-below-stick-meta":"","footnotes":""},"categories":[1],"tags":[],"class_list":["post-281","page","type-page","status-publish","hentry","category-noticias"],"_links":{"self":[{"href":"https:\/\/asociacionlatinoamericanadeantropologia.net\/portal\/wp-json\/wp\/v2\/pages\/281","targetHints":{"allow":["GET"]}}],"collection":[{"href":"https:\/\/asociacionlatinoamericanadeantropologia.net\/portal\/wp-json\/wp\/v2\/pages"}],"about":[{"href":"https:\/\/asociacionlatinoamericanadeantropologia.net\/portal\/wp-json\/wp\/v2\/types\/page"}],"author":[{"embeddable":true,"href":"https:\/\/asociacionlatinoamericanadeantropologia.net\/portal\/wp-json\/wp\/v2\/users\/1"}],"replies":[{"embeddable":true,"href":"https:\/\/asociacionlatinoamericanadeantropologia.net\/portal\/wp-json\/wp\/v2\/comments?post=281"}],"version-history":[{"count":1,"href":"https:\/\/asociacionlatinoamericanadeantropologia.net\/portal\/wp-json\/wp\/v2\/pages\/281\/revisions"}],"predecessor-version":[{"id":1111,"href":"https:\/\/asociacionlatinoamericanadeantropologia.net\/portal\/wp-json\/wp\/v2\/pages\/281\/revisions\/1111"}],"wp:attachment":[{"href":"https:\/\/asociacionlatinoamericanadeantropologia.net\/portal\/wp-json\/wp\/v2\/media?parent=281"}],"wp:term":[{"taxonomy":"category","embeddable":true,"href":"https:\/\/asociacionlatinoamericanadeantropologia.net\/portal\/wp-json\/wp\/v2\/categories?post=281"},{"taxonomy":"post_tag","embeddable":true,"href":"https:\/\/asociacionlatinoamericanadeantropologia.net\/portal\/wp-json\/wp\/v2\/tags?post=281"}],"curies":[{"name":"wp","href":"https:\/\/api.w.org\/{rel}","templated":true}]}}