{"id":282,"date":"2021-07-22T04:35:04","date_gmt":"2021-07-22T04:35:04","guid":{"rendered":"https:\/\/asociacionlatinoamericanadeantropologia.net\/portal\/ya-se-encuentra-publicado-el-numero-7-de-plural-revista-de-ala\/"},"modified":"2022-03-04T02:10:10","modified_gmt":"2022-03-04T02:10:10","slug":"ya-se-encuentra-publicado-el-numero-7-de-plural-revista-de-ala","status":"publish","type":"page","link":"https:\/\/asociacionlatinoamericanadeantropologia.net\/portal\/ya-se-encuentra-publicado-el-numero-7-de-plural-revista-de-ala\/","title":{"rendered":"Ya se encuentra publicado el n\u00famero 7 de Plural, revista de ALA"},"content":{"rendered":"<p style=\"text-align: justify;\">? Anunciamos la publicaci\u00f3n del <strong>n\u00famero 7\ufe0f<\/strong> (<strong>enero-junio 2021<\/strong>) de la revista <strong><em>Plural, Antropolog\u00edas desde Am\u00e9rica Latina y del Caribe<\/em><\/strong>, de la <strong>Asociaci\u00f3n Latinoamericana de Antropolog\u00eda<\/strong> (<strong>ALA<\/strong>).&nbsp;Este s\u00e9ptimo n\u00famero contiene un dossier del conversatorio del VI Congreso de la ALA <strong>\u00abEtnograf\u00edas desde el sur y convergencias pol\u00edticas contempor\u00e1neas\u00bb<\/strong>, m\u00e1s cinco art\u00edculos y las otras secciones.<br \/>Todo el contenido lo puede leer dando click <span style=\"color: #800000;\"><a href=\"https:\/\/asociacionlatinoamericanadeantropologia.net\/revistas\/index.php\/plural\" target=\"_blank\" rel=\"noopener\" style=\"color: #800000;\"><strong>AQU\u00cd<\/strong><\/a><\/span>.<strong><span style=\"color: #800000;\"><br \/><\/span><\/strong><\/p>\n<p><!--more--><\/p>\n<p style=\"text-align: justify;\"><span style=\"text-decoration: underline;\"><strong>\u00cdNDICE PLURAL NRO 7 (ENERO-JUNIO 2021):<\/strong><\/span><br \/><strong>SECCI\u00d3N DOSSIER \u00abETNOGRAF\u00cdAS DESDE EL SUR Y CONVERGENCIAS POL\u00cdTICAS CONTEMPOR\u00c1NEAS\u00bb<\/strong><br \/>? Presentaci\u00f3n, de Eduardo \u00c1lvarez Pedrosian (Uruguay)<br \/>? Lecciones del sur para una etnograf\u00eda desde el sur, de Francisca M\u00e1rquez (Chile)<br \/>? Antropolog\u00edas latinoamericanas: \u00bfun \u00e1lbum de los recuerdos o las ra\u00edces de nuestro quehacer?, de Rosana Guber (Argentina)<br \/>? Sobre las Antropolog\u00edas desde el Sur y otras cuestiones urgentes, de Pablo Sandoval L\u00f3pez (Per\u00fa)<\/p>\n<p style=\"text-align: justify;\"><strong>SECCI\u00d3N ART\u00cdCULOS<\/strong><br \/>? Antropolog\u00eda comprometida: realizaci\u00f3n de materiales para la educaci\u00f3n intercultural biling\u00fce con ikojts y comcaac, de Laura Montesi &amp; Guillermo Hern\u00e1ndez Santana (M\u00e9xico)<br \/>? Una d\u00e9cada de acciones colectivas negras frente al racismo institucional en Bogot\u00e1 D. C., de Carlos Andr\u00e9s Meza (Colombia)<br \/>? Sublima\u00e7\u00e3o afro no meio rural, de Jurandir de Souza (Brasil)<br \/>? La metodolog\u00eda etnohist\u00f3rica como bit\u00e1cora en las investigaciones de la Maestr\u00eda en Etnolog\u00eda de la ULA, Venezuela, de Dar\u00edo Sosa, Jes\u00fas Natera &amp; Mayelis Moreno (Venezuela)<br \/>? El rosario cantado: expresi\u00f3n musical antigua de los Pueblos del Sur de M\u00e9rida, Venezuela, de Rosa Iraima Sulbar\u00e1n (Venezuela)<\/p>\n<p style=\"text-align: justify;\"><strong>DOCUMENTOS<\/strong><br \/>? Mensaje ALA 8 de marzo: D\u00eda de las Mujeres, de ALA<br \/>? Comunicado ALA en solidaridad con University of Cape Town (UTC)<\/p>\n<p style=\"text-align: justify;\"><strong>MANIFIESTOS<\/strong><br \/>\u2712\ufe0f Comunicado de la Asociaci\u00f3n Latinoamericana de Antropolog\u00eda (ALA) sobre los actuales hechos vividos en Colombia<br \/>\u2712\ufe0f The World Council of Anthropological Associations (WCAA) views with great concern the escalating violence in Colombia since the outburst of a National Strike on April 28, 2021<br \/>\u2712\ufe0f Nota sobre a prioridade das pessoas com defici\u00eancia \u00e0 vacina\u00e7\u00e3o contra a COVID-19, de ABA<br \/>\u2712\ufe0f Povos e Comunidades Ind\u00edgenas Isoladas no Pa\u00eds sob Risco de Genoc\u00eddio, de ABA<br \/>\u2712\ufe0f Nota da Articula\u00e7\u00e3o Brasileira de Ind\u00edgenas Antrop\u00f3loges (ABIA)<\/p>\n<p style=\"text-align: justify;\"><strong>SECCI\u00d3N INFORMATIVA<\/strong><\/p>\n<p style=\"text-align: justify;\"><strong>SECCI\u00d3N OTRAS MIRADAS<\/strong><br \/>? Relatos Internos, de autores varios (Colombia)<br \/>? Postales de una tarde femdom, de Agust\u00edn Liarte Tiloca &amp; Rolando Nicol\u00e1s Jes\u00fas Mart\u00edn Escudero (Argentina)<br \/>? J\u00f3venes de identidades diversas en din\u00e1micas metropolitanas, de Guillermina Rodr\u00edguez Velasco (M\u00e9xico)<br \/>? Tierra de Apus, Achachilas, monta\u00f1as y volcanes. Parque Nacional Sajama. Oruro- Bolivia, de Ver\u00f3nica Stellan Tejerino (Bolivia)<\/p>\n<p style=\"text-align: justify;\"><strong>SECCI\u00d3N ILUSTRACI\u00d3N<\/strong><br \/>?\ufe0f El llamado de la Monta\u00f1a, de Ver\u00f3nica Stella Tejerino (Bolivia)<\/p>\n<p style=\"text-align: justify;\"><strong>FOTO PORTADA<\/strong><br \/>?\ufe0f Autores varios (Colombia). T\u00edtulo: Relatos Internos.<\/p>\n<p style=\"text-align: justify;\">? E-mail: <a href=\"mailto:revistaplural.ala@gmail.com\">revistaplural.ala@gmail.com<\/a><\/p>\n","protected":false},"excerpt":{"rendered":"<p>? Anunciamos la publicaci\u00f3n del n\u00famero 7\ufe0f (enero-junio 2021) de la revista Plural, Antropolog\u00edas desde Am\u00e9rica Latina y del Caribe, de la Asociaci\u00f3n Latinoamericana de Antropolog\u00eda (ALA).&nbsp;Este s\u00e9ptimo n\u00famero contiene un dossier del conversatorio del VI Congreso de la ALA \u00abEtnograf\u00edas desde el sur y convergencias pol\u00edticas contempor\u00e1neas\u00bb, m\u00e1s cinco art\u00edculos y las otras secciones.Todo &hellip;<\/p>\n<p class=\"read-more\"> <a class=\"\" href=\"https:\/\/asociacionlatinoamericanadeantropologia.net\/portal\/ya-se-encuentra-publicado-el-numero-7-de-plural-revista-de-ala\/\"> <span class=\"screen-reader-text\">Ya se encuentra publicado el n\u00famero 7 de Plural, revista de ALA<\/span> Leer m\u00e1s &raquo;<\/a><\/p>\n","protected":false},"author":1,"featured_media":0,"parent":0,"menu_order":5,"comment_status":"closed","ping_status":"closed","template":"","meta":{"site-sidebar-layout":"default","site-content-layout":"default","ast-main-header-display":"","ast-hfb-above-header-display":"","ast-hfb-below-header-display":"","ast-hfb-mobile-header-display":"","site-post-title":"","ast-breadcrumbs-content":"","ast-featured-img":"","footer-sml-layout":"","theme-transparent-header-meta":"","adv-header-id-meta":"","stick-header-meta":"","header-above-stick-meta":"","header-main-stick-meta":"","header-below-stick-meta":"","footnotes":""},"categories":[1],"tags":[],"class_list":["post-282","page","type-page","status-publish","hentry","category-noticias"],"_links":{"self":[{"href":"https:\/\/asociacionlatinoamericanadeantropologia.net\/portal\/wp-json\/wp\/v2\/pages\/282","targetHints":{"allow":["GET"]}}],"collection":[{"href":"https:\/\/asociacionlatinoamericanadeantropologia.net\/portal\/wp-json\/wp\/v2\/pages"}],"about":[{"href":"https:\/\/asociacionlatinoamericanadeantropologia.net\/portal\/wp-json\/wp\/v2\/types\/page"}],"author":[{"embeddable":true,"href":"https:\/\/asociacionlatinoamericanadeantropologia.net\/portal\/wp-json\/wp\/v2\/users\/1"}],"replies":[{"embeddable":true,"href":"https:\/\/asociacionlatinoamericanadeantropologia.net\/portal\/wp-json\/wp\/v2\/comments?post=282"}],"version-history":[{"count":1,"href":"https:\/\/asociacionlatinoamericanadeantropologia.net\/portal\/wp-json\/wp\/v2\/pages\/282\/revisions"}],"predecessor-version":[{"id":1110,"href":"https:\/\/asociacionlatinoamericanadeantropologia.net\/portal\/wp-json\/wp\/v2\/pages\/282\/revisions\/1110"}],"wp:attachment":[{"href":"https:\/\/asociacionlatinoamericanadeantropologia.net\/portal\/wp-json\/wp\/v2\/media?parent=282"}],"wp:term":[{"taxonomy":"category","embeddable":true,"href":"https:\/\/asociacionlatinoamericanadeantropologia.net\/portal\/wp-json\/wp\/v2\/categories?post=282"},{"taxonomy":"post_tag","embeddable":true,"href":"https:\/\/asociacionlatinoamericanadeantropologia.net\/portal\/wp-json\/wp\/v2\/tags?post=282"}],"curies":[{"name":"wp","href":"https:\/\/api.w.org\/{rel}","templated":true}]}}