{"id":286,"date":"2021-09-10T21:32:00","date_gmt":"2021-09-10T21:32:00","guid":{"rendered":"https:\/\/asociacionlatinoamericanadeantropologia.net\/portal\/ala-y-red-de-antropologias-del-sur-presentes-en-seminario-internacional-desafio-de-las-ciencias-sociales-ante-la-crisis-del-sistema-mundo-moderno\/"},"modified":"2022-03-04T02:19:51","modified_gmt":"2022-03-04T02:19:51","slug":"ala-y-red-de-antropologias-del-sur-presentes-en-seminario-internacional-desafio-de-las-ciencias-sociales-ante-la-crisis-del-sistema-mundo-moderno","status":"publish","type":"page","link":"https:\/\/asociacionlatinoamericanadeantropologia.net\/portal\/ala-y-red-de-antropologias-del-sur-presentes-en-seminario-internacional-desafio-de-las-ciencias-sociales-ante-la-crisis-del-sistema-mundo-moderno\/","title":{"rendered":"ALA y Red de Antropolog\u00edas del Sur presentes en Seminario Internacional: \u00abDesaf\u00edo de las Ciencias Sociales ante la Crisis del Sistema Mundo Moderno\u00bb"},"content":{"rendered":"<p>El 18, 19 y 20 de agosto del 2021 la <strong>Asociaci\u00f3n Latinoamericana de Antropolog\u00eda<\/strong> (<strong>ALA<\/strong>) y una de sus organizaciones afiliadas, <strong>Red de Antropolog\u00edas del Sur<\/strong>, estuvieron presentes en el <strong>Seminario Internacional: \u00abDesaf\u00edo de las Ciencias Sociales ante la Crisis del Sistema Mundo Moderno\u00bb<\/strong>, en homenaje a Alcira Argumedo, organizado por el Doctorado en Ciencias Sociales, de la <a href=\"https:\/\/unellez.edu.ve\" target=\"_blank\" rel=\"noopener\"><strong>Universidad Nacional Experimental de los Llanos \u201cEzequiel Zamora\u201d<\/strong><\/a> (<strong>UNELLEZ<\/strong>), de Barinas, Venezuela.<\/p>\n<p><!--more--><\/p>\n<p><img fetchpriority=\"high\" decoding=\"async\" class=\" size-full wp-image-285\" src=\"https:\/\/asociacionlatinoamericanadeantropologia.net\/portal\/wp-content\/uploads\/2021\/09\/Afiche_Seminario_UNELLEZ.jpg\" alt=\"Afiche Seminario UNELLEZ\" width=\"478\" height=\"353\" style=\"display: block; margin-left: auto; margin-right: auto;\" srcset=\"https:\/\/asociacionlatinoamericanadeantropologia.net\/portal\/wp-content\/uploads\/2021\/09\/Afiche_Seminario_UNELLEZ.jpg 826w, https:\/\/asociacionlatinoamericanadeantropologia.net\/portal\/wp-content\/uploads\/2021\/09\/Afiche_Seminario_UNELLEZ-300x222.jpg 300w, https:\/\/asociacionlatinoamericanadeantropologia.net\/portal\/wp-content\/uploads\/2021\/09\/Afiche_Seminario_UNELLEZ-768x568.jpg 768w\" sizes=\"(max-width: 478px) 100vw, 478px\" \/><\/p>\n<p>\u201cEn estos tiempos en que el nuevo imperialismo -a trav\u00e9s de la violencia del capital- acumula y desposee la riqueza (social y natural) de nuestro continente, entonces toca a las nuevas generaciones del mundo acad\u00e9mico (y no acad\u00e9mico) continuar los horizontes liberadores forjados por nuestras mentes del Sur, y, en conjunto con las luchas sociales, evitar que nuestras instituciones universitarias sean subsumidas completamente por el mercado\u201d, expon\u00eda parte de la convocatoria. El evento se realiz\u00f3 en modalidad sincr\u00f3nica virtual por la plataforma Google Meets, conect\u00e1ndose previamente a un grupo de WhatsApp.<\/p>\n<p>Bajo ese contexto reflexivo cr\u00edtico, participaron durante el primer d\u00eda (mi\u00e9rcoles 18 de agosto de 2021) <strong>Carmen Teresa Garc\u00eda<\/strong>, de la <a href=\"http:\/\/red.antropologiasdelsur.org\" target=\"_blank\" rel=\"noopener\"><strong>Red de Antropolog\u00edas del Sur<\/strong><\/a>&nbsp;(Venezuela), con la conferencia <strong>\u201cFeminismos y Ciencias Sociales. Una mirada\u201d<\/strong>, y <strong>Eduardo Restrepo<\/strong>, de la <a href=\"http:\/\/acant.net\" target=\"_blank\" rel=\"noopener\"><strong>Asociaci\u00f3n Colombiana de Antropolog\u00eda<\/strong><\/a>, con la conferencia titulada <strong>\u201cAbrir las ciencias sociales desde el sur\u201d<\/strong>.<\/p>\n<p>El siguiente d\u00eda, 19 de agosto de 2021, intervino <strong>Gonzalo D\u00edaz Crovetto<\/strong>, vocal de la Comisi\u00f3n Directiva de la ALA por el <a href=\"http:\/\/colegioantropologos.cl\" target=\"_blank\" rel=\"noopener\"><strong>Colegio de Antrop\u00f3logos\/as de Chile<\/strong><\/a>, con su disertaci\u00f3n titulada <strong>\u201cLa academia neoliberal y el sistema mundo universitario: algunas reflexiones, retos y posibilidades para las ciencias sociales\u201d<\/strong>, mientras el viernes 20 de agosto del 2021 <strong>L\u00eda Ferrero<\/strong>, presidenta de la ALA y del <a href=\"http:\/\/www.cgantropologia.org.ar\" target=\"_blank\" rel=\"noopener\"><strong>Colegio de Graduados en Antropolog\u00eda de la Rep\u00fablica Argentina<\/strong><\/a>, cerr\u00f3 con la conferencia <strong>\u201cLa Asociaci\u00f3n Latinoamericana de Antropolog\u00eda ante los desaf\u00edos de nuestras Antropolog\u00edas\u201d<\/strong>.<\/p>\n","protected":false},"excerpt":{"rendered":"<p>El 18, 19 y 20 de agosto del 2021 la Asociaci\u00f3n Latinoamericana de Antropolog\u00eda (ALA) y una de sus organizaciones afiliadas, Red de Antropolog\u00edas del Sur, estuvieron presentes en el Seminario Internacional: \u00abDesaf\u00edo de las Ciencias Sociales ante la Crisis del Sistema Mundo Moderno\u00bb, en homenaje a Alcira Argumedo, organizado por el Doctorado en Ciencias &hellip;<\/p>\n<p class=\"read-more\"> <a class=\"\" href=\"https:\/\/asociacionlatinoamericanadeantropologia.net\/portal\/ala-y-red-de-antropologias-del-sur-presentes-en-seminario-internacional-desafio-de-las-ciencias-sociales-ante-la-crisis-del-sistema-mundo-moderno\/\"> <span class=\"screen-reader-text\">ALA y Red de Antropolog\u00edas del Sur presentes en Seminario Internacional: \u00abDesaf\u00edo de las Ciencias Sociales ante la Crisis del Sistema Mundo Moderno\u00bb<\/span> Leer m\u00e1s &raquo;<\/a><\/p>\n","protected":false},"author":1,"featured_media":285,"parent":0,"menu_order":4,"comment_status":"closed","ping_status":"closed","template":"","meta":{"site-sidebar-layout":"default","site-content-layout":"default","ast-main-header-display":"","ast-hfb-above-header-display":"","ast-hfb-below-header-display":"","ast-hfb-mobile-header-display":"","site-post-title":"","ast-breadcrumbs-content":"","ast-featured-img":"","footer-sml-layout":"","theme-transparent-header-meta":"","adv-header-id-meta":"","stick-header-meta":"","header-above-stick-meta":"","header-main-stick-meta":"","header-below-stick-meta":"","footnotes":""},"categories":[1],"tags":[],"class_list":["post-286","page","type-page","status-publish","has-post-thumbnail","hentry","category-noticias"],"_links":{"self":[{"href":"https:\/\/asociacionlatinoamericanadeantropologia.net\/portal\/wp-json\/wp\/v2\/pages\/286","targetHints":{"allow":["GET"]}}],"collection":[{"href":"https:\/\/asociacionlatinoamericanadeantropologia.net\/portal\/wp-json\/wp\/v2\/pages"}],"about":[{"href":"https:\/\/asociacionlatinoamericanadeantropologia.net\/portal\/wp-json\/wp\/v2\/types\/page"}],"author":[{"embeddable":true,"href":"https:\/\/asociacionlatinoamericanadeantropologia.net\/portal\/wp-json\/wp\/v2\/users\/1"}],"replies":[{"embeddable":true,"href":"https:\/\/asociacionlatinoamericanadeantropologia.net\/portal\/wp-json\/wp\/v2\/comments?post=286"}],"version-history":[{"count":1,"href":"https:\/\/asociacionlatinoamericanadeantropologia.net\/portal\/wp-json\/wp\/v2\/pages\/286\/revisions"}],"predecessor-version":[{"id":1121,"href":"https:\/\/asociacionlatinoamericanadeantropologia.net\/portal\/wp-json\/wp\/v2\/pages\/286\/revisions\/1121"}],"wp:featuredmedia":[{"embeddable":true,"href":"https:\/\/asociacionlatinoamericanadeantropologia.net\/portal\/wp-json\/wp\/v2\/media\/285"}],"wp:attachment":[{"href":"https:\/\/asociacionlatinoamericanadeantropologia.net\/portal\/wp-json\/wp\/v2\/media?parent=286"}],"wp:term":[{"taxonomy":"category","embeddable":true,"href":"https:\/\/asociacionlatinoamericanadeantropologia.net\/portal\/wp-json\/wp\/v2\/categories?post=286"},{"taxonomy":"post_tag","embeddable":true,"href":"https:\/\/asociacionlatinoamericanadeantropologia.net\/portal\/wp-json\/wp\/v2\/tags?post=286"}],"curies":[{"name":"wp","href":"https:\/\/api.w.org\/{rel}","templated":true}]}}