{"id":3303,"date":"2024-02-06T19:36:02","date_gmt":"2024-02-06T19:36:02","guid":{"rendered":"https:\/\/asociacionlatinoamericanadeantropologia.net\/portal\/?page_id=3303"},"modified":"2024-02-07T11:02:16","modified_gmt":"2024-02-07T11:02:16","slug":"nuestras-antropologias-elaboraciones-y-problematicas-desde-america-latina-y-el-caribe","status":"publish","type":"page","link":"https:\/\/asociacionlatinoamericanadeantropologia.net\/portal\/nuestras-antropologias-elaboraciones-y-problematicas-desde-america-latina-y-el-caribe\/","title":{"rendered":"Nuestras antropolog\u00edas. Elaboraciones y problem\u00e1ticas desde Am\u00e9rica Latina y El Caribe"},"content":{"rendered":"<h2>Nuestras antropolog\u00edas. Elaboraciones y problem\u00e1ticas desde Am\u00e9rica Latina y El Caribe<\/h2>\n<p>Eduardo Restrepo y Pablo Sandoval (eds.). 2024. <em><strong><a href=\"https:\/\/asociacionlatinoamericanadeantropologia.net\/portal\/wp-content\/uploads\/2024\/02\/Libro-Antropologia-HECHAS-WEB-FEB-2024.pdf\" target=\"_blank\" rel=\"noopener\">Nuestras antropolog\u00edas. Elaboraciones y problem\u00e1ticas desde Am\u00e9rica Latina y El Caribe<\/a><\/strong>.<\/em> Montevideo, Uruguay: Asociaci\u00f3n Latinoamericana de Antropolog\u00eda.<\/p>\n<p><a href=\"https:\/\/asociacionlatinoamericanadeantropologia.net\/portal\/wp-content\/uploads\/2024\/02\/Libro-Antropologia-HECHAS-WEB-FEB-2024.pdf\" target=\"_blank\" rel=\"noopener\"><img fetchpriority=\"high\" decoding=\"async\" class=\"aligncenter wp-image-3307 size-medium\" title=\"Nuestras antropolog\u00edas. Elaboraciones y problem\u00e1ticas desde Am\u00e9rica Latina y El Caribe\" src=\"https:\/\/asociacionlatinoamericanadeantropologia.net\/portal\/wp-content\/uploads\/2024\/02\/Portada-LIbro-3d_peq-210x300.png\" alt=\"Nuestras antropolog\u00edas. Elaboraciones y problem\u00e1ticas desde Am\u00e9rica Latina y El Caribe\" width=\"210\" height=\"300\" srcset=\"https:\/\/asociacionlatinoamericanadeantropologia.net\/portal\/wp-content\/uploads\/2024\/02\/Portada-LIbro-3d_peq-210x300.png 210w, https:\/\/asociacionlatinoamericanadeantropologia.net\/portal\/wp-content\/uploads\/2024\/02\/Portada-LIbro-3d_peq.png 303w\" sizes=\"(max-width: 210px) 100vw, 210px\" \/><\/a><\/p>\n","protected":false},"excerpt":{"rendered":"<p>Nuestras antropolog\u00edas. Elaboraciones y problem\u00e1ticas desde Am\u00e9rica Latina y El Caribe Eduardo Restrepo y Pablo Sandoval (eds.). 2024. Nuestras antropolog\u00edas. Elaboraciones y problem\u00e1ticas desde Am\u00e9rica Latina y El Caribe. Montevideo, Uruguay: Asociaci\u00f3n Latinoamericana de Antropolog\u00eda.<\/p>\n","protected":false},"author":2,"featured_media":0,"parent":0,"menu_order":0,"comment_status":"closed","ping_status":"closed","template":"","meta":{"site-sidebar-layout":"default","site-content-layout":"default","ast-main-header-display":"","ast-hfb-above-header-display":"","ast-hfb-below-header-display":"","ast-hfb-mobile-header-display":"","site-post-title":"","ast-breadcrumbs-content":"","ast-featured-img":"","footer-sml-layout":"","theme-transparent-header-meta":"","adv-header-id-meta":"","stick-header-meta":"","header-above-stick-meta":"","header-main-stick-meta":"","header-below-stick-meta":"","footnotes":""},"categories":[],"tags":[],"class_list":["post-3303","page","type-page","status-publish","hentry"],"_links":{"self":[{"href":"https:\/\/asociacionlatinoamericanadeantropologia.net\/portal\/wp-json\/wp\/v2\/pages\/3303","targetHints":{"allow":["GET"]}}],"collection":[{"href":"https:\/\/asociacionlatinoamericanadeantropologia.net\/portal\/wp-json\/wp\/v2\/pages"}],"about":[{"href":"https:\/\/asociacionlatinoamericanadeantropologia.net\/portal\/wp-json\/wp\/v2\/types\/page"}],"author":[{"embeddable":true,"href":"https:\/\/asociacionlatinoamericanadeantropologia.net\/portal\/wp-json\/wp\/v2\/users\/2"}],"replies":[{"embeddable":true,"href":"https:\/\/asociacionlatinoamericanadeantropologia.net\/portal\/wp-json\/wp\/v2\/comments?post=3303"}],"version-history":[{"count":3,"href":"https:\/\/asociacionlatinoamericanadeantropologia.net\/portal\/wp-json\/wp\/v2\/pages\/3303\/revisions"}],"predecessor-version":[{"id":3309,"href":"https:\/\/asociacionlatinoamericanadeantropologia.net\/portal\/wp-json\/wp\/v2\/pages\/3303\/revisions\/3309"}],"wp:attachment":[{"href":"https:\/\/asociacionlatinoamericanadeantropologia.net\/portal\/wp-json\/wp\/v2\/media?parent=3303"}],"wp:term":[{"taxonomy":"category","embeddable":true,"href":"https:\/\/asociacionlatinoamericanadeantropologia.net\/portal\/wp-json\/wp\/v2\/categories?post=3303"},{"taxonomy":"post_tag","embeddable":true,"href":"https:\/\/asociacionlatinoamericanadeantropologia.net\/portal\/wp-json\/wp\/v2\/tags?post=3303"}],"curies":[{"name":"wp","href":"https:\/\/api.w.org\/{rel}","templated":true}]}}