{"id":332,"date":"2021-12-08T17:56:42","date_gmt":"2021-12-08T17:56:42","guid":{"rendered":"https:\/\/asociacionlatinoamericanadeantropologia.net\/portal\/?page_id=332"},"modified":"2025-01-22T02:05:58","modified_gmt":"2025-01-22T02:05:58","slug":"quienes-somos","status":"publish","type":"page","link":"https:\/\/asociacionlatinoamericanadeantropologia.net\/portal\/quienes-somos\/","title":{"rendered":"Qui\u00e9nes somos"},"content":{"rendered":"<h2><strong><a id=\"quienes\"><\/a>Qui\u00e9nes somos<\/strong><\/h2>\n<p style=\"font-weight: lighter;\"><span style=\"color: #000000;\">La\u00a0<b><strong>Asociaci\u00f3n Latinoamericana de Antropolog\u00eda<\/strong><\/b>\u00a0(<b><strong>ALA<\/strong><\/b>) tiene por objetivo congregar a los\/as antrop\u00f3logos\/as latinoamericanos\/as y caribe\u00f1os\/as para <b><strong>promover el desarrollo de la antropolog\u00eda<\/strong><\/b>, el intercambio de ideas, el debate de problemas y la defensa de los intereses comunes. La\u00a0<b><strong>Asociaci\u00f3n<\/strong><\/b>\u00a0busca posibilitar reuniones peri\u00f3dicas entre sus organizaciones socias, divulgar regularmente las materias de inter\u00e9s profesional y proponer medidas v\u00e1lidas en aras de consolidar la integraci\u00f3n de las antropolog\u00edas y antrop\u00f3logos\/as en Am\u00e9rica Latina y el Caribe.<\/span><\/p>\n<p style=\"font-weight: lighter;\"><span style=\"color: #000000;\">Destacados\/as antrop\u00f3logos\/as latinoamericanos\/as como\u00a0<b><strong>Guillermo Bonfil Batalla<\/strong><\/b>\u00a0y\u00a0<b><strong>Roberto Cardoso de Oliveira<\/strong><\/b>\u00a0impulsaron activamente su creaci\u00f3n. En 1989 se llev\u00f3 a cabo una primera reuni\u00f3n preparatoria para la constituci\u00f3n de la ALA, efectuada en Cocoyoc, M\u00e9xico. En esa reuni\u00f3n se acord\u00f3 que todos\/as iban a trabajar para crear redes de comunicaci\u00f3n e intercambio entre antrop\u00f3logos\/as en distintos pa\u00edses y regiones de Am\u00e9rica Latina para llegar, en 1993, a una nueva reuni\u00f3n. Se aprovechar\u00eda la realizaci\u00f3n, en M\u00e9xico, del\u00a0<b><strong>Congreso Internacional de Ciencias Antropol\u00f3gicas y Etnol\u00f3gicas<\/strong><\/b>, para realizar una segunda asamblea de la\u00a0<b><strong>ALA<\/strong><\/b>\u00a0que contara con la participaci\u00f3n de representantes de todos los pa\u00edses.<\/span><\/p>\n<p style=\"font-weight: lighter;\"><span style=\"color: #000000;\">Para impulsar la construcci\u00f3n de\u00a0<b><strong>ALA<\/strong><\/b>, en 1990 se fund\u00f3 en Florianopolis, la\u00a0<b><strong>Asociaci\u00f3n Latinoamericana de Antropolog\u00eda <\/strong><\/b><\/span><span style=\"color: #000000;\">y se eligi\u00f3 una junta directiva que cont\u00f3 con cuatro vicepresidentes que ten\u00edan como tarea primordial establecer contacto con las instituciones.\u00a0<b><strong>Guillermo Bonfil Batalla<\/strong><\/b>, de M\u00e9xico, fue su primer presidente y\u00a0<b><strong>Antonio Augusto Arantes<\/strong><\/b>, antrop\u00f3logo de la Universidad Estadual de Campinas, fue su primer secretario general.<\/span><\/p>\n<p style=\"font-weight: lighter;\"><span style=\"color: #000000;\">En 1991 Bonfil falleci\u00f3 a causa de un lamentable accidente. Dos a\u00f1os despu\u00e9s, Antonio Arantes informaba sobre las acciones emprendidas por ALA, tendientes a buscar la consolidaci\u00f3n de la asociaci\u00f3n, mediante la afiliaci\u00f3n de socios\/as de diferentes pa\u00edses, la elaboraci\u00f3n de un directorio de instituciones de antropolog\u00eda, la publicaci\u00f3n de un bolet\u00edn latinoamericano de antropolog\u00eda que llev\u00f3 por nombre\u00a0<span style=\"color: #6e0404;\"><i><em><a style=\"color: #6e0404;\" href=\"https:\/\/asociacionlatinoamericanadeantropologia.net\/portal\/boletin-plural-1992-1997\/\" target=\"_blank\" rel=\"noopener\"><b><strong>Plural<\/strong><\/b><\/a><\/em><\/i><\/span>, del cual para entonces se hab\u00edan publicado cinco n\u00fameros.<\/span><\/p>\n<p style=\"font-weight: lighter;\"><span style=\"color: #000000;\">El\u00a0<span style=\"color: #6e0404;\"><a style=\"color: #6e0404;\" href=\"https:\/\/www.equiponaya.com.ar\/eventos\/1cla.htm\" target=\"_blank\" rel=\"noopener\"><b><strong>I Congreso Latinoamericano de Antropolog\u00eda<\/strong><\/b><\/a><\/span>\u00a0se llev\u00f3 a cabo en Rosario, Argentina, del 11 al 15 de julio del a\u00f1o 2005. El\u00a0<span style=\"color: #6e0404;\"><a style=\"color: #6e0404;\" href=\"https:\/\/www.equiponaya.com.ar\/eventos\/2cla.htm\" target=\"_blank\" rel=\"noopener\"><b><strong>II Congreso Latinoamericano de Antropolog\u00eda \u201cAntropolog\u00edas Latinoamericanas gestando un nuevo futuro\u201d<\/strong><\/b><\/a><\/span>, fue celebrado en Costa Rica del 28 al 31 de julio del a\u00f1o 2008. El\u00a0<span style=\"color: #6e0404;\"><a style=\"color: #6e0404;\" href=\"http:\/\/www2.facso.uchile.cl\/antropologia\/ala2012\/\" target=\"_blank\" rel=\"noopener\"><b><strong>III Congreso Latinoamericano de Antropolog\u00eda: \u201cAntropolog\u00eda en movimiento: Ideas desde un sur contempor\u00e1neo\u201d<\/strong><\/b><\/a><\/span>, se realiz\u00f3 en Santiago y Temuco, Chile del 5 al 9 de noviembre en el a\u00f1o 2012. El\u00a0<span style=\"color: #6e0404;\"><a style=\"color: #6e0404;\" href=\"http:\/\/www.cienciamx.com\/index.php\/ciencia\/humanidades\/3401-ojo-termino-el-iv-congreso-latinoamericano-de-antropologia-reportaje-no\" target=\"_blank\" rel=\"noopener\"><b><strong>IV Congreso Latinoamericano de Antropolog\u00eda \u201cLas antropolog\u00eda latinoamericanas frente a un mundo en transici\u00f3n\u201d<\/strong><\/b><\/a><\/span>, se llev\u00f3 a cabo del 7 al 10 de octubre del a\u00f1o 2015 en Ciudad de M\u00e9xico. El<span style=\"color: #6e0404;\">\u00a0<a style=\"color: #6e0404;\" href=\"https:\/\/asociacionlatinoamericanadeantropologia.net\/congreso2017\/\" target=\"_blank\" rel=\"noopener\"><b><strong>V Congreso de la Asociaci\u00f3n Latinoamericana de Antropolog\u00eda \u00abPol\u00edticas de los conocimientos y las pr\u00e1cticas antropol\u00f3gicas en Am\u00e9rica Latina y el Caribe\u00bb<\/strong><\/b><\/a><\/span>, fue realizado del 6 al 9 de junio de 2017 en Bogot\u00e1, Colombia. E<\/span><span style=\"font-size: 16px; font-style: normal; color: #000000; font-weight: 100;\">l\u00a0<\/span><span style=\"font-size: 16px; font-style: normal; font-weight: 100; color: #6e0404;\"><a style=\"font-size: 16px; color: #6e0404;\" href=\"https:\/\/asociacionlatinoamericanadeantropologia.net\/portal\/memorias-de-congresos-ala\/\" target=\"_blank\" rel=\"noopener\"><b><strong style=\"font-size: 16px;\">VI Congreso de la Asociaci\u00f3n Latinoamericana de Antropolog\u00eda \u00abDesaf\u00edos emergentes: Antropolog\u00edas desde Am\u00e9rica Latina y del Caribe\u00bb<\/strong><\/b><\/a> <span style=\"color: #000000;\">se llev\u00f3 a cabo<\/span><\/span><span style=\"color: #000000; font-size: 16px;\">, del 23 al 28 de noviembre del 2020 se celebr\u00f3, en modalidad virtual (debido a la declaratoria de pandemia)<\/span><span style=\"color: #000000; font-size: 16px;\">. <\/span><span style=\"color: #000000;\">Finalmente, el <span style=\"color: #800000;\"><strong><a style=\"color: #800000;\" href=\"https:\/\/alacongresos.net\/\" target=\"_blank\" rel=\"noopener\">VII Congreso ALA \u00abLas antropolog\u00edas hechas en Am\u00e9rica Latina y el Caribe en contextos urgentes: violencias, privilegios y desigualdades<\/a>\u00ab<\/strong> <\/span>se realiz\u00f3 en Rosario (Argentina) desde el 11 al 15 de marzo de 2024.<\/span><\/p>\n<p style=\"font-weight: lighter;\"><span style=\"color: #000000;\">El d\u00eda 14 de marzo durante el <strong>VII Congreso<\/strong> se realiz\u00f3 la Asamblea donde se eligieron las <strong>autoridades de ALA para el periodo 2024-2027<\/strong>, de la misma participaron 12 de las 13 Asociaciones que forman parte de ALA. Al quedar la presidencia sin cubrir, el 10 de junio se realiz\u00f3 una nueva Asamblea en la cual se seleccion\u00f3 la presidencia, quedando la CD del periodo 2024-2027 constituida de la siguiente manera: <\/span><\/p>\n<p><span style=\"color: #000000;\"><strong>Comisi\u00f3n Directiva 2024-2027<\/strong><\/span><\/p>\n<ul>\n<li><span style=\"color: #000000;\"><strong>Ver\u00f3nica L\u00f3pez Tessore<\/strong> (Presidenta, AAR, Argentina)<\/span><\/li>\n<li><span style=\"color: #000000;\"><strong>Laura R. Valladares<\/strong> (Vicepresidenta, CEAS, M\u00e9xico)<\/span><\/li>\n<li><span style=\"color: #000000;\"><strong>Gonzalo D\u00edaz Crovetto<\/strong> (Secretario, Colegio de Antrop\u00f3logos y Antrop\u00f3logas de Chile)<\/span><\/li>\n<li><span style=\"color: #000000;\"><strong>Fernanda Olivar<\/strong> (AUAS, Uruguay)<\/span><\/li>\n<li><span style=\"color: #000000;\"><strong>Margarita M. Granados Castellanos<\/strong> (Tesorera, ACANT, Colombia)<\/span><\/li>\n<\/ul>\n<p><strong><span style=\"color: #000000;\">Vocales 2024-2027:<\/span><\/strong><\/p>\n<ul>\n<li><span style=\"color: #000000;\"><strong>Agostina Gagliolo<\/strong> (CGA, Argentina)<\/span><\/li>\n<li><span style=\"color: #000000;\"><strong>L\u00eda Zanotta Machado<\/strong> (ABA, Brasil)<\/span><\/li>\n<li><span style=\"color: #000000;\"><strong>Emanuel Valera Hurtado<\/strong> (Red de Antropolog\u00edas del Sur, Venezuela)<\/span><\/li>\n<li><span style=\"color: #000000;\"><strong>Adriana Aguayo Ayala<\/strong> (CEAS)<\/span><\/li>\n<li><span style=\"color: #000000;\"><strong>Camila Flores<\/strong> (Colegio de Antrop\u00f3logos y Antrop\u00f3logas de Chile)<\/span><\/li>\n<li><span style=\"color: #000000;\"><strong>Tania Gonz\u00e1lez Rivadeneira<\/strong> (Sociedad Ecuatoriana de Etnobiolog\u00eda)<\/span><\/li>\n<li><span style=\"color: #000000;\"><strong>Marilin L\u00f3pez Fittipaldi<\/strong> (AAR, Argentina)<\/span><\/li>\n<li><span style=\"color: #000000;\"><strong>Manuel Cuentas Robles<\/strong> (Colegio Profesional de Antrop\u00f3logos de Per\u00fa)<\/span><\/li>\n<li><span style=\"color: #000000;\"><strong>Walter Ayala<\/strong> (Asociaci\u00f3n Paraguaya de Antropolog\u00eda)<\/span><\/li>\n<li><span style=\"color: #000000;\"><strong>Carmen Fajardo<\/strong> (Red Centroamericana de Antropolog\u00eda)<\/span><\/li>\n<\/ul>\n<p><span style=\"color: #000000;\"><strong>Comisi\u00f3n Fiscal 2024-2027:<\/strong> <\/span><\/p>\n<ul>\n<li><span style=\"color: #000000;\"><strong>Juli\u00e1n Montalvo<\/strong> (ACANT, Colombia)<\/span><\/li>\n<li><span style=\"color: #000000;\"><strong>Jean Segata<\/strong> (ABA, Brasil)<\/span><\/li>\n<li><span style=\"color: #000000;\"><strong>Marisa Ruiz Trejo<\/strong> (CEAS, M\u00e9xico)<\/span><\/li>\n<li><span style=\"color: #000000;\"><strong>Gemma Rojas<\/strong> (Colegio de Antrop\u00f3logos de Chile)<\/span><\/li>\n<li><span style=\"color: #000000;\"><strong>Paula Shabel<\/strong> (CGA, Argentina)<\/span><\/li>\n<li><span style=\"color: #000000;\"><strong>Domingo Brice\u00f1o Carmona<\/strong> (Red de Antropolog\u00edas del Sur, Venezuela)<\/span><\/li>\n<\/ul>\n<p>____________________________________________________________________<\/p>\n<p><span style=\"color: #000000;\">El 27 de noviembre del 2020, en el marco del\u00a0<b><strong>VI Congreso ALA<\/strong><\/b>, fueron electas la\u00a0<b><strong>Comisi\u00f3n Directiva<\/strong><\/b>\u00a0y la\u00a0<b><strong>Comisi\u00f3n Fiscal<\/strong><\/b> de <b><strong>ALA<\/strong><\/b> para el per\u00edodo comprendido entre diciembre de 2020 y diciembre de 2023, proceso in\u00e9dito en la historia de esta asociaci\u00f3n. Votaron en total 11 de las 13 organizaciones ALA. Quedaron conformadas de la siguiente manera:<\/span><\/p>\n<p style=\"font-weight: lighter;\"><span style=\"color: #000000;\"><b><strong>Comisi\u00f3n Directiva 2020-2023<\/strong><\/b><\/span><\/p>\n<ul style=\"font-weight: 200;\">\n<li><span style=\"color: #000000;\"><b><strong>L\u00eda Ferrero<\/strong><\/b>\u00a0<b><strong>(presidenta)<\/strong><\/b>.\u00a0<span style=\"color: #6e0404;\"><a style=\"color: #6e0404;\" href=\"https:\/\/www.cga.org.ar\/\" target=\"_blank\" rel=\"noopener\"><b><strong>CGA<\/strong><\/b><\/a><\/span>, Rep\u00fablica Argentina<\/span><\/li>\n<li><span style=\"color: #000000;\"><b><strong>Martha Patricia Casta\u00f1eda<\/strong><\/b>\u00a0<b><strong>(vicepresidenta)<\/strong><\/b>.\u00a0<span style=\"color: #6e0404;\"><a style=\"color: #6e0404;\" href=\"http:\/\/www.ceas.org.mx\/\" target=\"_blank\" rel=\"noopener\"><b><strong>CEAS<\/strong><\/b><\/a><\/span>, M\u00e9xico<\/span><\/li>\n<li><span style=\"color: #000000;\"><b><strong>Juli\u00e1n Montalvo (secretario)<\/strong><\/b>.\u00a0<span style=\"color: #6e0404;\"><a style=\"color: #6e0404;\" href=\"http:\/\/acant.net\/\" target=\"_blank\" rel=\"noopener\"><b><strong>ACANT<\/strong><\/b><\/a>,<\/span> Colombia<\/span><\/li>\n<li><span style=\"color: #000000;\"><b><strong>Betty Francia (tesorera)<\/strong><\/b>.\u00a0<span style=\"color: #6e0404;\"><a style=\"color: #6e0404;\" href=\"http:\/\/www.auas.org.uy\/\" target=\"_blank\" rel=\"noopener\"><b><strong>AUAS<\/strong><\/b><\/a><\/span>, Uruguay<\/span><\/li>\n<\/ul>\n<p style=\"font-weight: lighter;\"><span style=\"color: #000000;\"><b><strong>Vocales 2020-2023<\/strong><\/b><\/span><\/p>\n<ul style=\"font-weight: 200;\">\n<li><span style=\"color: #000000;\"><b><strong>Annel Mej\u00edas Guiza<\/strong><\/b>.\u00a0<span style=\"color: #6e0404;\"><a style=\"color: #6e0404;\" href=\"http:\/\/red.antropologiasdelsur.org\/\" target=\"_blank\" rel=\"noopener\"><b><strong>Red de Antropolog\u00edas del Sur<\/strong><\/b><\/a><\/span>, Venezuela<\/span><\/li>\n<li><span style=\"color: #000000;\"><b><strong>Catalina Campo Imbaquingo<\/strong><\/b>.\u00a0<strong><span style=\"color: #6e0404;\"><a style=\"color: #6e0404;\" href=\"https:\/\/etnobiologiaecuador.org\/\" target=\"_blank\" rel=\"noopener\">Sociedad Ecuatoriana de Etnobiolog\u00ed<\/a>a<\/span><\/strong>, Ecuador<\/span><\/li>\n<li><span style=\"color: #000000;\"><b><strong>Cornelia Eckert<\/strong><\/b>.<span style=\"color: #6e0404;\">\u00a0<a style=\"color: #6e0404;\" href=\"http:\/\/www.portal.abant.org.br\/\" target=\"_blank\" rel=\"noopener\"><b><strong>Associa\u00e7\u00e3o Brasileira de Antropologia<\/strong><\/b><\/a><\/span>, Brasil<\/span><\/li>\n<li><span style=\"color: #000000;\"><b><strong>Gonzalo D\u00edaz Crovetto<\/strong><\/b>.<span style=\"color: #6e0404;\">\u00a0<a style=\"color: #6e0404;\" href=\"https:\/\/colegioantropologos.cl\/\" target=\"_blank\" rel=\"noopener\"><b><strong>Colegio de Antrop\u00f3logas y Antrop\u00f3logos de Chile<\/strong><\/b><\/a><\/span>, Chile<\/span><\/li>\n<li><span style=\"color: #000000;\"><b><strong>Lizeth P\u00e9rez C\u00e1rdenas<\/strong><\/b>.<span style=\"color: #6e0404;\">\u00a0<a style=\"color: #6e0404;\" href=\"http:\/\/www.ceas.org.mx\/\" target=\"_blank\" rel=\"noopener\"><b><strong>CEAS<\/strong><\/b><\/a><\/span>, M\u00e9xico<\/span><\/li>\n<li><span style=\"color: #000000;\"><b><strong>Diana Lenton<\/strong><\/b>.\u00a0<span style=\"color: #6e0404;\"><a style=\"color: #6e0404;\" href=\"https:\/\/www.cga.org.ar\/\" target=\"_blank\" rel=\"noopener\"><b><strong>CGA<\/strong><\/b><\/a><\/span>, Rep\u00fablica Argentina<\/span><\/li>\n<li><span style=\"color: #000000;\"><b><strong>Ver\u00f3nica L\u00f3pez Tessore<\/strong><\/b>.\u00a0<b><strong>Asociaci\u00f3n de Antropolog\u00eda de Rosario<\/strong><\/b>, Rep\u00fablica Argentina<\/span><\/li>\n<\/ul>\n<p style=\"font-weight: lighter;\"><span style=\"color: #000000;\"><b><strong>Comisi\u00f3n Fiscal 2020-2023<\/strong><\/b><\/span><\/p>\n<ul style=\"font-weight: 200;\">\n<li><span style=\"color: #000000;\"><b><strong>Gemma Rojas<\/strong><\/b>.\u00a0<span style=\"color: #6e0404;\"><a style=\"color: #6e0404;\" href=\"https:\/\/colegioantropologos.cl\/\" target=\"_blank\" rel=\"noopener\"><b><strong>Colegio de Antrop\u00f3logas y Antrop\u00f3logos de Chile<\/strong><\/b><\/a><\/span>, Chile<\/span><\/li>\n<li><span style=\"color: #000000;\"><b><strong>Mar\u00eda Noel Curbelo<\/strong><\/b>.<span style=\"color: #6e0404;\">\u00a0<a style=\"color: #6e0404;\" href=\"http:\/\/www.auas.org.uy\/\" target=\"_blank\" rel=\"noopener\"><b><strong>AUAS<\/strong><\/b><\/a><\/span>, Uruguay<\/span><\/li>\n<li><span style=\"color: #000000;\"><b><strong>Rosa Iraima Sulbar\u00e1n<\/strong><\/b>.\u00a0<span style=\"color: #6e0404;\"><a style=\"color: #6e0404;\" href=\"http:\/\/red.antropologiasdelsur.org\/\" target=\"_blank\" rel=\"noopener\"><b><strong>Red de Antropolog\u00edas del Sur<\/strong><\/b><\/a><\/span>, Venezuela<\/span><\/li>\n<li><span style=\"color: #000000;\"><b><strong>Nicol\u00e1s Olivo Santoyo<\/strong><\/b>.\u00a0<span style=\"color: #6e0404;\"><a style=\"color: #6e0404;\" href=\"http:\/\/www.ceas.org.mx\/\" target=\"_blank\" rel=\"noopener\"><b><strong>CEAS<\/strong><\/b><\/a>,<\/span> M\u00e9xico<\/span><\/li>\n<\/ul>\n<p>____________________________________________________________________<\/p>\n<p><strong><span style=\"color: #000000;\">Comisi\u00f3n Directiva 2017-2020<\/span><\/strong><\/p>\n<ul>\n<li><span style=\"color: #000000;\"><strong>Presidente<\/strong>: Eduardo Restrepo (Colombia)<\/span><\/li>\n<li><span style=\"color: #000000;\"><strong>Vicepresidenta<\/strong>: Lydia Nina de Souyza Gumiel (Uruguay)<\/span><\/li>\n<li><span style=\"color: #000000;\"><strong>Secretario<\/strong>: Ricardo Fagoaga (M\u00e9jico)<\/span><\/li>\n<li><span style=\"color: #000000;\"><strong>Tesorero<\/strong>: Pablo Gatti Ballesteroch (Uruguay)<\/span><\/li>\n<\/ul>\n<p><span style=\"color: #000000;\"><strong>Vocales<\/strong>: <\/span><\/p>\n<ul>\n<li><span style=\"color: #000000;\">Antonio Motta (Brasil)<\/span><\/li>\n<li><span style=\"color: #000000;\">L\u00eda Ferrero (Argentina)<\/span><\/li>\n<li><span style=\"color: #000000;\">Gonzalo D\u00edaz Corvetto (Chile)<\/span><\/li>\n<li><span style=\"color: #000000;\">Annel del Mar Mej\u00edas Guiza (Red de Antropolog\u00edas del Sur)<\/span><\/li>\n<li><span style=\"color: #000000;\">Alhena Caicedo (Colombia)<\/span><\/li>\n<li><span style=\"color: #000000;\">Fernando Garc\u00eda (Ecuador)<\/span><\/li>\n<li><span style=\"color: #000000;\">Maritza Andino Picado<\/span><\/li>\n<\/ul>\n<p><strong><span style=\"color: #000000;\">Comisi\u00f3n Fiscal 2017-2020<\/span><\/strong><\/p>\n<ul>\n<li><span style=\"color: #000000;\">Antonio Carlos de Souza Lima, Brasil<\/span><\/li>\n<li><span style=\"color: #000000;\">Cristina Oehmichen, M\u00e9xico<\/span><\/li>\n<li><span style=\"color: #000000;\">Ingrid D\u00edaz, Colombia.-<\/span><\/li>\n<\/ul>\n<p>&nbsp;<\/p>\n<p style=\"font-weight: lighter;\"><span style=\"color: #000000;\">Las actuales\u00a0<b><strong>organizaciones miembros<\/strong><\/b> de <b><strong>ALA<\/strong><\/b>\u00a0son:<\/span><\/p>\n<ul>\n<li><span style=\"color: #6e0404;\"><b><strong><a style=\"color: #6e0404;\" href=\"http:\/\/www.portal.abant.org.br\/\" target=\"_blank\" rel=\"noopener\">Asociaci\u00f3n Brasilera de Antropolog\u00eda (ABA)<\/a><\/strong><\/b><\/span><\/li>\n<li style=\"font-weight: lighter;\"><span style=\"color: #6e0404;\"><b><strong><a style=\"color: #6e0404;\" href=\"http:\/\/acant.net\/\" target=\"_blank\" rel=\"noopener\">Asociaci\u00f3n Colombiana de Antropolog\u00eda (ACANT)<\/a><\/strong><\/b><\/span><\/li>\n<li style=\"font-weight: lighter;\"><span style=\"color: #6e0404;\"><a style=\"color: #6e0404;\" href=\"https:\/\/www.facebook.com\/Aar-Asoc-Antropologia-Rosario-1620745251494345\/\" target=\"_blank\" rel=\"noopener\"><b><strong>Asociaci\u00f3n de Antropolog\u00eda de Rosario (AAR)<\/strong><\/b><\/a><\/span><\/li>\n<li style=\"font-weight: lighter;\"><span style=\"color: #6e0404;\"><b><strong><a style=\"color: #6e0404;\" href=\"https:\/\/aahpanama.org\/\" target=\"_blank\" rel=\"noopener\">Asociaci\u00f3n de Antropolog\u00eda e Historia de Panam\u00e1<\/a><\/strong><\/b><\/span><\/li>\n<li style=\"font-weight: lighter;\"><span style=\"color: #6e0404;\"><b><strong><a style=\"color: #6e0404;\" href=\"https:\/\/www.facebook.com\/Asociaci%C3%B3n-Paraguaya-de-Antropolog%C3%ADa-1858126154286282\" target=\"_blank\" rel=\"noopener\">Asociaci\u00f3n Paraguaya de Antropolog\u00eda (APyA)<\/a><\/strong><\/b><\/span><\/li>\n<li style=\"font-weight: lighter;\"><span style=\"color: #6e0404;\"><b><strong><a style=\"color: #6e0404;\" href=\"http:\/\/www.auas.org.uy\/\" target=\"_blank\" rel=\"noopener\">Asociaci\u00f3n Uruguaya de Antropolog\u00eda Social (AUAS)<\/a><\/strong><\/b><\/span><\/li>\n<li style=\"font-weight: lighter;\"><span style=\"color: #6e0404;\"><b><strong><a style=\"color: #6e0404;\" href=\"https:\/\/colegioantropologos.cl\/\" target=\"_blank\" rel=\"noopener\">Colegio de Antrop\u00f3logas y Antrop\u00f3logos de Chile<\/a><\/strong><\/b><\/span><\/li>\n<li style=\"font-weight: lighter;\"><span style=\"color: #6e0404;\"><a style=\"color: #6e0404;\" href=\"http:\/\/www.ceas.org.mx\/\" target=\"_blank\" rel=\"noopener\"><b><strong>Colegio de Etn\u00f3logos y Antrop\u00f3logos Sociales (CEAS), M\u00e9xico<\/strong><\/b><\/a><\/span><\/li>\n<li style=\"font-weight: lighter;\"><span style=\"color: #6e0404;\"><a style=\"color: #6e0404;\" href=\"https:\/\/www.cga.org.ar\/\" target=\"_blank\" rel=\"noopener\"><b><strong>Colegio de Graduados en Antropolog\u00eda de la Rep\u00fablica de Argentina (CGA)<\/strong><\/b><\/a><\/span><\/li>\n<li style=\"font-weight: lighter;\"><span style=\"color: #6e0404;\"><b><strong><a style=\"color: #6e0404;\" href=\"http:\/\/www.cpap.pe\/\" target=\"_blank\" rel=\"noopener\">Colegio Profesional de Antrop\u00f3logos del Per\u00fa<\/a><\/strong><\/b><\/span><\/li>\n<li style=\"font-weight: lighter;\"><span style=\"color: #6e0404;\"><a style=\"color: #6e0404;\" href=\"http:\/\/red.antropologiasdelsur.org\/\" target=\"_blank\" rel=\"noopener\"><b><strong>Red de Antropolog\u00edas del Sur<\/strong><\/b><\/a><\/span><\/li>\n<li style=\"font-weight: lighter;\"><span style=\"color: #6e0404;\"><a style=\"color: #6e0404;\" href=\"https:\/\/www.facebook.com\/RedCAntropologia\" target=\"_blank\" rel=\"noopener\"><b><strong>Red Centroamericana de Antropolog\u00eda<\/strong><\/b><\/a><\/span><\/li>\n<li style=\"font-weight: lighter;\"><span style=\"color: #6e0404;\"><a style=\"color: #6e0404;\" href=\"https:\/\/etnobiologiaecuador.org\/\" target=\"_blank\" rel=\"noopener\"><b><strong>Sociedad Ecuatoriana de Etnobiolog\u00eda<\/strong><\/b><\/a><\/span><\/li>\n<\/ul>\n<p style=\"font-weight: lighter;\"><span style=\"color: #000000;\">Les compartimos los\u00a0<b><strong>Estatutos<\/strong><\/b> de <b><strong>ALA<\/strong><\/b>:<\/span><\/p>\n<a href=\"https:\/\/asociacionlatinoamericanadeantropologia.net\/portal\/wp-content\/uploads\/2016\/03\/Estatuto_ALA__de_mayo__1_.pdf\" class=\"pdfemb-viewer\" style=\"width:450px;height:580px;\" data-width=\"450\" data-height=\"580\" data-toolbar=\"both\" data-toolbar-fixed=\"on\">Estatuto_ALA__de_mayo__1_<\/a>\n<p>&nbsp;<\/p>\n<p><img decoding=\"async\" class=\"alignleft\" src=\"https:\/\/www.waunet.org\/wcaa\/wp-content\/uploads\/2021\/07\/wcaa-768x352.jpg\" width=\"199\" height=\"91\" \/><\/p>\n<p>&nbsp;<\/p>\n<p>&nbsp;<\/p>\n<p>&nbsp;<\/p>\n<p><strong><span style=\"color: #000000;\">La ALA es miembro del Consejo Mundial de Asociaciones de Antropolog\u00eda (<a href=\"https:\/\/www.waunet.org\/wcaa\/\" target=\"_blank\" rel=\"noopener\">WCAA<\/a>)<\/span><\/strong><\/p>\n<p>&nbsp;<\/p>\n<h3><strong>\u00bfQuer\u00e9s saber m\u00e1s sobre quienes son las organizaciones que forman parte de ALA?<\/strong><\/h3>\n<p>&nbsp;<\/p>\n<ul>\n<li><a href=\"https:\/\/asociacionlatinoamericanadeantropologia.net\/portal\/wp-content\/uploads\/2025\/01\/COLEGIO-DE-GRADUADOS-EN-ANTROPOLOGIA.pdf\" target=\"_blank\" rel=\"noopener\"><strong>CGA &#8211; ALA<\/strong><\/a><\/li>\n<li><a href=\"https:\/\/asociacionlatinoamericanadeantropologia.net\/portal\/wp-content\/uploads\/2025\/01\/BOLETIN-CEAAS-FINAL-DEF-WEB-25-Nov-2024_250104_094201.pdf\" target=\"_blank\" rel=\"noopener\"><strong>CEAAS<\/strong><\/a><\/li>\n<li><a href=\"https:\/\/asociacionlatinoamericanadeantropologia.net\/portal\/wp-content\/uploads\/2025\/01\/Memorias-40-anos-final.pdf\" target=\"_blank\" rel=\"noopener\"><strong>CAACh<\/strong><\/a><\/li>\n<li><a href=\"https:\/\/asociacionlatinoamericanadeantropologia.net\/portal\/wp-content\/uploads\/2025\/01\/SEMBLANZA-DEL-CPAP.pdf\" target=\"_blank\" rel=\"noopener\"><strong>CPAP<\/strong><\/a><\/li>\n<\/ul>\n<p>&nbsp;<\/p>\n<p><strong><a href=\"#quienes\">Volver arriba<\/a><\/strong><\/p>\n","protected":false},"excerpt":{"rendered":"<p>Qui\u00e9nes somos La\u00a0Asociaci\u00f3n Latinoamericana de Antropolog\u00eda\u00a0(ALA) tiene por objetivo congregar a los\/as antrop\u00f3logos\/as latinoamericanos\/as y caribe\u00f1os\/as para promover el desarrollo de la antropolog\u00eda, el intercambio de ideas, el debate de problemas y la defensa de los intereses comunes. La\u00a0Asociaci\u00f3n\u00a0busca posibilitar reuniones peri\u00f3dicas entre sus organizaciones socias, divulgar regularmente las materias de inter\u00e9s profesional y proponer &hellip;<\/p>\n<p class=\"read-more\"> <a class=\"\" href=\"https:\/\/asociacionlatinoamericanadeantropologia.net\/portal\/quienes-somos\/\"> <span class=\"screen-reader-text\">Qui\u00e9nes somos<\/span> Leer m\u00e1s &raquo;<\/a><\/p>\n","protected":false},"author":2,"featured_media":0,"parent":0,"menu_order":0,"comment_status":"closed","ping_status":"closed","template":"","meta":{"site-sidebar-layout":"default","site-content-layout":"default","ast-main-header-display":"","ast-hfb-above-header-display":"","ast-hfb-below-header-display":"","ast-hfb-mobile-header-display":"","site-post-title":"","ast-breadcrumbs-content":"","ast-featured-img":"","footer-sml-layout":"","theme-transparent-header-meta":"","adv-header-id-meta":"","stick-header-meta":"","header-above-stick-meta":"","header-main-stick-meta":"","header-below-stick-meta":"","footnotes":""},"categories":[7],"tags":[],"class_list":["post-332","page","type-page","status-publish","hentry","category-ala"],"_links":{"self":[{"href":"https:\/\/asociacionlatinoamericanadeantropologia.net\/portal\/wp-json\/wp\/v2\/pages\/332","targetHints":{"allow":["GET"]}}],"collection":[{"href":"https:\/\/asociacionlatinoamericanadeantropologia.net\/portal\/wp-json\/wp\/v2\/pages"}],"about":[{"href":"https:\/\/asociacionlatinoamericanadeantropologia.net\/portal\/wp-json\/wp\/v2\/types\/page"}],"author":[{"embeddable":true,"href":"https:\/\/asociacionlatinoamericanadeantropologia.net\/portal\/wp-json\/wp\/v2\/users\/2"}],"replies":[{"embeddable":true,"href":"https:\/\/asociacionlatinoamericanadeantropologia.net\/portal\/wp-json\/wp\/v2\/comments?post=332"}],"version-history":[{"count":29,"href":"https:\/\/asociacionlatinoamericanadeantropologia.net\/portal\/wp-json\/wp\/v2\/pages\/332\/revisions"}],"predecessor-version":[{"id":4169,"href":"https:\/\/asociacionlatinoamericanadeantropologia.net\/portal\/wp-json\/wp\/v2\/pages\/332\/revisions\/4169"}],"wp:attachment":[{"href":"https:\/\/asociacionlatinoamericanadeantropologia.net\/portal\/wp-json\/wp\/v2\/media?parent=332"}],"wp:term":[{"taxonomy":"category","embeddable":true,"href":"https:\/\/asociacionlatinoamericanadeantropologia.net\/portal\/wp-json\/wp\/v2\/categories?post=332"},{"taxonomy":"post_tag","embeddable":true,"href":"https:\/\/asociacionlatinoamericanadeantropologia.net\/portal\/wp-json\/wp\/v2\/tags?post=332"}],"curies":[{"name":"wp","href":"https:\/\/api.w.org\/{rel}","templated":true}]}}