{"id":334,"date":"2021-12-08T17:57:41","date_gmt":"2021-12-08T17:57:41","guid":{"rendered":"https:\/\/asociacionlatinoamericanadeantropologia.net\/portal\/?page_id=334"},"modified":"2024-01-12T14:24:33","modified_gmt":"2024-01-12T14:24:33","slug":"enlaces","status":"publish","type":"page","link":"https:\/\/asociacionlatinoamericanadeantropologia.net\/portal\/enlaces\/","title":{"rendered":"Enlaces de Inter\u00e9s"},"content":{"rendered":"<h2><strong>Enlaces de inter\u00e9s para la Antropolog\u00eda en Latinoam\u00e9rica<\/strong><\/h2>\n<ol>\n<li><a href=\"https:\/\/asociacionlatinoamericanadeantropologia.net\/portal\/instituciones-de-antropologia-en-latinoamerica\/\" target=\"_blank\" rel=\"noopener\">Instituciones de Antropolog\u00eda en Latinoam\u00e9rica<\/a><\/li>\n<li><a href=\"https:\/\/asociacionlatinoamericanadeantropologia.net\/portal\/portales-de-antropologia\/\" target=\"_blank\" rel=\"noopener\">Portales de Antropolog\u00eda<\/a><\/li>\n<li><a href=\"https:\/\/asociacionlatinoamericanadeantropologia.net\/portal\/asociaciones-colegios-y-redes-afiliadas-a-ala\/\" target=\"_blank\" rel=\"noopener\">Asociaciones de Antropolog\u00eda integrantes de ALA<\/a><\/li>\n<li><a href=\"https:\/\/asociacionlatinoamericanadeantropologia.net\/portal\/revistas-de-antropologia\/\" target=\"_blank\" rel=\"noopener\">Revistas de Antropolog\u00eda<\/a><\/li>\n<li><a href=\"https:\/\/asociacionlatinoamericanadeantropologia.net\/portal\/redes-internacionales-de-antropologia\/\" target=\"_blank\" rel=\"noopener\">Redes Internacionales de Antropolog\u00eda<\/a><\/li>\n<\/ol>\n","protected":false},"excerpt":{"rendered":"<p>Enlaces de inter\u00e9s para la Antropolog\u00eda en Latinoam\u00e9rica Instituciones de Antropolog\u00eda en Latinoam\u00e9rica Portales de Antropolog\u00eda Asociaciones de Antropolog\u00eda integrantes de ALA Revistas de Antropolog\u00eda Redes Internacionales de Antropolog\u00eda<\/p>\n","protected":false},"author":2,"featured_media":0,"parent":0,"menu_order":0,"comment_status":"closed","ping_status":"closed","template":"","meta":{"site-sidebar-layout":"default","site-content-layout":"default","ast-main-header-display":"","ast-hfb-above-header-display":"","ast-hfb-below-header-display":"","ast-hfb-mobile-header-display":"","site-post-title":"","ast-breadcrumbs-content":"","ast-featured-img":"","footer-sml-layout":"","theme-transparent-header-meta":"default","adv-header-id-meta":"","stick-header-meta":"","header-above-stick-meta":"","header-main-stick-meta":"","header-below-stick-meta":"","footnotes":""},"categories":[],"tags":[],"class_list":["post-334","page","type-page","status-publish","hentry"],"_links":{"self":[{"href":"https:\/\/asociacionlatinoamericanadeantropologia.net\/portal\/wp-json\/wp\/v2\/pages\/334","targetHints":{"allow":["GET"]}}],"collection":[{"href":"https:\/\/asociacionlatinoamericanadeantropologia.net\/portal\/wp-json\/wp\/v2\/pages"}],"about":[{"href":"https:\/\/asociacionlatinoamericanadeantropologia.net\/portal\/wp-json\/wp\/v2\/types\/page"}],"author":[{"embeddable":true,"href":"https:\/\/asociacionlatinoamericanadeantropologia.net\/portal\/wp-json\/wp\/v2\/users\/2"}],"replies":[{"embeddable":true,"href":"https:\/\/asociacionlatinoamericanadeantropologia.net\/portal\/wp-json\/wp\/v2\/comments?post=334"}],"version-history":[{"count":9,"href":"https:\/\/asociacionlatinoamericanadeantropologia.net\/portal\/wp-json\/wp\/v2\/pages\/334\/revisions"}],"predecessor-version":[{"id":3265,"href":"https:\/\/asociacionlatinoamericanadeantropologia.net\/portal\/wp-json\/wp\/v2\/pages\/334\/revisions\/3265"}],"wp:attachment":[{"href":"https:\/\/asociacionlatinoamericanadeantropologia.net\/portal\/wp-json\/wp\/v2\/media?parent=334"}],"wp:term":[{"taxonomy":"category","embeddable":true,"href":"https:\/\/asociacionlatinoamericanadeantropologia.net\/portal\/wp-json\/wp\/v2\/categories?post=334"},{"taxonomy":"post_tag","embeddable":true,"href":"https:\/\/asociacionlatinoamericanadeantropologia.net\/portal\/wp-json\/wp\/v2\/tags?post=334"}],"curies":[{"name":"wp","href":"https:\/\/api.w.org\/{rel}","templated":true}]}}