{"id":338,"date":"2021-12-08T17:58:44","date_gmt":"2021-12-08T17:58:44","guid":{"rendered":"https:\/\/asociacionlatinoamericanadeantropologia.net\/portal\/?page_id=338"},"modified":"2025-11-19T01:36:13","modified_gmt":"2025-11-19T01:36:13","slug":"grupos-de-trabajo-2","status":"publish","type":"page","link":"https:\/\/asociacionlatinoamericanadeantropologia.net\/portal\/grupos-de-trabajo-2\/","title":{"rendered":"Grupos de Trabajo de ALA"},"content":{"rendered":"<p><a id=\"grupos\"><\/a>Los Grupos de Trabajo (GT) de la Asociaci\u00f3n Latinoamericana de Antropolog\u00eda son organismos oficialmente reconocidos por ALA. Su finalidad es el fomento de la investigaci\u00f3n cient\u00edfica en las disciplinas antropol\u00f3gicas y el trabajo antropol\u00f3gico profesional con perspectiva latinoamericana.<\/p>\n<p>Desde <a href=\"https:\/\/asociacionlatinoamericanadeantropologia.net\/portal\/cuadernos-de-los-gt-ala\/\" target=\"_blank\" rel=\"noopener\">este enlace<\/a> podr\u00e1n consultar las publicaciones de los Grupos de Trabajo.<\/p>\n<ol>\n<li><a href=\"https:\/\/asociacionlatinoamericanadeantropologia.net\/portal\/ensino-de-antropologia-e-a-formacao-de-antropologos-e-antropologas\/\" target=\"_blank\" rel=\"noopener\">GT Ensino de antropologia e a forma\u00e7\u00e3o de antrop\u00f3logos e antrop\u00f3logas<\/a> Coordinado por Amurabi Olivera<\/li>\n<li><a href=\"https:\/\/asociacionlatinoamericanadeantropologia.net\/portal\/religiones-espiritualidades-y-cosmopoliticas-en-america-latina\/\" target=\"_blank\" rel=\"noopener\">GT Religiones, espiritualidades y cosmopol\u00edticas en Am\u00e9rica Latina<\/a> Coordinado por Juan Scuro, Nicol\u00e1s Viotti, Emerson Giumbelli y Alhena Caicedo<\/li>\n<li><a href=\"https:\/\/asociacionlatinoamericanadeantropologia.net\/portal\/antropologias-disidentes-e-indisciplinadas\/\" target=\"_blank\" rel=\"noopener\">GT Antropolog\u00edas disidentes e indisciplinadas<\/a> (Red de Antropolog\u00edas del Sur) Coordinado por Marianela Stagnaro, Fabi\u00e1n Gontijo, Est\u00eav\u0101o Fernandes, Javier R. Romero, Mar\u00eda Fernanda Gonz\u00e1lez, Luc\u00eda Pellecer, Giovanna Gasparello y Annel Mej\u00edas Guiza<\/li>\n<li><a href=\"https:\/\/asociacionlatinoamericanadeantropologia.net\/portal\/antropologia-latinoamericana-del-trabajo\/\" target=\"_blank\" rel=\"noopener\">GT Antropolog\u00eda latinoamericana del trabajo<\/a> Coordinado por Lorena Capogrossi, Hern\u00e1n Palermo, Carlos Le\u00f3n Salazar y Guillermo Rosa G\u00f3mez<\/li>\n<li><a href=\"https:\/\/asociacionlatinoamericanadeantropologia.net\/portal\/el-catalogo-latinoamericano-de-tesis-en-antropologia-social\/\" target=\"_blank\" rel=\"noopener\">GT El cat\u00e1logo latinoamericano de tesis en antropolog\u00eda social<\/a> Coordinado por Roberto Melville<\/li>\n<li><a href=\"https:\/\/asociacionlatinoamericanadeantropologia.net\/portal\/familia-y-parentesco-en-america-latina-practicas-y-logicas-culturales\/\" target=\"_blank\" rel=\"noopener\">GT Familia y parentesco en Am\u00e9rica Latina: pr\u00e1cticas y l\u00f3gicas culturales<\/a> Coordinado por Juan Pablo Ferreiro, Javier Serrano y David Robichaux<\/li>\n<li><a href=\"https:\/\/asociacionlatinoamericanadeantropologia.net\/portal\/redes-de-interaprendizaje-nuevas-cartografias-interculturales-y-algunas-propuestas-de-transformacion-epistemologica\/\" target=\"_blank\" rel=\"noopener\">GT Redes de interaprendizaje: nuevas cartograf\u00edas interculturales y algunas propuestas de transformaci\u00f3n epistemol\u00f3gica<\/a> Coordinado por Mariano B\u00e1ez Landa y Alexandre Ferraz Herbetta<\/li>\n<li><a href=\"https:\/\/asociacionlatinoamericanadeantropologia.net\/portal\/la-covid-19-en-america-latina-y-caribe\/\" target=\"_blank\" rel=\"noopener\">GT La Covid-19 en Am\u00e9rica Latina y el Caribe<\/a> Coordinado por Jean Segata<\/li>\n<li><a href=\"https:\/\/asociacionlatinoamericanadeantropologia.net\/portal\/antropologia-en-lo-urbano-etnografia-en-las-ciudades\/\" target=\"_blank\" rel=\"noopener\">GT Antropolog\u00eda en lo urbano, etnograf\u00eda en las ciudades<\/a> Coordinado por Francisca M\u00e1rquez, Florencia Girola y Jos\u00e9 Luis \u00c1balos Junior<\/li>\n<li><a href=\"https:\/\/asociacionlatinoamericanadeantropologia.net\/portal\/antropologia-de-la-biopolitica-etnografias-colaborativas\/\" target=\"_blank\" rel=\"noopener\">GT Antropolog\u00eda de la biopolitica: etnografias colaborativas<\/a> Coordinado por Leticia Katzer<\/li>\n<li><a href=\"https:\/\/asociacionlatinoamericanadeantropologia.net\/portal\/tecnica-conocimiento-y-poder\/\" target=\"_blank\" rel=\"noopener\">GT T\u00e9cnica, conocimiento y poder<\/a> Coordinado por Fabio Mura, Ana Padawer, Sebasti\u00e1n Carenzo y <span data-sheets-root=\"1\">Alessandro Oliveira<\/span><\/li>\n<li><a href=\"https:\/\/asociacionlatinoamericanadeantropologia.net\/portal\/infancias-y-alteridades-en-america-latina\/\" target=\"_blank\" rel=\"noopener\">GT Infancias y alteridades en Am\u00e9rica Latina<\/a> Coordinado por Fernanda Bittencour Ribeiro, <span data-sheets-root=\"1\">Andrea Szulc<\/span> y Ana Luz Minera Castillo<\/li>\n<li><a href=\"https:\/\/asociacionlatinoamericanadeantropologia.net\/portal\/los-sistemas-cientificos-en-perspectiva-comparada-una-mirada-desde-las-antropologias-latinoamericanas\/\" target=\"_blank\" rel=\"noopener\">GT Los sistemas cient\u00edficos en perspectiva comparada. Una mirada desde las\u00a0antropolog\u00edas latinoamericanas<\/a> Coordinado por Mariano Perelman<\/li>\n<li><a href=\"https:\/\/asociacionlatinoamericanadeantropologia.net\/portal\/antropologia-do-estado-e-das-instituicoes\/\" target=\"_blank\" rel=\"noopener\">GT Antropologia do Estado e das Institui\u00e7\u00f5es<\/a> Coordinado por <span data-sheets-root=\"1\">Alejandro Agudo Sanchiz<\/span><\/li>\n<li><a href=\"https:\/\/asociacionlatinoamericanadeantropologia.net\/portal\/antropologia-das-emocoes\/\" target=\"_blank\" rel=\"noopener\">GT Antropologia das emo\u00e7\u00f5es | Antropolog\u00eda de las emociones<\/a> Coordinado por Mariana Sirimarco y Mar\u00eda Claudia Coelho<\/li>\n<li><a href=\"https:\/\/asociacionlatinoamericanadeantropologia.net\/portal\/comunidades-futuros-y-utopias-en-latinoamerica\/\" target=\"_blank\" rel=\"noopener\">GT Comunidades, futuros y utop\u00edas en Latinoam\u00e9rica<\/a> Coordinado por Javier Serrano<\/li>\n<li><a href=\"https:\/\/asociacionlatinoamericanadeantropologia.net\/portal\/antropologias-feministas-y-de-genero\/\" target=\"_blank\" rel=\"noopener\">GT Antropolog\u00edas feministas y de g\u00e9nero<\/a> Coordinado por Martha Patricia Casta\u00f1eda<\/li>\n<li><a href=\"https:\/\/asociacionlatinoamericanadeantropologia.net\/portal\/articulacion-latinoamericana-de-estudiantes-de-antropologia-y-arqueologia\/\" target=\"_blank\" rel=\"noopener\">GT Articulaci\u00f3n latinoamericana de estudiantes de antropolog\u00eda y arqueolog\u00eda (ALEAA)<\/a> Coordinado por Laura A. Gonz\u00e1lez Morales, Max E. Negrete Gonz\u00e1lez y Tania G.Trujillo Canales<\/li>\n<li><a href=\"https:\/\/asociacionlatinoamericanadeantropologia.net\/portal\/antropologia-de-las-antropologias-latinoamericanas\/\" target=\"_blank\" rel=\"noopener\">GT Antropolog\u00eda de las antropolog\u00edas latinoamericanas (ADALA) <\/a>Coordinado por Esteban Krotz<\/li>\n<li><a href=\"https:\/\/asociacionlatinoamericanadeantropologia.net\/portal\/antropologia-del-turismo\/\" target=\"_blank\" rel=\"noopener\">GT Antropolog\u00eda del turismo<\/a> Coordinado por Cristina Oehmichen Baz\u00e1n y Sandra Tolosa<\/li>\n<li><a href=\"https:\/\/asociacionlatinoamericanadeantropologia.net\/portal\/antropoeticas\/\" target=\"_blank\" rel=\"noopener\">GT AntroPo\u00c9ticas: Narrativas e resson\u00e2ncias sens\u00edveis em imagens visuais e sonoras, como formas de transgredir fronteiras epistemol\u00f3gicas<\/a> Coordinado por Alejandro Escobar Hoyos, Patricia Pinheiro<br \/>\ny Val\u00e9ria de Paula Martins<\/li>\n<li><a href=\"https:\/\/asociacionlatinoamericanadeantropologia.net\/portal\/pluralismos-economicos\/\" target=\"_blank\" rel=\"noopener\">GT Pluralismos econ\u00f3micos<\/a> Coordinado por Maya Neirot Bernal y Maria Luisa Lopez Guerrero<\/li>\n<li><a href=\"https:\/\/asociacionlatinoamericanadeantropologia.net\/portal\/antropologias-precarizadas-investigacion-y-actividad-profesional\/\" target=\"_blank\" rel=\"noopener\">GT Antropolog\u00edas precarizadas, investigaci\u00f3n y actividad profesional<\/a> Coordinado por Carolina Casta\u00f1eda Vargas<\/li>\n<li><a href=\"https:\/\/asociacionlatinoamericanadeantropologia.net\/portal\/pueblos-indigenas-y-comunidades-afrodescendientes\/\" target=\"_blank\" rel=\"noopener\">GT Pueblos ind\u00edgenas y comunidades afrodescendientes en procesos pol\u00edticos y jur\u00eddicos ante el Estado y los emprendedores privados: miradas desde Latinoam\u00e9rica y el Caribe<\/a> Coordinado por Alexandra Barbosa da Silva y <span data-sheets-value=\"{&quot;1&quot;:2,&quot;2&quot;:&quot;Emmanuel de Almeida Farias J\u00fanior&quot;}\" data-sheets-userformat=\"{&quot;2&quot;:33563197,&quot;3&quot;:{&quot;1&quot;:0},&quot;5&quot;:{&quot;1&quot;:[{&quot;1&quot;:2,&quot;2&quot;:0,&quot;5&quot;:{&quot;1&quot;:2,&quot;2&quot;:0}},{&quot;1&quot;:0,&quot;2&quot;:0,&quot;3&quot;:3},{&quot;1&quot;:1,&quot;2&quot;:0,&quot;4&quot;:1}]},&quot;6&quot;:{&quot;1&quot;:[{&quot;1&quot;:2,&quot;2&quot;:0,&quot;5&quot;:{&quot;1&quot;:2,&quot;2&quot;:0}},{&quot;1&quot;:0,&quot;2&quot;:0,&quot;3&quot;:3},{&quot;1&quot;:1,&quot;2&quot;:0,&quot;4&quot;:1}]},&quot;7&quot;:{&quot;1&quot;:[{&quot;1&quot;:2,&quot;2&quot;:0,&quot;5&quot;:{&quot;1&quot;:2,&quot;2&quot;:0}},{&quot;1&quot;:0,&quot;2&quot;:0,&quot;3&quot;:3},{&quot;1&quot;:1,&quot;2&quot;:0,&quot;4&quot;:1}]},&quot;8&quot;:{&quot;1&quot;:[{&quot;1&quot;:2,&quot;2&quot;:0,&quot;5&quot;:{&quot;1&quot;:2,&quot;2&quot;:0}},{&quot;1&quot;:0,&quot;2&quot;:0,&quot;3&quot;:3},{&quot;1&quot;:1,&quot;2&quot;:0,&quot;4&quot;:1}]},&quot;12&quot;:0,&quot;16&quot;:11,&quot;28&quot;:1}\">Emmanuel de Almeida Farias J\u00fanior<\/span><\/li>\n<li><a href=\"https:\/\/asociacionlatinoamericanadeantropologia.net\/portal\/patrimonio-cultural-indigena-e-estado-em-abya-yala\/\" target=\"_blank\" rel=\"noopener\">GT Patrim\u00f4nio cultural ind\u00edgena e Estado em Abya Yala<\/a> Coordinado por Walmir Pereira<\/li>\n<li><a href=\"https:\/\/asociacionlatinoamericanadeantropologia.net\/portal\/antropologia-del-caribe\/\" target=\"_blank\" rel=\"noopener\">GT Antropolog\u00eda del Caribe <\/a>Coordinado por Juli\u00e1n Montalvo<\/li>\n<li><a href=\"https:\/\/asociacionlatinoamericanadeantropologia.net\/portal\/gt-procesos-y-experiencias-educativas-de-y-con-jovenes-en-contextos-de-desigualdad-social\/\" target=\"_blank\" rel=\"noopener\">GT Procesos y experiencias educativas de y con j\u00f3venes en contextos de desigualdad social<\/a> Coordinado por Maril\u00edn L\u00f3pez Fittipaldi y Weslei Lopes da Silva<\/li>\n<li><a href=\"https:\/\/asociacionlatinoamericanadeantropologia.net\/portal\/gt-antropologia-do-esporte\/\" target=\"_blank\" rel=\"noopener\">GT Antropologia do esporte<\/a> Coordinado por Luiz Fernando Rojo<\/li>\n<\/ol>\n<p><strong><a href=\"#grupos\">Volver arriba<\/a><\/strong><\/p>\n<p>Los grupos de trabajo cuentan con un Reglamento que puede ser consultado aqu\u00ed:<\/p>\n<a href=\"https:\/\/asociacionlatinoamericanadeantropologia.net\/portal\/wp-content\/uploads\/2017\/05\/Reglamento_Grupos_de_Trabajo_ALA_2021.pdf\" class=\"pdfemb-viewer\" style=\"width:450px;height:580px;\" data-width=\"450\" data-height=\"580\" data-toolbar=\"both\" data-toolbar-fixed=\"on\">Reglamento_Grupos_de_Trabajo_ALA_2021<\/a>\n<p>&nbsp;<\/p>\n<p><strong><a href=\"#grupos\">Volver arriba<\/a><\/strong><\/p>\n","protected":false},"excerpt":{"rendered":"<p>Los Grupos de Trabajo (GT) de la Asociaci\u00f3n Latinoamericana de Antropolog\u00eda son organismos oficialmente reconocidos por ALA. Su finalidad es el fomento de la investigaci\u00f3n cient\u00edfica en las disciplinas antropol\u00f3gicas y el trabajo antropol\u00f3gico profesional con perspectiva latinoamericana. Desde este enlace podr\u00e1n consultar las publicaciones de los Grupos de Trabajo. GT Ensino de antropologia e &hellip;<\/p>\n<p class=\"read-more\"> <a class=\"\" href=\"https:\/\/asociacionlatinoamericanadeantropologia.net\/portal\/grupos-de-trabajo-2\/\"> <span class=\"screen-reader-text\">Grupos de Trabajo de ALA<\/span> Leer m\u00e1s &raquo;<\/a><\/p>\n","protected":false},"author":2,"featured_media":963,"parent":0,"menu_order":0,"comment_status":"closed","ping_status":"closed","template":"","meta":{"site-sidebar-layout":"default","site-content-layout":"default","ast-main-header-display":"","ast-hfb-above-header-display":"","ast-hfb-below-header-display":"","ast-hfb-mobile-header-display":"","site-post-title":"","ast-breadcrumbs-content":"","ast-featured-img":"","footer-sml-layout":"","theme-transparent-header-meta":"default","adv-header-id-meta":"","stick-header-meta":"","header-above-stick-meta":"","header-main-stick-meta":"","header-below-stick-meta":"","footnotes":""},"categories":[8],"tags":[],"class_list":["post-338","page","type-page","status-publish","has-post-thumbnail","hentry","category-grupos-de-trabajo"],"_links":{"self":[{"href":"https:\/\/asociacionlatinoamericanadeantropologia.net\/portal\/wp-json\/wp\/v2\/pages\/338","targetHints":{"allow":["GET"]}}],"collection":[{"href":"https:\/\/asociacionlatinoamericanadeantropologia.net\/portal\/wp-json\/wp\/v2\/pages"}],"about":[{"href":"https:\/\/asociacionlatinoamericanadeantropologia.net\/portal\/wp-json\/wp\/v2\/types\/page"}],"author":[{"embeddable":true,"href":"https:\/\/asociacionlatinoamericanadeantropologia.net\/portal\/wp-json\/wp\/v2\/users\/2"}],"replies":[{"embeddable":true,"href":"https:\/\/asociacionlatinoamericanadeantropologia.net\/portal\/wp-json\/wp\/v2\/comments?post=338"}],"version-history":[{"count":27,"href":"https:\/\/asociacionlatinoamericanadeantropologia.net\/portal\/wp-json\/wp\/v2\/pages\/338\/revisions"}],"predecessor-version":[{"id":4504,"href":"https:\/\/asociacionlatinoamericanadeantropologia.net\/portal\/wp-json\/wp\/v2\/pages\/338\/revisions\/4504"}],"wp:featuredmedia":[{"embeddable":true,"href":"https:\/\/asociacionlatinoamericanadeantropologia.net\/portal\/wp-json\/wp\/v2\/media\/963"}],"wp:attachment":[{"href":"https:\/\/asociacionlatinoamericanadeantropologia.net\/portal\/wp-json\/wp\/v2\/media?parent=338"}],"wp:term":[{"taxonomy":"category","embeddable":true,"href":"https:\/\/asociacionlatinoamericanadeantropologia.net\/portal\/wp-json\/wp\/v2\/categories?post=338"},{"taxonomy":"post_tag","embeddable":true,"href":"https:\/\/asociacionlatinoamericanadeantropologia.net\/portal\/wp-json\/wp\/v2\/tags?post=338"}],"curies":[{"name":"wp","href":"https:\/\/api.w.org\/{rel}","templated":true}]}}