{"id":340,"date":"2021-12-08T17:59:03","date_gmt":"2021-12-08T17:59:03","guid":{"rendered":"https:\/\/asociacionlatinoamericanadeantropologia.net\/portal\/?page_id=340"},"modified":"2024-03-07T14:18:52","modified_gmt":"2024-03-07T14:18:52","slug":"publicaciones-2","status":"publish","type":"page","link":"https:\/\/asociacionlatinoamericanadeantropologia.net\/portal\/publicaciones-2\/","title":{"rendered":"Publicaciones"},"content":{"rendered":"<h2><strong>Publicaciones<\/strong><\/h2>\n<p>La Asociaci\u00f3n Latinoamericana de Antropolog\u00eda ofrece a la comunidad de investigadoras e investigadores un conjunto de publicaciones disponibles con descarga directa desde esta p\u00e1gina.<\/p>\n<ol>\n<li><a href=\"https:\/\/asociacionlatinoamericanadeantropologia.net\/portal\/revista-plural-2\/\" target=\"_blank\" rel=\"noopener\">Revista Plural<\/a><\/li>\n<li><a href=\"https:\/\/asociacionlatinoamericanadeantropologia.net\/portal\/coleccion-antropologias-hechas-en-america-latina\/\" target=\"_blank\" rel=\"noopener\">Colecci\u00f3n <em>Antropolog\u00edas hechas en Am\u00e9rica Latina y el Caribe<\/em><\/a><\/li>\n<li><a href=\"https:\/\/asociacionlatinoamericanadeantropologia.net\/portal\/libros-ala\/\" target=\"_blank\" rel=\"noopener\">Libros ALA<\/a><\/li>\n<li><a href=\"https:\/\/asociacionlatinoamericanadeantropologia.net\/portal\/memorias-de-congresos-ala\/\" target=\"_blank\" rel=\"noopener\">Memorias de Congresos ALA<\/a><\/li>\n<li><a href=\"https:\/\/asociacionlatinoamericanadeantropologia.net\/portal\/cuadernos-de-los-gt-ala\/\" target=\"_blank\" rel=\"noopener\">Cuadernos de los GT ALA<\/a><\/li>\n<li><a href=\"https:\/\/asociacionlatinoamericanadeantropologia.net\/portal\/sobre-ala-y-sus-asociaciones\/\" target=\"_blank\" rel=\"noopener\">Sobre ALA y sus asociaciones miembros<\/a><\/li>\n<li><a href=\"https:\/\/asociacionlatinoamericanadeantropologia.net\/portal\/boletines-ala\/\" target=\"_blank\" rel=\"noopener\">Boletines ALA<\/a><\/li>\n<\/ol>\n","protected":false},"excerpt":{"rendered":"<p>Publicaciones La Asociaci\u00f3n Latinoamericana de Antropolog\u00eda ofrece a la comunidad de investigadoras e investigadores un conjunto de publicaciones disponibles con descarga directa desde esta p\u00e1gina. Revista Plural Colecci\u00f3n Antropolog\u00edas hechas en Am\u00e9rica Latina y el Caribe Libros ALA Memorias de Congresos ALA Cuadernos de los GT ALA Sobre ALA y sus asociaciones miembros Boletines ALA<\/p>\n","protected":false},"author":2,"featured_media":0,"parent":0,"menu_order":0,"comment_status":"closed","ping_status":"closed","template":"","meta":{"site-sidebar-layout":"default","site-content-layout":"default","ast-main-header-display":"","ast-hfb-above-header-display":"","ast-hfb-below-header-display":"","ast-hfb-mobile-header-display":"","site-post-title":"","ast-breadcrumbs-content":"","ast-featured-img":"","footer-sml-layout":"","theme-transparent-header-meta":"default","adv-header-id-meta":"","stick-header-meta":"","header-above-stick-meta":"","header-main-stick-meta":"","header-below-stick-meta":"","footnotes":""},"categories":[],"tags":[],"class_list":["post-340","page","type-page","status-publish","hentry"],"_links":{"self":[{"href":"https:\/\/asociacionlatinoamericanadeantropologia.net\/portal\/wp-json\/wp\/v2\/pages\/340","targetHints":{"allow":["GET"]}}],"collection":[{"href":"https:\/\/asociacionlatinoamericanadeantropologia.net\/portal\/wp-json\/wp\/v2\/pages"}],"about":[{"href":"https:\/\/asociacionlatinoamericanadeantropologia.net\/portal\/wp-json\/wp\/v2\/types\/page"}],"author":[{"embeddable":true,"href":"https:\/\/asociacionlatinoamericanadeantropologia.net\/portal\/wp-json\/wp\/v2\/users\/2"}],"replies":[{"embeddable":true,"href":"https:\/\/asociacionlatinoamericanadeantropologia.net\/portal\/wp-json\/wp\/v2\/comments?post=340"}],"version-history":[{"count":14,"href":"https:\/\/asociacionlatinoamericanadeantropologia.net\/portal\/wp-json\/wp\/v2\/pages\/340\/revisions"}],"predecessor-version":[{"id":3417,"href":"https:\/\/asociacionlatinoamericanadeantropologia.net\/portal\/wp-json\/wp\/v2\/pages\/340\/revisions\/3417"}],"wp:attachment":[{"href":"https:\/\/asociacionlatinoamericanadeantropologia.net\/portal\/wp-json\/wp\/v2\/media?parent=340"}],"wp:term":[{"taxonomy":"category","embeddable":true,"href":"https:\/\/asociacionlatinoamericanadeantropologia.net\/portal\/wp-json\/wp\/v2\/categories?post=340"},{"taxonomy":"post_tag","embeddable":true,"href":"https:\/\/asociacionlatinoamericanadeantropologia.net\/portal\/wp-json\/wp\/v2\/tags?post=340"}],"curies":[{"name":"wp","href":"https:\/\/api.w.org\/{rel}","templated":true}]}}