{"id":3415,"date":"2024-03-07T14:18:15","date_gmt":"2024-03-07T14:18:15","guid":{"rendered":"https:\/\/asociacionlatinoamericanadeantropologia.net\/portal\/?page_id=3415"},"modified":"2024-03-07T15:23:04","modified_gmt":"2024-03-07T15:23:04","slug":"cuadernos-de-los-gt-ala","status":"publish","type":"page","link":"https:\/\/asociacionlatinoamericanadeantropologia.net\/portal\/cuadernos-de-los-gt-ala\/","title":{"rendered":"Cuadernos de los GT ALA"},"content":{"rendered":"<h2>Cuadernos de los GT ALA<\/h2>\n<p>Los Cuadernos de los <strong><a href=\"https:\/\/asociacionlatinoamericanadeantropologia.net\/portal\/grupos-de-trabajo-2\/\" target=\"_blank\" rel=\"noopener\">GT ALA<\/a><\/strong> son el resultado de los intercambios, seminarios, investigaciones, etc. dadas en el marco de cada grupo de trabajo. Ese es el contexto que le da sentido a estos libros.<\/p>\n<p>Esta colecci\u00f3n est\u00e1 pensada dentro del proyecto pol\u00edtico-editorial de la ALA de visbilizaci\u00f3n de nuestras antropolog\u00edas, que esperamos contribuya a potenciar las conversaciones e investigaciones adelantadas desde los diferentes GTs.<\/p>\n<ol>\n<li><a href=\"https:\/\/asociacionlatinoamericanadeantropologia.net\/portal\/aprendizajes-situados-procesos-sociotecnicos-y-tradiciones-de-conocimiento-en-brasil-y-argentina\/\" target=\"_blank\" rel=\"noopener\">Aprendizajes situados, procesos sociot\u00e9cnicos y tradiciones de conocimiento en Brasil y Argentina<\/a><\/li>\n<li><a href=\"https:\/\/asociacionlatinoamericanadeantropologia.net\/portal\/las-comunidades-en-perspectiva-antropologica\/\" target=\"_blank\" rel=\"noopener\">Las comunidades en perspectiva antropol\u00f3gica<\/a><\/li>\n<li><a href=\"https:\/\/asociacionlatinoamericanadeantropologia.net\/portal\/estudios-sobre-los-pluralismos-economicos-en-america-latina-y-el-caribe-en-el-siglo-xxi\/\" target=\"_blank\" rel=\"noopener\">Estudios sobre los pluralismos econ\u00f3micos en Am\u00e9rica Latina y el Caribe en el Siglo XXI<\/a><\/li>\n<li><a href=\"https:\/\/asociacionlatinoamericanadeantropologia.net\/portal\/praticas-de-correspondencia-e-a-comunhao-de-sentidos-uma-experiencia-antropoetica-mediada-pela-grafia-epistolar\/\" target=\"_blank\" rel=\"noopener\">Pr\u00e1ticas de correspond\u00eancia e a comunh\u00e3o de sentidos: uma experi\u00eancia antropo\u00e9tica mediada pela grafia epistolar<\/a><\/li>\n<li><a href=\"https:\/\/asociacionlatinoamericanadeantropologia.net\/portal\/parentesco-y-reciprocidad-en-america-latina-logicas-y-practicas-culturales\/\" target=\"_blank\" rel=\"noopener\">Parentesco y reciprocidad en Am\u00e9rica Latina: l\u00f3gicas y pr\u00e1cticas culturales<\/a><\/li>\n<li><a href=\"https:\/\/asociacionlatinoamericanadeantropologia.net\/portal\/povos-indigenas-e-comunidades-afrodescendentes-em-processos-politicos-e-juridicos-ante-o-estado-e-empreendedores-privados-olhares-sobre-a-america-latina-hoje\/\" target=\"_blank\" rel=\"noopener\">Povos ind\u00edgenas e comunidades afrodescendentes em processos pol\u00edticos e jur\u00eddicos ante o Estado e empreendedores privados: olhares sobre a Am\u00e9rica Latina hoje<\/a><\/li>\n<li><a href=\"https:\/\/asociacionlatinoamericanadeantropologia.net\/portal\/cartografias-interculturales-y-transformaciones-epistemologicas\/\" target=\"_blank\" rel=\"noopener\">Cartograf\u00edas interculturales y transformaciones epistemol\u00f3gicas<\/a><\/li>\n<li><a href=\"https:\/\/asociacionlatinoamericanadeantropologia.net\/portal\/la-situacion-estudiantil-antropologica-en-latinoamerica\/\" target=\"_blank\" rel=\"noopener\">La situaci\u00f3n estudiantil antropol\u00f3gica en Latinoam\u00e9rica<\/a><\/li>\n<\/ol>\n","protected":false},"excerpt":{"rendered":"<p>Cuadernos de los GT ALA Los Cuadernos de los GT ALA son el resultado de los intercambios, seminarios, investigaciones, etc. dadas en el marco de cada grupo de trabajo. Ese es el contexto que le da sentido a estos libros. Esta colecci\u00f3n est\u00e1 pensada dentro del proyecto pol\u00edtico-editorial de la ALA de visbilizaci\u00f3n de nuestras &hellip;<\/p>\n<p class=\"read-more\"> <a class=\"\" href=\"https:\/\/asociacionlatinoamericanadeantropologia.net\/portal\/cuadernos-de-los-gt-ala\/\"> <span class=\"screen-reader-text\">Cuadernos de los GT ALA<\/span> Leer m\u00e1s &raquo;<\/a><\/p>\n","protected":false},"author":2,"featured_media":0,"parent":0,"menu_order":0,"comment_status":"closed","ping_status":"closed","template":"","meta":{"site-sidebar-layout":"default","site-content-layout":"default","ast-main-header-display":"","ast-hfb-above-header-display":"","ast-hfb-below-header-display":"","ast-hfb-mobile-header-display":"","site-post-title":"","ast-breadcrumbs-content":"","ast-featured-img":"","footer-sml-layout":"","theme-transparent-header-meta":"","adv-header-id-meta":"","stick-header-meta":"","header-above-stick-meta":"","header-main-stick-meta":"","header-below-stick-meta":"","footnotes":""},"categories":[8],"tags":[],"class_list":["post-3415","page","type-page","status-publish","hentry","category-grupos-de-trabajo"],"_links":{"self":[{"href":"https:\/\/asociacionlatinoamericanadeantropologia.net\/portal\/wp-json\/wp\/v2\/pages\/3415","targetHints":{"allow":["GET"]}}],"collection":[{"href":"https:\/\/asociacionlatinoamericanadeantropologia.net\/portal\/wp-json\/wp\/v2\/pages"}],"about":[{"href":"https:\/\/asociacionlatinoamericanadeantropologia.net\/portal\/wp-json\/wp\/v2\/types\/page"}],"author":[{"embeddable":true,"href":"https:\/\/asociacionlatinoamericanadeantropologia.net\/portal\/wp-json\/wp\/v2\/users\/2"}],"replies":[{"embeddable":true,"href":"https:\/\/asociacionlatinoamericanadeantropologia.net\/portal\/wp-json\/wp\/v2\/comments?post=3415"}],"version-history":[{"count":11,"href":"https:\/\/asociacionlatinoamericanadeantropologia.net\/portal\/wp-json\/wp\/v2\/pages\/3415\/revisions"}],"predecessor-version":[{"id":3457,"href":"https:\/\/asociacionlatinoamericanadeantropologia.net\/portal\/wp-json\/wp\/v2\/pages\/3415\/revisions\/3457"}],"wp:attachment":[{"href":"https:\/\/asociacionlatinoamericanadeantropologia.net\/portal\/wp-json\/wp\/v2\/media?parent=3415"}],"wp:term":[{"taxonomy":"category","embeddable":true,"href":"https:\/\/asociacionlatinoamericanadeantropologia.net\/portal\/wp-json\/wp\/v2\/categories?post=3415"},{"taxonomy":"post_tag","embeddable":true,"href":"https:\/\/asociacionlatinoamericanadeantropologia.net\/portal\/wp-json\/wp\/v2\/tags?post=3415"}],"curies":[{"name":"wp","href":"https:\/\/api.w.org\/{rel}","templated":true}]}}