{"id":3421,"date":"2024-03-07T14:32:03","date_gmt":"2024-03-07T14:32:03","guid":{"rendered":"https:\/\/asociacionlatinoamericanadeantropologia.net\/portal\/?page_id=3421"},"modified":"2024-03-07T23:58:00","modified_gmt":"2024-03-07T23:58:00","slug":"aprendizajes-situados-procesos-sociotecnicos-y-tradiciones-de-conocimiento-en-brasil-y-argentina","status":"publish","type":"page","link":"https:\/\/asociacionlatinoamericanadeantropologia.net\/portal\/aprendizajes-situados-procesos-sociotecnicos-y-tradiciones-de-conocimiento-en-brasil-y-argentina\/","title":{"rendered":"Aprendizajes situados, procesos sociot\u00e9cnicos y tradiciones de conocimiento en Brasil y Argentina"},"content":{"rendered":"<h2>Aprendizajes situados, procesos sociot\u00e9cnicos y tradiciones de conocimiento en Brasil y Argentina<\/h2>\n<p>Ana Padawer y Fabio Mura (compiladores) (2024). Este libro surge como resultado del di\u00e1logo entre investigadores del <strong>GT \u00ab<a href=\"https:\/\/asociacionlatinoamericanadeantropologia.net\/portal\/tecnica-conocimiento-y-poder\/\">T\u00e9cnica, conocimiento y poder<\/a>\u00ab<\/strong>, iniciado en agosto de 2021. Este grupo, compuesto mayormente por antrop\u00f3logos de Argentina y Brasil, se propuso abordar temas diversos relacionados con la Antropolog\u00eda de la T\u00e9cnica. A lo largo de dos a\u00f1os, los participantes exploraron conceptos como la tecnicidad del trabajo cotidiano, la ontogen\u00e9tica de los objetos t\u00e9cnicos y la influencia de factores pol\u00edticos y simb\u00f3licos en las elecciones t\u00e9cnicas. Se reflexion\u00f3 sobre la importancia de considerar la dimensi\u00f3n pr\u00e1ctica y contextual de los conocimientos tradicionales, as\u00ed como la relaci\u00f3n entre aprendizaje situado y comunidades de pr\u00e1ctica.<\/p>\n<p>Los debates tambi\u00e9n se centraron en las narrativas m\u00edtico-hist\u00f3ricas en contextos t\u00e9cnicos campesinos, la producci\u00f3n de conocimientos en instituciones tradicionalistas y la relaci\u00f3n entre cuerpo, materia y espacio urbano en la fabricaci\u00f3n de tablas de skate. Se exploraron pr\u00e1cticas de trabajo y cuidado en comunidades Potiguara en Brasil, as\u00ed como producciones artesanales en contextos ind\u00edgenas y no ind\u00edgenas de Argentina y Brasil. Se enfatiz\u00f3 la importancia de comprender el cuidado como una dimensi\u00f3n del trabajo y se destac\u00f3 la existencia de \u00abmoralidades sociot\u00e9cnicas\u00bb que sustentan la vida en diversos contextos.<\/p>\n<p>Este libro recoge investigaciones que examinan la intersecci\u00f3n entre t\u00e9cnica, conocimiento y poder en contextos diversos, desde la educaci\u00f3n agr\u00edcola en Argentina hasta la producci\u00f3n artesanal en comunidades ind\u00edgenas. Estos estudios subrayan la importancia de considerar las dimensiones pr\u00e1cticas, pol\u00edticas, simb\u00f3licas y \u00e9ticas en las elecciones t\u00e9cnicas y en la configuraci\u00f3n de tradiciones de conocimiento locales.<\/p>\n<p style=\"text-align: center;\"><a href=\"https:\/\/asociacionlatinoamericanadeantropologia.net\/portal\/wp-content\/uploads\/2024\/03\/CUADERNOS-DE-TRABAJO-1-FINAL-WEB-Def.pdf\"><img fetchpriority=\"high\" decoding=\"async\" class=\"alignnone wp-image-3473 size-medium\" src=\"https:\/\/asociacionlatinoamericanadeantropologia.net\/portal\/wp-content\/uploads\/2024\/03\/Cuaderno-1-210x300.png\" alt=\"Cuaderno 1\" width=\"210\" height=\"300\" srcset=\"https:\/\/asociacionlatinoamericanadeantropologia.net\/portal\/wp-content\/uploads\/2024\/03\/Cuaderno-1-210x300.png 210w, https:\/\/asociacionlatinoamericanadeantropologia.net\/portal\/wp-content\/uploads\/2024\/03\/Cuaderno-1-718x1024.png 718w, https:\/\/asociacionlatinoamericanadeantropologia.net\/portal\/wp-content\/uploads\/2024\/03\/Cuaderno-1-768x1096.png 768w, https:\/\/asociacionlatinoamericanadeantropologia.net\/portal\/wp-content\/uploads\/2024\/03\/Cuaderno-1.png 2019w\" sizes=\"(max-width: 210px) 100vw, 210px\" \/><\/a><\/p>\n","protected":false},"excerpt":{"rendered":"<p>Aprendizajes situados, procesos sociot\u00e9cnicos y tradiciones de conocimiento en Brasil y Argentina Ana Padawer y Fabio Mura (compiladores) (2024). Este libro surge como resultado del di\u00e1logo entre investigadores del GT \u00abT\u00e9cnica, conocimiento y poder\u00ab, iniciado en agosto de 2021. Este grupo, compuesto mayormente por antrop\u00f3logos de Argentina y Brasil, se propuso abordar temas diversos relacionados &hellip;<\/p>\n<p class=\"read-more\"> <a class=\"\" href=\"https:\/\/asociacionlatinoamericanadeantropologia.net\/portal\/aprendizajes-situados-procesos-sociotecnicos-y-tradiciones-de-conocimiento-en-brasil-y-argentina\/\"> <span class=\"screen-reader-text\">Aprendizajes situados, procesos sociot\u00e9cnicos y tradiciones de conocimiento en Brasil y Argentina<\/span> Leer m\u00e1s &raquo;<\/a><\/p>\n","protected":false},"author":2,"featured_media":0,"parent":0,"menu_order":0,"comment_status":"closed","ping_status":"closed","template":"","meta":{"site-sidebar-layout":"default","site-content-layout":"default","ast-main-header-display":"","ast-hfb-above-header-display":"","ast-hfb-below-header-display":"","ast-hfb-mobile-header-display":"","site-post-title":"","ast-breadcrumbs-content":"","ast-featured-img":"","footer-sml-layout":"","theme-transparent-header-meta":"","adv-header-id-meta":"","stick-header-meta":"","header-above-stick-meta":"","header-main-stick-meta":"","header-below-stick-meta":"","footnotes":""},"categories":[],"tags":[],"class_list":["post-3421","page","type-page","status-publish","hentry"],"_links":{"self":[{"href":"https:\/\/asociacionlatinoamericanadeantropologia.net\/portal\/wp-json\/wp\/v2\/pages\/3421","targetHints":{"allow":["GET"]}}],"collection":[{"href":"https:\/\/asociacionlatinoamericanadeantropologia.net\/portal\/wp-json\/wp\/v2\/pages"}],"about":[{"href":"https:\/\/asociacionlatinoamericanadeantropologia.net\/portal\/wp-json\/wp\/v2\/types\/page"}],"author":[{"embeddable":true,"href":"https:\/\/asociacionlatinoamericanadeantropologia.net\/portal\/wp-json\/wp\/v2\/users\/2"}],"replies":[{"embeddable":true,"href":"https:\/\/asociacionlatinoamericanadeantropologia.net\/portal\/wp-json\/wp\/v2\/comments?post=3421"}],"version-history":[{"count":4,"href":"https:\/\/asociacionlatinoamericanadeantropologia.net\/portal\/wp-json\/wp\/v2\/pages\/3421\/revisions"}],"predecessor-version":[{"id":3474,"href":"https:\/\/asociacionlatinoamericanadeantropologia.net\/portal\/wp-json\/wp\/v2\/pages\/3421\/revisions\/3474"}],"wp:attachment":[{"href":"https:\/\/asociacionlatinoamericanadeantropologia.net\/portal\/wp-json\/wp\/v2\/media?parent=3421"}],"wp:term":[{"taxonomy":"category","embeddable":true,"href":"https:\/\/asociacionlatinoamericanadeantropologia.net\/portal\/wp-json\/wp\/v2\/categories?post=3421"},{"taxonomy":"post_tag","embeddable":true,"href":"https:\/\/asociacionlatinoamericanadeantropologia.net\/portal\/wp-json\/wp\/v2\/tags?post=3421"}],"curies":[{"name":"wp","href":"https:\/\/api.w.org\/{rel}","templated":true}]}}