{"id":3437,"date":"2024-03-07T14:54:15","date_gmt":"2024-03-07T14:54:15","guid":{"rendered":"https:\/\/asociacionlatinoamericanadeantropologia.net\/portal\/?page_id=3437"},"modified":"2024-03-20T19:30:59","modified_gmt":"2024-03-20T19:30:59","slug":"las-comunidades-en-perspectiva-antropologica","status":"publish","type":"page","link":"https:\/\/asociacionlatinoamericanadeantropologia.net\/portal\/las-comunidades-en-perspectiva-antropologica\/","title":{"rendered":"Las comunidades en perspectiva antropol\u00f3gica"},"content":{"rendered":"<h2>Las comunidades en perspectiva antropol\u00f3gica<\/h2>\n<p>Javier Serrano y Eduardo Z\u00e1rate Hern\u00e1ndez (compiladores) (2024). Este libro publica as tres conferencias magistrales presentadas por los antrop\u00f3logos Miguel Bartolom\u00e9, Andr\u00e9s Medina Hern\u00e1ndez y Guillermo de la Pe\u00f1a que se dieron en las Jornadas \u00abDi\u00e1logos latinoamericanos: las comunidades en perspectiva antropol\u00f3gica\u00bb, realizadas en noviembre de 2022, impulsadas por el <a href=\"https:\/\/asociacionlatinoamericanadeantropologia.net\/portal\/comunidades-futuros-y-utopias-en-latinoamerica\/\"><strong>GT Antropolog\u00eda de las comunidades, futuros y utop\u00edas en Latinoam\u00e9rica<\/strong><\/a>. Bartolom\u00e9 abord\u00f3 la relaci\u00f3n entre comunidades e identidades colectivas, Medina Hern\u00e1ndez analiz\u00f3 las din\u00e1micas de las poblaciones ind\u00edgenas en la Cuenca de M\u00e9xico, y de la Pe\u00f1a hizo un llamado por comunitarismos incluyentes en contraposici\u00f3n a los basados en la exclusi\u00f3n, proponiendo un \u00abencantamiento\u00bb del mundo a trav\u00e9s de configuraciones comunitarias que afirmen lo propio sin rechazar lo ajeno.<\/p>\n<p>Estas conferencias, aunque se centran en el \u00e1rea mesoamericana, ofrecen reflexiones pertinentes para comprender la problem\u00e1tica comunitaria en toda Latinoam\u00e9rica. Adem\u00e1s, se destaca la importancia de fomentar el di\u00e1logo intrarregional y los an\u00e1lisis comparativos. La publicaci\u00f3n de las transcripciones de estas disertaciones busca difundir ideas relevantes y experiencias de investigaci\u00f3n significativas, contribuyendo as\u00ed a revitalizar las discusiones sobre las comunidades y los v\u00ednculos comunitarios en la regi\u00f3n.<\/p>\n<p><a href=\"https:\/\/asociacionlatinoamericanadeantropologia.net\/portal\/wp-content\/uploads\/2024\/03\/CUADERNOS-DE-TRABAJO-2-FINAL-WEB-Def.pdf\"><img fetchpriority=\"high\" decoding=\"async\" class=\"aligncenter wp-image-3472 size-medium\" src=\"https:\/\/asociacionlatinoamericanadeantropologia.net\/portal\/wp-content\/uploads\/2024\/03\/Cuaderno-2-210x300.png\" alt=\"Cuaderno 2\" width=\"210\" height=\"300\" srcset=\"https:\/\/asociacionlatinoamericanadeantropologia.net\/portal\/wp-content\/uploads\/2024\/03\/Cuaderno-2-210x300.png 210w, https:\/\/asociacionlatinoamericanadeantropologia.net\/portal\/wp-content\/uploads\/2024\/03\/Cuaderno-2-718x1024.png 718w, https:\/\/asociacionlatinoamericanadeantropologia.net\/portal\/wp-content\/uploads\/2024\/03\/Cuaderno-2-768x1096.png 768w, https:\/\/asociacionlatinoamericanadeantropologia.net\/portal\/wp-content\/uploads\/2024\/03\/Cuaderno-2.png 2019w\" sizes=\"(max-width: 210px) 100vw, 210px\" \/><\/a><\/p>\n","protected":false},"excerpt":{"rendered":"<p>Las comunidades en perspectiva antropol\u00f3gica Javier Serrano y Eduardo Z\u00e1rate Hern\u00e1ndez (compiladores) (2024). Este libro publica as tres conferencias magistrales presentadas por los antrop\u00f3logos Miguel Bartolom\u00e9, Andr\u00e9s Medina Hern\u00e1ndez y Guillermo de la Pe\u00f1a que se dieron en las Jornadas \u00abDi\u00e1logos latinoamericanos: las comunidades en perspectiva antropol\u00f3gica\u00bb, realizadas en noviembre de 2022, impulsadas por el &hellip;<\/p>\n<p class=\"read-more\"> <a class=\"\" href=\"https:\/\/asociacionlatinoamericanadeantropologia.net\/portal\/las-comunidades-en-perspectiva-antropologica\/\"> <span class=\"screen-reader-text\">Las comunidades en perspectiva antropol\u00f3gica<\/span> Leer m\u00e1s &raquo;<\/a><\/p>\n","protected":false},"author":2,"featured_media":0,"parent":0,"menu_order":0,"comment_status":"closed","ping_status":"closed","template":"","meta":{"site-sidebar-layout":"default","site-content-layout":"default","ast-main-header-display":"","ast-hfb-above-header-display":"","ast-hfb-below-header-display":"","ast-hfb-mobile-header-display":"","site-post-title":"","ast-breadcrumbs-content":"","ast-featured-img":"","footer-sml-layout":"","theme-transparent-header-meta":"","adv-header-id-meta":"","stick-header-meta":"","header-above-stick-meta":"","header-main-stick-meta":"","header-below-stick-meta":"","footnotes":""},"categories":[],"tags":[],"class_list":["post-3437","page","type-page","status-publish","hentry"],"_links":{"self":[{"href":"https:\/\/asociacionlatinoamericanadeantropologia.net\/portal\/wp-json\/wp\/v2\/pages\/3437","targetHints":{"allow":["GET"]}}],"collection":[{"href":"https:\/\/asociacionlatinoamericanadeantropologia.net\/portal\/wp-json\/wp\/v2\/pages"}],"about":[{"href":"https:\/\/asociacionlatinoamericanadeantropologia.net\/portal\/wp-json\/wp\/v2\/types\/page"}],"author":[{"embeddable":true,"href":"https:\/\/asociacionlatinoamericanadeantropologia.net\/portal\/wp-json\/wp\/v2\/users\/2"}],"replies":[{"embeddable":true,"href":"https:\/\/asociacionlatinoamericanadeantropologia.net\/portal\/wp-json\/wp\/v2\/comments?post=3437"}],"version-history":[{"count":6,"href":"https:\/\/asociacionlatinoamericanadeantropologia.net\/portal\/wp-json\/wp\/v2\/pages\/3437\/revisions"}],"predecessor-version":[{"id":3541,"href":"https:\/\/asociacionlatinoamericanadeantropologia.net\/portal\/wp-json\/wp\/v2\/pages\/3437\/revisions\/3541"}],"wp:attachment":[{"href":"https:\/\/asociacionlatinoamericanadeantropologia.net\/portal\/wp-json\/wp\/v2\/media?parent=3437"}],"wp:term":[{"taxonomy":"category","embeddable":true,"href":"https:\/\/asociacionlatinoamericanadeantropologia.net\/portal\/wp-json\/wp\/v2\/categories?post=3437"},{"taxonomy":"post_tag","embeddable":true,"href":"https:\/\/asociacionlatinoamericanadeantropologia.net\/portal\/wp-json\/wp\/v2\/tags?post=3437"}],"curies":[{"name":"wp","href":"https:\/\/api.w.org\/{rel}","templated":true}]}}