{"id":3443,"date":"2024-03-07T15:03:46","date_gmt":"2024-03-07T15:03:46","guid":{"rendered":"https:\/\/asociacionlatinoamericanadeantropologia.net\/portal\/?page_id=3443"},"modified":"2024-03-08T00:02:07","modified_gmt":"2024-03-08T00:02:07","slug":"praticas-de-correspondencia-e-a-comunhao-de-sentidos-uma-experiencia-antropoetica-mediada-pela-grafia-epistolar","status":"publish","type":"page","link":"https:\/\/asociacionlatinoamericanadeantropologia.net\/portal\/praticas-de-correspondencia-e-a-comunhao-de-sentidos-uma-experiencia-antropoetica-mediada-pela-grafia-epistolar\/","title":{"rendered":"Pr\u00e1ticas de correspond\u00eancia e a comunh\u00e3o de sentidos: uma experi\u00eancia antropo\u00e9tica mediada pela grafia epistolar"},"content":{"rendered":"<h2>Pr\u00e1ticas de correspond\u00eancia e a comunh\u00e3o de sentidos: uma experi\u00eancia antropo\u00e9tica mediada pela grafia epistolar<\/h2>\n<p>Daniele Borges Bezerra, Val\u00e9ria de Paula Martins, Lisandro Lucas de Lima Moura, Alexs\u00e2nder Naka\u00f3ka Elias, Claudia Turra Magni y Patr\u00edcia dos Santos Pinheiro. (2024). Esta publicaci\u00f3n da cuenta de un di\u00e1logo llevado a cabo mediante el intercambio de correspondencia entre miembros del <a href=\"https:\/\/asociacionlatinoamericanadeantropologia.net\/portal\/antropoeticas\/\"><strong>GT \u00abAntroPo\u00c9ticas: Narrativas e resson\u00e2ncias sens\u00edveis em imagens visuais e sonoras, como formas de transgredir fronteiras epistemol\u00f3gicas\u00bb<\/strong><\/a> de la Asociaci\u00f3n\u00a0 Latinoamericana de Antropolog\u00eda (ALA). En este encuentro dial\u00f3gico, los autores comparten aspectos de sus investigaciones a trav\u00e9s de cartas, reflexionando sobre la pr\u00e1ctica antropol\u00f3gica y sus interacciones en el campo. El objetivo principal es explorar la correspondencia como una pr\u00e1ctica antropo\u00e9tica que refuerza la importancia de la escritura como una pr\u00e1ctica artesanal atenta y creativa. Se considera la escritura epistolar como un movimiento gestual o \u00abperformance inscritiva\u00bb que establece una conjunci\u00f3n entre las palabras y las pr\u00e1cticas de investigaci\u00f3n de las cuales derivan.<\/p>\n<p>Como parte del Grupo de Trabajo \u00abAntroPo\u00c9ticas: narrativas y resonancias sensibles en im\u00e1genes visuales y sonoras, como formas de transgredir fronteras epistemol\u00f3gicas\u00bb, vinculado a la Asociaci\u00f3n Latinoamericana de Antropolog\u00eda (ALA), se busca reflexionar sobre los esfuerzos descriptivo-anal\u00edticos que integran la pr\u00e1ctica antropol\u00f3gica, utilizando diversas t\u00e9cnicas, lenguajes y mediaciones creativas. Se cuestiona el lugar de la palabra escrita en un contexto actual donde se cuestiona su relevancia, destacando c\u00f3mo la escritura puede ser percibida con desconfianza debido al proceso de estandarizaci\u00f3n al que est\u00e1 sometida. Se plantea la necesidad de encontrar formas narrativas m\u00e1s adecuadas para expresar las experiencias etnogr\u00e1ficas.<\/p>\n<p>El libro aborda la escritura como un gesto performativo que reflexiona sobre la pr\u00e1ctica antropol\u00f3gica y establece di\u00e1logos entre los autores mediante correspondencia. Se destaca la importancia de la escritura epistolar como una forma de compartir conocimiento de manera \u00e9tico-po\u00e9tica, desafiando los est\u00e1ndares normativos de la escritura acad\u00e9mica y buscando descolonizar el imaginario. Se comparten cartas y di\u00e1logos como un ejercicio de movimiento y reflexi\u00f3n, invitando al lector a formar parte de este proceso.<\/p>\n<p><a href=\"https:\/\/asociacionlatinoamericanadeantropologia.net\/portal\/wp-content\/uploads\/2024\/03\/CUADERNOS-DE-TRABAJO-4-FINAL-WEB-Def.pdf\"><img fetchpriority=\"high\" decoding=\"async\" class=\"wp-image-3470 size-medium aligncenter\" src=\"https:\/\/asociacionlatinoamericanadeantropologia.net\/portal\/wp-content\/uploads\/2024\/03\/Cuaderno-4-210x300.png\" alt=\"Cuaderno 4\" width=\"210\" height=\"300\" srcset=\"https:\/\/asociacionlatinoamericanadeantropologia.net\/portal\/wp-content\/uploads\/2024\/03\/Cuaderno-4-210x300.png 210w, https:\/\/asociacionlatinoamericanadeantropologia.net\/portal\/wp-content\/uploads\/2024\/03\/Cuaderno-4-718x1024.png 718w, https:\/\/asociacionlatinoamericanadeantropologia.net\/portal\/wp-content\/uploads\/2024\/03\/Cuaderno-4-768x1096.png 768w, https:\/\/asociacionlatinoamericanadeantropologia.net\/portal\/wp-content\/uploads\/2024\/03\/Cuaderno-4.png 2019w\" sizes=\"(max-width: 210px) 100vw, 210px\" \/><\/a><\/p>\n","protected":false},"excerpt":{"rendered":"<p>Pr\u00e1ticas de correspond\u00eancia e a comunh\u00e3o de sentidos: uma experi\u00eancia antropo\u00e9tica mediada pela grafia epistolar Daniele Borges Bezerra, Val\u00e9ria de Paula Martins, Lisandro Lucas de Lima Moura, Alexs\u00e2nder Naka\u00f3ka Elias, Claudia Turra Magni y Patr\u00edcia dos Santos Pinheiro. (2024). Esta publicaci\u00f3n da cuenta de un di\u00e1logo llevado a cabo mediante el intercambio de correspondencia entre &hellip;<\/p>\n<p class=\"read-more\"> <a class=\"\" href=\"https:\/\/asociacionlatinoamericanadeantropologia.net\/portal\/praticas-de-correspondencia-e-a-comunhao-de-sentidos-uma-experiencia-antropoetica-mediada-pela-grafia-epistolar\/\"> <span class=\"screen-reader-text\">Pr\u00e1ticas de correspond\u00eancia e a comunh\u00e3o de sentidos: uma experi\u00eancia antropo\u00e9tica mediada pela grafia epistolar<\/span> Leer m\u00e1s &raquo;<\/a><\/p>\n","protected":false},"author":2,"featured_media":0,"parent":0,"menu_order":0,"comment_status":"closed","ping_status":"closed","template":"","meta":{"site-sidebar-layout":"default","site-content-layout":"default","ast-main-header-display":"","ast-hfb-above-header-display":"","ast-hfb-below-header-display":"","ast-hfb-mobile-header-display":"","site-post-title":"","ast-breadcrumbs-content":"","ast-featured-img":"","footer-sml-layout":"","theme-transparent-header-meta":"","adv-header-id-meta":"","stick-header-meta":"","header-above-stick-meta":"","header-main-stick-meta":"","header-below-stick-meta":"","footnotes":""},"categories":[],"tags":[],"class_list":["post-3443","page","type-page","status-publish","hentry"],"_links":{"self":[{"href":"https:\/\/asociacionlatinoamericanadeantropologia.net\/portal\/wp-json\/wp\/v2\/pages\/3443","targetHints":{"allow":["GET"]}}],"collection":[{"href":"https:\/\/asociacionlatinoamericanadeantropologia.net\/portal\/wp-json\/wp\/v2\/pages"}],"about":[{"href":"https:\/\/asociacionlatinoamericanadeantropologia.net\/portal\/wp-json\/wp\/v2\/types\/page"}],"author":[{"embeddable":true,"href":"https:\/\/asociacionlatinoamericanadeantropologia.net\/portal\/wp-json\/wp\/v2\/users\/2"}],"replies":[{"embeddable":true,"href":"https:\/\/asociacionlatinoamericanadeantropologia.net\/portal\/wp-json\/wp\/v2\/comments?post=3443"}],"version-history":[{"count":2,"href":"https:\/\/asociacionlatinoamericanadeantropologia.net\/portal\/wp-json\/wp\/v2\/pages\/3443\/revisions"}],"predecessor-version":[{"id":3477,"href":"https:\/\/asociacionlatinoamericanadeantropologia.net\/portal\/wp-json\/wp\/v2\/pages\/3443\/revisions\/3477"}],"wp:attachment":[{"href":"https:\/\/asociacionlatinoamericanadeantropologia.net\/portal\/wp-json\/wp\/v2\/media?parent=3443"}],"wp:term":[{"taxonomy":"category","embeddable":true,"href":"https:\/\/asociacionlatinoamericanadeantropologia.net\/portal\/wp-json\/wp\/v2\/categories?post=3443"},{"taxonomy":"post_tag","embeddable":true,"href":"https:\/\/asociacionlatinoamericanadeantropologia.net\/portal\/wp-json\/wp\/v2\/tags?post=3443"}],"curies":[{"name":"wp","href":"https:\/\/api.w.org\/{rel}","templated":true}]}}