{"id":3446,"date":"2024-03-07T15:06:51","date_gmt":"2024-03-07T15:06:51","guid":{"rendered":"https:\/\/asociacionlatinoamericanadeantropologia.net\/portal\/?page_id=3446"},"modified":"2024-03-08T00:04:39","modified_gmt":"2024-03-08T00:04:39","slug":"parentesco-y-reciprocidad-en-america-latina-logicas-y-practicas-culturales","status":"publish","type":"page","link":"https:\/\/asociacionlatinoamericanadeantropologia.net\/portal\/parentesco-y-reciprocidad-en-america-latina-logicas-y-practicas-culturales\/","title":{"rendered":"Parentesco y reciprocidad en Am\u00e9rica Latina: l\u00f3gicas y pr\u00e1cticas culturales"},"content":{"rendered":"<h2>Parentesco y reciprocidad en Am\u00e9rica Latina: l\u00f3gicas y pr\u00e1cticas culturales<\/h2>\n<p>Javier Serrano, David Robichaux y Juan Pablo Ferreiro (compiladores) (2024). Esta publicaci\u00f3n se origin\u00f3 en las \u00abJornadas sobre Parentesco y Reciprocidad en Am\u00e9rica Latina\u00bb, organizadas por el <a href=\"https:\/\/asociacionlatinoamericanadeantropologia.net\/portal\/familia-y-parentesco-en-america-latina-practicas-y-logicas-culturales\/\"><strong>GT \u00abFamilia y Parentesco en Am\u00e9rica Latina: pr\u00e1cticas y l\u00f3gicas culturales\u00bb<\/strong><\/a>. Estas jornadas reunieron a investigadores de varios pa\u00edses, quienes presentaron investigaciones basadas en el m\u00e9todo etnogr\u00e1fico, discutiendo temas como la reciprocidad y el parentesco desde diversas perspectivas te\u00f3ricas y metodol\u00f3gicas.<\/p>\n<p>Los cap\u00edtulos del libro abordan diversas tem\u00e1ticas relacionadas con el parentesco y la reciprocidad en contextos latinoamericanos. Por ejemplo, se discute el modelo mesoamericano de reciprocidad en la regi\u00f3n nahua del Alto Balsas, se analiza la crisis en la modalidad ranchera en el Occidente mexicano, y se reflexiona sobre las transformaciones en las concepciones de parentesco en sectores urbanos de M\u00e9xico y Uruguay. Adem\u00e1s, se exploran temas como la reproducci\u00f3n humana m\u00e9dicamente asistida, la monoparentalidad femenina en el noroeste argentino, y las pr\u00e1cticas rituales en comunidades andinas de Chile y M\u00e9xico, entre otros.<\/p>\n<p>Aunque los trabajos se centran principalmente en M\u00e9xico, tambi\u00e9n se incluyen investigaciones sobre grupos ind\u00edgenas en Argentina y Chile, ampliando la discusi\u00f3n sobre familia y parentesco en Am\u00e9rica Latina. Se espera que estas contribuciones estimulen nuevas preguntas e investigaciones emp\u00edricas en diferentes \u00e1reas de la regi\u00f3n, promoviendo as\u00ed un mayor entendimiento de las din\u00e1micas sociales y culturales relacionadas con el parentesco y la reciprocidad.<\/p>\n<p lang=\"es-ES\" style=\"text-align: center;\" align=\"justify\"><a href=\"https:\/\/asociacionlatinoamericanadeantropologia.net\/portal\/wp-content\/uploads\/2024\/03\/CUADERNOS-DE-TRABAJO-5-FINAL-WEB-Def.pdf\"><img fetchpriority=\"high\" decoding=\"async\" class=\"alignnone wp-image-3469 size-medium\" src=\"https:\/\/asociacionlatinoamericanadeantropologia.net\/portal\/wp-content\/uploads\/2024\/03\/Cuaderno-5-210x300.png\" alt=\"Cuaderno 5\" width=\"210\" height=\"300\" srcset=\"https:\/\/asociacionlatinoamericanadeantropologia.net\/portal\/wp-content\/uploads\/2024\/03\/Cuaderno-5-210x300.png 210w, https:\/\/asociacionlatinoamericanadeantropologia.net\/portal\/wp-content\/uploads\/2024\/03\/Cuaderno-5-718x1024.png 718w, https:\/\/asociacionlatinoamericanadeantropologia.net\/portal\/wp-content\/uploads\/2024\/03\/Cuaderno-5-768x1096.png 768w, https:\/\/asociacionlatinoamericanadeantropologia.net\/portal\/wp-content\/uploads\/2024\/03\/Cuaderno-5.png 2019w\" sizes=\"(max-width: 210px) 100vw, 210px\" \/><\/a><\/p>\n","protected":false},"excerpt":{"rendered":"<p>Parentesco y reciprocidad en Am\u00e9rica Latina: l\u00f3gicas y pr\u00e1cticas culturales Javier Serrano, David Robichaux y Juan Pablo Ferreiro (compiladores) (2024). Esta publicaci\u00f3n se origin\u00f3 en las \u00abJornadas sobre Parentesco y Reciprocidad en Am\u00e9rica Latina\u00bb, organizadas por el GT \u00abFamilia y Parentesco en Am\u00e9rica Latina: pr\u00e1cticas y l\u00f3gicas culturales\u00bb. Estas jornadas reunieron a investigadores de varios &hellip;<\/p>\n<p class=\"read-more\"> <a class=\"\" href=\"https:\/\/asociacionlatinoamericanadeantropologia.net\/portal\/parentesco-y-reciprocidad-en-america-latina-logicas-y-practicas-culturales\/\"> <span class=\"screen-reader-text\">Parentesco y reciprocidad en Am\u00e9rica Latina: l\u00f3gicas y pr\u00e1cticas culturales<\/span> Leer m\u00e1s &raquo;<\/a><\/p>\n","protected":false},"author":2,"featured_media":0,"parent":0,"menu_order":0,"comment_status":"closed","ping_status":"closed","template":"","meta":{"site-sidebar-layout":"default","site-content-layout":"default","ast-main-header-display":"","ast-hfb-above-header-display":"","ast-hfb-below-header-display":"","ast-hfb-mobile-header-display":"","site-post-title":"","ast-breadcrumbs-content":"","ast-featured-img":"","footer-sml-layout":"","theme-transparent-header-meta":"","adv-header-id-meta":"","stick-header-meta":"","header-above-stick-meta":"","header-main-stick-meta":"","header-below-stick-meta":"","footnotes":""},"categories":[],"tags":[],"class_list":["post-3446","page","type-page","status-publish","hentry"],"_links":{"self":[{"href":"https:\/\/asociacionlatinoamericanadeantropologia.net\/portal\/wp-json\/wp\/v2\/pages\/3446","targetHints":{"allow":["GET"]}}],"collection":[{"href":"https:\/\/asociacionlatinoamericanadeantropologia.net\/portal\/wp-json\/wp\/v2\/pages"}],"about":[{"href":"https:\/\/asociacionlatinoamericanadeantropologia.net\/portal\/wp-json\/wp\/v2\/types\/page"}],"author":[{"embeddable":true,"href":"https:\/\/asociacionlatinoamericanadeantropologia.net\/portal\/wp-json\/wp\/v2\/users\/2"}],"replies":[{"embeddable":true,"href":"https:\/\/asociacionlatinoamericanadeantropologia.net\/portal\/wp-json\/wp\/v2\/comments?post=3446"}],"version-history":[{"count":3,"href":"https:\/\/asociacionlatinoamericanadeantropologia.net\/portal\/wp-json\/wp\/v2\/pages\/3446\/revisions"}],"predecessor-version":[{"id":3479,"href":"https:\/\/asociacionlatinoamericanadeantropologia.net\/portal\/wp-json\/wp\/v2\/pages\/3446\/revisions\/3479"}],"wp:attachment":[{"href":"https:\/\/asociacionlatinoamericanadeantropologia.net\/portal\/wp-json\/wp\/v2\/media?parent=3446"}],"wp:term":[{"taxonomy":"category","embeddable":true,"href":"https:\/\/asociacionlatinoamericanadeantropologia.net\/portal\/wp-json\/wp\/v2\/categories?post=3446"},{"taxonomy":"post_tag","embeddable":true,"href":"https:\/\/asociacionlatinoamericanadeantropologia.net\/portal\/wp-json\/wp\/v2\/tags?post=3446"}],"curies":[{"name":"wp","href":"https:\/\/api.w.org\/{rel}","templated":true}]}}