{"id":3449,"date":"2024-03-07T15:15:25","date_gmt":"2024-03-07T15:15:25","guid":{"rendered":"https:\/\/asociacionlatinoamericanadeantropologia.net\/portal\/?page_id=3449"},"modified":"2024-03-08T00:05:45","modified_gmt":"2024-03-08T00:05:45","slug":"povos-indigenas-e-comunidades-afrodescendentes-em-processos-politicos-e-juridicos-ante-o-estado-e-empreendedores-privados-olhares-sobre-a-america-latina-hoje","status":"publish","type":"page","link":"https:\/\/asociacionlatinoamericanadeantropologia.net\/portal\/povos-indigenas-e-comunidades-afrodescendentes-em-processos-politicos-e-juridicos-ante-o-estado-e-empreendedores-privados-olhares-sobre-a-america-latina-hoje\/","title":{"rendered":"Povos ind\u00edgenas e comunidades afrodescendentes em processos pol\u00edticos e jur\u00eddicos ante o Estado e empreendedores privados: olhares sobre a Am\u00e9rica Latina hoje"},"content":{"rendered":"<h2>Povos ind\u00edgenas e comunidades afrodescendentes em processos pol\u00edticos e jur\u00eddicos ante o Estado e empreendedores privados: olhares sobre a Am\u00e9rica Latina hoje<\/h2>\n<p>Alexandra Barbosa da Silva y Emmanuel de Almeida Farias Jr. (compiladores) (2024). Este libro surge de un <a href=\"https:\/\/asociacionlatinoamericanadeantropologia.net\/portal\/pueblos-indigenas-y-comunidades-afrodescendientes\/\"><strong>GT \u00abPueblos ind\u00edgenas y comunidades afrodescendientes en procesos pol\u00edticos y jur\u00eddicos ante el Estado y los emprendedores privados: miradas desde Latinoam\u0155ica y el Caribe\u00bb<\/strong> <\/a>de la Asociaci\u00f3n Latinoamericana de Antropolog\u00eda (ALA), integrado por investigadores de Brasil, Argentina, Colombia, M\u00e9xico y Chile, desde agosto de 2021. El enfoque del grupo estaba centrado en abordar los impactos de proyectos estatales y\/o privados en comunidades ind\u00edgenas y afrodescendientes, dando espacio para comprender c\u00f3mo estas comunidades han respondido a estos impactos. Se destaca el concepto de neoextractivismo de Maristela Svampa como una clave anal\u00edtica para entender los fen\u00f3menos que han marcado la regi\u00f3n en las \u00faltimas d\u00e9cadas. Los trabajos reunidos abordan diversas din\u00e1micas, como la expropiaci\u00f3n territorial, la gesti\u00f3n de recursos y la resistencia de comunidades ind\u00edgenas y afrodescendientes frente a estos procesos.<\/p>\n<p>Los art\u00edculos incluyen estudios sobre los Kaiowa en Brasil, la situaci\u00f3n de los pueblos ind\u00edgenas en Argentina, la lucha de comunidades negras en Brasil por el reconocimiento de sus territorios, el ejercicio del autogobierno ind\u00edgena en Michoac\u00e1n, M\u00e9xico, y la disputa legal de comunidades quilombolas en Alc\u00e2ntara, Maranh\u00e3o, Brasil. Estos trabajos ofrecen reflexiones sobre las complejidades de las relaciones de poder, la implementaci\u00f3n de pol\u00edticas p\u00fablicas, la criminalizaci\u00f3n de comunidades ind\u00edgenas y afrodescendientes, y la importancia del conocimiento local en la defensa de los derechos territoriales.<\/p>\n<p>El libro busca proporcionar, entonces, una visi\u00f3n amplia y detallada de los desaf\u00edos que enfrentan las comunidades ind\u00edgenas y afrodescendientes en Am\u00e9rica Latina y el Caribe frente a la expansi\u00f3n extractivista y otros proyectos de desarrollo. Adem\u00e1s, destaca la importancia del di\u00e1logo interdisciplinario y la colaboraci\u00f3n entre investigadores y comunidades locales para comprender y abordar estos desaf\u00edos de manera efectiva.<\/p>\n<p><a href=\"https:\/\/asociacionlatinoamericanadeantropologia.net\/portal\/wp-content\/uploads\/2024\/03\/CUADERNOS-DE-TRABAJO-6-FINAL-WEB-Def.pdf\"><img fetchpriority=\"high\" decoding=\"async\" class=\"wp-image-3468 size-medium aligncenter\" src=\"https:\/\/asociacionlatinoamericanadeantropologia.net\/portal\/wp-content\/uploads\/2024\/03\/Cuaderno-6-210x300.png\" alt=\"Cuaderno 6\" width=\"210\" height=\"300\" srcset=\"https:\/\/asociacionlatinoamericanadeantropologia.net\/portal\/wp-content\/uploads\/2024\/03\/Cuaderno-6-210x300.png 210w, https:\/\/asociacionlatinoamericanadeantropologia.net\/portal\/wp-content\/uploads\/2024\/03\/Cuaderno-6-718x1024.png 718w, https:\/\/asociacionlatinoamericanadeantropologia.net\/portal\/wp-content\/uploads\/2024\/03\/Cuaderno-6-768x1096.png 768w, https:\/\/asociacionlatinoamericanadeantropologia.net\/portal\/wp-content\/uploads\/2024\/03\/Cuaderno-6.png 2019w\" sizes=\"(max-width: 210px) 100vw, 210px\" \/><\/a><\/p>\n","protected":false},"excerpt":{"rendered":"<p>Povos ind\u00edgenas e comunidades afrodescendentes em processos pol\u00edticos e jur\u00eddicos ante o Estado e empreendedores privados: olhares sobre a Am\u00e9rica Latina hoje Alexandra Barbosa da Silva y Emmanuel de Almeida Farias Jr. (compiladores) (2024). Este libro surge de un GT \u00abPueblos ind\u00edgenas y comunidades afrodescendientes en procesos pol\u00edticos y jur\u00eddicos ante el Estado y los &hellip;<\/p>\n<p class=\"read-more\"> <a class=\"\" href=\"https:\/\/asociacionlatinoamericanadeantropologia.net\/portal\/povos-indigenas-e-comunidades-afrodescendentes-em-processos-politicos-e-juridicos-ante-o-estado-e-empreendedores-privados-olhares-sobre-a-america-latina-hoje\/\"> <span class=\"screen-reader-text\">Povos ind\u00edgenas e comunidades afrodescendentes em processos pol\u00edticos e jur\u00eddicos ante o Estado e empreendedores privados: olhares sobre a Am\u00e9rica Latina hoje<\/span> Leer m\u00e1s &raquo;<\/a><\/p>\n","protected":false},"author":2,"featured_media":0,"parent":0,"menu_order":0,"comment_status":"closed","ping_status":"closed","template":"","meta":{"site-sidebar-layout":"default","site-content-layout":"default","ast-main-header-display":"","ast-hfb-above-header-display":"","ast-hfb-below-header-display":"","ast-hfb-mobile-header-display":"","site-post-title":"","ast-breadcrumbs-content":"","ast-featured-img":"","footer-sml-layout":"","theme-transparent-header-meta":"","adv-header-id-meta":"","stick-header-meta":"","header-above-stick-meta":"","header-main-stick-meta":"","header-below-stick-meta":"","footnotes":""},"categories":[],"tags":[],"class_list":["post-3449","page","type-page","status-publish","hentry"],"_links":{"self":[{"href":"https:\/\/asociacionlatinoamericanadeantropologia.net\/portal\/wp-json\/wp\/v2\/pages\/3449","targetHints":{"allow":["GET"]}}],"collection":[{"href":"https:\/\/asociacionlatinoamericanadeantropologia.net\/portal\/wp-json\/wp\/v2\/pages"}],"about":[{"href":"https:\/\/asociacionlatinoamericanadeantropologia.net\/portal\/wp-json\/wp\/v2\/types\/page"}],"author":[{"embeddable":true,"href":"https:\/\/asociacionlatinoamericanadeantropologia.net\/portal\/wp-json\/wp\/v2\/users\/2"}],"replies":[{"embeddable":true,"href":"https:\/\/asociacionlatinoamericanadeantropologia.net\/portal\/wp-json\/wp\/v2\/comments?post=3449"}],"version-history":[{"count":2,"href":"https:\/\/asociacionlatinoamericanadeantropologia.net\/portal\/wp-json\/wp\/v2\/pages\/3449\/revisions"}],"predecessor-version":[{"id":3480,"href":"https:\/\/asociacionlatinoamericanadeantropologia.net\/portal\/wp-json\/wp\/v2\/pages\/3449\/revisions\/3480"}],"wp:attachment":[{"href":"https:\/\/asociacionlatinoamericanadeantropologia.net\/portal\/wp-json\/wp\/v2\/media?parent=3449"}],"wp:term":[{"taxonomy":"category","embeddable":true,"href":"https:\/\/asociacionlatinoamericanadeantropologia.net\/portal\/wp-json\/wp\/v2\/categories?post=3449"},{"taxonomy":"post_tag","embeddable":true,"href":"https:\/\/asociacionlatinoamericanadeantropologia.net\/portal\/wp-json\/wp\/v2\/tags?post=3449"}],"curies":[{"name":"wp","href":"https:\/\/api.w.org\/{rel}","templated":true}]}}