{"id":3452,"date":"2024-03-07T15:19:13","date_gmt":"2024-03-07T15:19:13","guid":{"rendered":"https:\/\/asociacionlatinoamericanadeantropologia.net\/portal\/?page_id=3452"},"modified":"2024-03-08T00:07:14","modified_gmt":"2024-03-08T00:07:14","slug":"cartografias-interculturales-y-transformaciones-epistemologicas","status":"publish","type":"page","link":"https:\/\/asociacionlatinoamericanadeantropologia.net\/portal\/cartografias-interculturales-y-transformaciones-epistemologicas\/","title":{"rendered":"Cartograf\u00edas interculturales y transformaciones epistemol\u00f3gicas"},"content":{"rendered":"<h2>Cartograf\u00edas interculturales y transformaciones epistemol\u00f3gicas<\/h2>\n<p>Alexandre Herbetta y Mariano Baez Landa (compiladores) (2024). Este libro surge de un <a href=\"https:\/\/asociacionlatinoamericanadeantropologia.net\/portal\/redes-de-interaprendizaje-nuevas-cartografias-interculturales-y-algunas-propuestas-de-transformacion-epistemologica\/\"><strong>GT \u00abRedes de interaprendizaje: nuevas cartograf\u00edas interculturales y algunas propuestas de transformaci\u00f3n epistemol\u00f3gica\u00bb<\/strong><\/a> de la Asociaci\u00f3n Latinoamericana de Antropolog\u00eda (ALA), compuesto por investigadores de varios pa\u00edses de la regi\u00f3n desde agosto de 2021. Su objetivo es abordar los impactos de proyectos estatales y privados en comunidades ind\u00edgenas y afrodescendientes, destacando el concepto de neoextractivismo como clave anal\u00edtica. Los cap\u00edtulos reunidos exploran diversas din\u00e1micas, como la expropiaci\u00f3n territorial y la resistencia de estas comunidades, ofreciendo reflexiones sobre relaciones de poder, pol\u00edticas p\u00fablicas y la importancia del conocimiento local.<\/p>\n<p>Los textos presentados en el libro surgen de un proceso colaborativo entre docentes, estudiantes, l\u00edderes y activistas vinculados a la interculturalidad cr\u00edtica en Am\u00e9rica Latina. Se basan en proyectos educativos y comunicativos que abordan temas como la diferencia, la colonialidad y el bienestar, destacando la importancia de transformar la episteme para lograr cambios sociales significativos.<\/p>\n<p style=\"text-align: center;\" align=\"justify\"><a href=\"https:\/\/asociacionlatinoamericanadeantropologia.net\/portal\/wp-content\/uploads\/2024\/03\/CUADERNOS-DE-TRABAJO-7-FINAL-WEB-Def.pdf\"><img fetchpriority=\"high\" decoding=\"async\" class=\"alignnone wp-image-3467 size-medium\" src=\"https:\/\/asociacionlatinoamericanadeantropologia.net\/portal\/wp-content\/uploads\/2024\/03\/Cuaderno-7-210x300.png\" alt=\"Cuaderno 7\" width=\"210\" height=\"300\" srcset=\"https:\/\/asociacionlatinoamericanadeantropologia.net\/portal\/wp-content\/uploads\/2024\/03\/Cuaderno-7-210x300.png 210w, https:\/\/asociacionlatinoamericanadeantropologia.net\/portal\/wp-content\/uploads\/2024\/03\/Cuaderno-7-718x1024.png 718w, https:\/\/asociacionlatinoamericanadeantropologia.net\/portal\/wp-content\/uploads\/2024\/03\/Cuaderno-7-768x1096.png 768w, https:\/\/asociacionlatinoamericanadeantropologia.net\/portal\/wp-content\/uploads\/2024\/03\/Cuaderno-7.png 2019w\" sizes=\"(max-width: 210px) 100vw, 210px\" \/><\/a><\/p>\n","protected":false},"excerpt":{"rendered":"<p>Cartograf\u00edas interculturales y transformaciones epistemol\u00f3gicas Alexandre Herbetta y Mariano Baez Landa (compiladores) (2024). Este libro surge de un GT \u00abRedes de interaprendizaje: nuevas cartograf\u00edas interculturales y algunas propuestas de transformaci\u00f3n epistemol\u00f3gica\u00bb de la Asociaci\u00f3n Latinoamericana de Antropolog\u00eda (ALA), compuesto por investigadores de varios pa\u00edses de la regi\u00f3n desde agosto de 2021. Su objetivo es abordar &hellip;<\/p>\n<p class=\"read-more\"> <a class=\"\" href=\"https:\/\/asociacionlatinoamericanadeantropologia.net\/portal\/cartografias-interculturales-y-transformaciones-epistemologicas\/\"> <span class=\"screen-reader-text\">Cartograf\u00edas interculturales y transformaciones epistemol\u00f3gicas<\/span> Leer m\u00e1s &raquo;<\/a><\/p>\n","protected":false},"author":2,"featured_media":0,"parent":0,"menu_order":0,"comment_status":"closed","ping_status":"closed","template":"","meta":{"site-sidebar-layout":"default","site-content-layout":"default","ast-main-header-display":"","ast-hfb-above-header-display":"","ast-hfb-below-header-display":"","ast-hfb-mobile-header-display":"","site-post-title":"","ast-breadcrumbs-content":"","ast-featured-img":"","footer-sml-layout":"","theme-transparent-header-meta":"","adv-header-id-meta":"","stick-header-meta":"","header-above-stick-meta":"","header-main-stick-meta":"","header-below-stick-meta":"","footnotes":""},"categories":[],"tags":[],"class_list":["post-3452","page","type-page","status-publish","hentry"],"_links":{"self":[{"href":"https:\/\/asociacionlatinoamericanadeantropologia.net\/portal\/wp-json\/wp\/v2\/pages\/3452","targetHints":{"allow":["GET"]}}],"collection":[{"href":"https:\/\/asociacionlatinoamericanadeantropologia.net\/portal\/wp-json\/wp\/v2\/pages"}],"about":[{"href":"https:\/\/asociacionlatinoamericanadeantropologia.net\/portal\/wp-json\/wp\/v2\/types\/page"}],"author":[{"embeddable":true,"href":"https:\/\/asociacionlatinoamericanadeantropologia.net\/portal\/wp-json\/wp\/v2\/users\/2"}],"replies":[{"embeddable":true,"href":"https:\/\/asociacionlatinoamericanadeantropologia.net\/portal\/wp-json\/wp\/v2\/comments?post=3452"}],"version-history":[{"count":2,"href":"https:\/\/asociacionlatinoamericanadeantropologia.net\/portal\/wp-json\/wp\/v2\/pages\/3452\/revisions"}],"predecessor-version":[{"id":3481,"href":"https:\/\/asociacionlatinoamericanadeantropologia.net\/portal\/wp-json\/wp\/v2\/pages\/3452\/revisions\/3481"}],"wp:attachment":[{"href":"https:\/\/asociacionlatinoamericanadeantropologia.net\/portal\/wp-json\/wp\/v2\/media?parent=3452"}],"wp:term":[{"taxonomy":"category","embeddable":true,"href":"https:\/\/asociacionlatinoamericanadeantropologia.net\/portal\/wp-json\/wp\/v2\/categories?post=3452"},{"taxonomy":"post_tag","embeddable":true,"href":"https:\/\/asociacionlatinoamericanadeantropologia.net\/portal\/wp-json\/wp\/v2\/tags?post=3452"}],"curies":[{"name":"wp","href":"https:\/\/api.w.org\/{rel}","templated":true}]}}