{"id":3455,"date":"2024-03-07T15:22:41","date_gmt":"2024-03-07T15:22:41","guid":{"rendered":"https:\/\/asociacionlatinoamericanadeantropologia.net\/portal\/?page_id=3455"},"modified":"2024-04-04T21:00:05","modified_gmt":"2024-04-04T21:00:05","slug":"la-situacion-estudiantil-antropologica-en-latinoamerica","status":"publish","type":"page","link":"https:\/\/asociacionlatinoamericanadeantropologia.net\/portal\/la-situacion-estudiantil-antropologica-en-latinoamerica\/","title":{"rendered":"La situaci\u00f3n estudiantil antropol\u00f3gica en Latinoam\u00e9rica"},"content":{"rendered":"<h2>La situaci\u00f3n estudiantil antropol\u00f3gica en Latinoam\u00e9rica<\/h2>\n<p>Articulaci\u00f3n Latinoamericana Estudiantil de Antropolog\u00eda y Arqueolog\u00eda (ALEAA) (2024). El <a href=\"https:\/\/asociacionlatinoamericanadeantropologia.net\/portal\/articulacion-latinoamericana-de-estudiantes-de-antropologia-y-arqueologia\/\"><strong>GT \u00abArticulaci\u00f3n Latinoamericana Estudiantil de Antropolog\u00eda y Arqueolog\u00eda (ALEAA)\u00bb<\/strong><\/a>, se origin\u00f3 en 2021 a partir de reuniones virtuales con el prop\u00f3sito de fortalecer la integraci\u00f3n regional entre las revistas estudiantiles latinoamericanas. Durante el a\u00f1o 2023, la ALEAA lanz\u00f3 su primera convocatoria de escritos, titulada \u00abLa situaci\u00f3n estudiantil antropol\u00f3gica en Latinoam\u00e9rica\u00bb, como un esfuerzo por visibilizar las experiencias de los estudiantes de antropolog\u00eda en la regi\u00f3n. Este libro es el resultado de esa convocatoria, que refleja una diversidad de temas y enfoques abordados por estudiantes y reci\u00e9n egresados de diferentes universidades latinoamericanas. A trav\u00e9s de cinco cap\u00edtulos, se exploran temas como la vida universitaria, las reflexiones personales sobre la antropolog\u00eda, las oportunidades laborales para los graduados y debates actuales en la disciplina. Los cap\u00edtulos que componen este libro, entonces, ofrecen un recorrido que integra reflexiones anal\u00edticas y experiencias personales de estudiantes y egresados de programas de antropolog\u00eda en Latinoam\u00e9rica. Estos escritos representan un esfuerzo por conectar y compartir conocimientos, sensaciones y reflexiones desde diferentes perspectivas geogr\u00e1ficas y acad\u00e9micas, promoviendo as\u00ed un di\u00e1logo enriquecedor dentro de la disciplina.<\/p>\n<p><a href=\"https:\/\/asociacionlatinoamericanadeantropologia.net\/portal\/wp-content\/uploads\/2024\/04\/CuadernoDeTrabajo8FinalDefinitivo_27Marzo.pdf\" target=\"_blank\" rel=\"noopener\"><img fetchpriority=\"high\" decoding=\"async\" class=\"aligncenter wp-image-3466 size-medium\" src=\"https:\/\/asociacionlatinoamericanadeantropologia.net\/portal\/wp-content\/uploads\/2024\/03\/Cuaderno-8-210x300.png\" alt=\"Cuaderno 8\" width=\"210\" height=\"300\" srcset=\"https:\/\/asociacionlatinoamericanadeantropologia.net\/portal\/wp-content\/uploads\/2024\/03\/Cuaderno-8-210x300.png 210w, https:\/\/asociacionlatinoamericanadeantropologia.net\/portal\/wp-content\/uploads\/2024\/03\/Cuaderno-8-718x1024.png 718w, https:\/\/asociacionlatinoamericanadeantropologia.net\/portal\/wp-content\/uploads\/2024\/03\/Cuaderno-8-768x1096.png 768w, https:\/\/asociacionlatinoamericanadeantropologia.net\/portal\/wp-content\/uploads\/2024\/03\/Cuaderno-8.png 2019w\" sizes=\"(max-width: 210px) 100vw, 210px\" \/><\/a><\/p>\n","protected":false},"excerpt":{"rendered":"<p>La situaci\u00f3n estudiantil antropol\u00f3gica en Latinoam\u00e9rica Articulaci\u00f3n Latinoamericana Estudiantil de Antropolog\u00eda y Arqueolog\u00eda (ALEAA) (2024). El GT \u00abArticulaci\u00f3n Latinoamericana Estudiantil de Antropolog\u00eda y Arqueolog\u00eda (ALEAA)\u00bb, se origin\u00f3 en 2021 a partir de reuniones virtuales con el prop\u00f3sito de fortalecer la integraci\u00f3n regional entre las revistas estudiantiles latinoamericanas. Durante el a\u00f1o 2023, la ALEAA lanz\u00f3 su &hellip;<\/p>\n<p class=\"read-more\"> <a class=\"\" href=\"https:\/\/asociacionlatinoamericanadeantropologia.net\/portal\/la-situacion-estudiantil-antropologica-en-latinoamerica\/\"> <span class=\"screen-reader-text\">La situaci\u00f3n estudiantil antropol\u00f3gica en Latinoam\u00e9rica<\/span> Leer m\u00e1s &raquo;<\/a><\/p>\n","protected":false},"author":2,"featured_media":0,"parent":0,"menu_order":0,"comment_status":"closed","ping_status":"closed","template":"","meta":{"site-sidebar-layout":"default","site-content-layout":"default","ast-main-header-display":"","ast-hfb-above-header-display":"","ast-hfb-below-header-display":"","ast-hfb-mobile-header-display":"","site-post-title":"","ast-breadcrumbs-content":"","ast-featured-img":"","footer-sml-layout":"","theme-transparent-header-meta":"","adv-header-id-meta":"","stick-header-meta":"","header-above-stick-meta":"","header-main-stick-meta":"","header-below-stick-meta":"","footnotes":""},"categories":[],"tags":[],"class_list":["post-3455","page","type-page","status-publish","hentry"],"_links":{"self":[{"href":"https:\/\/asociacionlatinoamericanadeantropologia.net\/portal\/wp-json\/wp\/v2\/pages\/3455","targetHints":{"allow":["GET"]}}],"collection":[{"href":"https:\/\/asociacionlatinoamericanadeantropologia.net\/portal\/wp-json\/wp\/v2\/pages"}],"about":[{"href":"https:\/\/asociacionlatinoamericanadeantropologia.net\/portal\/wp-json\/wp\/v2\/types\/page"}],"author":[{"embeddable":true,"href":"https:\/\/asociacionlatinoamericanadeantropologia.net\/portal\/wp-json\/wp\/v2\/users\/2"}],"replies":[{"embeddable":true,"href":"https:\/\/asociacionlatinoamericanadeantropologia.net\/portal\/wp-json\/wp\/v2\/comments?post=3455"}],"version-history":[{"count":6,"href":"https:\/\/asociacionlatinoamericanadeantropologia.net\/portal\/wp-json\/wp\/v2\/pages\/3455\/revisions"}],"predecessor-version":[{"id":3652,"href":"https:\/\/asociacionlatinoamericanadeantropologia.net\/portal\/wp-json\/wp\/v2\/pages\/3455\/revisions\/3652"}],"wp:attachment":[{"href":"https:\/\/asociacionlatinoamericanadeantropologia.net\/portal\/wp-json\/wp\/v2\/media?parent=3455"}],"wp:term":[{"taxonomy":"category","embeddable":true,"href":"https:\/\/asociacionlatinoamericanadeantropologia.net\/portal\/wp-json\/wp\/v2\/categories?post=3455"},{"taxonomy":"post_tag","embeddable":true,"href":"https:\/\/asociacionlatinoamericanadeantropologia.net\/portal\/wp-json\/wp\/v2\/tags?post=3455"}],"curies":[{"name":"wp","href":"https:\/\/api.w.org\/{rel}","templated":true}]}}