{"id":4135,"date":"2025-01-05T16:49:52","date_gmt":"2025-01-05T16:49:52","guid":{"rendered":"https:\/\/asociacionlatinoamericanadeantropologia.net\/portal\/?page_id=4135"},"modified":"2026-04-16T10:01:32","modified_gmt":"2026-04-16T10:01:32","slug":"antropologias-hechas-en-mexico","status":"publish","type":"page","link":"https:\/\/asociacionlatinoamericanadeantropologia.net\/portal\/antropologias-hechas-en-mexico\/","title":{"rendered":"Antropolog\u00edas hechas en M\u00e9xico"},"content":{"rendered":"<h2><strong>Antropolog\u00edas hechas en M\u00e9xico<\/strong><\/h2>\n<p style=\"text-align: left;\">Valladares de la Cruz, Laura; Casta\u00f1eda Salgado, Martha Patricia y Aguayo Ayala, Adriana (eds.) 2024. <a href=\"https:\/\/asociacionlatinoamericanadeantropologia.net\/portal\/wp-content\/uploads\/2025\/01\/Libro-Antropologia-HECHAS-Mexico-VOLUMEN-I-FINAL-WEB-dic-2024.pdf\" target=\"_blank\" rel=\"noopener\"><strong><em>Antropolog\u00edas hechas en M\u00e9xico. Volumen I<\/em><\/strong><\/a>. Montevideo, Uruguay: Asociaci\u00f3n Latinoamericana de Antropolog\u00eda.<\/p>\n<p style=\"text-align: left;\"><a href=\"https:\/\/asociacionlatinoamericanadeantropologia.net\/portal\/wp-content\/uploads\/2025\/01\/Libro-Antropologia-HECHAS-Mexico-VOLUMEN-I-FINAL-WEB-dic-2024.pdf\" target=\"_blank\" rel=\"noopener\"><img fetchpriority=\"high\" decoding=\"async\" class=\"aligncenter wp-image-4150 size-medium\" src=\"https:\/\/asociacionlatinoamericanadeantropologia.net\/portal\/wp-content\/uploads\/2025\/01\/Volumen-1-en-3d-211x300.png\" alt=\"\" width=\"211\" height=\"300\" srcset=\"https:\/\/asociacionlatinoamericanadeantropologia.net\/portal\/wp-content\/uploads\/2025\/01\/Volumen-1-en-3d-211x300.png 211w, https:\/\/asociacionlatinoamericanadeantropologia.net\/portal\/wp-content\/uploads\/2025\/01\/Volumen-1-en-3d-722x1024.png 722w, https:\/\/asociacionlatinoamericanadeantropologia.net\/portal\/wp-content\/uploads\/2025\/01\/Volumen-1-en-3d-768x1090.png 768w\" sizes=\"(max-width: 211px) 100vw, 211px\" \/><\/a><\/p>\n<p>&nbsp;<\/p>\n<p style=\"text-align: left;\">Valladares de la Cruz, Laura; Casta\u00f1eda Salgado, Martha Patricia y Aguayo Ayala, Adriana (eds.) 2024. <a href=\"https:\/\/asociacionlatinoamericanadeantropologia.net\/portal\/wp-content\/uploads\/2025\/01\/Libro-Antropologia-HECHAS-Mexico-VOLUMEN-II-FINAL-WEB-ENERO-2025.pdf\" target=\"_blank\" rel=\"noopener\"><strong><em>Antropolog\u00edas hechas en M\u00e9xico. Volumen II<\/em><\/strong><\/a>. Montevideo, Uruguay: Asociaci\u00f3n Latinoamericana de Antropolog\u00eda.<\/p>\n<p><a href=\"https:\/\/asociacionlatinoamericanadeantropologia.net\/portal\/wp-content\/uploads\/2025\/01\/Libro-Antropologia-HECHAS-Mexico-VOLUMEN-II-FINAL-WEB-ENERO-2025.pdf\" target=\"_blank\" rel=\"noopener\"><img decoding=\"async\" class=\"aligncenter wp-image-4148 size-medium\" src=\"https:\/\/asociacionlatinoamericanadeantropologia.net\/portal\/wp-content\/uploads\/2025\/01\/Volumen-2-en-3d-211x300.png\" alt=\"\" width=\"211\" height=\"300\" srcset=\"https:\/\/asociacionlatinoamericanadeantropologia.net\/portal\/wp-content\/uploads\/2025\/01\/Volumen-2-en-3d-211x300.png 211w, https:\/\/asociacionlatinoamericanadeantropologia.net\/portal\/wp-content\/uploads\/2025\/01\/Volumen-2-en-3d-722x1024.png 722w, https:\/\/asociacionlatinoamericanadeantropologia.net\/portal\/wp-content\/uploads\/2025\/01\/Volumen-2-en-3d-768x1090.png 768w\" sizes=\"(max-width: 211px) 100vw, 211px\" \/><\/a><\/p>\n<p>Valladares de la Cruz, Laura y Aguayo Ayala, Adriana (eds.) 2024. <a href=\"https:\/\/asociacionlatinoamericanadeantropologia.net\/portal\/wp-content\/uploads\/2025\/07\/Libro-Antropologia-HECHAS-Mexico-VOLUMEN-III-JULIO-2025.pdf\" target=\"_blank\" rel=\"noopener\"><strong><em>Antropolog\u00edas hechas en M\u00e9xico. Volumen III<\/em><\/strong><\/a>. Montevideo, Uruguay: Asociaci\u00f3n Latinoamericana de Antropolog\u00eda.<\/p>\n<p><a href=\"https:\/\/asociacionlatinoamericanadeantropologia.net\/portal\/wp-content\/uploads\/2025\/07\/Libro-Antropologia-HECHAS-Mexico-VOLUMEN-III-JULIO-2025.pdf\"><img decoding=\"async\" class=\"aligncenter wp-image-4325 size-medium\" src=\"https:\/\/asociacionlatinoamericanadeantropologia.net\/portal\/wp-content\/uploads\/2025\/07\/Libro-3d-Volumen-III-Mexico-210x300.png\" alt=\"\" width=\"210\" height=\"300\" srcset=\"https:\/\/asociacionlatinoamericanadeantropologia.net\/portal\/wp-content\/uploads\/2025\/07\/Libro-3d-Volumen-III-Mexico-210x300.png 210w, https:\/\/asociacionlatinoamericanadeantropologia.net\/portal\/wp-content\/uploads\/2025\/07\/Libro-3d-Volumen-III-Mexico.png 505w\" sizes=\"(max-width: 210px) 100vw, 210px\" \/><\/a><\/p>\n<p>Valladares de la Cruz, Laura; Casta\u00f1eda Salgado, Martha Patricia y Aguayo Ayala, Adriana (eds.) 2026. <a href=\"https:\/\/asociacionlatinoamericanadeantropologia.net\/portal\/wp-content\/uploads\/2026\/04\/Libro-Antropologia-HECHAS-Mexico-VOLUMEN-IV-Abril-2026.pdf\" target=\"_blank\" rel=\"noopener\"><strong><em>Antropolog\u00edas hechas en M\u00e9xico. Volumen IV<\/em><\/strong><\/a>. Montevideo, Uruguay: Asociaci\u00f3n Latinoamericana de Antropolog\u00eda.<\/p>\n<p><a href=\"https:\/\/asociacionlatinoamericanadeantropologia.net\/portal\/wp-content\/uploads\/2026\/04\/Libro-Antropologia-HECHAS-Mexico-VOLUMEN-IV-Abril-2026.pdf\"><img loading=\"lazy\" decoding=\"async\" class=\"aligncenter wp-image-4660 size-medium\" src=\"https:\/\/asociacionlatinoamericanadeantropologia.net\/portal\/wp-content\/uploads\/2026\/04\/Copia-de-3D-IV-Volumen-AHM-Feb-2026-211x300.png\" alt=\"\" width=\"211\" height=\"300\" srcset=\"https:\/\/asociacionlatinoamericanadeantropologia.net\/portal\/wp-content\/uploads\/2026\/04\/Copia-de-3D-IV-Volumen-AHM-Feb-2026-211x300.png 211w, https:\/\/asociacionlatinoamericanadeantropologia.net\/portal\/wp-content\/uploads\/2026\/04\/Copia-de-3D-IV-Volumen-AHM-Feb-2026-722x1024.png 722w, https:\/\/asociacionlatinoamericanadeantropologia.net\/portal\/wp-content\/uploads\/2026\/04\/Copia-de-3D-IV-Volumen-AHM-Feb-2026-768x1090.png 768w, https:\/\/asociacionlatinoamericanadeantropologia.net\/portal\/wp-content\/uploads\/2026\/04\/Copia-de-3D-IV-Volumen-AHM-Feb-2026-scaled.png 1805w\" sizes=\"(max-width: 211px) 100vw, 211px\" \/><\/a><\/p>\n","protected":false},"excerpt":{"rendered":"<p>Antropolog\u00edas hechas en M\u00e9xico Valladares de la Cruz, Laura; Casta\u00f1eda Salgado, Martha Patricia y Aguayo Ayala, Adriana (eds.) 2024. Antropolog\u00edas hechas en M\u00e9xico. Volumen I. Montevideo, Uruguay: Asociaci\u00f3n Latinoamericana de Antropolog\u00eda. &nbsp; Valladares de la Cruz, Laura; Casta\u00f1eda Salgado, Martha Patricia y Aguayo Ayala, Adriana (eds.) 2024. Antropolog\u00edas hechas en M\u00e9xico. Volumen II. Montevideo, Uruguay: &hellip;<\/p>\n<p class=\"read-more\"> <a class=\"\" href=\"https:\/\/asociacionlatinoamericanadeantropologia.net\/portal\/antropologias-hechas-en-mexico\/\"> <span class=\"screen-reader-text\">Antropolog\u00edas hechas en M\u00e9xico<\/span> Leer m\u00e1s &raquo;<\/a><\/p>\n","protected":false},"author":2,"featured_media":0,"parent":0,"menu_order":0,"comment_status":"closed","ping_status":"closed","template":"","meta":{"site-sidebar-layout":"default","site-content-layout":"default","ast-main-header-display":"","ast-hfb-above-header-display":"","ast-hfb-below-header-display":"","ast-hfb-mobile-header-display":"","site-post-title":"","ast-breadcrumbs-content":"","ast-featured-img":"","footer-sml-layout":"","theme-transparent-header-meta":"default","adv-header-id-meta":"","stick-header-meta":"","header-above-stick-meta":"","header-main-stick-meta":"","header-below-stick-meta":"","footnotes":""},"categories":[],"tags":[],"class_list":["post-4135","page","type-page","status-publish","hentry"],"_links":{"self":[{"href":"https:\/\/asociacionlatinoamericanadeantropologia.net\/portal\/wp-json\/wp\/v2\/pages\/4135","targetHints":{"allow":["GET"]}}],"collection":[{"href":"https:\/\/asociacionlatinoamericanadeantropologia.net\/portal\/wp-json\/wp\/v2\/pages"}],"about":[{"href":"https:\/\/asociacionlatinoamericanadeantropologia.net\/portal\/wp-json\/wp\/v2\/types\/page"}],"author":[{"embeddable":true,"href":"https:\/\/asociacionlatinoamericanadeantropologia.net\/portal\/wp-json\/wp\/v2\/users\/2"}],"replies":[{"embeddable":true,"href":"https:\/\/asociacionlatinoamericanadeantropologia.net\/portal\/wp-json\/wp\/v2\/comments?post=4135"}],"version-history":[{"count":8,"href":"https:\/\/asociacionlatinoamericanadeantropologia.net\/portal\/wp-json\/wp\/v2\/pages\/4135\/revisions"}],"predecessor-version":[{"id":4662,"href":"https:\/\/asociacionlatinoamericanadeantropologia.net\/portal\/wp-json\/wp\/v2\/pages\/4135\/revisions\/4662"}],"wp:attachment":[{"href":"https:\/\/asociacionlatinoamericanadeantropologia.net\/portal\/wp-json\/wp\/v2\/media?parent=4135"}],"wp:term":[{"taxonomy":"category","embeddable":true,"href":"https:\/\/asociacionlatinoamericanadeantropologia.net\/portal\/wp-json\/wp\/v2\/categories?post=4135"},{"taxonomy":"post_tag","embeddable":true,"href":"https:\/\/asociacionlatinoamericanadeantropologia.net\/portal\/wp-json\/wp\/v2\/tags?post=4135"}],"curies":[{"name":"wp","href":"https:\/\/api.w.org\/{rel}","templated":true}]}}