{"id":4278,"date":"2025-05-17T16:16:53","date_gmt":"2025-05-17T16:16:53","guid":{"rendered":"https:\/\/asociacionlatinoamericanadeantropologia.net\/portal\/?page_id=4278"},"modified":"2025-05-17T16:16:53","modified_gmt":"2025-05-17T16:16:53","slug":"convocatoria-a-propuestas-tematicas-para-proximos-dossier-de-la-revista-plural","status":"publish","type":"page","link":"https:\/\/asociacionlatinoamericanadeantropologia.net\/portal\/convocatoria-a-propuestas-tematicas-para-proximos-dossier-de-la-revista-plural\/","title":{"rendered":"Convocatoria a propuestas tem\u00e1ticas para pr\u00f3ximos Dossier de la revista Plural"},"content":{"rendered":"<p style=\"text-align: justify;\"><img decoding=\"async\" class=\"an1\" draggable=\"false\" src=\"https:\/\/fonts.gstatic.com\/s\/e\/notoemoji\/16.0\/1f4a5\/32.png\" alt=\"\ud83d\udca5\" data-emoji=\"\ud83d\udca5\" aria-label=\"\ud83d\udca5\" \/><img decoding=\"async\" class=\"an1\" draggable=\"false\" src=\"https:\/\/fonts.gstatic.com\/s\/e\/notoemoji\/16.0\/1f4af\/32.png\" alt=\"\ud83d\udcaf\" data-emoji=\"\ud83d\udcaf\" aria-label=\"\ud83d\udcaf\" \/>El Comit\u00e9 Editorial de la Revista Plural de la Asociaci\u00f3n Latinoamericana de Antropolog\u00eda convoca a presentar propuestas tem\u00e1ticas para la secci\u00f3n Dossier de los pr\u00f3ximos n\u00fameros de la misma (2025-26-27-28)<\/p>\n<div dir=\"auto\"><img decoding=\"async\" class=\"an1\" draggable=\"false\" src=\"https:\/\/fonts.gstatic.com\/s\/e\/notoemoji\/16.0\/1f4e8\/32.png\" alt=\"\ud83d\udce8\" data-emoji=\"\ud83d\udce8\" aria-label=\"\ud83d\udce8\" \/>Las propuestas deben enviarse al correo de la revista:\u00a0<a href=\"mailto:revistaplural.ala@gmail.com\" target=\"_blank\" rel=\"noopener\">revistaplural.ala@gmail.com<\/a><\/div>\n<div dir=\"auto\"><img decoding=\"async\" class=\"an1\" draggable=\"false\" src=\"https:\/\/fonts.gstatic.com\/s\/e\/notoemoji\/16.0\/1f5d3_fe0f\/32.png\" alt=\"\ud83d\uddd3\ufe0f\" data-emoji=\"\ud83d\uddd3\ufe0f\" aria-label=\"\ud83d\uddd3\ufe0f\" \/>Recepci\u00f3n de propuestas: hasta el 10 de julio de 2025.<\/div>\n<div dir=\"auto\"><img decoding=\"async\" class=\"an1\" draggable=\"false\" src=\"https:\/\/fonts.gstatic.com\/s\/e\/notoemoji\/16.0\/1f5d3_fe0f\/32.png\" alt=\"\ud83d\uddd3\ufe0f\" data-emoji=\"\ud83d\uddd3\ufe0f\" aria-label=\"\ud83d\uddd3\ufe0f\" \/>Comunicaci\u00f3n del resultado: 10 de septiembre de 2025.<\/div>\n<p>&nbsp;<\/p>\n<p style=\"text-align: justify;\">M\u00e1s informaci\u00f3n peude ser obtenida a trav\u00e9s de <strong><a href=\"https:\/\/asociacionlatinoamericanadeantropologia.net\/revistas\/index.php\/plural\/about\/normas\" target=\"_blank\" rel=\"noopener\">la p\u00e1gina en OJS de la revista Plural<\/a><\/strong><\/p>\n<p>&nbsp;<\/p>\n<p><img fetchpriority=\"high\" decoding=\"async\" class=\"alignnone size-medium wp-image-4279\" src=\"https:\/\/asociacionlatinoamericanadeantropologia.net\/portal\/wp-content\/uploads\/2025\/05\/IMG-20250312-WA0064-300x300.jpg\" alt=\"\" width=\"300\" height=\"300\" srcset=\"https:\/\/asociacionlatinoamericanadeantropologia.net\/portal\/wp-content\/uploads\/2025\/05\/IMG-20250312-WA0064-300x300.jpg 300w, https:\/\/asociacionlatinoamericanadeantropologia.net\/portal\/wp-content\/uploads\/2025\/05\/IMG-20250312-WA0064-1024x1024.jpg 1024w, https:\/\/asociacionlatinoamericanadeantropologia.net\/portal\/wp-content\/uploads\/2025\/05\/IMG-20250312-WA0064-150x150.jpg 150w, https:\/\/asociacionlatinoamericanadeantropologia.net\/portal\/wp-content\/uploads\/2025\/05\/IMG-20250312-WA0064-768x768.jpg 768w, https:\/\/asociacionlatinoamericanadeantropologia.net\/portal\/wp-content\/uploads\/2025\/05\/IMG-20250312-WA0064.jpg 1080w\" sizes=\"(max-width: 300px) 100vw, 300px\" \/> <img decoding=\"async\" class=\"alignnone size-medium wp-image-4280\" src=\"https:\/\/asociacionlatinoamericanadeantropologia.net\/portal\/wp-content\/uploads\/2025\/05\/IMG-20250312-WA0065-300x300.jpg\" alt=\"\" width=\"300\" height=\"300\" srcset=\"https:\/\/asociacionlatinoamericanadeantropologia.net\/portal\/wp-content\/uploads\/2025\/05\/IMG-20250312-WA0065-300x300.jpg 300w, https:\/\/asociacionlatinoamericanadeantropologia.net\/portal\/wp-content\/uploads\/2025\/05\/IMG-20250312-WA0065-1024x1024.jpg 1024w, https:\/\/asociacionlatinoamericanadeantropologia.net\/portal\/wp-content\/uploads\/2025\/05\/IMG-20250312-WA0065-150x150.jpg 150w, https:\/\/asociacionlatinoamericanadeantropologia.net\/portal\/wp-content\/uploads\/2025\/05\/IMG-20250312-WA0065-768x768.jpg 768w, https:\/\/asociacionlatinoamericanadeantropologia.net\/portal\/wp-content\/uploads\/2025\/05\/IMG-20250312-WA0065.jpg 1080w\" sizes=\"(max-width: 300px) 100vw, 300px\" \/><\/p>\n","protected":false},"excerpt":{"rendered":"<p>El Comit\u00e9 Editorial de la Revista Plural de la Asociaci\u00f3n Latinoamericana de Antropolog\u00eda convoca a presentar propuestas tem\u00e1ticas para la secci\u00f3n Dossier de los pr\u00f3ximos n\u00fameros de la misma (2025-26-27-28) Las propuestas deben enviarse al correo de la revista:\u00a0revistaplural.ala@gmail.com Recepci\u00f3n de propuestas: hasta el 10 de julio de 2025. Comunicaci\u00f3n del resultado: 10 de septiembre &hellip;<\/p>\n<p class=\"read-more\"> <a class=\"\" href=\"https:\/\/asociacionlatinoamericanadeantropologia.net\/portal\/convocatoria-a-propuestas-tematicas-para-proximos-dossier-de-la-revista-plural\/\"> <span class=\"screen-reader-text\">Convocatoria a propuestas tem\u00e1ticas para pr\u00f3ximos Dossier de la revista Plural<\/span> Leer m\u00e1s &raquo;<\/a><\/p>\n","protected":false},"author":2,"featured_media":0,"parent":0,"menu_order":0,"comment_status":"closed","ping_status":"closed","template":"","meta":{"site-sidebar-layout":"default","site-content-layout":"default","ast-main-header-display":"","ast-hfb-above-header-display":"","ast-hfb-below-header-display":"","ast-hfb-mobile-header-display":"","site-post-title":"","ast-breadcrumbs-content":"","ast-featured-img":"","footer-sml-layout":"","theme-transparent-header-meta":"","adv-header-id-meta":"","stick-header-meta":"","header-above-stick-meta":"","header-main-stick-meta":"","header-below-stick-meta":"","footnotes":""},"categories":[1],"tags":[],"class_list":["post-4278","page","type-page","status-publish","hentry","category-noticias"],"_links":{"self":[{"href":"https:\/\/asociacionlatinoamericanadeantropologia.net\/portal\/wp-json\/wp\/v2\/pages\/4278","targetHints":{"allow":["GET"]}}],"collection":[{"href":"https:\/\/asociacionlatinoamericanadeantropologia.net\/portal\/wp-json\/wp\/v2\/pages"}],"about":[{"href":"https:\/\/asociacionlatinoamericanadeantropologia.net\/portal\/wp-json\/wp\/v2\/types\/page"}],"author":[{"embeddable":true,"href":"https:\/\/asociacionlatinoamericanadeantropologia.net\/portal\/wp-json\/wp\/v2\/users\/2"}],"replies":[{"embeddable":true,"href":"https:\/\/asociacionlatinoamericanadeantropologia.net\/portal\/wp-json\/wp\/v2\/comments?post=4278"}],"version-history":[{"count":1,"href":"https:\/\/asociacionlatinoamericanadeantropologia.net\/portal\/wp-json\/wp\/v2\/pages\/4278\/revisions"}],"predecessor-version":[{"id":4281,"href":"https:\/\/asociacionlatinoamericanadeantropologia.net\/portal\/wp-json\/wp\/v2\/pages\/4278\/revisions\/4281"}],"wp:attachment":[{"href":"https:\/\/asociacionlatinoamericanadeantropologia.net\/portal\/wp-json\/wp\/v2\/media?parent=4278"}],"wp:term":[{"taxonomy":"category","embeddable":true,"href":"https:\/\/asociacionlatinoamericanadeantropologia.net\/portal\/wp-json\/wp\/v2\/categories?post=4278"},{"taxonomy":"post_tag","embeddable":true,"href":"https:\/\/asociacionlatinoamericanadeantropologia.net\/portal\/wp-json\/wp\/v2\/tags?post=4278"}],"curies":[{"name":"wp","href":"https:\/\/api.w.org\/{rel}","templated":true}]}}