{"id":4502,"date":"2025-11-19T01:34:30","date_gmt":"2025-11-19T01:34:30","guid":{"rendered":"https:\/\/asociacionlatinoamericanadeantropologia.net\/portal\/?page_id=4502"},"modified":"2025-11-19T22:49:30","modified_gmt":"2025-11-19T22:49:30","slug":"gt-antropologia-do-esporte","status":"publish","type":"page","link":"https:\/\/asociacionlatinoamericanadeantropologia.net\/portal\/gt-antropologia-do-esporte\/","title":{"rendered":"GT Antropologia do esporte"},"content":{"rendered":"<p>Antropologia do esporte est\u00e1 coordinado por <a href=\"mailto:luizrojo@predialnet.com.br\">Luiz Fernando Rojo<\/a> \u2013 Universidade Federal Fluminense \u2013 Brasil<\/p>\n<p><strong>Integrantes<\/strong><\/p>\n<ol>\n<li dir=\"ltr\" role=\"presentation\">Luiz Fernando Rojo \u2013 Universidade Federal Fluminense \u2013 Brasil (coordenador)<\/li>\n<li dir=\"ltr\" role=\"presentation\">Wagner Xavier de Camargo \u2013 Universidade Estadual de Campinas \u2013 Brasil<\/li>\n<li dir=\"ltr\" role=\"presentation\">Ver\u00f4nica Moreira \u2013 Universidad de Buenos Aires \u2013 Argentina<\/li>\n<li dir=\"ltr\" role=\"presentation\">Leonardo Turchi Pacheco \u2013 Universidade Federal de Alfenas \u2013 Brasil<\/li>\n<li dir=\"ltr\" role=\"presentation\">On\u00e9simo Rodr\u00edguez Aguilar \u2013 Universidad de Costa Rica \u2013 Costa Rica<\/li>\n<li dir=\"ltr\" role=\"presentation\">Mariane da Silva Pisani \u2013 Universidade Federal do Piau\u00ed \u2013 Brasil<\/li>\n<li dir=\"ltr\" role=\"presentation\">Roger Magazine \u2013 Universidad Iberoamericana \u2013 M\u00e9xico<\/li>\n<li dir=\"ltr\" role=\"presentation\">Carmen S\u00edlvia Moraes Rial \u2013 Universidade Federal de Santa Catarina \u2013 Brasil<\/li>\n<li dir=\"ltr\" role=\"presentation\">L\u00eda Ferrero \u2013 Universidad Nacional de La Plata \u2013 Argentina<\/li>\n<li dir=\"ltr\" role=\"presentation\">Ricardo Duarte Baja\u00f1a \u2013 Universidad Pedag\u00f3gica Nacional \u2013 Col\u00f3mbia<\/li>\n<li dir=\"ltr\" role=\"presentation\">M\u00f4nica da Silva Ara\u00fajo \u2013 Universidade Federal do Piau\u00ed &#8211; Brasil<\/li>\n<\/ol>\n<p><strong>Apresenta\u00e7\u00e3o<\/strong><\/p>\n<p dir=\"ltr\">H\u00e1 uma infinidade de perspectivas a partir das quais analisar as pr\u00e1ticas esportivas e, de forma ainda mais ampla, o que Pierre Bourdieu denominou de \u201ccampo esportivo\u201d. Cada uma destas perspectivas estabelece importantes di\u00e1logos com outros campos da pr\u00f3pria Antropologia e com diferentes outras \u00e1reas de conhecimento.<\/p>\n<p dir=\"ltr\">Para muitas pessoas o esporte \u00e9 profiss\u00e3o, uma das menos regulamentadas profiss\u00f5es no mercado de trabalho. Para al\u00e9m de uma pequena elite de esportistas profissionais que ganham altos sal\u00e1rios e gozam de imensa popularidade, h\u00e1 uma imensa quantidade de atletas que sobrevivem com bolsas ou pequenos patroc\u00ednios, com poucos ou nenhum direito trabalhista. Isso \u00e9 uma realidade ainda mais impactante no caso das mulheres que est\u00e3o permanentemente amea\u00e7adas de perderem sua renda em caso de gravidez, uma vez que raramente seus trabalhos comportam a licen\u00e7a maternidade, como analisa Raquel Simas. Al\u00e9m disso, se esta j\u00e1 \u00e9 a realidade em rela\u00e7\u00e3o \u00e0s e aos atletas, ela \u00e9 ainda mais contundente quando passamos a analisar a situa\u00e7\u00e3o das arbitragens, auxiliares e pessoas que cuidam de toda a estrutura necess\u00e1ria para a pr\u00e1tica esportiva profissional.<\/p>\n<p dir=\"ltr\">Para um n\u00famero ainda maior de pessoas, o esporte \u00e9 paix\u00e3o, \u00e9 emo\u00e7\u00e3o. Milh\u00f5es de pessoas em toda a Am\u00e9rica Latina seguem seus times e, em v\u00e1rios casos, se organizam de forma espec\u00edfica para isso. Estes grupos geram diferentes formas de sociabilidade entre si, conflitos mais ou menos violentos a partir de suas rivalidades, estruturas pol\u00edticas e mesmo econ\u00f4micas que organizam viagens, vendas de materiais ou de apoios pol\u00edticos diversos.<\/p>\n<p dir=\"ltr\">O esporte n\u00e3o escapa \u00e0s an\u00e1lises geopol\u00edticas. Toda vez que observamos a forma que assumem os grandes eventos esportivos e a luta entre pa\u00edses para organiz\u00e1-los, consequ\u00eancia das imensas invers\u00f5es que eles significam e que, em sua maioria, n\u00e3o s\u00e3o imediatamente capitalizadas pelos mesmos governos que disputaram sua organiza\u00e7\u00e3o. A luta por jogadores de elite, a compra e venda de clubes, as invers\u00f5es privadas em associa\u00e7\u00f5es civis, sem fins de lucro, os interesses que pretendem transformar essas associa\u00e7\u00f5es em sociedades an\u00f4nimas. Todos estes movimentos nos falam de tens\u00f5es que se explicam desde o fen\u00f3menos esportivo, mas que tamb\u00e9m inserem esse fen\u00f3meno em outras rela\u00e7\u00f5es e l\u00f3gicas que nos remetem como parte de um sistema pol\u00edtico e econ\u00f4mico em termos macro, desde uma disciplina que, por sua vez, privilegia o micro.<\/p>\n<p dir=\"ltr\">Mas o esporte n\u00e3o \u00e9 praticado apenas de forma profissional. Ele pode ter uma dimens\u00e3o de lazer, que coloca em quest\u00e3o o pr\u00f3prio direito ao tempo livre das pessoas que, como Lo\u00efc Boltanski aborda, \u00e9 extremamente diferenciado em termos de classe social. A partir desta dimens\u00e3o, surgem quest\u00f5es relativas \u00e0s pol\u00edticas p\u00fablicas nas \u00e1reas do esporte e do lazer, implicando um entre muitos aspectos que envolvem as rela\u00e7\u00f5es entre as pr\u00e1ticas esportivas e o Estado. Indo al\u00e9m da dimens\u00e3o de classe, j\u00e1 indicada, o acesso \u00e0s pr\u00e1ticas esportivas tamb\u00e9m se apresenta de forma diferenciada a partir de considera\u00e7\u00f5es \u00e9tnicas, de g\u00eanero, et\u00e1rias, capacitistas e relativas \u00e0s pessoas LGBTQIA+ que, de diferentes formas, tamb\u00e9m utilizam o esporte como ferramenta de organiza\u00e7\u00e3o e de afirma\u00e7\u00e3o de suas identidades sociais.<\/p>\n<p dir=\"ltr\">Por tudo isso, \u00e9 imposs\u00edvel dissociar esporte e pol\u00edtica. Na visibilidade que a organiza\u00e7\u00e3o de eventos esportivos oferece para as diversas esferas governamentais (nacionais, regionais e locais); nas formas de controle e organiza\u00e7\u00e3o das federa\u00e7\u00f5es e confedera\u00e7\u00f5es esportivas nacionais e internacionais; na defini\u00e7\u00e3o de verbas e na cria\u00e7\u00e3o ou extin\u00e7\u00e3o de estruturas como minist\u00e9rios, secretarias ou outras que gerenciam o esporte; enfim, em m\u00faltiplas dimens\u00f5es, a rela\u00e7\u00e3o entre esporte e poder se coloca como um tema central de investiga\u00e7\u00e3o. A partir das interpreta\u00e7\u00f5es de Simoni Guedes, \u00e9 importante ressaltar que esta rela\u00e7\u00e3o tanto pode se dar na forma de \u201csequestros\u201d da pauta esportiva por parte de grupos de extrema-direita, como de \u201cresgastes\u201d desta pauta por parte da sociedade, em suas diversas manifesta\u00e7\u00f5es, rompendo assim com uma vis\u00e3o unilateral que classificaria o esporte como um novo \u201c\u00f3pio do povo\u201d.<\/p>\n<p dir=\"ltr\">Estas s\u00e3o algumas das tem\u00e1ticas e quest\u00f5es que o grupo de pessoas, relacionadas abaixo, tem pesquisado nos \u00faltimos vinte e cinco anos nos quais a Antropologia dos Esportes tem crescido e se estruturado em diversos pa\u00edses da Am\u00e9rica Latina. Este fortalecimento nos levou a ter papel determinante na cria\u00e7\u00e3o da Comiss\u00e3o de Antropologia dos Esportes da International Union of Anthropological and Ethnological Sciences (IUAES) e temos a convic\u00e7\u00e3o de que a cria\u00e7\u00e3o deste Grupo de Trabalho de Antropologia dos Esportes junto \u00e0 Associa\u00e7\u00e3o Latino-americana de Antropologia (ALA) ser\u00e1 mais um passo na consolida\u00e7\u00e3o desta \u00e1rea de pesquisa.<\/p>\n<p><strong>Objetivos do Grupo de Trabalho<\/strong><\/p>\n<ol>\n<li dir=\"ltr\">Consolidar os di\u00e1logos entre as antropologias dos esportes latino-americanas e caribenhas, ampliando o conhecimento da produ\u00e7\u00e3o da regi\u00e3o, com o objetivo de aprofundar os debates desde uma perspectiva ancorada no sul global.<\/li>\n<li dir=\"ltr\">Contribuir para o fortalecimento da integra\u00e7\u00e3o entre pesquisadoras e pesquisadores que trabalham com tem\u00e1ticas vinculadas ao esporte no campo da Antropologia, consolidando esta rede em um Grupo de Trabalho institucionalizado.<\/li>\n<li dir=\"ltr\">Favorecer o desenvolvimento de pesquisas comparativas entre pesquisadoras e pesquisadores de diferentes pa\u00edses, aprofundando o conhecimento sobre as pr\u00e1ticas esportivas na Am\u00e9rica Latina.<\/li>\n<li dir=\"ltr\">Fortalecer di\u00e1logos e interc\u00e2mbios que nos permitam enriquecer os la\u00e7os com outros espa\u00e7os coletivos que analisam os esportes, como a Comiss\u00e3o de Antropologia dos Esportes da IUAES e o GT \u201cDeporte, Cultura y Sociedad\u201d, da CLACSO.<\/li>\n<li dir=\"ltr\">Estimular a circula\u00e7\u00e3o da produ\u00e7\u00e3o acad\u00eamica sobre as pr\u00e1ticas esportivas na Am\u00e9rica Latina nos seus diferentes n\u00edveis. Neste ponto, em particular, o Grupo de Trabalho pretende contribuir para ampliar a participa\u00e7\u00e3o de colegas latino-americanos em bancas de avalia\u00e7\u00e3o\/defesa de gradua\u00e7\u00e3o, mestrado e doutorado, bem como estimular a constru\u00e7\u00e3o de conv\u00eanios espec\u00edficos que possibilitem a maior circula\u00e7\u00e3o de estudantes e docentes entre nossas Universidades.<\/li>\n<\/ol>\n","protected":false},"excerpt":{"rendered":"<p>Antropologia do esporte est\u00e1 coordinado por Luiz Fernando Rojo \u2013 Universidade Federal Fluminense \u2013 Brasil Integrantes Luiz Fernando Rojo \u2013 Universidade Federal Fluminense \u2013 Brasil (coordenador) Wagner Xavier de Camargo \u2013 Universidade Estadual de Campinas \u2013 Brasil Ver\u00f4nica Moreira \u2013 Universidad de Buenos Aires \u2013 Argentina Leonardo Turchi Pacheco \u2013 Universidade Federal de Alfenas \u2013 &hellip;<\/p>\n<p class=\"read-more\"> <a class=\"\" href=\"https:\/\/asociacionlatinoamericanadeantropologia.net\/portal\/gt-antropologia-do-esporte\/\"> <span class=\"screen-reader-text\">GT Antropologia do esporte<\/span> Leer m\u00e1s &raquo;<\/a><\/p>\n","protected":false},"author":2,"featured_media":0,"parent":0,"menu_order":0,"comment_status":"closed","ping_status":"closed","template":"","meta":{"site-sidebar-layout":"default","site-content-layout":"default","ast-main-header-display":"","ast-hfb-above-header-display":"","ast-hfb-below-header-display":"","ast-hfb-mobile-header-display":"","site-post-title":"","ast-breadcrumbs-content":"","ast-featured-img":"","footer-sml-layout":"","theme-transparent-header-meta":"default","adv-header-id-meta":"","stick-header-meta":"","header-above-stick-meta":"","header-main-stick-meta":"","header-below-stick-meta":"","footnotes":""},"categories":[8],"tags":[],"class_list":["post-4502","page","type-page","status-publish","hentry","category-grupos-de-trabajo"],"_links":{"self":[{"href":"https:\/\/asociacionlatinoamericanadeantropologia.net\/portal\/wp-json\/wp\/v2\/pages\/4502","targetHints":{"allow":["GET"]}}],"collection":[{"href":"https:\/\/asociacionlatinoamericanadeantropologia.net\/portal\/wp-json\/wp\/v2\/pages"}],"about":[{"href":"https:\/\/asociacionlatinoamericanadeantropologia.net\/portal\/wp-json\/wp\/v2\/types\/page"}],"author":[{"embeddable":true,"href":"https:\/\/asociacionlatinoamericanadeantropologia.net\/portal\/wp-json\/wp\/v2\/users\/2"}],"replies":[{"embeddable":true,"href":"https:\/\/asociacionlatinoamericanadeantropologia.net\/portal\/wp-json\/wp\/v2\/comments?post=4502"}],"version-history":[{"count":4,"href":"https:\/\/asociacionlatinoamericanadeantropologia.net\/portal\/wp-json\/wp\/v2\/pages\/4502\/revisions"}],"predecessor-version":[{"id":4507,"href":"https:\/\/asociacionlatinoamericanadeantropologia.net\/portal\/wp-json\/wp\/v2\/pages\/4502\/revisions\/4507"}],"wp:attachment":[{"href":"https:\/\/asociacionlatinoamericanadeantropologia.net\/portal\/wp-json\/wp\/v2\/media?parent=4502"}],"wp:term":[{"taxonomy":"category","embeddable":true,"href":"https:\/\/asociacionlatinoamericanadeantropologia.net\/portal\/wp-json\/wp\/v2\/categories?post=4502"},{"taxonomy":"post_tag","embeddable":true,"href":"https:\/\/asociacionlatinoamericanadeantropologia.net\/portal\/wp-json\/wp\/v2\/tags?post=4502"}],"curies":[{"name":"wp","href":"https:\/\/api.w.org\/{rel}","templated":true}]}}