{"id":463,"date":"2021-12-09T04:04:17","date_gmt":"2021-12-09T04:04:17","guid":{"rendered":"https:\/\/asociacionlatinoamericanadeantropologia.net\/portal\/?page_id=463"},"modified":"2023-02-08T14:35:26","modified_gmt":"2023-02-08T14:35:26","slug":"noticias","status":"publish","type":"page","link":"https:\/\/asociacionlatinoamericanadeantropologia.net\/portal\/noticias\/","title":{"rendered":"\u00daltimas noticias"},"content":{"rendered":"<h2><strong><a id=\"noticias\"><\/a>\u00daltimas noticias<\/strong><\/h2>\n<div class=\"pt-cv-wrapper\"><div class=\"pt-cv-view pt-cv-grid pt-cv-colsys\" id=\"pt-cv-view-807fe82eld\"><div data-id=\"pt-cv-page-1\" class=\"pt-cv-page\" data-cvc=\"2\"><div class=\"col-md-6 col-sm-6 col-xs-12 pt-cv-content-item pt-cv-1-col\" ><div class='pt-cv-ifield'><a href=\"https:\/\/asociacionlatinoamericanadeantropologia.net\/portal\/2026\/04\/15\/dos-integrantes-de-ala-forman-parte-del-comite-organizador-del-wcaa\/\" class=\"_self pt-cv-href-thumbnail pt-cv-thumb-default\" target=\"_self\" ><img decoding=\"async\" width=\"300\" height=\"138\" src=\"https:\/\/asociacionlatinoamericanadeantropologia.net\/portal\/wp-content\/uploads\/2026\/04\/WCAA_ALA.jpg\" class=\"pt-cv-thumbnail\" alt=\"\" \/><\/a>\n<h5 class=\"pt-cv-title\"><a href=\"https:\/\/asociacionlatinoamericanadeantropologia.net\/portal\/2026\/04\/15\/dos-integrantes-de-ala-forman-parte-del-comite-organizador-del-wcaa\/\" class=\"_self\" target=\"_self\" >Dos integrantes de ALA forman parte del Comit\u00e9 Organizador del WCAA<\/a><\/h5>\n<div class=\"pt-cv-content\">Dos integrantes de la Comisi\u00f3n Directiva de ALA, Ver\u00f3nica L\u00f3pez Tessore (Presidenta) y Gonzalo D\u00edaz Crovetto (Secretario), forman parte del ...<br \/><div class=\"pt-cv-rmwrap\"><a href=\"https:\/\/asociacionlatinoamericanadeantropologia.net\/portal\/2026\/04\/15\/dos-integrantes-de-ala-forman-parte-del-comite-organizador-del-wcaa\/\" class=\"_self pt-cv-readmore btn btn-success\" target=\"_self\">Leer M\u00e1s<\/a><\/div><\/div><\/div><\/div>\n<div class=\"col-md-6 col-sm-6 col-xs-12 pt-cv-content-item pt-cv-1-col\" ><div class='pt-cv-ifield'><a href=\"https:\/\/asociacionlatinoamericanadeantropologia.net\/portal\/2026\/04\/08\/vi-encuentro-internacional-de-etnografias-colaborativas-y-comprometidas\/\" class=\"_self pt-cv-href-thumbnail pt-cv-thumb-default\" target=\"_self\" ><img fetchpriority=\"high\" decoding=\"async\" width=\"169\" height=\"300\" src=\"https:\/\/asociacionlatinoamericanadeantropologia.net\/portal\/wp-content\/uploads\/2026\/04\/VI_EIECC-169x300.jpg\" class=\"pt-cv-thumbnail\" alt=\"\" srcset=\"https:\/\/asociacionlatinoamericanadeantropologia.net\/portal\/wp-content\/uploads\/2026\/04\/VI_EIECC-169x300.jpg 169w, https:\/\/asociacionlatinoamericanadeantropologia.net\/portal\/wp-content\/uploads\/2026\/04\/VI_EIECC.jpg 300w\" sizes=\"(max-width: 169px) 100vw, 169px\" \/><\/a>\n<h5 class=\"pt-cv-title\"><a href=\"https:\/\/asociacionlatinoamericanadeantropologia.net\/portal\/2026\/04\/08\/vi-encuentro-internacional-de-etnografias-colaborativas-y-comprometidas\/\" class=\"_self\" target=\"_self\" >VI Encuentro Internacional de Etnograf\u00edas Colaborativas y Comprometidas<\/a><\/h5>\n<div class=\"pt-cv-content\">El VI Encuentro Internacional de Etnograf\u00edas Colaborativas y Comprometidas se realizar\u00e1 s\u00f3lo en modalidad presencial, los d\u00edas 9, 10 y ...<br \/><div class=\"pt-cv-rmwrap\"><a href=\"https:\/\/asociacionlatinoamericanadeantropologia.net\/portal\/2026\/04\/08\/vi-encuentro-internacional-de-etnografias-colaborativas-y-comprometidas\/\" class=\"_self pt-cv-readmore btn btn-success\" target=\"_self\">Leer M\u00e1s<\/a><\/div><\/div><\/div><\/div>\n<div class=\"col-md-6 col-sm-6 col-xs-12 pt-cv-content-item pt-cv-1-col\" ><div class='pt-cv-ifield'><a href=\"https:\/\/asociacionlatinoamericanadeantropologia.net\/portal\/2026\/04\/06\/2-sesion-del-curso-de-capacitacion-del-gt-antropologia-del-deporte\/\" class=\"_self pt-cv-href-thumbnail pt-cv-thumb-default\" target=\"_self\" ><img decoding=\"async\" width=\"225\" height=\"300\" src=\"https:\/\/asociacionlatinoamericanadeantropologia.net\/portal\/wp-content\/uploads\/2026\/04\/2Sesion_Antropodeldeporte-225x300.jpg\" class=\"pt-cv-thumbnail\" alt=\"\" srcset=\"https:\/\/asociacionlatinoamericanadeantropologia.net\/portal\/wp-content\/uploads\/2026\/04\/2Sesion_Antropodeldeporte-225x300.jpg 225w, https:\/\/asociacionlatinoamericanadeantropologia.net\/portal\/wp-content\/uploads\/2026\/04\/2Sesion_Antropodeldeporte.jpg 300w\" sizes=\"(max-width: 225px) 100vw, 225px\" \/><\/a>\n<h5 class=\"pt-cv-title\"><a href=\"https:\/\/asociacionlatinoamericanadeantropologia.net\/portal\/2026\/04\/06\/2-sesion-del-curso-de-capacitacion-del-gt-antropologia-del-deporte\/\" class=\"_self\" target=\"_self\" >2\u00b0 sesi\u00f3n del curso de capacitaci\u00f3n del GT Antropolog\u00eda del Deporte<\/a><\/h5>\n<div class=\"pt-cv-content\">Preparem-se para o nosso segundo encontro do curso de Forma\u00e7\u00e3o! O encontro com Maria Noel Curbelo se realizar\u00e1 no dia ...<br \/><div class=\"pt-cv-rmwrap\"><a href=\"https:\/\/asociacionlatinoamericanadeantropologia.net\/portal\/2026\/04\/06\/2-sesion-del-curso-de-capacitacion-del-gt-antropologia-del-deporte\/\" class=\"_self pt-cv-readmore btn btn-success\" target=\"_self\">Leer M\u00e1s<\/a><\/div><\/div><\/div><\/div>\n<div class=\"col-md-6 col-sm-6 col-xs-12 pt-cv-content-item pt-cv-1-col\" ><div class='pt-cv-ifield'><a href=\"https:\/\/asociacionlatinoamericanadeantropologia.net\/portal\/2026\/03\/25\/condolencias-por-el-fallecimiento-de-jose-bengoa-cabello\/\" class=\"_self pt-cv-href-thumbnail pt-cv-thumb-default\" target=\"_self\" ><img loading=\"lazy\" decoding=\"async\" width=\"240\" height=\"300\" src=\"https:\/\/asociacionlatinoamericanadeantropologia.net\/portal\/wp-content\/uploads\/2026\/03\/Condolencias-Jose-Bengoa-240x300.jpg\" class=\"pt-cv-thumbnail\" alt=\"\" srcset=\"https:\/\/asociacionlatinoamericanadeantropologia.net\/portal\/wp-content\/uploads\/2026\/03\/Condolencias-Jose-Bengoa-240x300.jpg 240w, https:\/\/asociacionlatinoamericanadeantropologia.net\/portal\/wp-content\/uploads\/2026\/03\/Condolencias-Jose-Bengoa.jpg 300w\" sizes=\"(max-width: 240px) 100vw, 240px\" \/><\/a>\n<h5 class=\"pt-cv-title\"><a href=\"https:\/\/asociacionlatinoamericanadeantropologia.net\/portal\/2026\/03\/25\/condolencias-por-el-fallecimiento-de-jose-bengoa-cabello\/\" class=\"_self\" target=\"_self\" >Condolencias por el fallecimiento de Jos\u00e9 Bengoa Cabello<\/a><\/h5>\n<div class=\"pt-cv-content\">Desde ALA compartimos las condolencias del CAACh por el fallecimiento de Jos\u00e9 Bengoa Cabello Como CAACh enviamos nuestras sentidas condolencias ...<br \/><div class=\"pt-cv-rmwrap\"><a href=\"https:\/\/asociacionlatinoamericanadeantropologia.net\/portal\/2026\/03\/25\/condolencias-por-el-fallecimiento-de-jose-bengoa-cabello\/\" class=\"_self pt-cv-readmore btn btn-success\" target=\"_self\">Leer M\u00e1s<\/a><\/div><\/div><\/div><\/div>\n<div class=\"col-md-6 col-sm-6 col-xs-12 pt-cv-content-item pt-cv-1-col\" ><div class='pt-cv-ifield'><a href=\"https:\/\/asociacionlatinoamericanadeantropologia.net\/portal\/2026\/03\/13\/4639\/\" class=\"_self pt-cv-href-thumbnail pt-cv-thumb-default\" target=\"_self\" ><img loading=\"lazy\" decoding=\"async\" width=\"169\" height=\"300\" src=\"https:\/\/asociacionlatinoamericanadeantropologia.net\/portal\/wp-content\/uploads\/2026\/03\/tertulia-antropologica-169x300.jpg\" class=\"pt-cv-thumbnail\" alt=\"\" srcset=\"https:\/\/asociacionlatinoamericanadeantropologia.net\/portal\/wp-content\/uploads\/2026\/03\/tertulia-antropologica-169x300.jpg 169w, https:\/\/asociacionlatinoamericanadeantropologia.net\/portal\/wp-content\/uploads\/2026\/03\/tertulia-antropologica.jpg 300w\" sizes=\"(max-width: 169px) 100vw, 169px\" \/><\/a>\n<h5 class=\"pt-cv-title\"><a href=\"https:\/\/asociacionlatinoamericanadeantropologia.net\/portal\/2026\/03\/13\/4639\/\" class=\"_self\" target=\"_self\" >Tertulia antropol\u00f3gica rumbo al 3er Congreso Internacional de Antropologias del Sur<\/a><\/h5>\n<div class=\"pt-cv-content\">Mira la grabaci\u00f3n de la Tertulia Antropol\u00f3gica de la Red de Antropolog\u00edas del Sur, rumbo al 3er Congreso Internacional de ...<br \/><div class=\"pt-cv-rmwrap\"><a href=\"https:\/\/asociacionlatinoamericanadeantropologia.net\/portal\/2026\/03\/13\/4639\/\" class=\"_self pt-cv-readmore btn btn-success\" target=\"_self\">Leer M\u00e1s<\/a><\/div><\/div><\/div><\/div>\n<div class=\"col-md-6 col-sm-6 col-xs-12 pt-cv-content-item pt-cv-1-col\" ><div class='pt-cv-ifield'><a href=\"https:\/\/asociacionlatinoamericanadeantropologia.net\/portal\/2026\/03\/04\/concurso-de-fotografia-etnografica-del-viii-comase\/\" class=\"_self pt-cv-href-thumbnail pt-cv-thumb-default\" target=\"_self\" ><img loading=\"lazy\" decoding=\"async\" width=\"232\" height=\"300\" src=\"https:\/\/asociacionlatinoamericanadeantropologia.net\/portal\/wp-content\/uploads\/2026\/03\/Concurso-Foto-Etno-COMASE-232x300.jpg\" class=\"pt-cv-thumbnail\" alt=\"\" srcset=\"https:\/\/asociacionlatinoamericanadeantropologia.net\/portal\/wp-content\/uploads\/2026\/03\/Concurso-Foto-Etno-COMASE-232x300.jpg 232w, https:\/\/asociacionlatinoamericanadeantropologia.net\/portal\/wp-content\/uploads\/2026\/03\/Concurso-Foto-Etno-COMASE.jpg 300w\" sizes=\"(max-width: 232px) 100vw, 232px\" \/><\/a>\n<h5 class=\"pt-cv-title\"><a href=\"https:\/\/asociacionlatinoamericanadeantropologia.net\/portal\/2026\/03\/04\/concurso-de-fotografia-etnografica-del-viii-comase\/\" class=\"_self\" target=\"_self\" >Concurso de Fotograf\u00eda Etnogr\u00e1fica del VIII COMASE<\/a><\/h5>\n<div class=\"pt-cv-content\">Les compartimos la convocatoria del \"Concurso de Fotograf\u00eda Etnogr\u00e1fica\", que se llevar\u00e1 a cabo en el octavo COMASE \u00a1Esperamos sus ...<br \/><div class=\"pt-cv-rmwrap\"><a href=\"https:\/\/asociacionlatinoamericanadeantropologia.net\/portal\/2026\/03\/04\/concurso-de-fotografia-etnografica-del-viii-comase\/\" class=\"_self pt-cv-readmore btn btn-success\" target=\"_self\">Leer M\u00e1s<\/a><\/div><\/div><\/div><\/div><\/div><\/div>\n<div class=\" pt-cv-pagination-wrapper\"><ul class=\"pt-cv-pagination pt-cv-ajax pagination\" data-totalpages=\"71\" data-currentpage=\"1\" data-sid=\"807fe82eld\" data-unid=\"\" data-isblock=\"\" data-postid=\"\"><li class=\"active\"><a href=\"#\">1<\/a><\/li>\n\t<li ><a class=\"\" href=\"https:\/\/asociacionlatinoamericanadeantropologia.net\/portal\/wp-json\/wp\/v2\/pages\/463\/?_page=2\">2<\/a><\/li>\n\t<li ><a class=\"\" href=\"https:\/\/asociacionlatinoamericanadeantropologia.net\/portal\/wp-json\/wp\/v2\/pages\/463\/?_page=3\">3<\/a><\/li>\n\t<li ><a href=\"#\">&hellip;<\/a><\/li>\n\t<li ><a class=\"\" href=\"https:\/\/asociacionlatinoamericanadeantropologia.net\/portal\/wp-json\/wp\/v2\/pages\/463\/?_page=71\">71<\/a><\/li>\n\t<li ><a class=\" \" href=\"https:\/\/asociacionlatinoamericanadeantropologia.net\/portal\/wp-json\/wp\/v2\/pages\/463\/?_page=2\">&rsaquo;<\/a><\/li>\n\t<\/ul><img loading=\"lazy\" decoding=\"async\" width=\"15\" height=\"15\" class=\"pt-cv-spinner\" alt=\"Cargando...\" src=\"data:image\/gif;base64,R0lGODlhDwAPALMPAMrKygwMDJOTkz09PZWVla+vr3p6euTk5M7OzuXl5TMzMwAAAJmZmWZmZszMzP\/\/\/yH\/C05FVFNDQVBFMi4wAwEAAAAh+QQFCgAPACwAAAAADwAPAAAEQvDJaZaZOIcV8iQK8VRX4iTYoAwZ4iCYoAjZ4RxejhVNoT+mRGP4cyF4Pp0N98sBGIBMEMOotl6YZ3S61Bmbkm4mAgAh+QQFCgAPACwAAAAADQANAAAENPDJSRSZeA418itN8QiK8BiLITVsFiyBBIoYqnoewAD4xPw9iY4XLGYSjkQR4UAUD45DLwIAIfkEBQoADwAsAAAAAA8ACQAABC\/wyVlamTi3nSdgwFNdhEJgTJoNyoB9ISYoQmdjiZPcj7EYCAeCF1gEDo4Dz2eIAAAh+QQFCgAPACwCAAAADQANAAAEM\/DJBxiYeLKdX3IJZT1FU0iIg2RNKx3OkZVnZ98ToRD4MyiDnkAh6BkNC0MvsAj0kMpHBAAh+QQFCgAPACwGAAAACQAPAAAEMDC59KpFDll73HkAA2wVY5KgiK5b0RRoI6MuzG6EQqCDMlSGheEhUAgqgUUAFRySIgAh+QQFCgAPACwCAAIADQANAAAEM\/DJKZNLND\/kkKaHc3xk+QAMYDKsiaqmZCxGVjSFFCxB1vwy2oOgIDxuucxAMTAJFAJNBAAh+QQFCgAPACwAAAYADwAJAAAEMNAs86q1yaWwwv2Ig0jUZx3OYa4XoRAfwADXoAwfo1+CIjyFRuEho60aSNYlOPxEAAAh+QQFCgAPACwAAAIADQANAAAENPA9s4y8+IUVcqaWJ4qEQozSoAzoIyhCK2NFU2SJk0hNnyEOhKR2AzAAj4Pj4GE4W0bkJQIAOw==\" \/><div class=\"clear pt-cv-clear-pagination\"><\/div><\/div><\/div>\n<p><a href=\"#noticias\"><strong>Volver arriba<\/strong><\/a><\/p>\n<h2>Noticias anteriores<\/h2>\n<div class=\"pt-cv-wrapper\"><div class=\"pt-cv-view pt-cv-grid pt-cv-colsys\" id=\"pt-cv-view-7bd6675dzs\"><div data-id=\"pt-cv-page-1\" class=\"pt-cv-page\" data-cvc=\"2\"><div class=\"col-md-6 col-sm-6 col-xs-12 pt-cv-content-item pt-cv-1-col\" ><div class='pt-cv-ifield'><a href=\"https:\/\/asociacionlatinoamericanadeantropologia.net\/portal\/convocatoria-a-propuestas-tematicas-para-proximos-dossier-de-la-revista-plural\/\" class=\"_self pt-cv-href-thumbnail pt-cv-thumb-default\" target=\"_self\" ><\/a>\n<h5 class=\"pt-cv-title\"><a href=\"https:\/\/asociacionlatinoamericanadeantropologia.net\/portal\/convocatoria-a-propuestas-tematicas-para-proximos-dossier-de-la-revista-plural\/\" class=\"_self\" target=\"_self\" >Convocatoria a propuestas tem\u00e1ticas para pr\u00f3ximos Dossier de la revista Plural<\/a><\/h5>\n<div class=\"pt-cv-content\">El Comit\u00e9 Editorial de la Revista Plural de la Asociaci\u00f3n Latinoamericana de Antropolog\u00eda convoca a presentar propuestas tem\u00e1ticas para la ...<br \/><div class=\"pt-cv-rmwrap\"><a href=\"https:\/\/asociacionlatinoamericanadeantropologia.net\/portal\/convocatoria-a-propuestas-tematicas-para-proximos-dossier-de-la-revista-plural\/\" class=\"_self pt-cv-readmore btn btn-success\" target=\"_self\">Leer M\u00e1s<\/a><\/div><\/div><\/div><\/div>\n<div class=\"col-md-6 col-sm-6 col-xs-12 pt-cv-content-item pt-cv-1-col\" ><div class='pt-cv-ifield'><a href=\"https:\/\/asociacionlatinoamericanadeantropologia.net\/portal\/convocatoria-a-dossier-procesos-y-experiencias-educativas-de-y-con-jovenes-en-contextos-de-desigualdad-social-debates-y-reflexiones-desde-la-antropologia\/\" class=\"_self pt-cv-href-thumbnail pt-cv-thumb-default\" target=\"_self\" ><\/a>\n<h5 class=\"pt-cv-title\"><a href=\"https:\/\/asociacionlatinoamericanadeantropologia.net\/portal\/convocatoria-a-dossier-procesos-y-experiencias-educativas-de-y-con-jovenes-en-contextos-de-desigualdad-social-debates-y-reflexiones-desde-la-antropologia\/\" class=\"_self\" target=\"_self\" >Convocatoria a Dossier: Procesos y experiencias educativas de y con j\u00f3venes en contextos de  desigualdad social. Debates y reflexiones desde la antropolog\u00eda<\/a><\/h5>\n<div class=\"pt-cv-content\">Convocatoria a dossier: \u00abProcesos y experiencias educativas de y con j\u00f3venes en contextos de desigualdad social. Debates y reflexiones desde ...<br \/><div class=\"pt-cv-rmwrap\"><a href=\"https:\/\/asociacionlatinoamericanadeantropologia.net\/portal\/convocatoria-a-dossier-procesos-y-experiencias-educativas-de-y-con-jovenes-en-contextos-de-desigualdad-social-debates-y-reflexiones-desde-la-antropologia\/\" class=\"_self pt-cv-readmore btn btn-success\" target=\"_self\">Leer M\u00e1s<\/a><\/div><\/div><\/div><\/div>\n<div class=\"col-md-6 col-sm-6 col-xs-12 pt-cv-content-item pt-cv-1-col\" ><div class='pt-cv-ifield'><a href=\"https:\/\/asociacionlatinoamericanadeantropologia.net\/portal\/ala-participo-en-la-33o-rba-con-tres-simposios-especiales\/\" class=\"_self pt-cv-href-thumbnail pt-cv-thumb-default\" target=\"_self\" ><img loading=\"lazy\" decoding=\"async\" width=\"212\" height=\"300\" src=\"https:\/\/asociacionlatinoamericanadeantropologia.net\/portal\/wp-content\/uploads\/2022\/09\/Imagen-131-212x300.jpg\" class=\"pt-cv-thumbnail\" alt=\"\" \/><\/a>\n<h5 class=\"pt-cv-title\"><a href=\"https:\/\/asociacionlatinoamericanadeantropologia.net\/portal\/ala-participo-en-la-33o-rba-con-tres-simposios-especiales\/\" class=\"_self\" target=\"_self\" >ALA particip\u00f3 en la 33\u00ba RBA con tres simposios especiales<\/a><\/h5>\n<div class=\"pt-cv-content\">La\u00a0Asociaci\u00f3n Latinoamericana de Antropolog\u00eda (ALA) particip\u00f3 en la 33\u00ba Reuni\u00e3o Brasileira de Antropologia (RBA)\u00a0con tres simposios especiales: uno titulado \u201cM\u00faltiplos ...<br \/><div class=\"pt-cv-rmwrap\"><a href=\"https:\/\/asociacionlatinoamericanadeantropologia.net\/portal\/ala-participo-en-la-33o-rba-con-tres-simposios-especiales\/\" class=\"_self pt-cv-readmore btn btn-success\" target=\"_self\">Leer M\u00e1s<\/a><\/div><\/div><\/div><\/div>\n<div class=\"col-md-6 col-sm-6 col-xs-12 pt-cv-content-item pt-cv-1-col\" ><div class='pt-cv-ifield'><a href=\"https:\/\/asociacionlatinoamericanadeantropologia.net\/portal\/ala-presente-en-la-33o-rba\/\" class=\"_self pt-cv-href-thumbnail pt-cv-thumb-default\" target=\"_self\" ><img loading=\"lazy\" decoding=\"async\" width=\"300\" height=\"300\" src=\"https:\/\/asociacionlatinoamericanadeantropologia.net\/portal\/wp-content\/uploads\/2022\/09\/IMAGEN-40A-Mesa-de-dia\u0301logo-congreso-Ecuador-WEB-300x300.jpg\" class=\"pt-cv-thumbnail\" alt=\"\" \/><\/a>\n<h5 class=\"pt-cv-title\"><a href=\"https:\/\/asociacionlatinoamericanadeantropologia.net\/portal\/ala-presente-en-la-33o-rba\/\" class=\"_self\" target=\"_self\" >ALA presente en el IV Congreso Ecuatoriano de Etnobiolog\u00eda<\/a><\/h5>\n<div class=\"pt-cv-content\">La Asociaci\u00f3n Latinoamericana de Antropolog\u00eda (ALA) estuvo presente en el IV Congreso Ecuatoriano de Etnobiolog\u00eda Saberes tradicionales y virtualidad, realizado ...<br \/><div class=\"pt-cv-rmwrap\"><a href=\"https:\/\/asociacionlatinoamericanadeantropologia.net\/portal\/ala-presente-en-la-33o-rba\/\" class=\"_self pt-cv-readmore btn btn-success\" target=\"_self\">Leer M\u00e1s<\/a><\/div><\/div><\/div><\/div>\n<div class=\"col-md-6 col-sm-6 col-xs-12 pt-cv-content-item pt-cv-1-col\" ><div class='pt-cv-ifield'><a href=\"https:\/\/asociacionlatinoamericanadeantropologia.net\/portal\/numero-9-de-la-revista-plural-esta-dedicado-a-la-antropologia-mexicana\/\" class=\"_self pt-cv-href-thumbnail pt-cv-thumb-default\" target=\"_self\" ><img loading=\"lazy\" decoding=\"async\" width=\"231\" height=\"300\" src=\"https:\/\/asociacionlatinoamericanadeantropologia.net\/portal\/wp-content\/uploads\/2022\/09\/Imagen-104-231x300.png\" class=\"pt-cv-thumbnail\" alt=\"\" \/><\/a>\n<h5 class=\"pt-cv-title\"><a href=\"https:\/\/asociacionlatinoamericanadeantropologia.net\/portal\/numero-9-de-la-revista-plural-esta-dedicado-a-la-antropologia-mexicana\/\" class=\"_self\" target=\"_self\" >N\u00famero 9 de la revista Plural contiene el dossier \u00abla antropolog\u00eda mexicana\u00bb<\/a><\/h5>\n<div class=\"pt-cv-content\">El n\u00famero 9 (enero-junio 2022) de la revista Plural, Antropolog\u00edas desde Am\u00e9rica Latina y del Caribe, de la Asociaci\u00f3n Latinoamericana ...<br \/><div class=\"pt-cv-rmwrap\"><a href=\"https:\/\/asociacionlatinoamericanadeantropologia.net\/portal\/numero-9-de-la-revista-plural-esta-dedicado-a-la-antropologia-mexicana\/\" class=\"_self pt-cv-readmore btn btn-success\" target=\"_self\">Leer M\u00e1s<\/a><\/div><\/div><\/div><\/div>\n<div class=\"col-md-6 col-sm-6 col-xs-12 pt-cv-content-item pt-cv-1-col\" ><div class='pt-cv-ifield'><a href=\"https:\/\/asociacionlatinoamericanadeantropologia.net\/portal\/2049-2\/\" class=\"_self pt-cv-href-thumbnail pt-cv-thumb-default\" target=\"_self\" ><img loading=\"lazy\" decoding=\"async\" width=\"279\" height=\"300\" src=\"https:\/\/asociacionlatinoamericanadeantropologia.net\/portal\/wp-content\/uploads\/2022\/09\/Imagen-97-BANNER-WEB-Te-invitamos-a-leer...-Ecuador-III-y-IV-279x300.gif\" class=\"pt-cv-thumbnail\" alt=\"\" \/><\/a>\n<h5 class=\"pt-cv-title\"><a href=\"https:\/\/asociacionlatinoamericanadeantropologia.net\/portal\/2049-2\/\" class=\"_self\" target=\"_self\" >Se editan los vol\u00famenes III y IV de Antropolog\u00edas hechas en Ecuador<\/a><\/h5>\n<div class=\"pt-cv-content\">Desde julio de 2022 se encuentran disponibles los libros Antropolog\u00edas hechas en Ecuador Volumen III. Estudios hist\u00f3ricos y sociales, y ...<br \/><div class=\"pt-cv-rmwrap\"><a href=\"https:\/\/asociacionlatinoamericanadeantropologia.net\/portal\/2049-2\/\" class=\"_self pt-cv-readmore btn btn-success\" target=\"_self\">Leer M\u00e1s<\/a><\/div><\/div><\/div><\/div><\/div><\/div>\n<div class=\" pt-cv-pagination-wrapper\"><ul class=\"pt-cv-pagination pt-cv-ajax pagination\" data-totalpages=\"13\" data-currentpage=\"1\" data-sid=\"7bd6675dzs\" data-unid=\"\" data-isblock=\"\" data-postid=\"\"><li class=\"active\"><a href=\"#\">1<\/a><\/li>\n\t<li ><a class=\"\" href=\"https:\/\/asociacionlatinoamericanadeantropologia.net\/portal\/wp-json\/wp\/v2\/pages\/463\/?_page=2\">2<\/a><\/li>\n\t<li ><a class=\"\" href=\"https:\/\/asociacionlatinoamericanadeantropologia.net\/portal\/wp-json\/wp\/v2\/pages\/463\/?_page=3\">3<\/a><\/li>\n\t<li ><a href=\"#\">&hellip;<\/a><\/li>\n\t<li ><a class=\"\" href=\"https:\/\/asociacionlatinoamericanadeantropologia.net\/portal\/wp-json\/wp\/v2\/pages\/463\/?_page=13\">13<\/a><\/li>\n\t<li ><a class=\" \" href=\"https:\/\/asociacionlatinoamericanadeantropologia.net\/portal\/wp-json\/wp\/v2\/pages\/463\/?_page=2\">&rsaquo;<\/a><\/li>\n\t<\/ul><img loading=\"lazy\" decoding=\"async\" width=\"15\" height=\"15\" class=\"pt-cv-spinner\" alt=\"Cargando...\" src=\"data:image\/gif;base64,R0lGODlhDwAPALMPAMrKygwMDJOTkz09PZWVla+vr3p6euTk5M7OzuXl5TMzMwAAAJmZmWZmZszMzP\/\/\/yH\/C05FVFNDQVBFMi4wAwEAAAAh+QQFCgAPACwAAAAADwAPAAAEQvDJaZaZOIcV8iQK8VRX4iTYoAwZ4iCYoAjZ4RxejhVNoT+mRGP4cyF4Pp0N98sBGIBMEMOotl6YZ3S61Bmbkm4mAgAh+QQFCgAPACwAAAAADQANAAAENPDJSRSZeA418itN8QiK8BiLITVsFiyBBIoYqnoewAD4xPw9iY4XLGYSjkQR4UAUD45DLwIAIfkEBQoADwAsAAAAAA8ACQAABC\/wyVlamTi3nSdgwFNdhEJgTJoNyoB9ISYoQmdjiZPcj7EYCAeCF1gEDo4Dz2eIAAAh+QQFCgAPACwCAAAADQANAAAEM\/DJBxiYeLKdX3IJZT1FU0iIg2RNKx3OkZVnZ98ToRD4MyiDnkAh6BkNC0MvsAj0kMpHBAAh+QQFCgAPACwGAAAACQAPAAAEMDC59KpFDll73HkAA2wVY5KgiK5b0RRoI6MuzG6EQqCDMlSGheEhUAgqgUUAFRySIgAh+QQFCgAPACwCAAIADQANAAAEM\/DJKZNLND\/kkKaHc3xk+QAMYDKsiaqmZCxGVjSFFCxB1vwy2oOgIDxuucxAMTAJFAJNBAAh+QQFCgAPACwAAAYADwAJAAAEMNAs86q1yaWwwv2Ig0jUZx3OYa4XoRAfwADXoAwfo1+CIjyFRuEho60aSNYlOPxEAAAh+QQFCgAPACwAAAIADQANAAAENPA9s4y8+IUVcqaWJ4qEQozSoAzoIyhCK2NFU2SJk0hNnyEOhKR2AzAAj4Pj4GE4W0bkJQIAOw==\" \/><div class=\"clear pt-cv-clear-pagination\"><\/div><\/div><\/div>\n<p><a href=\"#noticias\"><strong>Volver arriba<\/strong><\/a><\/p>\n","protected":false},"excerpt":{"rendered":"<p>\u00daltimas noticias Volver arriba Noticias anteriores Volver arriba<\/p>\n","protected":false},"author":2,"featured_media":0,"parent":0,"menu_order":0,"comment_status":"closed","ping_status":"closed","template":"","meta":{"site-sidebar-layout":"default","site-content-layout":"default","ast-main-header-display":"","ast-hfb-above-header-display":"","ast-hfb-below-header-display":"","ast-hfb-mobile-header-display":"","site-post-title":"","ast-breadcrumbs-content":"","ast-featured-img":"","footer-sml-layout":"","theme-transparent-header-meta":"","adv-header-id-meta":"","stick-header-meta":"","header-above-stick-meta":"","header-main-stick-meta":"","header-below-stick-meta":"","footnotes":""},"categories":[7],"tags":[],"class_list":["post-463","page","type-page","status-publish","hentry","category-ala"],"_links":{"self":[{"href":"https:\/\/asociacionlatinoamericanadeantropologia.net\/portal\/wp-json\/wp\/v2\/pages\/463","targetHints":{"allow":["GET"]}}],"collection":[{"href":"https:\/\/asociacionlatinoamericanadeantropologia.net\/portal\/wp-json\/wp\/v2\/pages"}],"about":[{"href":"https:\/\/asociacionlatinoamericanadeantropologia.net\/portal\/wp-json\/wp\/v2\/types\/page"}],"author":[{"embeddable":true,"href":"https:\/\/asociacionlatinoamericanadeantropologia.net\/portal\/wp-json\/wp\/v2\/users\/2"}],"replies":[{"embeddable":true,"href":"https:\/\/asociacionlatinoamericanadeantropologia.net\/portal\/wp-json\/wp\/v2\/comments?post=463"}],"version-history":[{"count":9,"href":"https:\/\/asociacionlatinoamericanadeantropologia.net\/portal\/wp-json\/wp\/v2\/pages\/463\/revisions"}],"predecessor-version":[{"id":2363,"href":"https:\/\/asociacionlatinoamericanadeantropologia.net\/portal\/wp-json\/wp\/v2\/pages\/463\/revisions\/2363"}],"wp:attachment":[{"href":"https:\/\/asociacionlatinoamericanadeantropologia.net\/portal\/wp-json\/wp\/v2\/media?parent=463"}],"wp:term":[{"taxonomy":"category","embeddable":true,"href":"https:\/\/asociacionlatinoamericanadeantropologia.net\/portal\/wp-json\/wp\/v2\/categories?post=463"},{"taxonomy":"post_tag","embeddable":true,"href":"https:\/\/asociacionlatinoamericanadeantropologia.net\/portal\/wp-json\/wp\/v2\/tags?post=463"}],"curies":[{"name":"wp","href":"https:\/\/api.w.org\/{rel}","templated":true}]}}