{"id":472,"date":"2021-12-10T02:15:41","date_gmt":"2021-12-10T02:15:41","guid":{"rendered":"https:\/\/asociacionlatinoamericanadeantropologia.net\/portal\/?page_id=472"},"modified":"2022-04-13T18:17:03","modified_gmt":"2022-04-13T18:17:03","slug":"suscribete-a-nuestro-boletin","status":"publish","type":"page","link":"https:\/\/asociacionlatinoamericanadeantropologia.net\/portal\/suscribete-a-nuestro-boletin\/","title":{"rendered":"Suscr\u00edbete a nuestro bolet\u00edn"},"content":{"rendered":"<h2><strong>Suscr\u00edbete a nuestro bolet\u00edn<\/strong><\/h2>\n<p>La <strong><span style=\"color: #800000;\">Asociaci\u00f3n Latinoamericana de Antropolog\u00eda<\/span><\/strong> (<span style=\"color: #800000;\"><strong>ALA<\/strong><\/span>) invita a suscribirte al <strong><span style=\"color: #800000;\">Bolet\u00edn Informativo de ALA<\/span><\/strong> para recibir todas las informaciones de la asociaci\u00f3n y de sus trece organizaciones miembros. Puedes hacerlo a trav\u00e9s del siguiente formulario:<\/p>\n<div class=\"tnp tnp-subscription\">\n<form action=\"https:\/\/asociacionlatinoamericanadeantropologia.net\/portal\/?na=s\" method=\"post\"><input name=\"nlang\" type=\"hidden\" value=\"\" \/><\/p>\n<div class=\"tnp-field tnp-field-firstname\"><label for=\"tnp-1\">Nombre o nombre completo<\/label><br \/>\n<input id=\"tnp-1\" class=\"tnp-name\" name=\"nn\" type=\"text\" value=\"\" \/><\/div>\n<div class=\"tnp-field tnp-field-email\"><label for=\"tnp-2\">Email<\/label><br \/>\n<input id=\"tnp-2\" class=\"tnp-email\" name=\"ne\" required=\"\" type=\"email\" value=\"\" \/><\/div>\n<div class=\"tnp-field tnp-privacy-field\"><label><input class=\"tnp-privacy\" name=\"ny\" required=\"\" type=\"checkbox\" \/>\u00a0Si contin\u00faas, aceptas la pol\u00edtica de privacidad<\/label><\/div>\n<div class=\"tnp-field tnp-field-button\"><input class=\"tnp-submit\" type=\"submit\" value=\"Suscribirse\" \/><\/div>\n<\/form>\n<\/div>\n<p><img fetchpriority=\"high\" decoding=\"async\" class=\" size-full wp-image-205\" style=\"display: block; margin-left: auto; margin-right: auto;\" src=\"https:\/\/asociacionlatinoamericanadeantropologia.net\/portal\/wp-content\/uploads\/2019\/05\/Suscribete_al_Boletin_Informativo_de_la_ALA_BR.jpg\" alt=\"Suscr\u00edbete al Bolet\u00edn Informativo de la ALA BR\" width=\"600\" height=\"600\" \/><\/p>\n","protected":false},"excerpt":{"rendered":"<p>Suscr\u00edbete a nuestro bolet\u00edn La Asociaci\u00f3n Latinoamericana de Antropolog\u00eda (ALA) invita a suscribirte al Bolet\u00edn Informativo de ALA para recibir todas las informaciones de la asociaci\u00f3n y de sus trece organizaciones miembros. Puedes hacerlo a trav\u00e9s del siguiente formulario: Nombre o nombre completo Email \u00a0Si contin\u00faas, aceptas la pol\u00edtica de privacidad<\/p>\n","protected":false},"author":2,"featured_media":0,"parent":0,"menu_order":0,"comment_status":"closed","ping_status":"closed","template":"","meta":{"site-sidebar-layout":"default","site-content-layout":"default","ast-main-header-display":"","ast-hfb-above-header-display":"","ast-hfb-below-header-display":"","ast-hfb-mobile-header-display":"","site-post-title":"","ast-breadcrumbs-content":"","ast-featured-img":"","footer-sml-layout":"","theme-transparent-header-meta":"","adv-header-id-meta":"","stick-header-meta":"","header-above-stick-meta":"","header-main-stick-meta":"","header-below-stick-meta":"","footnotes":""},"categories":[],"tags":[],"class_list":["post-472","page","type-page","status-publish","hentry"],"_links":{"self":[{"href":"https:\/\/asociacionlatinoamericanadeantropologia.net\/portal\/wp-json\/wp\/v2\/pages\/472","targetHints":{"allow":["GET"]}}],"collection":[{"href":"https:\/\/asociacionlatinoamericanadeantropologia.net\/portal\/wp-json\/wp\/v2\/pages"}],"about":[{"href":"https:\/\/asociacionlatinoamericanadeantropologia.net\/portal\/wp-json\/wp\/v2\/types\/page"}],"author":[{"embeddable":true,"href":"https:\/\/asociacionlatinoamericanadeantropologia.net\/portal\/wp-json\/wp\/v2\/users\/2"}],"replies":[{"embeddable":true,"href":"https:\/\/asociacionlatinoamericanadeantropologia.net\/portal\/wp-json\/wp\/v2\/comments?post=472"}],"version-history":[{"count":6,"href":"https:\/\/asociacionlatinoamericanadeantropologia.net\/portal\/wp-json\/wp\/v2\/pages\/472\/revisions"}],"predecessor-version":[{"id":1553,"href":"https:\/\/asociacionlatinoamericanadeantropologia.net\/portal\/wp-json\/wp\/v2\/pages\/472\/revisions\/1553"}],"wp:attachment":[{"href":"https:\/\/asociacionlatinoamericanadeantropologia.net\/portal\/wp-json\/wp\/v2\/media?parent=472"}],"wp:term":[{"taxonomy":"category","embeddable":true,"href":"https:\/\/asociacionlatinoamericanadeantropologia.net\/portal\/wp-json\/wp\/v2\/categories?post=472"},{"taxonomy":"post_tag","embeddable":true,"href":"https:\/\/asociacionlatinoamericanadeantropologia.net\/portal\/wp-json\/wp\/v2\/tags?post=472"}],"curies":[{"name":"wp","href":"https:\/\/api.w.org\/{rel}","templated":true}]}}