{"id":489,"date":"2021-12-17T16:08:49","date_gmt":"2021-12-17T16:08:49","guid":{"rendered":"https:\/\/asociacionlatinoamericanadeantropologia.net\/portal\/?page_id=489"},"modified":"2023-01-22T03:25:03","modified_gmt":"2023-01-22T03:25:03","slug":"manifiestos-ala","status":"publish","type":"page","link":"https:\/\/asociacionlatinoamericanadeantropologia.net\/portal\/manifiestos-ala\/","title":{"rendered":"Manifiestos ALA"},"content":{"rendered":"<h2><strong>Manifiestos ALA<\/strong><\/h2>\n<div class=\"pt-cv-wrapper\"><div class=\"pt-cv-view pt-cv-grid pt-cv-colsys\" id=\"pt-cv-view-8f102c3x06\"><div data-id=\"pt-cv-page-1\" class=\"pt-cv-page\" data-cvc=\"2\"><div class=\"col-md-6 col-sm-6 col-xs-12 pt-cv-content-item pt-cv-1-col\" ><div class='pt-cv-ifield'><a href=\"https:\/\/asociacionlatinoamericanadeantropologia.net\/portal\/2026\/01\/03\/rechazo-al-ataque-armado-del-gobierno-de-los-estados-unidos-contra-la-soberania-y-el-pueblo-de-venezuela\/\" class=\"_self pt-cv-href-thumbnail pt-cv-thumb-default\" target=\"_self\" ><img fetchpriority=\"high\" decoding=\"async\" width=\"300\" height=\"300\" src=\"https:\/\/asociacionlatinoamericanadeantropologia.net\/portal\/wp-content\/uploads\/2026\/01\/Rechazo-ataque-armado-USA-a-VNZL.jpg\" class=\"pt-cv-thumbnail\" alt=\"\" srcset=\"https:\/\/asociacionlatinoamericanadeantropologia.net\/portal\/wp-content\/uploads\/2026\/01\/Rechazo-ataque-armado-USA-a-VNZL.jpg 300w, https:\/\/asociacionlatinoamericanadeantropologia.net\/portal\/wp-content\/uploads\/2026\/01\/Rechazo-ataque-armado-USA-a-VNZL-150x150.jpg 150w\" sizes=\"(max-width: 300px) 100vw, 300px\" \/><\/a>\n<h4 class=\"pt-cv-title\"><a href=\"https:\/\/asociacionlatinoamericanadeantropologia.net\/portal\/2026\/01\/03\/rechazo-al-ataque-armado-del-gobierno-de-los-estados-unidos-contra-la-soberania-y-el-pueblo-de-venezuela\/\" class=\"_self\" target=\"_self\" >Rechazo al ataque armado del gobierno de los Estados Unidos contra la soberan\u00eda y el pueblo de Venezuela<\/a><\/h4>\n<div class=\"pt-cv-content\">Desde ALA Asociaci\u00f3n Latinoamericana de Antropolog\u00eda rechazamos el ataque armado perpetrado hoy, 3 de enero de 2026, por el gobierno ...<br \/><div class=\"pt-cv-rmwrap\"><a href=\"https:\/\/asociacionlatinoamericanadeantropologia.net\/portal\/2026\/01\/03\/rechazo-al-ataque-armado-del-gobierno-de-los-estados-unidos-contra-la-soberania-y-el-pueblo-de-venezuela\/\" class=\"_self pt-cv-readmore btn btn-success\" target=\"_self\">Leer M\u00e1s<\/a><\/div><\/div><\/div><\/div>\n<div class=\"col-md-6 col-sm-6 col-xs-12 pt-cv-content-item pt-cv-1-col\" ><div class='pt-cv-ifield'><a href=\"https:\/\/asociacionlatinoamericanadeantropologia.net\/portal\/2024\/09\/25\/declaracion-de-apoyo-al-pueblo-palestino\/\" class=\"_self pt-cv-href-thumbnail pt-cv-thumb-default\" target=\"_self\" ><\/a>\n<h4 class=\"pt-cv-title\"><a href=\"https:\/\/asociacionlatinoamericanadeantropologia.net\/portal\/2024\/09\/25\/declaracion-de-apoyo-al-pueblo-palestino\/\" class=\"_self\" target=\"_self\" >Declaraci\u00f3n de apoyo al pueblo Palestino<\/a><\/h4>\n<div class=\"pt-cv-content\">Desde ALA adherimos a la Declaraci\u00f3n de apoyo al pueblo Palestino y pedido del cese del fuego y del genocidio ...<br \/><div class=\"pt-cv-rmwrap\"><a href=\"https:\/\/asociacionlatinoamericanadeantropologia.net\/portal\/2024\/09\/25\/declaracion-de-apoyo-al-pueblo-palestino\/\" class=\"_self pt-cv-readmore btn btn-success\" target=\"_self\">Leer M\u00e1s<\/a><\/div><\/div><\/div><\/div>\n<div class=\"col-md-6 col-sm-6 col-xs-12 pt-cv-content-item pt-cv-1-col\" ><div class='pt-cv-ifield'><a href=\"https:\/\/asociacionlatinoamericanadeantropologia.net\/portal\/2024\/05\/10\/la-asamblea-ala-apoyo-un-documento-sobre-la-situacion-atravesada-por-la-ciudad-de-rosario\/\" class=\"_self pt-cv-href-thumbnail pt-cv-thumb-default\" target=\"_self\" ><img decoding=\"async\" width=\"300\" height=\"300\" src=\"https:\/\/asociacionlatinoamericanadeantropologia.net\/portal\/wp-content\/uploads\/2024\/05\/Asamblea-ALA-por-Rosario-BLOG.jpg\" class=\"pt-cv-thumbnail\" alt=\"\" srcset=\"https:\/\/asociacionlatinoamericanadeantropologia.net\/portal\/wp-content\/uploads\/2024\/05\/Asamblea-ALA-por-Rosario-BLOG.jpg 300w, https:\/\/asociacionlatinoamericanadeantropologia.net\/portal\/wp-content\/uploads\/2024\/05\/Asamblea-ALA-por-Rosario-BLOG-150x150.jpg 150w\" sizes=\"(max-width: 300px) 100vw, 300px\" \/><\/a>\n<h4 class=\"pt-cv-title\"><a href=\"https:\/\/asociacionlatinoamericanadeantropologia.net\/portal\/2024\/05\/10\/la-asamblea-ala-apoyo-un-documento-sobre-la-situacion-atravesada-por-la-ciudad-de-rosario\/\" class=\"_self\" target=\"_self\" >La Asamblea ALA apoy\u00f3 un documento sobre la situaci\u00f3n atravesada por la ciudad de Rosario<\/a><\/h4>\n<div class=\"pt-cv-content\">La Asamblea de ALA del 14 de marzo adhiri\u00f3 y apoy\u00f3 un documento sobre la situaci\u00f3n atravesada por la ciudad ...<br \/><div class=\"pt-cv-rmwrap\"><a href=\"https:\/\/asociacionlatinoamericanadeantropologia.net\/portal\/2024\/05\/10\/la-asamblea-ala-apoyo-un-documento-sobre-la-situacion-atravesada-por-la-ciudad-de-rosario\/\" class=\"_self pt-cv-readmore btn btn-success\" target=\"_self\">Leer M\u00e1s<\/a><\/div><\/div><\/div><\/div>\n<div class=\"col-md-6 col-sm-6 col-xs-12 pt-cv-content-item pt-cv-1-col\" ><div class='pt-cv-ifield'><a href=\"https:\/\/asociacionlatinoamericanadeantropologia.net\/portal\/2024\/01\/10\/comunicado-ala-por-ecuador\/\" class=\"_self pt-cv-href-thumbnail pt-cv-thumb-default\" target=\"_self\" ><img decoding=\"async\" width=\"212\" height=\"300\" src=\"https:\/\/asociacionlatinoamericanadeantropologia.net\/portal\/wp-content\/uploads\/2024\/01\/Comunicado-por-Ecuador-BLOG-nuevo.jpg\" class=\"pt-cv-thumbnail\" alt=\"\" \/><\/a>\n<h4 class=\"pt-cv-title\"><a href=\"https:\/\/asociacionlatinoamericanadeantropologia.net\/portal\/2024\/01\/10\/comunicado-ala-por-ecuador\/\" class=\"_self\" target=\"_self\" >Comunicado ALA por Ecuador<\/a><\/h4>\n<div class=\"pt-cv-content\">Ayer 9 de enero, pudimos ver en medios de comunicaci\u00f3n y redes sociales hechos grav\u00edsimos, tanto para la poblaci\u00f3n como ...<br \/><div class=\"pt-cv-rmwrap\"><a href=\"https:\/\/asociacionlatinoamericanadeantropologia.net\/portal\/2024\/01\/10\/comunicado-ala-por-ecuador\/\" class=\"_self pt-cv-readmore btn btn-success\" target=\"_self\">Leer M\u00e1s<\/a><\/div><\/div><\/div><\/div>\n<div class=\"col-md-6 col-sm-6 col-xs-12 pt-cv-content-item pt-cv-1-col\" ><div class='pt-cv-ifield'><a href=\"https:\/\/asociacionlatinoamericanadeantropologia.net\/portal\/2023\/12\/21\/ala-se-manifiesta-por-argentina\/\" class=\"_self pt-cv-href-thumbnail pt-cv-thumb-default\" target=\"_self\" ><img loading=\"lazy\" decoding=\"async\" width=\"212\" height=\"300\" src=\"https:\/\/asociacionlatinoamericanadeantropologia.net\/portal\/wp-content\/uploads\/2023\/12\/Posicionamiento-ALA-Argentina-BLOG-212x300.jpg\" class=\"pt-cv-thumbnail\" alt=\"\" srcset=\"https:\/\/asociacionlatinoamericanadeantropologia.net\/portal\/wp-content\/uploads\/2023\/12\/Posicionamiento-ALA-Argentina-BLOG-212x300.jpg 212w, https:\/\/asociacionlatinoamericanadeantropologia.net\/portal\/wp-content\/uploads\/2023\/12\/Posicionamiento-ALA-Argentina-BLOG.jpg 300w\" sizes=\"(max-width: 212px) 100vw, 212px\" \/><\/a>\n<h4 class=\"pt-cv-title\"><a href=\"https:\/\/asociacionlatinoamericanadeantropologia.net\/portal\/2023\/12\/21\/ala-se-manifiesta-por-argentina\/\" class=\"_self\" target=\"_self\" >ALA se manifiesta por Argentina<\/a><\/h4>\n<div class=\"pt-cv-content\">COMUNICADO ALA La Rep\u00fablica Argentina eligi\u00f3 a trav\u00e9s del sufragio democr\u00e1tico nuevo presidente y vicepresidenta el 19 de noviembre de ...<br \/><div class=\"pt-cv-rmwrap\"><a href=\"https:\/\/asociacionlatinoamericanadeantropologia.net\/portal\/2023\/12\/21\/ala-se-manifiesta-por-argentina\/\" class=\"_self pt-cv-readmore btn btn-success\" target=\"_self\">Leer M\u00e1s<\/a><\/div><\/div><\/div><\/div>\n<div class=\"col-md-6 col-sm-6 col-xs-12 pt-cv-content-item pt-cv-1-col\" ><div class='pt-cv-ifield'><a href=\"https:\/\/asociacionlatinoamericanadeantropologia.net\/portal\/2023\/12\/01\/comunicado-ala\/\" class=\"_self pt-cv-href-thumbnail pt-cv-thumb-default\" target=\"_self\" ><img loading=\"lazy\" decoding=\"async\" width=\"214\" height=\"300\" src=\"https:\/\/asociacionlatinoamericanadeantropologia.net\/portal\/wp-content\/uploads\/2023\/12\/Outside-214x300.jpg\" class=\"pt-cv-thumbnail\" alt=\"\" srcset=\"https:\/\/asociacionlatinoamericanadeantropologia.net\/portal\/wp-content\/uploads\/2023\/12\/Outside-214x300.jpg 214w, https:\/\/asociacionlatinoamericanadeantropologia.net\/portal\/wp-content\/uploads\/2023\/12\/Outside.jpg 300w\" sizes=\"(max-width: 214px) 100vw, 214px\" \/><\/a>\n<h4 class=\"pt-cv-title\"><a href=\"https:\/\/asociacionlatinoamericanadeantropologia.net\/portal\/2023\/12\/01\/comunicado-ala\/\" class=\"_self\" target=\"_self\" >Comunicado ALA por Guatemala<\/a><\/h4>\n<div class=\"pt-cv-content\">Ante los hechos ocurridos en Guatemala desde la Asociaci\u00f3n Latinoamericana de Antropolog\u00eda condenamos y rechazamos la criminalizaci\u00f3n, persecuci\u00f3n penal y ...<br \/><div class=\"pt-cv-rmwrap\"><a href=\"https:\/\/asociacionlatinoamericanadeantropologia.net\/portal\/2023\/12\/01\/comunicado-ala\/\" class=\"_self pt-cv-readmore btn btn-success\" target=\"_self\">Leer M\u00e1s<\/a><\/div><\/div><\/div><\/div><\/div><\/div>\n<div class=\" pt-cv-pagination-wrapper\"><ul class=\"pt-cv-pagination pt-cv-ajax pagination\" data-totalpages=\"2\" data-currentpage=\"1\" data-sid=\"8f102c3x06\" data-unid=\"\" data-isblock=\"\" data-postid=\"\"><li class=\"active\"><a href=\"#\">1<\/a><\/li>\n\t<li ><a class=\"\" href=\"https:\/\/asociacionlatinoamericanadeantropologia.net\/portal\/wp-json\/wp\/v2\/pages\/489\/?_page=2\">2<\/a><\/li>\n\t<li ><a class=\" \" href=\"https:\/\/asociacionlatinoamericanadeantropologia.net\/portal\/wp-json\/wp\/v2\/pages\/489\/?_page=2\">&rsaquo;<\/a><\/li>\n\t<\/ul><img loading=\"lazy\" decoding=\"async\" width=\"15\" height=\"15\" class=\"pt-cv-spinner\" alt=\"Cargando...\" src=\"data:image\/gif;base64,R0lGODlhDwAPALMPAMrKygwMDJOTkz09PZWVla+vr3p6euTk5M7OzuXl5TMzMwAAAJmZmWZmZszMzP\/\/\/yH\/C05FVFNDQVBFMi4wAwEAAAAh+QQFCgAPACwAAAAADwAPAAAEQvDJaZaZOIcV8iQK8VRX4iTYoAwZ4iCYoAjZ4RxejhVNoT+mRGP4cyF4Pp0N98sBGIBMEMOotl6YZ3S61Bmbkm4mAgAh+QQFCgAPACwAAAAADQANAAAENPDJSRSZeA418itN8QiK8BiLITVsFiyBBIoYqnoewAD4xPw9iY4XLGYSjkQR4UAUD45DLwIAIfkEBQoADwAsAAAAAA8ACQAABC\/wyVlamTi3nSdgwFNdhEJgTJoNyoB9ISYoQmdjiZPcj7EYCAeCF1gEDo4Dz2eIAAAh+QQFCgAPACwCAAAADQANAAAEM\/DJBxiYeLKdX3IJZT1FU0iIg2RNKx3OkZVnZ98ToRD4MyiDnkAh6BkNC0MvsAj0kMpHBAAh+QQFCgAPACwGAAAACQAPAAAEMDC59KpFDll73HkAA2wVY5KgiK5b0RRoI6MuzG6EQqCDMlSGheEhUAgqgUUAFRySIgAh+QQFCgAPACwCAAIADQANAAAEM\/DJKZNLND\/kkKaHc3xk+QAMYDKsiaqmZCxGVjSFFCxB1vwy2oOgIDxuucxAMTAJFAJNBAAh+QQFCgAPACwAAAYADwAJAAAEMNAs86q1yaWwwv2Ig0jUZx3OYa4XoRAfwADXoAwfo1+CIjyFRuEho60aSNYlOPxEAAAh+QQFCgAPACwAAAIADQANAAAENPA9s4y8+IUVcqaWJ4qEQozSoAzoIyhCK2NFU2SJk0hNnyEOhKR2AzAAj4Pj4GE4W0bkJQIAOw==\" \/><div class=\"clear pt-cv-clear-pagination\"><\/div><\/div><\/div>\n<div class=\"pt-cv-wrapper\"><div class=\"pt-cv-view pt-cv-grid pt-cv-colsys\" id=\"pt-cv-view-5e21df9rgt\"><div data-id=\"pt-cv-page-1\" class=\"pt-cv-page\" data-cvc=\"2\"><div class=\"col-md-6 col-sm-6 col-xs-12 pt-cv-content-item pt-cv-1-col\" ><div class='pt-cv-ifield'><a href=\"https:\/\/asociacionlatinoamericanadeantropologia.net\/portal\/posicionamiento-de-la-comision-directiva-de-ala-2020-2023-sobre-violencia-de-genero\/\" class=\"_self pt-cv-href-thumbnail pt-cv-thumb-default\" target=\"_self\" ><img loading=\"lazy\" decoding=\"async\" width=\"300\" height=\"300\" src=\"https:\/\/asociacionlatinoamericanadeantropologia.net\/portal\/wp-content\/uploads\/2022\/03\/Banner_1-300x300.jpg\" class=\"pt-cv-thumbnail\" alt=\"\" srcset=\"https:\/\/asociacionlatinoamericanadeantropologia.net\/portal\/wp-content\/uploads\/2022\/03\/Banner_1-300x300.jpg 300w, https:\/\/asociacionlatinoamericanadeantropologia.net\/portal\/wp-content\/uploads\/2022\/03\/Banner_1-150x150.jpg 150w, https:\/\/asociacionlatinoamericanadeantropologia.net\/portal\/wp-content\/uploads\/2022\/03\/Banner_1.jpg 630w\" sizes=\"(max-width: 300px) 100vw, 300px\" \/><\/a>\n<h4 class=\"pt-cv-title\"><a href=\"https:\/\/asociacionlatinoamericanadeantropologia.net\/portal\/posicionamiento-de-la-comision-directiva-de-ala-2020-2023-sobre-violencia-de-genero\/\" class=\"_self\" target=\"_self\" >Posicionamiento de la Comisi\u00f3n Directiva de ALA 2020-2023 sobre violencia de g\u00e9nero<\/a><\/h4>\n<div class=\"pt-cv-content\">22 de octubre de 2021 El d\u00eda de ayer, 20 de octubre de 2021, en el marco del\u00a0XIII Congreso Centroamericano ...<br \/><div class=\"pt-cv-rmwrap\"><a href=\"https:\/\/asociacionlatinoamericanadeantropologia.net\/portal\/posicionamiento-de-la-comision-directiva-de-ala-2020-2023-sobre-violencia-de-genero\/\" class=\"_self pt-cv-readmore btn btn-success\" target=\"_self\">Leer M\u00e1s<\/a><\/div><\/div><\/div><\/div>\n<div class=\"col-md-6 col-sm-6 col-xs-12 pt-cv-content-item pt-cv-1-col\" ><div class='pt-cv-ifield'><a href=\"https:\/\/asociacionlatinoamericanadeantropologia.net\/portal\/comunicado-ala-por-ataques-aberrante-a-migrantes-haitianos-y-venezolanos\/\" class=\"_self pt-cv-href-thumbnail pt-cv-thumb-default\" target=\"_self\" ><img loading=\"lazy\" decoding=\"async\" width=\"263\" height=\"300\" src=\"https:\/\/asociacionlatinoamericanadeantropologia.net\/portal\/wp-content\/uploads\/2021\/10\/Comunicado_ALA_haitianos_y_venezolanos-263x300.jpg\" class=\"pt-cv-thumbnail\" alt=\"Comunicado ALA haitianos y venezolanos\" srcset=\"https:\/\/asociacionlatinoamericanadeantropologia.net\/portal\/wp-content\/uploads\/2021\/10\/Comunicado_ALA_haitianos_y_venezolanos-263x300.jpg 263w, https:\/\/asociacionlatinoamericanadeantropologia.net\/portal\/wp-content\/uploads\/2021\/10\/Comunicado_ALA_haitianos_y_venezolanos-768x877.jpg 768w, https:\/\/asociacionlatinoamericanadeantropologia.net\/portal\/wp-content\/uploads\/2021\/10\/Comunicado_ALA_haitianos_y_venezolanos-896x1024.jpg 896w, https:\/\/asociacionlatinoamericanadeantropologia.net\/portal\/wp-content\/uploads\/2021\/10\/Comunicado_ALA_haitianos_y_venezolanos.jpg 1299w\" sizes=\"(max-width: 263px) 100vw, 263px\" \/><\/a>\n<h4 class=\"pt-cv-title\"><a href=\"https:\/\/asociacionlatinoamericanadeantropologia.net\/portal\/comunicado-ala-por-ataques-aberrante-a-migrantes-haitianos-y-venezolanos\/\" class=\"_self\" target=\"_self\" >Comunicado ALA por ataques aberrantes a migrantes haitianos y venezolanos<\/a><\/h4>\n<div class=\"pt-cv-content\">Comunicado ALA Viernes 1\u00ba de octubre 2021 En estos \u00faltimos d\u00edas hemos sido testigos de ataques aberrantes contra migrantes haitianos ...<br \/><div class=\"pt-cv-rmwrap\"><a href=\"https:\/\/asociacionlatinoamericanadeantropologia.net\/portal\/comunicado-ala-por-ataques-aberrante-a-migrantes-haitianos-y-venezolanos\/\" class=\"_self pt-cv-readmore btn btn-success\" target=\"_self\">Leer M\u00e1s<\/a><\/div><\/div><\/div><\/div>\n<div class=\"col-md-6 col-sm-6 col-xs-12 pt-cv-content-item pt-cv-1-col\" ><div class='pt-cv-ifield'><a href=\"https:\/\/asociacionlatinoamericanadeantropologia.net\/portal\/ala-manifiesta-preocupacion-por-haiti\/\" class=\"_self pt-cv-href-thumbnail pt-cv-thumb-default\" target=\"_self\" ><img loading=\"lazy\" decoding=\"async\" width=\"232\" height=\"300\" src=\"https:\/\/asociacionlatinoamericanadeantropologia.net\/portal\/wp-content\/uploads\/2021\/07\/ALA_preocupacion_x_Haiti-232x300.jpg\" class=\"pt-cv-thumbnail\" alt=\"ALA preocupacion x Haiti\" srcset=\"https:\/\/asociacionlatinoamericanadeantropologia.net\/portal\/wp-content\/uploads\/2021\/07\/ALA_preocupacion_x_Haiti-232x300.jpg 232w, https:\/\/asociacionlatinoamericanadeantropologia.net\/portal\/wp-content\/uploads\/2021\/07\/ALA_preocupacion_x_Haiti-768x994.jpg 768w, https:\/\/asociacionlatinoamericanadeantropologia.net\/portal\/wp-content\/uploads\/2021\/07\/ALA_preocupacion_x_Haiti-791x1024.jpg 791w, https:\/\/asociacionlatinoamericanadeantropologia.net\/portal\/wp-content\/uploads\/2021\/07\/ALA_preocupacion_x_Haiti.jpg 1530w\" sizes=\"(max-width: 232px) 100vw, 232px\" \/><\/a>\n<h4 class=\"pt-cv-title\"><a href=\"https:\/\/asociacionlatinoamericanadeantropologia.net\/portal\/ala-manifiesta-preocupacion-por-haiti\/\" class=\"_self\" target=\"_self\" >ALA manifiesta preocupaci\u00f3n por Hait\u00ed<\/a><\/h4>\n<div class=\"pt-cv-content\">8 de julio 2021 Eric Wolf dijo sobre el Caribe que es \u201ceminentemente un \u00e1rea del mundo en la cual ...<br \/><div class=\"pt-cv-rmwrap\"><a href=\"https:\/\/asociacionlatinoamericanadeantropologia.net\/portal\/ala-manifiesta-preocupacion-por-haiti\/\" class=\"_self pt-cv-readmore btn btn-success\" target=\"_self\">Leer M\u00e1s<\/a><\/div><\/div><\/div><\/div>\n<div class=\"col-md-6 col-sm-6 col-xs-12 pt-cv-content-item pt-cv-1-col\" ><div class='pt-cv-ifield'><a href=\"https:\/\/asociacionlatinoamericanadeantropologia.net\/portal\/comunicado-ala-en-solidaridad-con-university-of-cape-town-utc\/\" class=\"_self pt-cv-href-thumbnail pt-cv-thumb-default\" target=\"_self\" ><\/a>\n<h4 class=\"pt-cv-title\"><a href=\"https:\/\/asociacionlatinoamericanadeantropologia.net\/portal\/comunicado-ala-en-solidaridad-con-university-of-cape-town-utc\/\" class=\"_self\" target=\"_self\" >Comunicado ALA en solidaridad con University of Cape Town (UTC)<\/a><\/h4>\n<div class=\"pt-cv-content\">It is with great sorrow that we receive the news of the fire at the University of Cape Town (UTC), ...<br \/><div class=\"pt-cv-rmwrap\"><a href=\"https:\/\/asociacionlatinoamericanadeantropologia.net\/portal\/comunicado-ala-en-solidaridad-con-university-of-cape-town-utc\/\" class=\"_self pt-cv-readmore btn btn-success\" target=\"_self\">Leer M\u00e1s<\/a><\/div><\/div><\/div><\/div>\n<div class=\"col-md-6 col-sm-6 col-xs-12 pt-cv-content-item pt-cv-1-col\" ><div class='pt-cv-ifield'><a href=\"https:\/\/asociacionlatinoamericanadeantropologia.net\/portal\/apoyo-a-aba\/\" class=\"_self pt-cv-href-thumbnail pt-cv-thumb-default\" target=\"_self\" ><\/a>\n<h4 class=\"pt-cv-title\"><a href=\"https:\/\/asociacionlatinoamericanadeantropologia.net\/portal\/apoyo-a-aba\/\" class=\"_self\" target=\"_self\" >Apoyo a ABA<\/a><\/h4>\n<div class=\"pt-cv-content\">Desde la Asociaci\u00f3n Latinoamericana de Antropolog\u00eda apoyamos el Of\u00edcio n\u00ba 028\/ABA, de 22\/12\/2020, da Mo\u00e7\u00e3o Diversificar a (in)forma\u00e7ao sobre as ...<br \/><div class=\"pt-cv-rmwrap\"><a href=\"https:\/\/asociacionlatinoamericanadeantropologia.net\/portal\/apoyo-a-aba\/\" class=\"_self pt-cv-readmore btn btn-success\" target=\"_self\">Leer M\u00e1s<\/a><\/div><\/div><\/div><\/div>\n<div class=\"col-md-6 col-sm-6 col-xs-12 pt-cv-content-item pt-cv-1-col\" ><div class='pt-cv-ifield'><a href=\"https:\/\/asociacionlatinoamericanadeantropologia.net\/portal\/comunicado-sobre-colombia\/\" class=\"_self pt-cv-href-thumbnail pt-cv-thumb-default\" target=\"_self\" ><\/a>\n<h4 class=\"pt-cv-title\"><a href=\"https:\/\/asociacionlatinoamericanadeantropologia.net\/portal\/comunicado-sobre-colombia\/\" class=\"_self\" target=\"_self\" >Comunicado de la Asociaci\u00f3n Latinoamericana de Antropolog\u00eda (ALA) sobre los actuales hechos vividos en Colombia<\/a><\/h4>\n<div class=\"pt-cv-content\">Desde la Asociaci\u00f3n Latinoamericana de Antropolog\u00eda apoyamos el Paro Nacional y las movilizaciones sociales que se est\u00e1n dando en la ...<br \/><div class=\"pt-cv-rmwrap\"><a href=\"https:\/\/asociacionlatinoamericanadeantropologia.net\/portal\/comunicado-sobre-colombia\/\" class=\"_self pt-cv-readmore btn btn-success\" target=\"_self\">Leer M\u00e1s<\/a><\/div><\/div><\/div><\/div><\/div><\/div>\n<div class=\" pt-cv-pagination-wrapper\"><ul class=\"pt-cv-pagination pt-cv-ajax pagination\" data-totalpages=\"2\" data-currentpage=\"1\" data-sid=\"5e21df9rgt\" data-unid=\"\" data-isblock=\"\" data-postid=\"\"><li class=\"active\"><a href=\"#\">1<\/a><\/li>\n\t<li ><a class=\"\" href=\"https:\/\/asociacionlatinoamericanadeantropologia.net\/portal\/wp-json\/wp\/v2\/pages\/489\/?_page=2\">2<\/a><\/li>\n\t<li ><a class=\" \" href=\"https:\/\/asociacionlatinoamericanadeantropologia.net\/portal\/wp-json\/wp\/v2\/pages\/489\/?_page=2\">&rsaquo;<\/a><\/li>\n\t<\/ul><img loading=\"lazy\" decoding=\"async\" width=\"15\" height=\"15\" class=\"pt-cv-spinner\" alt=\"Cargando...\" src=\"data:image\/gif;base64,R0lGODlhDwAPALMPAMrKygwMDJOTkz09PZWVla+vr3p6euTk5M7OzuXl5TMzMwAAAJmZmWZmZszMzP\/\/\/yH\/C05FVFNDQVBFMi4wAwEAAAAh+QQFCgAPACwAAAAADwAPAAAEQvDJaZaZOIcV8iQK8VRX4iTYoAwZ4iCYoAjZ4RxejhVNoT+mRGP4cyF4Pp0N98sBGIBMEMOotl6YZ3S61Bmbkm4mAgAh+QQFCgAPACwAAAAADQANAAAENPDJSRSZeA418itN8QiK8BiLITVsFiyBBIoYqnoewAD4xPw9iY4XLGYSjkQR4UAUD45DLwIAIfkEBQoADwAsAAAAAA8ACQAABC\/wyVlamTi3nSdgwFNdhEJgTJoNyoB9ISYoQmdjiZPcj7EYCAeCF1gEDo4Dz2eIAAAh+QQFCgAPACwCAAAADQANAAAEM\/DJBxiYeLKdX3IJZT1FU0iIg2RNKx3OkZVnZ98ToRD4MyiDnkAh6BkNC0MvsAj0kMpHBAAh+QQFCgAPACwGAAAACQAPAAAEMDC59KpFDll73HkAA2wVY5KgiK5b0RRoI6MuzG6EQqCDMlSGheEhUAgqgUUAFRySIgAh+QQFCgAPACwCAAIADQANAAAEM\/DJKZNLND\/kkKaHc3xk+QAMYDKsiaqmZCxGVjSFFCxB1vwy2oOgIDxuucxAMTAJFAJNBAAh+QQFCgAPACwAAAYADwAJAAAEMNAs86q1yaWwwv2Ig0jUZx3OYa4XoRAfwADXoAwfo1+CIjyFRuEho60aSNYlOPxEAAAh+QQFCgAPACwAAAIADQANAAAENPA9s4y8+IUVcqaWJ4qEQozSoAzoIyhCK2NFU2SJk0hNnyEOhKR2AzAAj4Pj4GE4W0bkJQIAOw==\" \/><div class=\"clear pt-cv-clear-pagination\"><\/div><\/div><\/div>\n","protected":false},"excerpt":{"rendered":"<p>Manifiestos ALA<\/p>\n","protected":false},"author":2,"featured_media":0,"parent":0,"menu_order":0,"comment_status":"closed","ping_status":"closed","template":"","meta":{"site-sidebar-layout":"default","site-content-layout":"default","ast-main-header-display":"","ast-hfb-above-header-display":"","ast-hfb-below-header-display":"","ast-hfb-mobile-header-display":"","site-post-title":"","ast-breadcrumbs-content":"","ast-featured-img":"","footer-sml-layout":"","theme-transparent-header-meta":"","adv-header-id-meta":"","stick-header-meta":"","header-above-stick-meta":"","header-main-stick-meta":"","header-below-stick-meta":"","footnotes":""},"categories":[],"tags":[],"class_list":["post-489","page","type-page","status-publish","hentry"],"_links":{"self":[{"href":"https:\/\/asociacionlatinoamericanadeantropologia.net\/portal\/wp-json\/wp\/v2\/pages\/489","targetHints":{"allow":["GET"]}}],"collection":[{"href":"https:\/\/asociacionlatinoamericanadeantropologia.net\/portal\/wp-json\/wp\/v2\/pages"}],"about":[{"href":"https:\/\/asociacionlatinoamericanadeantropologia.net\/portal\/wp-json\/wp\/v2\/types\/page"}],"author":[{"embeddable":true,"href":"https:\/\/asociacionlatinoamericanadeantropologia.net\/portal\/wp-json\/wp\/v2\/users\/2"}],"replies":[{"embeddable":true,"href":"https:\/\/asociacionlatinoamericanadeantropologia.net\/portal\/wp-json\/wp\/v2\/comments?post=489"}],"version-history":[{"count":5,"href":"https:\/\/asociacionlatinoamericanadeantropologia.net\/portal\/wp-json\/wp\/v2\/pages\/489\/revisions"}],"predecessor-version":[{"id":2334,"href":"https:\/\/asociacionlatinoamericanadeantropologia.net\/portal\/wp-json\/wp\/v2\/pages\/489\/revisions\/2334"}],"wp:attachment":[{"href":"https:\/\/asociacionlatinoamericanadeantropologia.net\/portal\/wp-json\/wp\/v2\/media?parent=489"}],"wp:term":[{"taxonomy":"category","embeddable":true,"href":"https:\/\/asociacionlatinoamericanadeantropologia.net\/portal\/wp-json\/wp\/v2\/categories?post=489"},{"taxonomy":"post_tag","embeddable":true,"href":"https:\/\/asociacionlatinoamericanadeantropologia.net\/portal\/wp-json\/wp\/v2\/tags?post=489"}],"curies":[{"name":"wp","href":"https:\/\/api.w.org\/{rel}","templated":true}]}}