{"id":507,"date":"2021-12-17T18:15:50","date_gmt":"2021-12-17T18:15:50","guid":{"rendered":"https:\/\/asociacionlatinoamericanadeantropologia.net\/portal\/?page_id=507"},"modified":"2024-01-09T21:26:11","modified_gmt":"2024-01-09T21:26:11","slug":"congresos","status":"publish","type":"page","link":"https:\/\/asociacionlatinoamericanadeantropologia.net\/portal\/congresos\/","title":{"rendered":"Congresos"},"content":{"rendered":"<h2><strong>Congresos ALA<\/strong><\/h2>\n<p>I ALA \u201c<a href=\"http:\/\/catalogo.filo.uba.ar\/cgi-bin\/koha\/opac-detail.pl?biblionumber=296785\" target=\"_blank\" rel=\"noopener\">1er. Congreso Latinoamericano de Antropolog\u00eda<\/a>\u201d. 11 al 15 de julio de 2005. Rosario, Argentina.<br \/>\nII ALA \u201c<a href=\"https:\/\/www.ucr.ac.cr\/sitios\/ii-congreso-latinoamericano-de-antropologia.html\" target=\"_blank\" rel=\"noopener\">Antropolog\u00edas Latinoamericanas gestando un nuevo futuro<\/a>\u201d. 28 al 31 de julio de 2008. San Jos\u00e9 de Costa Rica. Costa Rica.<br \/>\nIII ALA \u201c<a href=\"http:\/\/www.uchile.cl\/agenda\/85384\/tercer-congreso-latinoamericano-de-antropologia\" target=\"_blank\" rel=\"noopener\">Antropolog\u00edas en Movimiento. Ideas desde un sur contempor\u00e1neo<\/a>\u201d. 5 al 8 de noviembre de 2012. Santiago de Chile y Temuco. Chile.<br \/>\nIV ALA \u201c<a href=\"http:\/\/www.nacionmulticultural.unam.mx\/portal\/nuestros_foros_ponencias\/151007_IV_congreso_latinoamericano_antropologia.html\" target=\"_blank\" rel=\"noopener\">Las antropolog\u00edas latinoamericanas frente a un mundo en transici\u00f3n<\/a>\u201d. 7 al 10 de octubre de 2015. Ciudad de M\u00e9xico. M\u00e9xico.<br \/>\nV ALA. \u201c<a href=\"http:\/\/www.asociacionlatinoamericanadeantropologia.net\/congreso2017\/\" target=\"_blank\" rel=\"noopener\">Pol\u00edticas de los conocimientos y las pr\u00e1cticas antropol\u00f3gicas en Am\u00e9rica Latina y el Caribe<\/a>\u201d. 6 al 9 junio de 2017. Bogot\u00e1. Colombia.<br \/>\nVI ALA. \u201c<a href=\"https:\/\/asociacionlatinoamericanadeantropologia.net\/portal\/wp-content\/uploads\/2023\/07\/INFORME-VI-CONGRESO-ALA.pdf\" target=\"_blank\" rel=\"noopener\">Desaf\u00edos emergentes: antropolog\u00edas desde Am\u00e9rica Latina y el Caribe<\/a>\u201d. Montevideo, Uruguay. 23 al 28 de noviembre de 2020.<br \/>\nVII ALA. \u201c<a href=\"https:\/\/alacongresos.net\/\" target=\"_blank\" rel=\"noopener\">Las antropolog\u00edas hechas en Am\u00e9rica Latina y el Caribe en contextos urgentes: violencias, privilegios y desigualdad<\/a>\u201d. Rosario, Argentina. 11 al 15 de marzo 2024.<\/p>\n<p>Las p\u00e1ginas web citadas del I, II, III y IV ALA no son las oficiales, sino s\u00f3lo de referencia.<\/p>\n","protected":false},"excerpt":{"rendered":"<p>Congresos ALA I ALA \u201c1er. Congreso Latinoamericano de Antropolog\u00eda\u201d. 11 al 15 de julio de 2005. Rosario, Argentina. II ALA \u201cAntropolog\u00edas Latinoamericanas gestando un nuevo futuro\u201d. 28 al 31 de julio de 2008. San Jos\u00e9 de Costa Rica. Costa Rica. III ALA \u201cAntropolog\u00edas en Movimiento. Ideas desde un sur contempor\u00e1neo\u201d. 5 al 8 de noviembre &hellip;<\/p>\n<p class=\"read-more\"> <a class=\"\" href=\"https:\/\/asociacionlatinoamericanadeantropologia.net\/portal\/congresos\/\"> <span class=\"screen-reader-text\">Congresos<\/span> Leer m\u00e1s &raquo;<\/a><\/p>\n","protected":false},"author":2,"featured_media":0,"parent":0,"menu_order":0,"comment_status":"closed","ping_status":"closed","template":"","meta":{"site-sidebar-layout":"default","site-content-layout":"default","ast-main-header-display":"","ast-hfb-above-header-display":"","ast-hfb-below-header-display":"","ast-hfb-mobile-header-display":"","site-post-title":"","ast-breadcrumbs-content":"","ast-featured-img":"","footer-sml-layout":"","theme-transparent-header-meta":"","adv-header-id-meta":"","stick-header-meta":"","header-above-stick-meta":"","header-main-stick-meta":"","header-below-stick-meta":"","footnotes":""},"categories":[],"tags":[],"class_list":["post-507","page","type-page","status-publish","hentry"],"_links":{"self":[{"href":"https:\/\/asociacionlatinoamericanadeantropologia.net\/portal\/wp-json\/wp\/v2\/pages\/507","targetHints":{"allow":["GET"]}}],"collection":[{"href":"https:\/\/asociacionlatinoamericanadeantropologia.net\/portal\/wp-json\/wp\/v2\/pages"}],"about":[{"href":"https:\/\/asociacionlatinoamericanadeantropologia.net\/portal\/wp-json\/wp\/v2\/types\/page"}],"author":[{"embeddable":true,"href":"https:\/\/asociacionlatinoamericanadeantropologia.net\/portal\/wp-json\/wp\/v2\/users\/2"}],"replies":[{"embeddable":true,"href":"https:\/\/asociacionlatinoamericanadeantropologia.net\/portal\/wp-json\/wp\/v2\/comments?post=507"}],"version-history":[{"count":8,"href":"https:\/\/asociacionlatinoamericanadeantropologia.net\/portal\/wp-json\/wp\/v2\/pages\/507\/revisions"}],"predecessor-version":[{"id":3239,"href":"https:\/\/asociacionlatinoamericanadeantropologia.net\/portal\/wp-json\/wp\/v2\/pages\/507\/revisions\/3239"}],"wp:attachment":[{"href":"https:\/\/asociacionlatinoamericanadeantropologia.net\/portal\/wp-json\/wp\/v2\/media?parent=507"}],"wp:term":[{"taxonomy":"category","embeddable":true,"href":"https:\/\/asociacionlatinoamericanadeantropologia.net\/portal\/wp-json\/wp\/v2\/categories?post=507"},{"taxonomy":"post_tag","embeddable":true,"href":"https:\/\/asociacionlatinoamericanadeantropologia.net\/portal\/wp-json\/wp\/v2\/tags?post=507"}],"curies":[{"name":"wp","href":"https:\/\/api.w.org\/{rel}","templated":true}]}}