{"id":618,"date":"2021-12-17T23:37:22","date_gmt":"2021-12-17T23:37:22","guid":{"rendered":"https:\/\/asociacionlatinoamericanadeantropologia.net\/portal\/?page_id=618"},"modified":"2025-09-19T18:34:56","modified_gmt":"2025-09-19T18:34:56","slug":"revista-plural-2","status":"publish","type":"page","link":"https:\/\/asociacionlatinoamericanadeantropologia.net\/portal\/revista-plural-2\/","title":{"rendered":"Revista Plural"},"content":{"rendered":"<p><strong><span style=\"font-size: x-large;\">Plural. Antropolog\u00edas desde Am\u00e9rica Latina y el Caribe<\/span><\/strong>, es la revista de la Asociaci\u00f3n Latinoamericana de Antropolog\u00eda, se define como una publicaci\u00f3n peri\u00f3dica para la divulgaci\u00f3n de investigaciones y actividades vinculadas a las antropolog\u00edas y las ciencias sociales afines, de aparici\u00f3n semestral, publicada electr\u00f3nicamente en acceso abierto (\u201cOpen Access\u201d) y de divulgaci\u00f3n y distribuci\u00f3n gratuita.<\/p>\n<ul>\n<li><a href=\"https:\/\/asociacionlatinoamericanadeantropologia.net\/revistas\/index.php\/plural\/index\" target=\"_blank\" rel=\"noopener\">Acceso a la revista<\/a><\/li>\n<li><a href=\"https:\/\/asociacionlatinoamericanadeantropologia.net\/revista-plural\/\" target=\"_blank\" rel=\"noopener\">Galer\u00eda fotogr\u00e1fica de la revista<\/a><\/li>\n<li><a href=\"https:\/\/asociacionlatinoamericanadeantropologia.net\/portal\/boletin-plural-1992-1997\/\" target=\"_blank\" rel=\"noopener\">Bolet\u00edn Plural<\/a><\/li>\n<\/ul>\n<p>&nbsp;<\/p>\n<blockquote><p>Revista Plural, a\u00f1o 2023 Num 2.<\/p><\/blockquote>\n<p>\u00abC\u00f3digo Istmo\u00bb, un podcast para historizar y reflexionar en colectivo las antropolog\u00edas centroamericanas<\/p>\n<p><a href=\"https:\/\/asociacionlatinoamericanadeantropologia.net\/portal\/wp-content\/uploads\/2025\/09\/Codigo-Istmo.-Primer-episodio-.mp3\">Co\u0301digo Istmo. Primer episodio<\/a><\/p>\n<p>Mar\u00eda Isabel S\u00e1enz Guti\u00e9rrez, Melissa Hern\u00e1ndez Gonz\u00e1lez, Diana Carolina Mel\u00e9ndez Varela y Kevin Brenes Valverde<\/p>\n","protected":false},"excerpt":{"rendered":"<p>Plural. Antropolog\u00edas desde Am\u00e9rica Latina y el Caribe, es la revista de la Asociaci\u00f3n Latinoamericana de Antropolog\u00eda, se define como una publicaci\u00f3n peri\u00f3dica para la divulgaci\u00f3n de investigaciones y actividades vinculadas a las antropolog\u00edas y las ciencias sociales afines, de aparici\u00f3n semestral, publicada electr\u00f3nicamente en acceso abierto (\u201cOpen Access\u201d) y de divulgaci\u00f3n y distribuci\u00f3n gratuita. &hellip;<\/p>\n<p class=\"read-more\"> <a class=\"\" href=\"https:\/\/asociacionlatinoamericanadeantropologia.net\/portal\/revista-plural-2\/\"> <span class=\"screen-reader-text\">Revista Plural<\/span> Leer m\u00e1s &raquo;<\/a><\/p>\n","protected":false},"author":2,"featured_media":0,"parent":0,"menu_order":0,"comment_status":"closed","ping_status":"closed","template":"","meta":{"site-sidebar-layout":"default","site-content-layout":"default","ast-main-header-display":"","ast-hfb-above-header-display":"","ast-hfb-below-header-display":"","ast-hfb-mobile-header-display":"","site-post-title":"","ast-breadcrumbs-content":"","ast-featured-img":"","footer-sml-layout":"","theme-transparent-header-meta":"default","adv-header-id-meta":"","stick-header-meta":"","header-above-stick-meta":"","header-main-stick-meta":"","header-below-stick-meta":"","footnotes":""},"categories":[],"tags":[],"class_list":["post-618","page","type-page","status-publish","hentry"],"_links":{"self":[{"href":"https:\/\/asociacionlatinoamericanadeantropologia.net\/portal\/wp-json\/wp\/v2\/pages\/618","targetHints":{"allow":["GET"]}}],"collection":[{"href":"https:\/\/asociacionlatinoamericanadeantropologia.net\/portal\/wp-json\/wp\/v2\/pages"}],"about":[{"href":"https:\/\/asociacionlatinoamericanadeantropologia.net\/portal\/wp-json\/wp\/v2\/types\/page"}],"author":[{"embeddable":true,"href":"https:\/\/asociacionlatinoamericanadeantropologia.net\/portal\/wp-json\/wp\/v2\/users\/2"}],"replies":[{"embeddable":true,"href":"https:\/\/asociacionlatinoamericanadeantropologia.net\/portal\/wp-json\/wp\/v2\/comments?post=618"}],"version-history":[{"count":6,"href":"https:\/\/asociacionlatinoamericanadeantropologia.net\/portal\/wp-json\/wp\/v2\/pages\/618\/revisions"}],"predecessor-version":[{"id":4418,"href":"https:\/\/asociacionlatinoamericanadeantropologia.net\/portal\/wp-json\/wp\/v2\/pages\/618\/revisions\/4418"}],"wp:attachment":[{"href":"https:\/\/asociacionlatinoamericanadeantropologia.net\/portal\/wp-json\/wp\/v2\/media?parent=618"}],"wp:term":[{"taxonomy":"category","embeddable":true,"href":"https:\/\/asociacionlatinoamericanadeantropologia.net\/portal\/wp-json\/wp\/v2\/categories?post=618"},{"taxonomy":"post_tag","embeddable":true,"href":"https:\/\/asociacionlatinoamericanadeantropologia.net\/portal\/wp-json\/wp\/v2\/tags?post=618"}],"curies":[{"name":"wp","href":"https:\/\/api.w.org\/{rel}","templated":true}]}}