{"id":622,"date":"2021-12-17T23:45:44","date_gmt":"2021-12-17T23:45:44","guid":{"rendered":"https:\/\/asociacionlatinoamericanadeantropologia.net\/portal\/?page_id=622"},"modified":"2026-04-16T10:02:23","modified_gmt":"2026-04-16T10:02:23","slug":"coleccion-antropologias-hechas-en-america-latina","status":"publish","type":"page","link":"https:\/\/asociacionlatinoamericanadeantropologia.net\/portal\/coleccion-antropologias-hechas-en-america-latina\/","title":{"rendered":"Colecci\u00f3n Antropologias hechas en Am\u00e9rica Latina"},"content":{"rendered":"<p><strong><span style=\"font-size: x-large;\">Antropolog\u00edas hechas en Am\u00e9rica Latina y el Caribe<\/span><\/strong> es una colecci\u00f3n editorial de la Asociaci\u00f3n Latinoamericana de Antropolog\u00eda (ALA), tiene como prop\u00f3sito publicar compilaciones de art\u00edculos, cap\u00edtulos de libros, ponencias, conferencias y otros trabajos escritos fundamentales de autores y autoras de las antropolog\u00edas de los pa\u00edses que conforman nuestra regi\u00f3n o que hayan reflexionado sobre estas. La intenci\u00f3n se centra en dibujar un mapa de las antropolog\u00edas de Am\u00e9rica Latina y el Caribe para ir construyendo sus genealog\u00edas, propuestas metodol\u00f3gicas, sus reflexiones y construcciones te\u00f3rico-pr\u00e1cticas, con el objetivo de re-conocernos y buscar los puntos de soldadura y las preocupaciones que nos integran o diferencian.<\/p>\n<p>Presentamos:<\/p>\n<ol>\n<li><a href=\"https:\/\/asociacionlatinoamericanadeantropologia.net\/portal\/antropologias-hechas-en-argentina\/\" target=\"_blank\" rel=\"noopener\">Antropolog\u00edas hechas en la Argentina (3 tomos)<\/a><\/li>\n<li><a href=\"https:\/\/asociacionlatinoamericanadeantropologia.net\/portal\/antropologias-hechas-en-colombia\/\" target=\"_blank\" rel=\"noopener\">Antropolog\u00edas hechas en Colombia (3 tomos)<\/a><\/li>\n<li><a href=\"https:\/\/asociacionlatinoamericanadeantropologia.net\/portal\/antropologias-hechas-en-peru\/\" target=\"_blank\" rel=\"noopener\">Antropolog\u00edas hechas en Per\u00fa (1 tomo)<\/a><\/li>\n<li><a href=\"https:\/\/asociacionlatinoamericanadeantropologia.net\/portal\/antropologias-hechas-en-uruguay\/\" target=\"_blank\" rel=\"noopener\">Antropolog\u00edas hechas en Uruguay (1 tomo)<\/a><\/li>\n<li><a href=\"https:\/\/asociacionlatinoamericanadeantropologia.net\/portal\/antropologias-hechas-en-venezuela\/\" target=\"_blank\" rel=\"noopener\">Antropolog\u00edas hechas en Venezuela (2 tomos)<\/a><\/li>\n<li><a href=\"https:\/\/asociacionlatinoamericanadeantropologia.net\/portal\/antropologias-hechas-en-ecuador\/\" target=\"_blank\" rel=\"noopener\">Antropolog\u00edas hechas en Ecuador (4 tomos)<\/a><\/li>\n<li><a href=\"https:\/\/asociacionlatinoamericanadeantropologia.net\/portal\/antropologias-hechas-en-chile\/\" target=\"_blank\" rel=\"noopener\">Antropolog\u00edas hechas en Chile (3 tomos)<\/a><\/li>\n<li><a href=\"https:\/\/asociacionlatinoamericanadeantropologia.net\/portal\/antropologias-hechas-en-mexico\/\" target=\"_blank\" rel=\"noopener\">Antropolog\u00edas hechas en M\u00e9xico (4 tomos)<\/a><\/li>\n<li><a href=\"https:\/\/asociacionlatinoamericanadeantropologia.net\/portal\/nuestras-antropologias-elaboraciones-y-problematicas-desde-america-latina-y-el-caribe\/\" target=\"_blank\" rel=\"noopener\">Nuestras Antropolog\u00edas. Elaboraciones y problem\u00e1ticas desde am\u00e9rica Latina y El Caribe<\/a><\/li>\n<\/ol>\n","protected":false},"excerpt":{"rendered":"<p>Antropolog\u00edas hechas en Am\u00e9rica Latina y el Caribe es una colecci\u00f3n editorial de la Asociaci\u00f3n Latinoamericana de Antropolog\u00eda (ALA), tiene como prop\u00f3sito publicar compilaciones de art\u00edculos, cap\u00edtulos de libros, ponencias, conferencias y otros trabajos escritos fundamentales de autores y autoras de las antropolog\u00edas de los pa\u00edses que conforman nuestra regi\u00f3n o que hayan reflexionado sobre &hellip;<\/p>\n<p class=\"read-more\"> <a class=\"\" href=\"https:\/\/asociacionlatinoamericanadeantropologia.net\/portal\/coleccion-antropologias-hechas-en-america-latina\/\"> <span class=\"screen-reader-text\">Colecci\u00f3n Antropologias hechas en Am\u00e9rica Latina<\/span> Leer m\u00e1s &raquo;<\/a><\/p>\n","protected":false},"author":2,"featured_media":0,"parent":0,"menu_order":0,"comment_status":"closed","ping_status":"closed","template":"","meta":{"site-sidebar-layout":"default","site-content-layout":"default","ast-main-header-display":"","ast-hfb-above-header-display":"","ast-hfb-below-header-display":"","ast-hfb-mobile-header-display":"","site-post-title":"","ast-breadcrumbs-content":"","ast-featured-img":"","footer-sml-layout":"","theme-transparent-header-meta":"default","adv-header-id-meta":"","stick-header-meta":"","header-above-stick-meta":"","header-main-stick-meta":"","header-below-stick-meta":"","footnotes":""},"categories":[],"tags":[],"class_list":["post-622","page","type-page","status-publish","hentry"],"_links":{"self":[{"href":"https:\/\/asociacionlatinoamericanadeantropologia.net\/portal\/wp-json\/wp\/v2\/pages\/622","targetHints":{"allow":["GET"]}}],"collection":[{"href":"https:\/\/asociacionlatinoamericanadeantropologia.net\/portal\/wp-json\/wp\/v2\/pages"}],"about":[{"href":"https:\/\/asociacionlatinoamericanadeantropologia.net\/portal\/wp-json\/wp\/v2\/types\/page"}],"author":[{"embeddable":true,"href":"https:\/\/asociacionlatinoamericanadeantropologia.net\/portal\/wp-json\/wp\/v2\/users\/2"}],"replies":[{"embeddable":true,"href":"https:\/\/asociacionlatinoamericanadeantropologia.net\/portal\/wp-json\/wp\/v2\/comments?post=622"}],"version-history":[{"count":23,"href":"https:\/\/asociacionlatinoamericanadeantropologia.net\/portal\/wp-json\/wp\/v2\/pages\/622\/revisions"}],"predecessor-version":[{"id":4663,"href":"https:\/\/asociacionlatinoamericanadeantropologia.net\/portal\/wp-json\/wp\/v2\/pages\/622\/revisions\/4663"}],"wp:attachment":[{"href":"https:\/\/asociacionlatinoamericanadeantropologia.net\/portal\/wp-json\/wp\/v2\/media?parent=622"}],"wp:term":[{"taxonomy":"category","embeddable":true,"href":"https:\/\/asociacionlatinoamericanadeantropologia.net\/portal\/wp-json\/wp\/v2\/categories?post=622"},{"taxonomy":"post_tag","embeddable":true,"href":"https:\/\/asociacionlatinoamericanadeantropologia.net\/portal\/wp-json\/wp\/v2\/tags?post=622"}],"curies":[{"name":"wp","href":"https:\/\/api.w.org\/{rel}","templated":true}]}}