{"id":639,"date":"2021-12-18T00:09:05","date_gmt":"2021-12-18T00:09:05","guid":{"rendered":"https:\/\/asociacionlatinoamericanadeantropologia.net\/portal\/?page_id=639"},"modified":"2022-09-02T18:12:50","modified_gmt":"2022-09-02T18:12:50","slug":"antropologias-hechas-en-colombia","status":"publish","type":"page","link":"https:\/\/asociacionlatinoamericanadeantropologia.net\/portal\/antropologias-hechas-en-colombia\/","title":{"rendered":"Antropolog\u00edas hechas en Colombia"},"content":{"rendered":"<h2><strong>Antropolog\u00edas hechas en Colombia<\/strong><\/h2>\n<p>Restrepo, Eduardo, Axel Rojas y Marta Saade (eds.). 2017.\u00a0<a href=\"https:\/\/asociacionlatinoamericanadeantropologia.net\/portal\/wp-content\/uploads\/2018\/09\/Antropologia_hecha_en_Colombia_T1_-_2017.pdf\" target=\"_blank\" rel=\"noopener\"><strong><em>Antropolog\u00eda hecha en Colombia Tomo I<\/em><\/strong><\/a>. Popay\u00e1n, Colombia: Asociaci\u00f3n Latinoamericana de Antropolog\u00eda, Instituto Colombiano de Antropolog\u00eda e Historia, Universidad del Cauca.<\/p>\n<p><a href=\"https:\/\/asociacionlatinoamericanadeantropologia.net\/portal\/wp-content\/uploads\/2018\/09\/Antropologia_hecha_en_Colombia_T1_-_2017.pdf\" target=\"_blank\" rel=\"noopener\"><img fetchpriority=\"high\" decoding=\"async\" class=\"aligncenter wp-image-171 size-medium\" src=\"https:\/\/asociacionlatinoamericanadeantropologia.net\/portal\/wp-content\/uploads\/2018\/09\/Colombia_1_PNG-276x300.png\" alt=\"Colombia 1 PNG\" width=\"276\" height=\"300\" srcset=\"https:\/\/asociacionlatinoamericanadeantropologia.net\/portal\/wp-content\/uploads\/2018\/09\/Colombia_1_PNG-276x300.png 276w, https:\/\/asociacionlatinoamericanadeantropologia.net\/portal\/wp-content\/uploads\/2018\/09\/Colombia_1_PNG-768x835.png 768w, https:\/\/asociacionlatinoamericanadeantropologia.net\/portal\/wp-content\/uploads\/2018\/09\/Colombia_1_PNG.png 869w\" sizes=\"(max-width: 276px) 100vw, 276px\" \/><\/a><\/p>\n<p>Restrepo, Eduardo, Axel Rojas y Marta Saade (eds.). 2017. <a href=\"https:\/\/asociacionlatinoamericanadeantropologia.net\/portal\/wp-content\/uploads\/2018\/09\/Antropologia_hecha_en_Colombia_T2_-_2017.pdf\" target=\"_blank\" rel=\"noopener\"><strong><em>Antropolog\u00eda hecha en Colombia Tomo II<\/em><\/strong><\/a>. Popay\u00e1n, Colombia: Asociaci\u00f3n Latinoamericana de Antropolog\u00eda, Instituto Colombiano de Antropolog\u00eda e Historia, Universidad del Cauca.<\/p>\n<p><a href=\"https:\/\/asociacionlatinoamericanadeantropologia.net\/portal\/wp-content\/uploads\/2018\/09\/Antropologia_hecha_en_Colombia_T2_-_2017.pdf\" target=\"_blank\" rel=\"noopener\"><img decoding=\"async\" class=\"aligncenter wp-image-173 size-medium\" src=\"https:\/\/asociacionlatinoamericanadeantropologia.net\/portal\/wp-content\/uploads\/2018\/09\/Colombia_2_PNG-276x300.png\" alt=\"Colombia 2 PNG\" width=\"276\" height=\"300\" srcset=\"https:\/\/asociacionlatinoamericanadeantropologia.net\/portal\/wp-content\/uploads\/2018\/09\/Colombia_2_PNG-276x300.png 276w, https:\/\/asociacionlatinoamericanadeantropologia.net\/portal\/wp-content\/uploads\/2018\/09\/Colombia_2_PNG-768x835.png 768w, https:\/\/asociacionlatinoamericanadeantropologia.net\/portal\/wp-content\/uploads\/2018\/09\/Colombia_2_PNG.png 869w\" sizes=\"(max-width: 276px) 100vw, 276px\" \/><\/a><\/p>\n<p>&nbsp;<\/p>\n<p>Jaramillo B., Enrique, y Axel Rojas (eds.). 2019. <a href=\"http:\/\/www.icesi.edu.co\/editorial\/pensar-el-suroccidente\/?fbclid=IwAR2ON0U9GVoMhsVoae6fdMoHGKL6TPckarKfuSETiikwkywLSpCyqDzQdcc\" target=\"_blank\" rel=\"noopener\"><strong><em>Pensar el suroccidente. Antropolog\u00eda hecha en Colombia Tomo III<\/em><\/strong><\/a>. Cali, Colombia: Universidad Icesi, Asociaci\u00f3n Latinoamericana de Antropolog\u00eda, Grupo de Estudios Ling\u00fc\u00edsticos, Pedag\u00f3gicos y Socioculturales-Universidad del Cauca.<\/p>\n<p><a href=\"https:\/\/asociacionlatinoamericanadeantropologia.net\/portal\/wp-content\/uploads\/2018\/09\/Antropologia_hecha_en_Colombia_T3-2019.pdf\" target=\"_blank\" rel=\"noopener\"><img decoding=\"async\" class=\"aligncenter wp-image-175 size-medium\" src=\"https:\/\/asociacionlatinoamericanadeantropologia.net\/portal\/wp-content\/uploads\/2018\/09\/Colombia_3_PNG-276x300.png\" alt=\"Colombia 3 PNG\" width=\"276\" height=\"300\" srcset=\"https:\/\/asociacionlatinoamericanadeantropologia.net\/portal\/wp-content\/uploads\/2018\/09\/Colombia_3_PNG-276x300.png 276w, https:\/\/asociacionlatinoamericanadeantropologia.net\/portal\/wp-content\/uploads\/2018\/09\/Colombia_3_PNG-768x835.png 768w, https:\/\/asociacionlatinoamericanadeantropologia.net\/portal\/wp-content\/uploads\/2018\/09\/Colombia_3_PNG-941x1024.png 941w, https:\/\/asociacionlatinoamericanadeantropologia.net\/portal\/wp-content\/uploads\/2018\/09\/Colombia_3_PNG.png 945w\" sizes=\"(max-width: 276px) 100vw, 276px\" \/><\/a><\/p>\n","protected":false},"excerpt":{"rendered":"<p>Antropolog\u00edas hechas en Colombia Restrepo, Eduardo, Axel Rojas y Marta Saade (eds.). 2017.\u00a0Antropolog\u00eda hecha en Colombia Tomo I. Popay\u00e1n, Colombia: Asociaci\u00f3n Latinoamericana de Antropolog\u00eda, Instituto Colombiano de Antropolog\u00eda e Historia, Universidad del Cauca. Restrepo, Eduardo, Axel Rojas y Marta Saade (eds.). 2017. Antropolog\u00eda hecha en Colombia Tomo II. Popay\u00e1n, Colombia: Asociaci\u00f3n Latinoamericana de Antropolog\u00eda, Instituto &hellip;<\/p>\n<p class=\"read-more\"> <a class=\"\" href=\"https:\/\/asociacionlatinoamericanadeantropologia.net\/portal\/antropologias-hechas-en-colombia\/\"> <span class=\"screen-reader-text\">Antropolog\u00edas hechas en Colombia<\/span> Leer m\u00e1s &raquo;<\/a><\/p>\n","protected":false},"author":2,"featured_media":0,"parent":0,"menu_order":0,"comment_status":"closed","ping_status":"closed","template":"","meta":{"site-sidebar-layout":"default","site-content-layout":"default","ast-main-header-display":"","ast-hfb-above-header-display":"","ast-hfb-below-header-display":"","ast-hfb-mobile-header-display":"","site-post-title":"","ast-breadcrumbs-content":"","ast-featured-img":"","footer-sml-layout":"","theme-transparent-header-meta":"default","adv-header-id-meta":"","stick-header-meta":"","header-above-stick-meta":"","header-main-stick-meta":"","header-below-stick-meta":"","footnotes":""},"categories":[],"tags":[],"class_list":["post-639","page","type-page","status-publish","hentry"],"_links":{"self":[{"href":"https:\/\/asociacionlatinoamericanadeantropologia.net\/portal\/wp-json\/wp\/v2\/pages\/639","targetHints":{"allow":["GET"]}}],"collection":[{"href":"https:\/\/asociacionlatinoamericanadeantropologia.net\/portal\/wp-json\/wp\/v2\/pages"}],"about":[{"href":"https:\/\/asociacionlatinoamericanadeantropologia.net\/portal\/wp-json\/wp\/v2\/types\/page"}],"author":[{"embeddable":true,"href":"https:\/\/asociacionlatinoamericanadeantropologia.net\/portal\/wp-json\/wp\/v2\/users\/2"}],"replies":[{"embeddable":true,"href":"https:\/\/asociacionlatinoamericanadeantropologia.net\/portal\/wp-json\/wp\/v2\/comments?post=639"}],"version-history":[{"count":7,"href":"https:\/\/asociacionlatinoamericanadeantropologia.net\/portal\/wp-json\/wp\/v2\/pages\/639\/revisions"}],"predecessor-version":[{"id":2042,"href":"https:\/\/asociacionlatinoamericanadeantropologia.net\/portal\/wp-json\/wp\/v2\/pages\/639\/revisions\/2042"}],"wp:attachment":[{"href":"https:\/\/asociacionlatinoamericanadeantropologia.net\/portal\/wp-json\/wp\/v2\/media?parent=639"}],"wp:term":[{"taxonomy":"category","embeddable":true,"href":"https:\/\/asociacionlatinoamericanadeantropologia.net\/portal\/wp-json\/wp\/v2\/categories?post=639"},{"taxonomy":"post_tag","embeddable":true,"href":"https:\/\/asociacionlatinoamericanadeantropologia.net\/portal\/wp-json\/wp\/v2\/tags?post=639"}],"curies":[{"name":"wp","href":"https:\/\/api.w.org\/{rel}","templated":true}]}}