{"id":641,"date":"2021-12-18T00:11:12","date_gmt":"2021-12-18T00:11:12","guid":{"rendered":"https:\/\/asociacionlatinoamericanadeantropologia.net\/portal\/?page_id=641"},"modified":"2022-09-02T17:12:53","modified_gmt":"2022-09-02T17:12:53","slug":"antropologias-hechas-en-peru","status":"publish","type":"page","link":"https:\/\/asociacionlatinoamericanadeantropologia.net\/portal\/antropologias-hechas-en-peru\/","title":{"rendered":"Antropolog\u00edas hechas en Per\u00fa"},"content":{"rendered":"<h2><strong>Antropolog\u00edas hechas en Per\u00fa<\/strong><\/h2>\n<p style=\"text-align: left;\">Sandoval L\u00f3pez, Pablo (ed.). 2020.\u00a0<a href=\"https:\/\/asociacionlatinoamericanadeantropologia.net\/portal\/wp-content\/uploads\/2018\/09\/ANT_PER_FINAL_WEB.pdf\" target=\"_blank\" rel=\"noopener\"><strong><em>Antropolog\u00edas hechas en Per\u00fa<\/em><\/strong><\/a>. Montevideo, Uruguay: Asociaci\u00f3n Latinoamericana de Antropolog\u00eda.<\/p>\n<p style=\"text-align: left;\"><a href=\"https:\/\/asociacionlatinoamericanadeantropologia.net\/portal\/wp-content\/uploads\/2018\/09\/ANT_PER_FINAL_WEB.pdf\" target=\"_blank\" rel=\"noopener\"><img fetchpriority=\"high\" decoding=\"async\" class=\"aligncenter wp-image-177 size-medium\" src=\"https:\/\/asociacionlatinoamericanadeantropologia.net\/portal\/wp-content\/uploads\/2018\/09\/PERU_PNG-276x300.png\" alt=\"PERU PNG\" width=\"276\" height=\"300\" srcset=\"https:\/\/asociacionlatinoamericanadeantropologia.net\/portal\/wp-content\/uploads\/2018\/09\/PERU_PNG-276x300.png 276w, https:\/\/asociacionlatinoamericanadeantropologia.net\/portal\/wp-content\/uploads\/2018\/09\/PERU_PNG-941x1024.png 941w, https:\/\/asociacionlatinoamericanadeantropologia.net\/portal\/wp-content\/uploads\/2018\/09\/PERU_PNG-768x835.png 768w, https:\/\/asociacionlatinoamericanadeantropologia.net\/portal\/wp-content\/uploads\/2018\/09\/PERU_PNG.png 945w\" sizes=\"(max-width: 276px) 100vw, 276px\" \/><\/a><\/p>\n<p style=\"text-align: left;\">\n","protected":false},"excerpt":{"rendered":"<p>Antropolog\u00edas hechas en Per\u00fa Sandoval L\u00f3pez, Pablo (ed.). 2020.\u00a0Antropolog\u00edas hechas en Per\u00fa. Montevideo, Uruguay: Asociaci\u00f3n Latinoamericana de Antropolog\u00eda.<\/p>\n","protected":false},"author":2,"featured_media":0,"parent":0,"menu_order":0,"comment_status":"closed","ping_status":"closed","template":"","meta":{"site-sidebar-layout":"default","site-content-layout":"default","ast-main-header-display":"","ast-hfb-above-header-display":"","ast-hfb-below-header-display":"","ast-hfb-mobile-header-display":"","site-post-title":"","ast-breadcrumbs-content":"","ast-featured-img":"","footer-sml-layout":"","theme-transparent-header-meta":"default","adv-header-id-meta":"","stick-header-meta":"","header-above-stick-meta":"","header-main-stick-meta":"","header-below-stick-meta":"","footnotes":""},"categories":[],"tags":[],"class_list":["post-641","page","type-page","status-publish","hentry"],"_links":{"self":[{"href":"https:\/\/asociacionlatinoamericanadeantropologia.net\/portal\/wp-json\/wp\/v2\/pages\/641","targetHints":{"allow":["GET"]}}],"collection":[{"href":"https:\/\/asociacionlatinoamericanadeantropologia.net\/portal\/wp-json\/wp\/v2\/pages"}],"about":[{"href":"https:\/\/asociacionlatinoamericanadeantropologia.net\/portal\/wp-json\/wp\/v2\/types\/page"}],"author":[{"embeddable":true,"href":"https:\/\/asociacionlatinoamericanadeantropologia.net\/portal\/wp-json\/wp\/v2\/users\/2"}],"replies":[{"embeddable":true,"href":"https:\/\/asociacionlatinoamericanadeantropologia.net\/portal\/wp-json\/wp\/v2\/comments?post=641"}],"version-history":[{"count":8,"href":"https:\/\/asociacionlatinoamericanadeantropologia.net\/portal\/wp-json\/wp\/v2\/pages\/641\/revisions"}],"predecessor-version":[{"id":2040,"href":"https:\/\/asociacionlatinoamericanadeantropologia.net\/portal\/wp-json\/wp\/v2\/pages\/641\/revisions\/2040"}],"wp:attachment":[{"href":"https:\/\/asociacionlatinoamericanadeantropologia.net\/portal\/wp-json\/wp\/v2\/media?parent=641"}],"wp:term":[{"taxonomy":"category","embeddable":true,"href":"https:\/\/asociacionlatinoamericanadeantropologia.net\/portal\/wp-json\/wp\/v2\/categories?post=641"},{"taxonomy":"post_tag","embeddable":true,"href":"https:\/\/asociacionlatinoamericanadeantropologia.net\/portal\/wp-json\/wp\/v2\/tags?post=641"}],"curies":[{"name":"wp","href":"https:\/\/api.w.org\/{rel}","templated":true}]}}