{"id":644,"date":"2021-12-18T00:12:30","date_gmt":"2021-12-18T00:12:30","guid":{"rendered":"https:\/\/asociacionlatinoamericanadeantropologia.net\/portal\/?page_id=644"},"modified":"2022-09-02T17:11:21","modified_gmt":"2022-09-02T17:11:21","slug":"antropologias-hechas-en-uruguay","status":"publish","type":"page","link":"https:\/\/asociacionlatinoamericanadeantropologia.net\/portal\/antropologias-hechas-en-uruguay\/","title":{"rendered":"Antropolog\u00edas hechas en Uruguay"},"content":{"rendered":"<h2><strong>Antropolog\u00edas hechas en Uruguay<\/strong><\/h2>\n<p>Gatti, Pablo y Gregorio Tabakian (eds.). 2020.\u00a0<a href=\"https:\/\/asociacionlatinoamericanadeantropologia.net\/portal\/wp-content\/uploads\/2018\/09\/ANT_URUGUAY_FINAL_WEB.pdf\" target=\"_blank\" rel=\"noopener\"><strong><em>Antropolog\u00edas hechas en Uruguay<\/em><\/strong><\/a>. Montevideo, Uruguay: Asociaci\u00f3n Latinoamericana de Antropolog\u00eda.<\/p>\n<p>&nbsp;<\/p>\n<p><a href=\"https:\/\/asociacionlatinoamericanadeantropologia.net\/portal\/wp-content\/uploads\/2018\/09\/ANT_URUGUAY_FINAL_WEB.pdf\" target=\"_blank\" rel=\"noopener\"><img fetchpriority=\"high\" decoding=\"async\" class=\"aligncenter wp-image-179 size-medium\" src=\"https:\/\/asociacionlatinoamericanadeantropologia.net\/portal\/wp-content\/uploads\/2018\/09\/URUGUAY_PNG-276x300.png\" alt=\"URUGUAY PNG\" width=\"276\" height=\"300\" srcset=\"https:\/\/asociacionlatinoamericanadeantropologia.net\/portal\/wp-content\/uploads\/2018\/09\/URUGUAY_PNG-276x300.png 276w, https:\/\/asociacionlatinoamericanadeantropologia.net\/portal\/wp-content\/uploads\/2018\/09\/URUGUAY_PNG-768x835.png 768w, https:\/\/asociacionlatinoamericanadeantropologia.net\/portal\/wp-content\/uploads\/2018\/09\/URUGUAY_PNG-941x1024.png 941w, https:\/\/asociacionlatinoamericanadeantropologia.net\/portal\/wp-content\/uploads\/2018\/09\/URUGUAY_PNG.png 945w\" sizes=\"(max-width: 276px) 100vw, 276px\" \/><\/a><\/p>\n","protected":false},"excerpt":{"rendered":"<p>Antropolog\u00edas hechas en Uruguay Gatti, Pablo y Gregorio Tabakian (eds.). 2020.\u00a0Antropolog\u00edas hechas en Uruguay. Montevideo, Uruguay: Asociaci\u00f3n Latinoamericana de Antropolog\u00eda. &nbsp;<\/p>\n","protected":false},"author":2,"featured_media":0,"parent":0,"menu_order":0,"comment_status":"closed","ping_status":"closed","template":"","meta":{"site-sidebar-layout":"default","site-content-layout":"default","ast-main-header-display":"","ast-hfb-above-header-display":"","ast-hfb-below-header-display":"","ast-hfb-mobile-header-display":"","site-post-title":"","ast-breadcrumbs-content":"","ast-featured-img":"","footer-sml-layout":"","theme-transparent-header-meta":"default","adv-header-id-meta":"","stick-header-meta":"","header-above-stick-meta":"","header-main-stick-meta":"","header-below-stick-meta":"","footnotes":""},"categories":[],"tags":[],"class_list":["post-644","page","type-page","status-publish","hentry"],"_links":{"self":[{"href":"https:\/\/asociacionlatinoamericanadeantropologia.net\/portal\/wp-json\/wp\/v2\/pages\/644","targetHints":{"allow":["GET"]}}],"collection":[{"href":"https:\/\/asociacionlatinoamericanadeantropologia.net\/portal\/wp-json\/wp\/v2\/pages"}],"about":[{"href":"https:\/\/asociacionlatinoamericanadeantropologia.net\/portal\/wp-json\/wp\/v2\/types\/page"}],"author":[{"embeddable":true,"href":"https:\/\/asociacionlatinoamericanadeantropologia.net\/portal\/wp-json\/wp\/v2\/users\/2"}],"replies":[{"embeddable":true,"href":"https:\/\/asociacionlatinoamericanadeantropologia.net\/portal\/wp-json\/wp\/v2\/comments?post=644"}],"version-history":[{"count":8,"href":"https:\/\/asociacionlatinoamericanadeantropologia.net\/portal\/wp-json\/wp\/v2\/pages\/644\/revisions"}],"predecessor-version":[{"id":2039,"href":"https:\/\/asociacionlatinoamericanadeantropologia.net\/portal\/wp-json\/wp\/v2\/pages\/644\/revisions\/2039"}],"wp:attachment":[{"href":"https:\/\/asociacionlatinoamericanadeantropologia.net\/portal\/wp-json\/wp\/v2\/media?parent=644"}],"wp:term":[{"taxonomy":"category","embeddable":true,"href":"https:\/\/asociacionlatinoamericanadeantropologia.net\/portal\/wp-json\/wp\/v2\/categories?post=644"},{"taxonomy":"post_tag","embeddable":true,"href":"https:\/\/asociacionlatinoamericanadeantropologia.net\/portal\/wp-json\/wp\/v2\/tags?post=644"}],"curies":[{"name":"wp","href":"https:\/\/api.w.org\/{rel}","templated":true}]}}