{"id":646,"date":"2021-12-18T00:14:24","date_gmt":"2021-12-18T00:14:24","guid":{"rendered":"https:\/\/asociacionlatinoamericanadeantropologia.net\/portal\/?page_id=646"},"modified":"2022-09-02T17:05:26","modified_gmt":"2022-09-02T17:05:26","slug":"antropologias-hechas-en-venezuela","status":"publish","type":"page","link":"https:\/\/asociacionlatinoamericanadeantropologia.net\/portal\/antropologias-hechas-en-venezuela\/","title":{"rendered":"Antropolog\u00edas hechas en Venezuela"},"content":{"rendered":"<h2><strong>Antropolog\u00edas hechas en Venezuela<\/strong><\/h2>\n<p>Mej\u00edas Guiza, Annel, y Carmen Teresa Garc\u00eda (eds.). 2020.\u00a0<a href=\"https:\/\/asociacionlatinoamericanadeantropologia.net\/portal\/wp-content\/uploads\/2018\/09\/ANT_VENEZUELA_I_FINAL_WEB.pdf\" target=\"_blank\" rel=\"noopener\"><strong><em>Antropolog\u00edas hechas en Venezuela\u00a0Tomo I<\/em><\/strong><\/a>. Uruguay\/Venezuela: Asociaci\u00f3n Latinoamericana de Antropolog\u00eda, Red de Antropolog\u00edas del Sur.<\/p>\n<p><a href=\"https:\/\/asociacionlatinoamericanadeantropologia.net\/portal\/wp-content\/uploads\/2018\/09\/ANT_VENEZUELA_I_FINAL_WEB.pdf\" target=\"_blank\" rel=\"noopener\"><img fetchpriority=\"high\" decoding=\"async\" class=\"aligncenter wp-image-181 size-medium\" src=\"https:\/\/asociacionlatinoamericanadeantropologia.net\/portal\/wp-content\/uploads\/2018\/09\/VENEZ_Tomo_I-276x300.png\" alt=\"VENEZ Tomo I\" width=\"276\" height=\"300\" srcset=\"https:\/\/asociacionlatinoamericanadeantropologia.net\/portal\/wp-content\/uploads\/2018\/09\/VENEZ_Tomo_I-276x300.png 276w, https:\/\/asociacionlatinoamericanadeantropologia.net\/portal\/wp-content\/uploads\/2018\/09\/VENEZ_Tomo_I-768x835.png 768w, https:\/\/asociacionlatinoamericanadeantropologia.net\/portal\/wp-content\/uploads\/2018\/09\/VENEZ_Tomo_I.png 869w\" sizes=\"(max-width: 276px) 100vw, 276px\" \/><\/a><\/p>\n<p>&nbsp;<\/p>\n<p>Mej\u00edas Guiza, Annel, y Carmen Teresa Garc\u00eda (eds.). 2021. <a href=\"https:\/\/asociacionlatinoamericanadeantropologia.net\/portal\/wp-content\/uploads\/2018\/09\/Libro_Antropologa_VENEZUELA_TOMO_2.pdf\" target=\"_blank\" rel=\"noopener\"><strong><em>Antropolog\u00edas hechas en Venezuela\u00a0Tomo II<\/em><\/strong><\/a>. Uruguay\/Venezuela: Asociaci\u00f3n Latinoamericana de Antropolog\u00eda, Red de Antropolog\u00edas del Sur.<\/p>\n<p>&nbsp;<\/p>\n<p><a href=\"https:\/\/asociacionlatinoamericanadeantropologia.net\/portal\/wp-content\/uploads\/2018\/09\/Libro_Antropologa_VENEZUELA_TOMO_2.pdf\" target=\"_blank\" rel=\"noopener\"><img decoding=\"async\" class=\"aligncenter wp-image-183 size-medium\" src=\"https:\/\/asociacionlatinoamericanadeantropologia.net\/portal\/wp-content\/uploads\/2018\/09\/Portada_VENEZuela_2-276x300.png\" alt=\"Portada VENEZuela 2\" width=\"276\" height=\"300\" srcset=\"https:\/\/asociacionlatinoamericanadeantropologia.net\/portal\/wp-content\/uploads\/2018\/09\/Portada_VENEZuela_2-276x300.png 276w, https:\/\/asociacionlatinoamericanadeantropologia.net\/portal\/wp-content\/uploads\/2018\/09\/Portada_VENEZuela_2-768x836.png 768w, https:\/\/asociacionlatinoamericanadeantropologia.net\/portal\/wp-content\/uploads\/2018\/09\/Portada_VENEZuela_2.png 868w\" sizes=\"(max-width: 276px) 100vw, 276px\" \/><\/a><\/p>\n","protected":false},"excerpt":{"rendered":"<p>Antropolog\u00edas hechas en Venezuela Mej\u00edas Guiza, Annel, y Carmen Teresa Garc\u00eda (eds.). 2020.\u00a0Antropolog\u00edas hechas en Venezuela\u00a0Tomo I. Uruguay\/Venezuela: Asociaci\u00f3n Latinoamericana de Antropolog\u00eda, Red de Antropolog\u00edas del Sur. &nbsp; Mej\u00edas Guiza, Annel, y Carmen Teresa Garc\u00eda (eds.). 2021. Antropolog\u00edas hechas en Venezuela\u00a0Tomo II. Uruguay\/Venezuela: Asociaci\u00f3n Latinoamericana de Antropolog\u00eda, Red de Antropolog\u00edas del Sur. &nbsp;<\/p>\n","protected":false},"author":2,"featured_media":0,"parent":0,"menu_order":0,"comment_status":"closed","ping_status":"closed","template":"","meta":{"site-sidebar-layout":"default","site-content-layout":"default","ast-main-header-display":"","ast-hfb-above-header-display":"","ast-hfb-below-header-display":"","ast-hfb-mobile-header-display":"","site-post-title":"","ast-breadcrumbs-content":"","ast-featured-img":"","footer-sml-layout":"","theme-transparent-header-meta":"default","adv-header-id-meta":"","stick-header-meta":"","header-above-stick-meta":"","header-main-stick-meta":"","header-below-stick-meta":"","footnotes":""},"categories":[],"tags":[],"class_list":["post-646","page","type-page","status-publish","hentry"],"_links":{"self":[{"href":"https:\/\/asociacionlatinoamericanadeantropologia.net\/portal\/wp-json\/wp\/v2\/pages\/646","targetHints":{"allow":["GET"]}}],"collection":[{"href":"https:\/\/asociacionlatinoamericanadeantropologia.net\/portal\/wp-json\/wp\/v2\/pages"}],"about":[{"href":"https:\/\/asociacionlatinoamericanadeantropologia.net\/portal\/wp-json\/wp\/v2\/types\/page"}],"author":[{"embeddable":true,"href":"https:\/\/asociacionlatinoamericanadeantropologia.net\/portal\/wp-json\/wp\/v2\/users\/2"}],"replies":[{"embeddable":true,"href":"https:\/\/asociacionlatinoamericanadeantropologia.net\/portal\/wp-json\/wp\/v2\/comments?post=646"}],"version-history":[{"count":9,"href":"https:\/\/asociacionlatinoamericanadeantropologia.net\/portal\/wp-json\/wp\/v2\/pages\/646\/revisions"}],"predecessor-version":[{"id":2037,"href":"https:\/\/asociacionlatinoamericanadeantropologia.net\/portal\/wp-json\/wp\/v2\/pages\/646\/revisions\/2037"}],"wp:attachment":[{"href":"https:\/\/asociacionlatinoamericanadeantropologia.net\/portal\/wp-json\/wp\/v2\/media?parent=646"}],"wp:term":[{"taxonomy":"category","embeddable":true,"href":"https:\/\/asociacionlatinoamericanadeantropologia.net\/portal\/wp-json\/wp\/v2\/categories?post=646"},{"taxonomy":"post_tag","embeddable":true,"href":"https:\/\/asociacionlatinoamericanadeantropologia.net\/portal\/wp-json\/wp\/v2\/tags?post=646"}],"curies":[{"name":"wp","href":"https:\/\/api.w.org\/{rel}","templated":true}]}}