{"id":655,"date":"2021-12-18T00:26:41","date_gmt":"2021-12-18T00:26:41","guid":{"rendered":"https:\/\/asociacionlatinoamericanadeantropologia.net\/portal\/?page_id=655"},"modified":"2022-09-30T19:22:20","modified_gmt":"2022-09-30T19:22:20","slug":"libros-ala","status":"publish","type":"page","link":"https:\/\/asociacionlatinoamericanadeantropologia.net\/portal\/libros-ala\/","title":{"rendered":"Libros ALA"},"content":{"rendered":"<p>Publicamos textos\u00a0\u00a0editados por la <strong>Asociaci\u00f3n Latinoamericana de Antropolog\u00eda (ALA),<\/strong>\u00a0producto de sus memorias de eventos, reflexiones, compilaciones u otras novedades editoriales que permitan pensarnos en tanto antropolog\u00edas latinoamericanas y caribe\u00f1as.<\/p>\n<h3><strong>Di\u00e1logos con la Antropolog\u00eda Latinoamericana<\/strong><\/h3>\n<p>Gatti, Pablo &amp; de Souza, Lydia. (2018). <em><strong>Di\u00e1logos con la Antropolog\u00eda Latinoamericana<\/strong><\/em>, escrito por L. Nicol\u00e1s Guigou, Gonzalo D\u00edaz Crovetto, Ricardo Fagoaga Hern\u00e1ndez, Annel Mej\u00edas Guiza, Antonio Motta &amp; Eduardo Restrepo. Montevideo, Uruguay: Asociaci\u00f3n Latinoamericana de Antropolog\u00eda.<\/p>\n<p>&nbsp;<\/p>\n<p><a href=\"https:\/\/asociacionlatinoamericanadeantropologia.net\/portal\/wp-content\/uploads\/2021\/12\/DIALOGOS-DEFINITIVO-ALA-1.pdf\"><img fetchpriority=\"high\" decoding=\"async\" class=\"aligncenter wp-image-211 size-medium\" src=\"https:\/\/asociacionlatinoamericanadeantropologia.net\/portal\/wp-content\/uploads\/2019\/06\/Portada_DIALOGOS_2018_ALA_1-232x300.jpg\" alt=\"Portada DIALOGOS 2018 ALA 1\" width=\"232\" height=\"300\" srcset=\"https:\/\/asociacionlatinoamericanadeantropologia.net\/portal\/wp-content\/uploads\/2019\/06\/Portada_DIALOGOS_2018_ALA_1-232x300.jpg 232w, https:\/\/asociacionlatinoamericanadeantropologia.net\/portal\/wp-content\/uploads\/2019\/06\/Portada_DIALOGOS_2018_ALA_1-790x1024.jpg 790w, https:\/\/asociacionlatinoamericanadeantropologia.net\/portal\/wp-content\/uploads\/2019\/06\/Portada_DIALOGOS_2018_ALA_1-768x995.jpg 768w, https:\/\/asociacionlatinoamericanadeantropologia.net\/portal\/wp-content\/uploads\/2019\/06\/Portada_DIALOGOS_2018_ALA_1-1185x1536.jpg 1185w, https:\/\/asociacionlatinoamericanadeantropologia.net\/portal\/wp-content\/uploads\/2019\/06\/Portada_DIALOGOS_2018_ALA_1-1581x2048.jpg 1581w, https:\/\/asociacionlatinoamericanadeantropologia.net\/portal\/wp-content\/uploads\/2019\/06\/Portada_DIALOGOS_2018_ALA_1.jpg 1823w\" sizes=\"(max-width: 232px) 100vw, 232px\" \/><\/a><\/p>\n","protected":false},"excerpt":{"rendered":"<p>Publicamos textos\u00a0\u00a0editados por la Asociaci\u00f3n Latinoamericana de Antropolog\u00eda (ALA),\u00a0producto de sus memorias de eventos, reflexiones, compilaciones u otras novedades editoriales que permitan pensarnos en tanto antropolog\u00edas latinoamericanas y caribe\u00f1as. Di\u00e1logos con la Antropolog\u00eda Latinoamericana Gatti, Pablo &amp; de Souza, Lydia. (2018). Di\u00e1logos con la Antropolog\u00eda Latinoamericana, escrito por L. Nicol\u00e1s Guigou, Gonzalo D\u00edaz Crovetto, Ricardo &hellip;<\/p>\n<p class=\"read-more\"> <a class=\"\" href=\"https:\/\/asociacionlatinoamericanadeantropologia.net\/portal\/libros-ala\/\"> <span class=\"screen-reader-text\">Libros ALA<\/span> Leer m\u00e1s &raquo;<\/a><\/p>\n","protected":false},"author":2,"featured_media":0,"parent":0,"menu_order":0,"comment_status":"closed","ping_status":"closed","template":"","meta":{"site-sidebar-layout":"default","site-content-layout":"default","ast-main-header-display":"","ast-hfb-above-header-display":"","ast-hfb-below-header-display":"","ast-hfb-mobile-header-display":"","site-post-title":"","ast-breadcrumbs-content":"","ast-featured-img":"","footer-sml-layout":"","theme-transparent-header-meta":"default","adv-header-id-meta":"","stick-header-meta":"","header-above-stick-meta":"","header-main-stick-meta":"","header-below-stick-meta":"","footnotes":""},"categories":[],"tags":[],"class_list":["post-655","page","type-page","status-publish","hentry"],"_links":{"self":[{"href":"https:\/\/asociacionlatinoamericanadeantropologia.net\/portal\/wp-json\/wp\/v2\/pages\/655","targetHints":{"allow":["GET"]}}],"collection":[{"href":"https:\/\/asociacionlatinoamericanadeantropologia.net\/portal\/wp-json\/wp\/v2\/pages"}],"about":[{"href":"https:\/\/asociacionlatinoamericanadeantropologia.net\/portal\/wp-json\/wp\/v2\/types\/page"}],"author":[{"embeddable":true,"href":"https:\/\/asociacionlatinoamericanadeantropologia.net\/portal\/wp-json\/wp\/v2\/users\/2"}],"replies":[{"embeddable":true,"href":"https:\/\/asociacionlatinoamericanadeantropologia.net\/portal\/wp-json\/wp\/v2\/comments?post=655"}],"version-history":[{"count":6,"href":"https:\/\/asociacionlatinoamericanadeantropologia.net\/portal\/wp-json\/wp\/v2\/pages\/655\/revisions"}],"predecessor-version":[{"id":2152,"href":"https:\/\/asociacionlatinoamericanadeantropologia.net\/portal\/wp-json\/wp\/v2\/pages\/655\/revisions\/2152"}],"wp:attachment":[{"href":"https:\/\/asociacionlatinoamericanadeantropologia.net\/portal\/wp-json\/wp\/v2\/media?parent=655"}],"wp:term":[{"taxonomy":"category","embeddable":true,"href":"https:\/\/asociacionlatinoamericanadeantropologia.net\/portal\/wp-json\/wp\/v2\/categories?post=655"},{"taxonomy":"post_tag","embeddable":true,"href":"https:\/\/asociacionlatinoamericanadeantropologia.net\/portal\/wp-json\/wp\/v2\/tags?post=655"}],"curies":[{"name":"wp","href":"https:\/\/api.w.org\/{rel}","templated":true}]}}