{"id":659,"date":"2021-12-18T00:30:54","date_gmt":"2021-12-18T00:30:54","guid":{"rendered":"https:\/\/asociacionlatinoamericanadeantropologia.net\/portal\/?page_id=659"},"modified":"2023-07-18T12:51:58","modified_gmt":"2023-07-18T12:51:58","slug":"memorias-de-congresos-ala","status":"publish","type":"page","link":"https:\/\/asociacionlatinoamericanadeantropologia.net\/portal\/memorias-de-congresos-ala\/","title":{"rendered":"Memorias de Congresos ALA"},"content":{"rendered":"<h2><strong>Memorias de Congresos ALA<\/strong><\/h2>\n<p>En esta secci\u00f3n compartimos los libros de Memorias de los Congresos de la Asociaci\u00f3n Latinoamericana de Antropolog\u00eda (ALA), en versi\u00f3n PDF y acceso totalmente gratuito (dar click sobre las portadas para descargar).<\/p>\n<ul>\n<li><strong><em>Memorias VI Congreso ALA.<\/em><em><strong> Desaf\u00edos emergentes Antropolog\u00edas desde Am\u00e9rica Latina y El Caribe<\/strong>.<\/em><\/strong> <em><strong><a href=\"https:\/\/asociacionlatinoamericanadeantropologia.net\/portal\/wp-content\/uploads\/2022\/04\/ALA_ACTAS_DEL_CONGRESO_1_WEB.pdf\" target=\"_blank\" rel=\"noopener\">Volumen I<\/a>.<\/strong><\/em> Ejes tem\u00e1ticos: Geopol\u00edticas del conocimiento y antropolog\u00edas del sur; Antropolog\u00eda aplicada, intervenciones y pr\u00e1cticas no acad\u00e9micas; Antropolog\u00eda, educaci\u00f3n y formaci\u00f3n antropol\u00f3gica. Montevideo: ALA.<\/li>\n<\/ul>\n<p><a href=\"https:\/\/asociacionlatinoamericanadeantropologia.net\/portal\/wp-content\/uploads\/2022\/04\/ALA_ACTAS_DEL_CONGRESO_1_WEB.pdf\"><img fetchpriority=\"high\" decoding=\"async\" class=\"aligncenter wp-image-2946 size-medium\" src=\"https:\/\/asociacionlatinoamericanadeantropologia.net\/portal\/wp-content\/uploads\/2023\/07\/Memorias-1-196x300.png\" alt=\"\" width=\"196\" height=\"300\" srcset=\"https:\/\/asociacionlatinoamericanadeantropologia.net\/portal\/wp-content\/uploads\/2023\/07\/Memorias-1-196x300.png 196w, https:\/\/asociacionlatinoamericanadeantropologia.net\/portal\/wp-content\/uploads\/2023\/07\/Memorias-1.png 514w\" sizes=\"(max-width: 196px) 100vw, 196px\" \/><\/a><\/p>\n<ul>\n<li><strong><em>Memorias VI Congreso ALA. Desaf\u00edos emergentes Antropolog\u00edas desde Am\u00e9rica Latina y El Caribe. <a href=\"https:\/\/asociacionlatinoamericanadeantropologia.net\/portal\/wp-content\/uploads\/2022\/04\/ALA_ACTAS_DEL_CONGRESO_2_final.pdf\" target=\"_blank\" rel=\"noopener\">Volumen II<\/a><\/em>.<\/strong> Ejes tem\u00e1ticos: Extractivismo, desarrollo, tierra y conflictos socio-ambientales; Estado, naci\u00f3n y pol\u00edticas p\u00fablicas. Montevideo: ALA<em>.<\/em><\/li>\n<\/ul>\n<p style=\"text-align: center;\"><a href=\"https:\/\/asociacionlatinoamericanadeantropologia.net\/portal\/wp-content\/uploads\/2022\/04\/ALA_ACTAS_DEL_CONGRESO_2_final.pdf\"><img decoding=\"async\" class=\"alignnone wp-image-1478 \" src=\"https:\/\/asociacionlatinoamericanadeantropologia.net\/portal\/wp-content\/uploads\/2022\/04\/Ala_2-196x300.png\" alt=\"\" width=\"195\" height=\"298\" srcset=\"https:\/\/asociacionlatinoamericanadeantropologia.net\/portal\/wp-content\/uploads\/2022\/04\/Ala_2-196x300.png 196w, https:\/\/asociacionlatinoamericanadeantropologia.net\/portal\/wp-content\/uploads\/2022\/04\/Ala_2-768x1176.png 768w, https:\/\/asociacionlatinoamericanadeantropologia.net\/portal\/wp-content\/uploads\/2022\/04\/Ala_2-669x1024.png 669w, https:\/\/asociacionlatinoamericanadeantropologia.net\/portal\/wp-content\/uploads\/2022\/04\/Ala_2.png 771w\" sizes=\"(max-width: 195px) 100vw, 195px\" \/><\/a><\/p>\n<p>&nbsp;<\/p>\n<ul>\n<li><em><strong>Memorias VI Congreso ALA. Desaf\u00edos emergentes Antropolog\u00edas desde Am\u00e9rica Latina y El Caribe. <a href=\"https:\/\/asociacionlatinoamericanadeantropologia.net\/portal\/wp-content\/uploads\/2022\/04\/ALA_ACTAS_DEL_CONGRESO_III_22_Feb_2022.pdf\" target=\"_blank\" rel=\"noopener\">Volumen III<\/a><\/strong><\/em><b>.<\/b> Ejes tem\u00e1ticos: Feminismo, g\u00e9nero y disidencias; Racismo, xenofobia y discursos del odio; Movimientos sociales y acci\u00f3n colectiva; Derechos humanos, violencias, guerra y memoria. Montevideo: ALA.<\/li>\n<\/ul>\n<p><a href=\"https:\/\/asociacionlatinoamericanadeantropologia.net\/portal\/wp-content\/uploads\/2022\/04\/ALA_ACTAS_DEL_CONGRESO_III_22_Feb_2022.pdf\"><img decoding=\"async\" class=\"aligncenter wp-image-1474 \" src=\"https:\/\/asociacionlatinoamericanadeantropologia.net\/portal\/wp-content\/uploads\/2022\/04\/Libro_3_MEMORIAS_copia-231x300.png\" alt=\"\" width=\"232\" height=\"301\" srcset=\"https:\/\/asociacionlatinoamericanadeantropologia.net\/portal\/wp-content\/uploads\/2022\/04\/Libro_3_MEMORIAS_copia-231x300.png 231w, https:\/\/asociacionlatinoamericanadeantropologia.net\/portal\/wp-content\/uploads\/2022\/04\/Libro_3_MEMORIAS_copia-768x999.png 768w, https:\/\/asociacionlatinoamericanadeantropologia.net\/portal\/wp-content\/uploads\/2022\/04\/Libro_3_MEMORIAS_copia-787x1024.png 787w, https:\/\/asociacionlatinoamericanadeantropologia.net\/portal\/wp-content\/uploads\/2022\/04\/Libro_3_MEMORIAS_copia.png 908w\" sizes=\"(max-width: 232px) 100vw, 232px\" \/><\/a><\/p>\n<ul>\n<li><em><strong>Memorias VI Congreso de la Asociaci\u00f3n Latinoamericana de Antropolog\u00eda. Desaf\u00edos emergentes Antropolog\u00edas desde Am\u00e9rica Latina y del Caribe. <a href=\"https:\/\/asociacionlatinoamericanadeantropologia.net\/portal\/wp-content\/uploads\/2022\/05\/ACTAS_DEL_CONGRESO_VOL_4.pdf\" target=\"_blank\" rel=\"noopener\">Volumen IV<\/a>.<\/strong><\/em> Ejes tem\u00e1ticos: Migraciones, movilidades y desplazamientos latinoamericanos y Performance, corporalidades, emociones y subjetividades. Montevideo: ALA<\/li>\n<\/ul>\n<p style=\"text-align: center;\"><a href=\"https:\/\/asociacionlatinoamericanadeantropologia.net\/portal\/wp-content\/uploads\/2022\/05\/ACTAS_DEL_CONGRESO_VOL_4.pdf\"><img loading=\"lazy\" decoding=\"async\" class=\"aligncenter wp-image-1657 \" src=\"https:\/\/asociacionlatinoamericanadeantropologia.net\/portal\/wp-content\/uploads\/2022\/05\/ALA_4_baja-230x300.png\" alt=\"\" width=\"234\" height=\"305\" srcset=\"https:\/\/asociacionlatinoamericanadeantropologia.net\/portal\/wp-content\/uploads\/2022\/05\/ALA_4_baja-230x300.png 230w, https:\/\/asociacionlatinoamericanadeantropologia.net\/portal\/wp-content\/uploads\/2022\/05\/ALA_4_baja.png 567w\" sizes=\"(max-width: 234px) 100vw, 234px\" \/><\/a><\/p>\n<ul>\n<li><strong><em>Memorias VI Congreso ALA.<\/em><em> Desaf\u00edos emergentes Antropolog\u00edas desde Am\u00e9rica Latina y El Caribe.<\/em><\/strong> <em><strong><a href=\"https:\/\/asociacionlatinoamericanadeantropologia.net\/portal\/wp-content\/uploads\/2022\/05\/ALA-ACTAS-DEL-CONGRESO-N-5-definitivo.pdf\" target=\"_blank\" rel=\"noopener\">Volumen V<\/a>.<\/strong><\/em> Ejes tem\u00e1ticos: Procesos de salud, bienestar y enfermedad, y Ciudades, gentrificaci\u00f3n y seguridad. Montevideo: ALA.<\/li>\n<\/ul>\n<p><a href=\"https:\/\/asociacionlatinoamericanadeantropologia.net\/portal\/wp-content\/uploads\/2022\/05\/ALA-ACTAS-DEL-CONGRESO-N-5-definitivo.pdf\" target=\"_blank\" rel=\"noopener\"><img loading=\"lazy\" decoding=\"async\" class=\"alignnone wp-image-1780 aligncenter\" src=\"https:\/\/asociacionlatinoamericanadeantropologia.net\/portal\/wp-content\/uploads\/2022\/05\/ALA-5-baja-1-231x300.png\" alt=\"\" width=\"237\" height=\"307\" srcset=\"https:\/\/asociacionlatinoamericanadeantropologia.net\/portal\/wp-content\/uploads\/2022\/05\/ALA-5-baja-1-231x300.png 231w, https:\/\/asociacionlatinoamericanadeantropologia.net\/portal\/wp-content\/uploads\/2022\/05\/ALA-5-baja-1-768x999.png 768w, https:\/\/asociacionlatinoamericanadeantropologia.net\/portal\/wp-content\/uploads\/2022\/05\/ALA-5-baja-1-787x1024.png 787w, https:\/\/asociacionlatinoamericanadeantropologia.net\/portal\/wp-content\/uploads\/2022\/05\/ALA-5-baja-1.png 908w\" sizes=\"(max-width: 237px) 100vw, 237px\" \/><\/a><\/p>\n<ul>\n<li><strong><em>Memorias VI Congreso ALA.<\/em><em> Desaf\u00edos emergentes Antropolog\u00edas desde Am\u00e9rica Latina y El Caribe.<\/em><\/strong> <em><strong><a href=\"https:\/\/asociacionlatinoamericanadeantropologia.net\/portal\/wp-content\/uploads\/2022\/06\/ALA-ACTAS-DEL-CONGRESO-6-WEB.pdf\" target=\"_blank\" rel=\"noopener\">Volumen VI<\/a>.<\/strong><\/em> Ejes tem\u00e1ticos: Pol\u00edticas culturales, patrimonio, museos y turismo; Procesos \u00e9tnicos e interculturalidad: cosmolog\u00edas, espacio de creencias pol\u00edticas-religiosas y espirituales nativas; Fronteras de lo humano y lo no humano, m\u00e1s all\u00e1 del antropoceno; Giro a la derecha y nuevos desaf\u00edos para la antropolog\u00eda. Montevideo: ALA.<\/li>\n<\/ul>\n<p><a href=\"https:\/\/asociacionlatinoamericanadeantropologia.net\/portal\/wp-content\/uploads\/2022\/06\/ALA-ACTAS-DEL-CONGRESO-6-WEB.pdf\" target=\"_blank\" rel=\"noopener\"><img loading=\"lazy\" decoding=\"async\" class=\"size-medium wp-image-1825 aligncenter\" src=\"https:\/\/asociacionlatinoamericanadeantropologia.net\/portal\/wp-content\/uploads\/2022\/05\/ALA-6-231x300.png\" alt=\"\" width=\"231\" height=\"300\" srcset=\"https:\/\/asociacionlatinoamericanadeantropologia.net\/portal\/wp-content\/uploads\/2022\/05\/ALA-6-231x300.png 231w, https:\/\/asociacionlatinoamericanadeantropologia.net\/portal\/wp-content\/uploads\/2022\/05\/ALA-6.png 757w\" sizes=\"(max-width: 231px) 100vw, 231px\" \/><\/a><\/p>\n<ul>\n<li><strong><em>Memorias VI Congreso ALA.<\/em><em> Desaf\u00edos emergentes Antropolog\u00edas desde Am\u00e9rica Latina y El Caribe.<\/em><\/strong> <em><strong><a href=\"https:\/\/asociacionlatinoamericanadeantropologia.net\/portal\/wp-content\/uploads\/2022\/06\/ALA-ACTAS-DEL-CONGRESO-7-WEB.pdf\" target=\"_blank\" rel=\"noopener\">Volumen VII<\/a>.<\/strong><\/em> Ejes tem\u00e1ticos: Medios, redes, cibercultura y tecnolog\u00edas; Pol\u00edticas, metodolog\u00edas y epistemolog\u00edas de las etnograf\u00edas; Ciencia, tecnolog\u00eda y sociedad; Espiritualidades y movimientos religiosos; Pr\u00e1cticas y representaciones alimentarias e intervenciones antropol\u00f3gicas. Montevideo: ALA.<\/li>\n<\/ul>\n<p><a href=\"https:\/\/asociacionlatinoamericanadeantropologia.net\/portal\/wp-content\/uploads\/2022\/06\/ALA-ACTAS-DEL-CONGRESO-7-WEB.pdf\" target=\"_blank\" rel=\"noopener\"><img loading=\"lazy\" decoding=\"async\" class=\"size-medium wp-image-1879 aligncenter\" src=\"https:\/\/asociacionlatinoamericanadeantropologia.net\/portal\/wp-content\/uploads\/2022\/06\/Libro-7-MEMORIAS-231x300.png\" alt=\"\" width=\"231\" height=\"300\" srcset=\"https:\/\/asociacionlatinoamericanadeantropologia.net\/portal\/wp-content\/uploads\/2022\/06\/Libro-7-MEMORIAS-231x300.png 231w, https:\/\/asociacionlatinoamericanadeantropologia.net\/portal\/wp-content\/uploads\/2022\/06\/Libro-7-MEMORIAS.png 757w\" sizes=\"(max-width: 231px) 100vw, 231px\" \/><\/a><\/p>\n","protected":false},"excerpt":{"rendered":"<p>Memorias de Congresos ALA En esta secci\u00f3n compartimos los libros de Memorias de los Congresos de la Asociaci\u00f3n Latinoamericana de Antropolog\u00eda (ALA), en versi\u00f3n PDF y acceso totalmente gratuito (dar click sobre las portadas para descargar). Memorias VI Congreso ALA. Desaf\u00edos emergentes Antropolog\u00edas desde Am\u00e9rica Latina y El Caribe. Volumen I. Ejes tem\u00e1ticos: Geopol\u00edticas del &hellip;<\/p>\n<p class=\"read-more\"> <a class=\"\" href=\"https:\/\/asociacionlatinoamericanadeantropologia.net\/portal\/memorias-de-congresos-ala\/\"> <span class=\"screen-reader-text\">Memorias de Congresos ALA<\/span> Leer m\u00e1s &raquo;<\/a><\/p>\n","protected":false},"author":2,"featured_media":0,"parent":0,"menu_order":0,"comment_status":"closed","ping_status":"closed","template":"","meta":{"site-sidebar-layout":"default","site-content-layout":"default","ast-main-header-display":"","ast-hfb-above-header-display":"","ast-hfb-below-header-display":"","ast-hfb-mobile-header-display":"","site-post-title":"","ast-breadcrumbs-content":"","ast-featured-img":"","footer-sml-layout":"","theme-transparent-header-meta":"default","adv-header-id-meta":"","stick-header-meta":"","header-above-stick-meta":"","header-main-stick-meta":"","header-below-stick-meta":"","footnotes":""},"categories":[],"tags":[],"class_list":["post-659","page","type-page","status-publish","hentry"],"_links":{"self":[{"href":"https:\/\/asociacionlatinoamericanadeantropologia.net\/portal\/wp-json\/wp\/v2\/pages\/659","targetHints":{"allow":["GET"]}}],"collection":[{"href":"https:\/\/asociacionlatinoamericanadeantropologia.net\/portal\/wp-json\/wp\/v2\/pages"}],"about":[{"href":"https:\/\/asociacionlatinoamericanadeantropologia.net\/portal\/wp-json\/wp\/v2\/types\/page"}],"author":[{"embeddable":true,"href":"https:\/\/asociacionlatinoamericanadeantropologia.net\/portal\/wp-json\/wp\/v2\/users\/2"}],"replies":[{"embeddable":true,"href":"https:\/\/asociacionlatinoamericanadeantropologia.net\/portal\/wp-json\/wp\/v2\/comments?post=659"}],"version-history":[{"count":26,"href":"https:\/\/asociacionlatinoamericanadeantropologia.net\/portal\/wp-json\/wp\/v2\/pages\/659\/revisions"}],"predecessor-version":[{"id":2947,"href":"https:\/\/asociacionlatinoamericanadeantropologia.net\/portal\/wp-json\/wp\/v2\/pages\/659\/revisions\/2947"}],"wp:attachment":[{"href":"https:\/\/asociacionlatinoamericanadeantropologia.net\/portal\/wp-json\/wp\/v2\/media?parent=659"}],"wp:term":[{"taxonomy":"category","embeddable":true,"href":"https:\/\/asociacionlatinoamericanadeantropologia.net\/portal\/wp-json\/wp\/v2\/categories?post=659"},{"taxonomy":"post_tag","embeddable":true,"href":"https:\/\/asociacionlatinoamericanadeantropologia.net\/portal\/wp-json\/wp\/v2\/tags?post=659"}],"curies":[{"name":"wp","href":"https:\/\/api.w.org\/{rel}","templated":true}]}}